{"id":29939,"date":"2025-02-19T16:09:14","date_gmt":"2025-02-19T15:09:14","guid":{"rendered":"https:\/\/www.bouquetdalella.com\/?post_type=product&#038;p=29939"},"modified":"2026-02-27T08:35:24","modified_gmt":"2026-02-27T07:35:24","slug":"spring-bites","status":"publish","type":"product","link":"https:\/\/www.bouquetdalella.com\/en\/producte\/spring-bites\/","title":{"rendered":"Spring bites"},"content":{"rendered":"","protected":false},"excerpt":{"rendered":"<p><span style=\"font-weight: 400;\">With spring here, we want to bring you the most tender products of the Maresme region to enjoy the most delicate flavours. As always, paired with our wines and with exquisite views.<\/span><\/p>\n<p><span style=\"font-weight: 400;\">Come and enjoy:<\/span><\/p>\n<p><b>Creamy Peas with sage in butter and sea bream loin<\/b><b><br \/>\n<\/b><i><span style=\"font-weight: 400;\">Bouquet d&#8217;Alella Blanc 2024<\/span><\/i><\/p>\n<p><b>Mini brioche stuffed with squid saut\u00e9ed with lemon aioli<\/b><span style=\"font-weight: 400;\"><br \/>\n<\/span><i><span style=\"font-weight: 400;\">Bouquet d&#8217;Alella Garnatxa negra 2024<\/span><\/i><\/p>\n<p><b>Fresh broad beans with oregano and <\/b><b><i>pancetta<\/i><\/b><span style=\"font-weight: 400;\"><br \/>\n<\/span><i><span style=\"font-weight: 400;\">Bouquet d&#8217;Alella Syrah 2023<\/span><\/i><\/p>\n<p><b>Maresme\u2019s strawberry mousse<\/b><span style=\"font-weight: 400;\"><br \/>\n<\/span><i><span style=\"font-weight: 400;\">Bouquet d&#8217;Alella Plaer Escum\u00f3s 2022<\/span><\/i><\/p>\n<p><b>Dates:<\/b><span style=\"font-weight: 400;\"> March 8 &amp; 22 \/ April 12 &amp; 26 \/ May 10 &amp; 24<\/span><span style=\"font-weight: 400;\"><br \/>\n<\/span><b>Time<\/b><span style=\"font-weight: 400;\">: 12 h<\/span><span style=\"font-weight: 400;\"><br \/>\n<\/span><b>Duration<\/b><span style=\"font-weight: 400;\">: 1 h<\/span><span style=\"font-weight: 400;\"><br \/>\n<\/span><b>Price<\/b><span style=\"font-weight: 400;\">: 35\u20ac<\/span><\/p>\n<p>&nbsp;<br \/>\n[fareharbor shortname=\"bouquetdalella\" fallback=\"simple\" full_items=\"yes\" flow=\"1393187\" items=\"631321\" type=\"responsive\" language=\"en\"]<\/p>\n","protected":false},"featured_media":36059,"template":"","meta":[],"product_brand":[],"product_cat":[142],"product_tag":[389],"class_list":{"0":"post-29939","1":"product","2":"type-product","3":"status-publish","4":"has-post-thumbnail","6":"product_cat-wine-tourism","7":"product_tag-fareharbor-en","9":"first","10":"outofstock","11":"featured","12":"virtual","13":"taxable","14":"purchasable","15":"product-type-simple"},"yoast_head":"<!-- This site is optimized with the Yoast SEO plugin v27.3 - https:\/\/yoast.com\/product\/yoast-seo-wordpress\/ -->\n<title>Spring bites - Bouquet d&#039;Alella<\/title>\n<meta name=\"description\" content=\"Discover our spring tasting proposals\" \/>\n<meta name=\"robots\" content=\"index, follow, max-snippet:-1, max-image-preview:large, max-video-preview:-1\" \/>\n<link rel=\"canonical\" href=\"https:\/\/www.bouquetdalella.com\/en\/producte\/spring-bites\/\" \/>\n<meta property=\"og:locale\" content=\"en_US\" \/>\n<meta property=\"og:type\" content=\"article\" \/>\n<meta property=\"og:title\" content=\"Spring bites - Bouquet d&#039;Alella\" \/>\n<meta property=\"og:description\" content=\"Discover our spring tasting proposals\" \/>\n<meta property=\"og:url\" content=\"https:\/\/www.bouquetdalella.com\/en\/producte\/spring-bites\/\" \/>\n<meta property=\"og:site_name\" content=\"Bouquet d&#039;Alella\" \/>\n<meta property=\"article:modified_time\" content=\"2026-02-27T07:35:24+00:00\" \/>\n<meta property=\"og:image\" content=\"https:\/\/www.bouquetdalella.com\/wp-content\/uploads\/2025\/02\/tastets-primavera01.webp\" \/>\n\t<meta property=\"og:image:width\" content=\"1390\" \/>\n\t<meta property=\"og:image:height\" content=\"1758\" \/>\n\t<meta property=\"og:image:type\" content=\"image\/webp\" \/>\n<meta name=\"twitter:card\" content=\"summary_large_image\" \/>\n<meta name=\"twitter:label1\" content=\"Est. reading time\" \/>\n\t<meta name=\"twitter:data1\" content=\"1 minute\" \/>\n<script type=\"application\/ld+json\" class=\"yoast-schema-graph\">{\"@context\":\"https:\\\/\\\/schema.org\",\"@graph\":[{\"@type\":\"WebPage\",\"@id\":\"https:\\\/\\\/www.bouquetdalella.com\\\/en\\\/producte\\\/spring-bites\\\/\",\"url\":\"https:\\\/\\\/www.bouquetdalella.com\\\/en\\\/producte\\\/spring-bites\\\/\",\"name\":\"Spring bites - Bouquet d&#039;Alella\",\"isPartOf\":{\"@id\":\"https:\\\/\\\/www.bouquetdalella.com\\\/en\\\/#website\"},\"primaryImageOfPage\":{\"@id\":\"https:\\\/\\\/www.bouquetdalella.com\\\/en\\\/producte\\\/spring-bites\\\/#primaryimage\"},\"image\":{\"@id\":\"https:\\\/\\\/www.bouquetdalella.com\\\/en\\\/producte\\\/spring-bites\\\/#primaryimage\"},\"thumbnailUrl\":\"https:\\\/\\\/www.bouquetdalella.com\\\/wp-content\\\/uploads\\\/2025\\\/02\\\/tastets-primavera01.webp\",\"datePublished\":\"2025-02-19T15:09:14+00:00\",\"dateModified\":\"2026-02-27T07:35:24+00:00\",\"description\":\"Discover our spring tasting proposals\",\"breadcrumb\":{\"@id\":\"https:\\\/\\\/www.bouquetdalella.com\\\/en\\\/producte\\\/spring-bites\\\/#breadcrumb\"},\"inLanguage\":\"en-US\",\"potentialAction\":[{\"@type\":\"ReadAction\",\"target\":[\"https:\\\/\\\/www.bouquetdalella.com\\\/en\\\/producte\\\/spring-bites\\\/\"]}]},{\"@type\":\"ImageObject\",\"inLanguage\":\"en-US\",\"@id\":\"https:\\\/\\\/www.bouquetdalella.com\\\/en\\\/producte\\\/spring-bites\\\/#primaryimage\",\"url\":\"https:\\\/\\\/www.bouquetdalella.com\\\/wp-content\\\/uploads\\\/2025\\\/02\\\/tastets-primavera01.webp\",\"contentUrl\":\"https:\\\/\\\/www.bouquetdalella.com\\\/wp-content\\\/uploads\\\/2025\\\/02\\\/tastets-primavera01.webp\",\"width\":1390,\"height\":1758},{\"@type\":\"BreadcrumbList\",\"@id\":\"https:\\\/\\\/www.bouquetdalella.com\\\/en\\\/producte\\\/spring-bites\\\/#breadcrumb\",\"itemListElement\":[{\"@type\":\"ListItem\",\"position\":1,\"name\":\"Inici\",\"item\":\"https:\\\/\\\/www.bouquetdalella.com\\\/en\\\/\"},{\"@type\":\"ListItem\",\"position\":2,\"name\":\"Shop\",\"item\":\"https:\\\/\\\/www.bouquetdalella.com\\\/en\\\/shop\\\/\"},{\"@type\":\"ListItem\",\"position\":3,\"name\":\"Spring bites\"}]},{\"@type\":\"WebSite\",\"@id\":\"https:\\\/\\\/www.bouquetdalella.com\\\/en\\\/#website\",\"url\":\"https:\\\/\\\/www.bouquetdalella.com\\\/en\\\/\",\"name\":\"Bouquet d&#039;Alella\",\"description\":\"El Celler Bouquet d\u2019Alella neix amb la clara intenci\u00f3 d\u2019explotar dues vessants diferents per\u00f2 complement\u00e0ries en el mon del vi. Per una banda, la producci\u00f3n i venda de vins ecol\u00f2gics de qualitat i per l\u2019altra la promoci\u00f3 de l\u2019enoturisme.\",\"publisher\":{\"@id\":\"https:\\\/\\\/www.bouquetdalella.com\\\/en\\\/#organization\"},\"potentialAction\":[{\"@type\":\"SearchAction\",\"target\":{\"@type\":\"EntryPoint\",\"urlTemplate\":\"https:\\\/\\\/www.bouquetdalella.com\\\/en\\\/?s={search_term_string}\"},\"query-input\":{\"@type\":\"PropertyValueSpecification\",\"valueRequired\":true,\"valueName\":\"search_term_string\"}}],\"inLanguage\":\"en-US\"},{\"@type\":\"Organization\",\"@id\":\"https:\\\/\\\/www.bouquetdalella.com\\\/en\\\/#organization\",\"name\":\"Bouquet d&#039;Alella\",\"url\":\"https:\\\/\\\/www.bouquetdalella.com\\\/en\\\/\",\"logo\":{\"@type\":\"ImageObject\",\"inLanguage\":\"en-US\",\"@id\":\"https:\\\/\\\/www.bouquetdalella.com\\\/en\\\/#\\\/schema\\\/logo\\\/image\\\/\",\"url\":\"https:\\\/\\\/www.bouquetdalella.com\\\/wp-content\\\/uploads\\\/2023\\\/04\\\/cropped-cropped-cropped-logo_bouquet_d_alella-2-300x53-1.png\",\"contentUrl\":\"https:\\\/\\\/www.bouquetdalella.com\\\/wp-content\\\/uploads\\\/2023\\\/04\\\/cropped-cropped-cropped-logo_bouquet_d_alella-2-300x53-1.png\",\"width\":300,\"height\":52,\"caption\":\"Bouquet d&#039;Alella\"},\"image\":{\"@id\":\"https:\\\/\\\/www.bouquetdalella.com\\\/en\\\/#\\\/schema\\\/logo\\\/image\\\/\"}}]}<\/script>\n<!-- \/ Yoast SEO plugin. -->","yoast_head_json":{"title":"Spring bites - Bouquet d&#039;Alella","description":"Discover our spring tasting proposals","robots":{"index":"index","follow":"follow","max-snippet":"max-snippet:-1","max-image-preview":"max-image-preview:large","max-video-preview":"max-video-preview:-1"},"canonical":"https:\/\/www.bouquetdalella.com\/en\/producte\/spring-bites\/","og_locale":"en_US","og_type":"article","og_title":"Spring bites - Bouquet d&#039;Alella","og_description":"Discover our spring tasting proposals","og_url":"https:\/\/www.bouquetdalella.com\/en\/producte\/spring-bites\/","og_site_name":"Bouquet d&#039;Alella","article_modified_time":"2026-02-27T07:35:24+00:00","og_image":[{"width":1390,"height":1758,"url":"https:\/\/www.bouquetdalella.com\/wp-content\/uploads\/2025\/02\/tastets-primavera01.webp","type":"image\/webp"}],"twitter_card":"summary_large_image","twitter_misc":{"Est. reading time":"1 minute"},"schema":{"@context":"https:\/\/schema.org","@graph":[{"@type":"WebPage","@id":"https:\/\/www.bouquetdalella.com\/en\/producte\/spring-bites\/","url":"https:\/\/www.bouquetdalella.com\/en\/producte\/spring-bites\/","name":"Spring bites - Bouquet d&#039;Alella","isPartOf":{"@id":"https:\/\/www.bouquetdalella.com\/en\/#website"},"primaryImageOfPage":{"@id":"https:\/\/www.bouquetdalella.com\/en\/producte\/spring-bites\/#primaryimage"},"image":{"@id":"https:\/\/www.bouquetdalella.com\/en\/producte\/spring-bites\/#primaryimage"},"thumbnailUrl":"https:\/\/www.bouquetdalella.com\/wp-content\/uploads\/2025\/02\/tastets-primavera01.webp","datePublished":"2025-02-19T15:09:14+00:00","dateModified":"2026-02-27T07:35:24+00:00","description":"Discover our spring tasting proposals","breadcrumb":{"@id":"https:\/\/www.bouquetdalella.com\/en\/producte\/spring-bites\/#breadcrumb"},"inLanguage":"en-US","potentialAction":[{"@type":"ReadAction","target":["https:\/\/www.bouquetdalella.com\/en\/producte\/spring-bites\/"]}]},{"@type":"ImageObject","inLanguage":"en-US","@id":"https:\/\/www.bouquetdalella.com\/en\/producte\/spring-bites\/#primaryimage","url":"https:\/\/www.bouquetdalella.com\/wp-content\/uploads\/2025\/02\/tastets-primavera01.webp","contentUrl":"https:\/\/www.bouquetdalella.com\/wp-content\/uploads\/2025\/02\/tastets-primavera01.webp","width":1390,"height":1758},{"@type":"BreadcrumbList","@id":"https:\/\/www.bouquetdalella.com\/en\/producte\/spring-bites\/#breadcrumb","itemListElement":[{"@type":"ListItem","position":1,"name":"Inici","item":"https:\/\/www.bouquetdalella.com\/en\/"},{"@type":"ListItem","position":2,"name":"Shop","item":"https:\/\/www.bouquetdalella.com\/en\/shop\/"},{"@type":"ListItem","position":3,"name":"Spring bites"}]},{"@type":"WebSite","@id":"https:\/\/www.bouquetdalella.com\/en\/#website","url":"https:\/\/www.bouquetdalella.com\/en\/","name":"Bouquet d&#039;Alella","description":"El Celler Bouquet d\u2019Alella neix amb la clara intenci\u00f3 d\u2019explotar dues vessants diferents per\u00f2 complement\u00e0ries en el mon del vi. Per una banda, la producci\u00f3n i venda de vins ecol\u00f2gics de qualitat i per l\u2019altra la promoci\u00f3 de l\u2019enoturisme.","publisher":{"@id":"https:\/\/www.bouquetdalella.com\/en\/#organization"},"potentialAction":[{"@type":"SearchAction","target":{"@type":"EntryPoint","urlTemplate":"https:\/\/www.bouquetdalella.com\/en\/?s={search_term_string}"},"query-input":{"@type":"PropertyValueSpecification","valueRequired":true,"valueName":"search_term_string"}}],"inLanguage":"en-US"},{"@type":"Organization","@id":"https:\/\/www.bouquetdalella.com\/en\/#organization","name":"Bouquet d&#039;Alella","url":"https:\/\/www.bouquetdalella.com\/en\/","logo":{"@type":"ImageObject","inLanguage":"en-US","@id":"https:\/\/www.bouquetdalella.com\/en\/#\/schema\/logo\/image\/","url":"https:\/\/www.bouquetdalella.com\/wp-content\/uploads\/2023\/04\/cropped-cropped-cropped-logo_bouquet_d_alella-2-300x53-1.png","contentUrl":"https:\/\/www.bouquetdalella.com\/wp-content\/uploads\/2023\/04\/cropped-cropped-cropped-logo_bouquet_d_alella-2-300x53-1.png","width":300,"height":52,"caption":"Bouquet d&#039;Alella"},"image":{"@id":"https:\/\/www.bouquetdalella.com\/en\/#\/schema\/logo\/image\/"}}]}},"_links":{"self":[{"href":"https:\/\/www.bouquetdalella.com\/en\/wp-json\/wp\/v2\/product\/29939","targetHints":{"allow":["GET"]}}],"collection":[{"href":"https:\/\/www.bouquetdalella.com\/en\/wp-json\/wp\/v2\/product"}],"about":[{"href":"https:\/\/www.bouquetdalella.com\/en\/wp-json\/wp\/v2\/types\/product"}],"version-history":[{"count":5,"href":"https:\/\/www.bouquetdalella.com\/en\/wp-json\/wp\/v2\/product\/29939\/revisions"}],"predecessor-version":[{"id":36333,"href":"https:\/\/www.bouquetdalella.com\/en\/wp-json\/wp\/v2\/product\/29939\/revisions\/36333"}],"wp:featuredmedia":[{"embeddable":true,"href":"https:\/\/www.bouquetdalella.com\/en\/wp-json\/wp\/v2\/media\/36059"}],"wp:attachment":[{"href":"https:\/\/www.bouquetdalella.com\/en\/wp-json\/wp\/v2\/media?parent=29939"}],"wp:term":[{"taxonomy":"product_brand","embeddable":true,"href":"https:\/\/www.bouquetdalella.com\/en\/wp-json\/wp\/v2\/product_brand?post=29939"},{"taxonomy":"product_cat","embeddable":true,"href":"https:\/\/www.bouquetdalella.com\/en\/wp-json\/wp\/v2\/product_cat?post=29939"},{"taxonomy":"product_tag","embeddable":true,"href":"https:\/\/www.bouquetdalella.com\/en\/wp-json\/wp\/v2\/product_tag?post=29939"}],"curies":[{"name":"wp","href":"https:\/\/api.w.org\/{rel}","templated":true}]}}