{"id":29971,"date":"2025-02-17T11:24:49","date_gmt":"2025-02-17T10:24:49","guid":{"rendered":"https:\/\/www.bouquetdalella.com\/?post_type=product&#038;p=29971"},"modified":"2026-04-02T09:43:56","modified_gmt":"2026-04-02T07:43:56","slug":"fork-breakfast-green-pruning-workshop","status":"publish","type":"product","link":"https:\/\/www.bouquetdalella.com\/en\/producte\/fork-breakfast-green-pruning-workshop\/","title":{"rendered":"Fork breakfast with green pruning workshop"},"content":{"rendered":"\t\t<div data-elementor-type=\"product-post\" data-elementor-id=\"29971\" class=\"elementor elementor-29971 elementor-29968\" data-elementor-post-type=\"product\">\n\t\t\t\t\t\t<section class=\"elementor-section elementor-top-section elementor-element elementor-element-7b2964fa elementor-section-boxed elementor-section-height-default elementor-section-height-default\" data-id=\"7b2964fa\" data-element_type=\"section\" data-e-type=\"section\">\n\t\t\t\t\t\t<div class=\"elementor-container elementor-column-gap-default\">\n\t\t\t\t\t<div class=\"elementor-column elementor-col-100 elementor-top-column elementor-element elementor-element-3b688b9d\" data-id=\"3b688b9d\" data-element_type=\"column\" data-e-type=\"column\">\n\t\t\t<div class=\"elementor-widget-wrap elementor-element-populated\">\n\t\t\t\t\t\t\t<\/div>\n\t\t<\/div>\n\t\t\t\t\t<\/div>\n\t\t<\/section>\n\t\t\t\t<\/div>\n\t\t","protected":false},"excerpt":{"rendered":"<p>Green pruning is crucial for winemakers, as it allows them to control the growth of the vine and the quality of the grapes.<\/p>\n<p><strong><em>What will you do?<\/em><\/strong><\/p>\n<p>You will start the workshop with a theoretical training to learn about one of the most important jobs of the year that is done manually and carefully.<\/p>\n<p>Then you&#8217;ll go to the vineyard to learn how to remove the branches. You will put theory into practice directly in the vineyard.<\/p>\n<p>Finally, the activity is complemented with a delicious fork breakfast paired with our organic wines, with stunning views over the sea and the vineyard.<\/p>\n<p>Breakfast consists of 4 courses and 4 wines:<\/p>\n<p><strong>Cold strawberry soup from Maresme region with fennel flower from our fields <\/strong><\/p>\n<p><em>Bouquet d\u2019Alella Pansa Blanca 2024<\/em><\/p>\n<p><strong>\u00a0<\/strong><\/p>\n<p><strong>Brandade crepes on roasted peppers and sun-dried tomato<\/strong><\/p>\n<p><em>Bouquet d\u2019Alella Ancestral Matar\u00f3 2025<\/em><\/p>\n<p><strong>\u00a0<\/strong><\/p>\n<p><strong>Santa Pau beans with sausage and chard<\/strong><\/p>\n<p><em>Bouquet d\u2019Alella Syrah 2023<\/em><\/p>\n<p><strong>\u00a0<\/strong><\/p>\n<p><strong>Blueberry, raspberry and almond parfait<\/strong><\/p>\n<p><em>Bouquet d\u2019Alella Plaer Escum\u00f3s 2022<\/em><\/p>\n<p>&nbsp;<\/p>\n<p><strong>The activity includes:<\/strong><br \/>\n\u2022 Green pruning workshop<br \/>\n\u2022 Fork breakfast paired with Bouquet d&#8217;Alella wines<br \/>\n\u2022 Water, desserts and coffee<br \/>\n\u2022 Guided tour of the vineyards and the winery<\/p>\n<p><strong>Duration:<\/strong> 3 hours<br \/>\n<strong>Date:<\/strong> May 3, 2026<br \/>\n<strong>Start time:<\/strong> 10:00 a.m.<br \/>\n<strong>Price:<\/strong> \u20ac65 (VAT included)<\/p>\n<p>&nbsp;<\/p>\n[fareharbor shortname=\"bouquetdalella\" fallback=\"simple\" full_items=\"yes\" flow=\"1393187\" items=\"631319\" type=\"responsive\" language=\"en\"]\n","protected":false},"featured_media":37123,"template":"","meta":[],"product_brand":[],"product_cat":[142],"product_tag":[389],"class_list":{"0":"post-29971","1":"product","2":"type-product","3":"status-publish","4":"has-post-thumbnail","6":"product_cat-wine-tourism","7":"product_tag-fareharbor-en","9":"first","10":"outofstock","11":"virtual","12":"taxable","13":"purchasable","14":"product-type-simple"},"yoast_head":"<!-- This site is optimized with the Yoast SEO plugin v27.3 - https:\/\/yoast.com\/product\/yoast-seo-wordpress\/ -->\n<title>Fork breakfast with green pruning workshop - Bouquet d&#039;Alella<\/title>\n<meta name=\"robots\" content=\"index, follow, max-snippet:-1, max-image-preview:large, max-video-preview:-1\" \/>\n<link rel=\"canonical\" href=\"https:\/\/www.bouquetdalella.com\/en\/producte\/fork-breakfast-green-pruning-workshop\/\" \/>\n<meta property=\"og:locale\" content=\"en_US\" \/>\n<meta property=\"og:type\" content=\"article\" \/>\n<meta property=\"og:title\" content=\"Fork breakfast with green pruning workshop - Bouquet d&#039;Alella\" \/>\n<meta property=\"og:description\" content=\"Green pruning is crucial for winemakers, as it allows them to control the growth of the vine and the quality of the grapes.  What will you do?  You will start the workshop with a theoretical training to learn about one of the most important jobs of the year that is done manually and carefully.  Then you&#039;ll go to the vineyard to learn how to remove the branches. You will put theory into practice directly in the vineyard.  Finally, the activity is complemented with a delicious fork breakfast paired with our organic wines, with stunning views over the sea and the vineyard.  Breakfast consists of 4 courses and 4 wines:  Cold strawberry soup from Maresme region with fennel flower from our fields   Bouquet d\u2019Alella Pansa Blanca 2024  \u00a0  Brandade crepes on roasted peppers and sun-dried tomato  Bouquet d\u2019Alella Ancestral Matar\u00f3 2025  \u00a0  Santa Pau beans with sausage and chard  Bouquet d\u2019Alella Syrah 2023  \u00a0  Blueberry, raspberry and almond parfait  Bouquet d\u2019Alella Plaer Escum\u00f3s 2022  &nbsp;  The activity includes: \u2022 Green pruning workshop \u2022 Fork breakfast paired with Bouquet d&#039;Alella wines \u2022 Water, desserts and coffee \u2022 Guided tour of the vineyards and the winery  Duration: 3 hours Date: May 3, 2026 Start time: 10:00 a.m. Price: \u20ac65 (VAT included)  &nbsp;\" \/>\n<meta property=\"og:url\" content=\"https:\/\/www.bouquetdalella.com\/en\/producte\/fork-breakfast-green-pruning-workshop\/\" \/>\n<meta property=\"og:site_name\" content=\"Bouquet d&#039;Alella\" \/>\n<meta property=\"article:modified_time\" content=\"2026-04-02T07:43:56+00:00\" \/>\n<meta property=\"og:image\" content=\"https:\/\/www.bouquetdalella.com\/wp-content\/uploads\/2025\/02\/Poda-en-vert-01.webp\" \/>\n\t<meta property=\"og:image:width\" content=\"1200\" \/>\n\t<meta property=\"og:image:height\" content=\"800\" \/>\n\t<meta property=\"og:image:type\" content=\"image\/webp\" \/>\n<meta name=\"twitter:card\" content=\"summary_large_image\" \/>\n<meta name=\"twitter:label1\" content=\"Est. reading time\" \/>\n\t<meta name=\"twitter:data1\" content=\"1 minute\" \/>\n<script type=\"application\/ld+json\" class=\"yoast-schema-graph\">{\"@context\":\"https:\\\/\\\/schema.org\",\"@graph\":[{\"@type\":\"WebPage\",\"@id\":\"https:\\\/\\\/www.bouquetdalella.com\\\/en\\\/producte\\\/fork-breakfast-green-pruning-workshop\\\/\",\"url\":\"https:\\\/\\\/www.bouquetdalella.com\\\/en\\\/producte\\\/fork-breakfast-green-pruning-workshop\\\/\",\"name\":\"Fork breakfast with green pruning workshop - Bouquet d&#039;Alella\",\"isPartOf\":{\"@id\":\"https:\\\/\\\/www.bouquetdalella.com\\\/en\\\/#website\"},\"primaryImageOfPage\":{\"@id\":\"https:\\\/\\\/www.bouquetdalella.com\\\/en\\\/producte\\\/fork-breakfast-green-pruning-workshop\\\/#primaryimage\"},\"image\":{\"@id\":\"https:\\\/\\\/www.bouquetdalella.com\\\/en\\\/producte\\\/fork-breakfast-green-pruning-workshop\\\/#primaryimage\"},\"thumbnailUrl\":\"https:\\\/\\\/www.bouquetdalella.com\\\/wp-content\\\/uploads\\\/2025\\\/02\\\/Poda-en-vert-01.webp\",\"datePublished\":\"2025-02-17T10:24:49+00:00\",\"dateModified\":\"2026-04-02T07:43:56+00:00\",\"breadcrumb\":{\"@id\":\"https:\\\/\\\/www.bouquetdalella.com\\\/en\\\/producte\\\/fork-breakfast-green-pruning-workshop\\\/#breadcrumb\"},\"inLanguage\":\"en-US\",\"potentialAction\":[{\"@type\":\"ReadAction\",\"target\":[\"https:\\\/\\\/www.bouquetdalella.com\\\/en\\\/producte\\\/fork-breakfast-green-pruning-workshop\\\/\"]}]},{\"@type\":\"ImageObject\",\"inLanguage\":\"en-US\",\"@id\":\"https:\\\/\\\/www.bouquetdalella.com\\\/en\\\/producte\\\/fork-breakfast-green-pruning-workshop\\\/#primaryimage\",\"url\":\"https:\\\/\\\/www.bouquetdalella.com\\\/wp-content\\\/uploads\\\/2025\\\/02\\\/Poda-en-vert-01.webp\",\"contentUrl\":\"https:\\\/\\\/www.bouquetdalella.com\\\/wp-content\\\/uploads\\\/2025\\\/02\\\/Poda-en-vert-01.webp\",\"width\":1200,\"height\":800},{\"@type\":\"BreadcrumbList\",\"@id\":\"https:\\\/\\\/www.bouquetdalella.com\\\/en\\\/producte\\\/fork-breakfast-green-pruning-workshop\\\/#breadcrumb\",\"itemListElement\":[{\"@type\":\"ListItem\",\"position\":1,\"name\":\"Inici\",\"item\":\"https:\\\/\\\/www.bouquetdalella.com\\\/en\\\/\"},{\"@type\":\"ListItem\",\"position\":2,\"name\":\"Shop\",\"item\":\"https:\\\/\\\/www.bouquetdalella.com\\\/en\\\/shop\\\/\"},{\"@type\":\"ListItem\",\"position\":3,\"name\":\"Fork breakfast with green pruning workshop\"}]},{\"@type\":\"WebSite\",\"@id\":\"https:\\\/\\\/www.bouquetdalella.com\\\/en\\\/#website\",\"url\":\"https:\\\/\\\/www.bouquetdalella.com\\\/en\\\/\",\"name\":\"Bouquet d&#039;Alella\",\"description\":\"El Celler Bouquet d\u2019Alella neix amb la clara intenci\u00f3 d\u2019explotar dues vessants diferents per\u00f2 complement\u00e0ries en el mon del vi. Per una banda, la producci\u00f3n i venda de vins ecol\u00f2gics de qualitat i per l\u2019altra la promoci\u00f3 de l\u2019enoturisme.\",\"publisher\":{\"@id\":\"https:\\\/\\\/www.bouquetdalella.com\\\/en\\\/#organization\"},\"potentialAction\":[{\"@type\":\"SearchAction\",\"target\":{\"@type\":\"EntryPoint\",\"urlTemplate\":\"https:\\\/\\\/www.bouquetdalella.com\\\/en\\\/?s={search_term_string}\"},\"query-input\":{\"@type\":\"PropertyValueSpecification\",\"valueRequired\":true,\"valueName\":\"search_term_string\"}}],\"inLanguage\":\"en-US\"},{\"@type\":\"Organization\",\"@id\":\"https:\\\/\\\/www.bouquetdalella.com\\\/en\\\/#organization\",\"name\":\"Bouquet d&#039;Alella\",\"url\":\"https:\\\/\\\/www.bouquetdalella.com\\\/en\\\/\",\"logo\":{\"@type\":\"ImageObject\",\"inLanguage\":\"en-US\",\"@id\":\"https:\\\/\\\/www.bouquetdalella.com\\\/en\\\/#\\\/schema\\\/logo\\\/image\\\/\",\"url\":\"https:\\\/\\\/www.bouquetdalella.com\\\/wp-content\\\/uploads\\\/2023\\\/04\\\/cropped-cropped-cropped-logo_bouquet_d_alella-2-300x53-1.png\",\"contentUrl\":\"https:\\\/\\\/www.bouquetdalella.com\\\/wp-content\\\/uploads\\\/2023\\\/04\\\/cropped-cropped-cropped-logo_bouquet_d_alella-2-300x53-1.png\",\"width\":300,\"height\":52,\"caption\":\"Bouquet d&#039;Alella\"},\"image\":{\"@id\":\"https:\\\/\\\/www.bouquetdalella.com\\\/en\\\/#\\\/schema\\\/logo\\\/image\\\/\"}}]}<\/script>\n<!-- \/ Yoast SEO plugin. -->","yoast_head_json":{"title":"Fork breakfast with green pruning workshop - Bouquet d&#039;Alella","robots":{"index":"index","follow":"follow","max-snippet":"max-snippet:-1","max-image-preview":"max-image-preview:large","max-video-preview":"max-video-preview:-1"},"canonical":"https:\/\/www.bouquetdalella.com\/en\/producte\/fork-breakfast-green-pruning-workshop\/","og_locale":"en_US","og_type":"article","og_title":"Fork breakfast with green pruning workshop - Bouquet d&#039;Alella","og_description":"Green pruning is crucial for winemakers, as it allows them to control the growth of the vine and the quality of the grapes.  What will you do?  You will start the workshop with a theoretical training to learn about one of the most important jobs of the year that is done manually and carefully.  Then you'll go to the vineyard to learn how to remove the branches. You will put theory into practice directly in the vineyard.  Finally, the activity is complemented with a delicious fork breakfast paired with our organic wines, with stunning views over the sea and the vineyard.  Breakfast consists of 4 courses and 4 wines:  Cold strawberry soup from Maresme region with fennel flower from our fields   Bouquet d\u2019Alella Pansa Blanca 2024  \u00a0  Brandade crepes on roasted peppers and sun-dried tomato  Bouquet d\u2019Alella Ancestral Matar\u00f3 2025  \u00a0  Santa Pau beans with sausage and chard  Bouquet d\u2019Alella Syrah 2023  \u00a0  Blueberry, raspberry and almond parfait  Bouquet d\u2019Alella Plaer Escum\u00f3s 2022  &nbsp;  The activity includes: \u2022 Green pruning workshop \u2022 Fork breakfast paired with Bouquet d'Alella wines \u2022 Water, desserts and coffee \u2022 Guided tour of the vineyards and the winery  Duration: 3 hours Date: May 3, 2026 Start time: 10:00 a.m. Price: \u20ac65 (VAT included)  &nbsp;","og_url":"https:\/\/www.bouquetdalella.com\/en\/producte\/fork-breakfast-green-pruning-workshop\/","og_site_name":"Bouquet d&#039;Alella","article_modified_time":"2026-04-02T07:43:56+00:00","og_image":[{"width":1200,"height":800,"url":"https:\/\/www.bouquetdalella.com\/wp-content\/uploads\/2025\/02\/Poda-en-vert-01.webp","type":"image\/webp"}],"twitter_card":"summary_large_image","twitter_misc":{"Est. reading time":"1 minute"},"schema":{"@context":"https:\/\/schema.org","@graph":[{"@type":"WebPage","@id":"https:\/\/www.bouquetdalella.com\/en\/producte\/fork-breakfast-green-pruning-workshop\/","url":"https:\/\/www.bouquetdalella.com\/en\/producte\/fork-breakfast-green-pruning-workshop\/","name":"Fork breakfast with green pruning workshop - Bouquet d&#039;Alella","isPartOf":{"@id":"https:\/\/www.bouquetdalella.com\/en\/#website"},"primaryImageOfPage":{"@id":"https:\/\/www.bouquetdalella.com\/en\/producte\/fork-breakfast-green-pruning-workshop\/#primaryimage"},"image":{"@id":"https:\/\/www.bouquetdalella.com\/en\/producte\/fork-breakfast-green-pruning-workshop\/#primaryimage"},"thumbnailUrl":"https:\/\/www.bouquetdalella.com\/wp-content\/uploads\/2025\/02\/Poda-en-vert-01.webp","datePublished":"2025-02-17T10:24:49+00:00","dateModified":"2026-04-02T07:43:56+00:00","breadcrumb":{"@id":"https:\/\/www.bouquetdalella.com\/en\/producte\/fork-breakfast-green-pruning-workshop\/#breadcrumb"},"inLanguage":"en-US","potentialAction":[{"@type":"ReadAction","target":["https:\/\/www.bouquetdalella.com\/en\/producte\/fork-breakfast-green-pruning-workshop\/"]}]},{"@type":"ImageObject","inLanguage":"en-US","@id":"https:\/\/www.bouquetdalella.com\/en\/producte\/fork-breakfast-green-pruning-workshop\/#primaryimage","url":"https:\/\/www.bouquetdalella.com\/wp-content\/uploads\/2025\/02\/Poda-en-vert-01.webp","contentUrl":"https:\/\/www.bouquetdalella.com\/wp-content\/uploads\/2025\/02\/Poda-en-vert-01.webp","width":1200,"height":800},{"@type":"BreadcrumbList","@id":"https:\/\/www.bouquetdalella.com\/en\/producte\/fork-breakfast-green-pruning-workshop\/#breadcrumb","itemListElement":[{"@type":"ListItem","position":1,"name":"Inici","item":"https:\/\/www.bouquetdalella.com\/en\/"},{"@type":"ListItem","position":2,"name":"Shop","item":"https:\/\/www.bouquetdalella.com\/en\/shop\/"},{"@type":"ListItem","position":3,"name":"Fork breakfast with green pruning workshop"}]},{"@type":"WebSite","@id":"https:\/\/www.bouquetdalella.com\/en\/#website","url":"https:\/\/www.bouquetdalella.com\/en\/","name":"Bouquet d&#039;Alella","description":"El Celler Bouquet d\u2019Alella neix amb la clara intenci\u00f3 d\u2019explotar dues vessants diferents per\u00f2 complement\u00e0ries en el mon del vi. Per una banda, la producci\u00f3n i venda de vins ecol\u00f2gics de qualitat i per l\u2019altra la promoci\u00f3 de l\u2019enoturisme.","publisher":{"@id":"https:\/\/www.bouquetdalella.com\/en\/#organization"},"potentialAction":[{"@type":"SearchAction","target":{"@type":"EntryPoint","urlTemplate":"https:\/\/www.bouquetdalella.com\/en\/?s={search_term_string}"},"query-input":{"@type":"PropertyValueSpecification","valueRequired":true,"valueName":"search_term_string"}}],"inLanguage":"en-US"},{"@type":"Organization","@id":"https:\/\/www.bouquetdalella.com\/en\/#organization","name":"Bouquet d&#039;Alella","url":"https:\/\/www.bouquetdalella.com\/en\/","logo":{"@type":"ImageObject","inLanguage":"en-US","@id":"https:\/\/www.bouquetdalella.com\/en\/#\/schema\/logo\/image\/","url":"https:\/\/www.bouquetdalella.com\/wp-content\/uploads\/2023\/04\/cropped-cropped-cropped-logo_bouquet_d_alella-2-300x53-1.png","contentUrl":"https:\/\/www.bouquetdalella.com\/wp-content\/uploads\/2023\/04\/cropped-cropped-cropped-logo_bouquet_d_alella-2-300x53-1.png","width":300,"height":52,"caption":"Bouquet d&#039;Alella"},"image":{"@id":"https:\/\/www.bouquetdalella.com\/en\/#\/schema\/logo\/image\/"}}]}},"_links":{"self":[{"href":"https:\/\/www.bouquetdalella.com\/en\/wp-json\/wp\/v2\/product\/29971","targetHints":{"allow":["GET"]}}],"collection":[{"href":"https:\/\/www.bouquetdalella.com\/en\/wp-json\/wp\/v2\/product"}],"about":[{"href":"https:\/\/www.bouquetdalella.com\/en\/wp-json\/wp\/v2\/types\/product"}],"version-history":[{"count":2,"href":"https:\/\/www.bouquetdalella.com\/en\/wp-json\/wp\/v2\/product\/29971\/revisions"}],"predecessor-version":[{"id":37141,"href":"https:\/\/www.bouquetdalella.com\/en\/wp-json\/wp\/v2\/product\/29971\/revisions\/37141"}],"wp:featuredmedia":[{"embeddable":true,"href":"https:\/\/www.bouquetdalella.com\/en\/wp-json\/wp\/v2\/media\/37123"}],"wp:attachment":[{"href":"https:\/\/www.bouquetdalella.com\/en\/wp-json\/wp\/v2\/media?parent=29971"}],"wp:term":[{"taxonomy":"product_brand","embeddable":true,"href":"https:\/\/www.bouquetdalella.com\/en\/wp-json\/wp\/v2\/product_brand?post=29971"},{"taxonomy":"product_cat","embeddable":true,"href":"https:\/\/www.bouquetdalella.com\/en\/wp-json\/wp\/v2\/product_cat?post=29971"},{"taxonomy":"product_tag","embeddable":true,"href":"https:\/\/www.bouquetdalella.com\/en\/wp-json\/wp\/v2\/product_tag?post=29971"}],"curies":[{"name":"wp","href":"https:\/\/api.w.org\/{rel}","templated":true}]}}