{"id":3632,"date":"2020-07-20T20:12:17","date_gmt":"2020-07-20T18:12:17","guid":{"rendered":"https:\/\/www.bouquetdalella.com\/politica-de-privacidad\/"},"modified":"2023-07-24T18:07:43","modified_gmt":"2023-07-24T16:07:43","slug":"politica-de-privacidad","status":"publish","type":"page","link":"https:\/\/www.bouquetdalella.com\/es\/politica-de-privacidad\/","title":{"rendered":"Pol\u00edtica de privacidad"},"content":{"rendered":"\t\t<div data-elementor-type=\"wp-page\" data-elementor-id=\"3632\" class=\"elementor elementor-3632 elementor-3497\" data-elementor-post-type=\"page\">\n\t\t\t\t\t\t<section class=\"elementor-section elementor-top-section elementor-element elementor-element-64014bda elementor-section-boxed elementor-section-height-default elementor-section-height-default\" data-id=\"64014bda\" data-element_type=\"section\" data-e-type=\"section\">\n\t\t\t\t\t\t<div class=\"elementor-container elementor-column-gap-default\">\n\t\t\t\t\t<div class=\"elementor-column elementor-col-100 elementor-top-column elementor-element elementor-element-5f5029e\" data-id=\"5f5029e\" data-element_type=\"column\" data-e-type=\"column\">\n\t\t\t<div class=\"elementor-widget-wrap elementor-element-populated\">\n\t\t\t\t\t\t<div class=\"elementor-element elementor-element-50a65e9 elementor-widget elementor-widget-spacer\" data-id=\"50a65e9\" data-element_type=\"widget\" data-e-type=\"widget\" data-widget_type=\"spacer.default\">\n\t\t\t\t<div class=\"elementor-widget-container\">\n\t\t\t\t\t\t\t<div class=\"elementor-spacer\">\n\t\t\t<div class=\"elementor-spacer-inner\"><\/div>\n\t\t<\/div>\n\t\t\t\t\t\t<\/div>\n\t\t\t\t<\/div>\n\t\t\t\t\t<\/div>\n\t\t<\/div>\n\t\t\t\t\t<\/div>\n\t\t<\/section>\n\t\t\t\t<section class=\"elementor-section elementor-inner-section elementor-element elementor-element-622d0b34 elementor-section-boxed elementor-section-height-default elementor-section-height-default\" data-id=\"622d0b34\" data-element_type=\"section\" data-e-type=\"section\">\n\t\t\t\t\t\t<div class=\"elementor-container elementor-column-gap-no\">\n\t\t\t\t\t<div class=\"elementor-column elementor-col-50 elementor-inner-column elementor-element elementor-element-3ec5ddbf\" data-id=\"3ec5ddbf\" data-element_type=\"column\" data-e-type=\"column\">\n\t\t\t<div class=\"elementor-widget-wrap elementor-element-populated\">\n\t\t\t\t\t\t<div class=\"elementor-element elementor-element-3f2307cf elementor-widget elementor-widget-image\" data-id=\"3f2307cf\" data-element_type=\"widget\" data-e-type=\"widget\" data-widget_type=\"image.default\">\n\t\t\t\t<div class=\"elementor-widget-container\">\n\t\t\t\t\t\t\t\t\t\t\t\t\t\t\t<img decoding=\"async\" width=\"15\" height=\"30\" src=\"https:\/\/www.bouquetdalella.com\/wp-content\/uploads\/2023\/04\/bouquetico.png\" class=\"attachment-large size-large wp-image-841\" alt=\"\" \/>\t\t\t\t\t\t\t\t\t\t\t\t\t\t\t<\/div>\n\t\t\t\t<\/div>\n\t\t\t\t\t<\/div>\n\t\t<\/div>\n\t\t\t\t<div class=\"elementor-column elementor-col-50 elementor-inner-column elementor-element elementor-element-21fa48cc\" data-id=\"21fa48cc\" data-element_type=\"column\" data-e-type=\"column\">\n\t\t\t<div class=\"elementor-widget-wrap elementor-element-populated\">\n\t\t\t\t\t\t<div class=\"elementor-element elementor-element-1d37fa1 elementor-widget elementor-widget-text-editor\" data-id=\"1d37fa1\" data-element_type=\"widget\" data-e-type=\"widget\" data-widget_type=\"text-editor.default\">\n\t\t\t\t<div class=\"elementor-widget-container\">\n\t\t\t\t\t\t\t\t\t<p>Pol\u00edtica de privacitat<\/p>\t\t\t\t\t\t\t\t<\/div>\n\t\t\t\t<\/div>\n\t\t\t\t\t<\/div>\n\t\t<\/div>\n\t\t\t\t\t<\/div>\n\t\t<\/section>\n\t\t\t\t<section class=\"elementor-section elementor-top-section elementor-element elementor-element-542c004f elementor-section-boxed elementor-section-height-default elementor-section-height-default\" data-id=\"542c004f\" data-element_type=\"section\" data-e-type=\"section\">\n\t\t\t\t\t\t<div class=\"elementor-container elementor-column-gap-default\">\n\t\t\t\t\t<div class=\"elementor-column elementor-col-100 elementor-top-column elementor-element elementor-element-4fb9ccbd\" data-id=\"4fb9ccbd\" data-element_type=\"column\" data-e-type=\"column\">\n\t\t\t<div class=\"elementor-widget-wrap elementor-element-populated\">\n\t\t\t\t\t\t<div class=\"elementor-element elementor-element-3cb65112 elementor-widget elementor-widget-text-editor\" data-id=\"3cb65112\" data-element_type=\"widget\" data-e-type=\"widget\" data-widget_type=\"text-editor.default\">\n\t\t\t\t<div class=\"elementor-widget-container\">\n\t\t\t\t\t\t\t\t\t<p><strong>POL\u00cdTICA DE PROTECCI\u00d3 DE DADES<\/strong><\/p>\n<p><strong>1.RESPONSABLE<\/strong><\/p>\n<p>A. Dades de contacte del Responsable<br>El responsable de les dades recaptades mitjan\u00e7ant aquesta web \u00e9s BOUQUET D&#8217;ALELLA, S.L. amb adre\u00e7a C\/ SANT JOSEP CALASSAN\u00c7 N\u00fam. 8, 08328, ALELLA ( BARCELONA) I CIF B65093833. Vost\u00e8 podr\u00e0 contactar amb el responsable mitjan\u00e7ant el seg\u00fcent Email bouquetdalella@bouquetdalella.com o en el tel\u00e8fon 935556997<\/p>\n<p><\/p>\n<p>B. Identitat i dades de contacte del representant FABIOLA CASTRO FAJARDO<br>Dades de contacte del Delegat de Protecci\u00f3 de Dades<\/p>\n<p><\/p>\n<p><strong>2. FINALITAT<\/strong><br><strong>A. Descripci\u00f3 ampliada dels fins del tractament<\/strong><br>Gesti\u00f3 de clients, comptable, fiscal i administrativa<br>Publicitat i prospecci\u00f3 comercial Comer\u00e7 electr\u00f2nic<br>Terminis o criteris de conservaci\u00f3 de les dades<\/p>\n<p><strong>B. Conservarem les dades durant el temps que sigui necessari per a atendre la sol\u00b7licitud i complir amb les obligacions legals exigides.<\/strong><br>Les dades que vost\u00e8 ens ha facilitat seran conservats mentre siguin necessaris per a les finalitats indicades en el punt 2.A., o tamb\u00e9 seran emmagatzemades pel temps exigit per diferents legislacions aplicables.<\/p>\n<p><strong>C. Decisions automatitzades, perfils i l\u00f2gica aplicada<\/strong><br>Les dades recollides mitjan\u00e7ant la p\u00e0gina web no seran utilitzades per prendre decisions automatitzades.<\/p>\n<p><\/p>\n<p><strong>3.LEGITIMACI\u00d3<\/strong><br><strong>A. Legislaci\u00f3 aplicable<\/strong><br>La legislaci\u00f3 aplicada \u00e9s el Reglament General de Protecci\u00f3 de Dades 2016\/679 de 27 d&#8217;abril de 2016 aix\u00ed com la Llei org\u00e0nica 3\/2018, de 5 de desembre, de Protecci\u00f3 de Dades Personals i garantia dels drets digitals.<\/p>\n<p><strong>B. Detalls de la base jur\u00eddica del tractament, en els casos d\u2019obligaci\u00f3 legal, inter\u00e8s p\u00fablic o inter\u00e8s leg\u00edtim<\/strong><br>Art. 6, apartat 1 lletra a. Que considera el consentiment de l&#8217;interessat com una base leg\u00edtima per al tractament de dades personals continguts en aquest fitxer.<\/p>\n<p><strong>C. Obligaci\u00f3 o no de facilitar dades i conseq\u00fc\u00e8ncies de no fer-lo<\/strong><br>No est\u00e0 obligat a facilitar-nos les dades, no obstant aix\u00f2, ser\u00e0 necessari per a poder gestionar els suggeriments o peticions que necessiti fer-nos mitjan\u00e7ant la p\u00e0gina web.<\/p>\n<p><\/p>\n<p><strong>4. DESTINATARIS<\/strong><br><strong>A. Destinataris<\/strong><br>Organitzacions o persones directament relacionades a l&#8217;empresa, Administraci\u00f3 p\u00fablica amb compet\u00e8ncia en la mat\u00e8ria.<\/p>\n<p><strong>B. Destinataris espec\u00edfics<\/strong><br>No existeixen<\/p>\n<p><strong>C. Decisions de adequaci\u00f3, garanties, normes corporatives vinculants o situacions espec\u00edfiques aplicables<\/strong><br>No existeixen.<\/p>\n<p><strong>D. Transfer\u00e8ncies Internacionales<\/strong><br>No existeixen<\/p>\n<p><\/p>\n<p><strong>5. DRETS<\/strong><br><strong>A. Com exercir els drets d&#8217;acc\u00e9s, rectificaci\u00f3, supressi\u00f3 i portabilitat de les seves dades, i la limitaci\u00f3 o oposici\u00f3 al seu tractament.<\/strong><br>L&#8217;interessat podr\u00e0 con\u00e8ixer, modificar, o eliminar les dades que l&#8217;empresa posseeixi sobre la seva persona mitjan\u00e7ant correu electr\u00f2nic facilitant el seu DNI o b\u00e9 per correu postal a C\/ SANT JOSEP CALASSAN\u00c7 N\u00fam. 8, 08328, ALELLA ( BARCELONA).<\/p>\n<p>L&#8217;interessat podr\u00e0 transferir les seves dades a una altra entitat o b\u00e9 limitar els ja existents que l&#8217;empresa posseeixi sobre la seva persona mitjan\u00e7ant correu electr\u00f2nic facilitant el seu DNI o b\u00e9 per correu postal a C\/ SANT JOSEP CALASSAN\u00c7 N\u00fam. 8, 08328, ALELLA ( BARCELONA).<\/p>\n<p><strong>B. Dret a retirar el Consentiment prestat<\/strong><br>L&#8217;interessat podr\u00e0 retirar les dades que l&#8217;empresa posseeix sobre la seva persona mitjan\u00e7ant correu electr\u00f2nic facilitant el seu DNI o b\u00e9 per correu postal a C\/ SANT JOSEP CALASSAN\u00c7 N\u00fam. 8, 08328, ALELLA ( BARCELONA).<\/p>\n<p><strong>C. Dret a reclamar davant la Autoritat de Control<\/strong><br>L&#8217;interessat podr\u00e0 reclamar davant l&#8217;Ag\u00e8ncia Espanyola de Protecci\u00f3 de Dades sobre tota incid\u00e8ncia que pugui sorgir-li.<\/p>\n<p><\/p>\n<p><strong>6. PROCED\u00c8NCIA<\/strong><br><strong>A. Informaci\u00f3 detallada del origen de los dades<\/strong><br>Facilitades pel propi interessat.<\/p>\n<p><\/p>\n<p><strong>B. Categories de dades que es tracten<\/strong><br>Nom i Cognoms<br>NIF\/DNI\/NIE<br>Adre\u00e7a<br>Email<\/p>\n<p><\/p>\n<p><strong>7. CL\u00c0USULA CONSENTIMENT NEWSLETTER<\/strong><br>En compliment del que s&#8217;estableix en el Reglament (UE) 2016\/679 del Parlament Europeu i del Consell, de 27 d&#8217;abril de 2016 i en la legislaci\u00f3 vigent sobre protecci\u00f3 de dades, l&#8217;informem que el correu electr\u00f2nic que ens ha proporcionat ser\u00e0 tractat sota la responsabilitat de BOUQUET D\u00b4ALELLA, S.L. amb la finalitat de tramitar la seva sol\u00b7licitud de subscripci\u00f3 i poder remetre-li peri\u00f2dicament nostre Newsletter. Les dades no seran cedits a tercers excepte obligaci\u00f3 legal.<\/p>\n<p>La base leg\u00edtima \u00e9s el consentiment el qual podr\u00e0 ser revocat en qualsevol moment, cancel\u00b7lant la seva subscripci\u00f3 al Newsletter, enviant un correu electr\u00f2nic a l&#8217;adre\u00e7a bouquetda@bouquetdalella.com<\/p>\n<p>Podr\u00e0 exercir els seus drets d&#8217;acc\u00e9s, rectificaci\u00f3 o supressi\u00f3, cancel\u00b7laci\u00f3, oposici\u00f3 i limitaci\u00f3 de tractament de les seves dades, aix\u00ed com sol\u00b7licitar la seva portabilitat, mitjan\u00e7ant un escrit a l&#8217;adre\u00e7a de correu electr\u00f2nic indicada anteriorment.<\/p>\t\t\t\t\t\t\t\t<\/div>\n\t\t\t\t<\/div>\n\t\t\t\t\t<\/div>\n\t\t<\/div>\n\t\t\t\t\t<\/div>\n\t\t<\/section>\n\t\t\t\t<section class=\"elementor-section elementor-top-section elementor-element elementor-element-5fd03b66 elementor-section-boxed elementor-section-height-default elementor-section-height-default\" data-id=\"5fd03b66\" data-element_type=\"section\" data-e-type=\"section\">\n\t\t\t\t\t\t<div class=\"elementor-container elementor-column-gap-default\">\n\t\t\t\t\t<div class=\"elementor-column elementor-col-100 elementor-top-column elementor-element elementor-element-6a7fb70d\" data-id=\"6a7fb70d\" data-element_type=\"column\" data-e-type=\"column\">\n\t\t\t<div class=\"elementor-widget-wrap elementor-element-populated\">\n\t\t\t\t\t\t<div class=\"elementor-element elementor-element-36e1fee elementor-widget elementor-widget-spacer\" data-id=\"36e1fee\" data-element_type=\"widget\" data-e-type=\"widget\" data-widget_type=\"spacer.default\">\n\t\t\t\t<div class=\"elementor-widget-container\">\n\t\t\t\t\t\t\t<div class=\"elementor-spacer\">\n\t\t\t<div class=\"elementor-spacer-inner\"><\/div>\n\t\t<\/div>\n\t\t\t\t\t\t<\/div>\n\t\t\t\t<\/div>\n\t\t\t\t\t<\/div>\n\t\t<\/div>\n\t\t\t\t\t<\/div>\n\t\t<\/section>\n\t\t\t\t<\/div>\n\t\t","protected":false},"excerpt":{"rendered":"<p>Pol\u00edtica de privacitat POL\u00cdTICA DE PROTECCI\u00d3 DE DADES 1.RESPONSABLE A. Dades de contacte del ResponsableEl responsable de les dades recaptades mitjan\u00e7ant aquesta web \u00e9s BOUQUET D&#8217;ALELLA, S.L. amb adre\u00e7a C\/ SANT JOSEP CALASSAN\u00c7 N\u00fam. 8, 08328, ALELLA ( BARCELONA) I CIF B65093833. Vost\u00e8 podr\u00e0 contactar amb el responsable mitjan\u00e7ant el seg\u00fcent Email bouquetdalella@bouquetdalella.com o en [&hellip;]<\/p>\n","protected":false},"author":1,"featured_media":1702,"parent":0,"menu_order":0,"comment_status":"closed","ping_status":"closed","template":"","meta":{"footnotes":""},"class_list":["post-3632","page","type-page","status-publish","has-post-thumbnail","hentry"],"yoast_head":"<!-- This site is optimized with the Yoast SEO plugin v27.3 - https:\/\/yoast.com\/product\/yoast-seo-wordpress\/ -->\n<title>Pol\u00edtica de privacidad - Bouquet d&#039;Alella<\/title>\n<meta name=\"robots\" content=\"index, follow, max-snippet:-1, max-image-preview:large, max-video-preview:-1\" \/>\n<link rel=\"canonical\" href=\"https:\/\/www.bouquetdalella.com\/es\/politica-de-privacidad\/\" \/>\n<meta property=\"og:locale\" content=\"es_ES\" \/>\n<meta property=\"og:type\" content=\"article\" \/>\n<meta property=\"og:title\" content=\"Pol\u00edtica de privacidad - Bouquet d&#039;Alella\" \/>\n<meta property=\"og:description\" content=\"Pol\u00edtica de privacitat POL\u00cdTICA DE PROTECCI\u00d3 DE DADES 1.RESPONSABLE A. Dades de contacte del ResponsableEl responsable de les dades recaptades mitjan\u00e7ant aquesta web \u00e9s BOUQUET D&#8217;ALELLA, S.L. amb adre\u00e7a C\/ SANT JOSEP CALASSAN\u00c7 N\u00fam. 8, 08328, ALELLA ( BARCELONA) I CIF B65093833. Vost\u00e8 podr\u00e0 contactar amb el responsable mitjan\u00e7ant el seg\u00fcent Email bouquetdalella@bouquetdalella.com o en [&hellip;]\" \/>\n<meta property=\"og:url\" content=\"https:\/\/www.bouquetdalella.com\/es\/politica-de-privacidad\/\" \/>\n<meta property=\"og:site_name\" content=\"Bouquet d&#039;Alella\" \/>\n<meta property=\"article:modified_time\" content=\"2023-07-24T16:07:43+00:00\" \/>\n<meta property=\"og:image\" content=\"https:\/\/www.bouquetdalella.com\/wp-content\/uploads\/2023\/04\/bouquetico-1.png\" \/>\n\t<meta property=\"og:image:width\" content=\"15\" \/>\n\t<meta property=\"og:image:height\" content=\"30\" \/>\n\t<meta property=\"og:image:type\" content=\"image\/png\" \/>\n<meta name=\"twitter:card\" content=\"summary_large_image\" \/>\n<meta name=\"twitter:label1\" content=\"Tiempo de lectura\" \/>\n\t<meta name=\"twitter:data1\" content=\"4 minutos\" \/>\n<script type=\"application\/ld+json\" class=\"yoast-schema-graph\">{\"@context\":\"https:\\\/\\\/schema.org\",\"@graph\":[{\"@type\":\"WebPage\",\"@id\":\"https:\\\/\\\/www.bouquetdalella.com\\\/es\\\/politica-de-privacidad\\\/\",\"url\":\"https:\\\/\\\/www.bouquetdalella.com\\\/es\\\/politica-de-privacidad\\\/\",\"name\":\"Pol\u00edtica de privacidad - Bouquet d&#039;Alella\",\"isPartOf\":{\"@id\":\"https:\\\/\\\/www.bouquetdalella.com\\\/es\\\/#website\"},\"primaryImageOfPage\":{\"@id\":\"https:\\\/\\\/www.bouquetdalella.com\\\/es\\\/politica-de-privacidad\\\/#primaryimage\"},\"image\":{\"@id\":\"https:\\\/\\\/www.bouquetdalella.com\\\/es\\\/politica-de-privacidad\\\/#primaryimage\"},\"thumbnailUrl\":\"https:\\\/\\\/www.bouquetdalella.com\\\/wp-content\\\/uploads\\\/2023\\\/04\\\/bouquetico-1.png\",\"datePublished\":\"2020-07-20T18:12:17+00:00\",\"dateModified\":\"2023-07-24T16:07:43+00:00\",\"breadcrumb\":{\"@id\":\"https:\\\/\\\/www.bouquetdalella.com\\\/es\\\/politica-de-privacidad\\\/#breadcrumb\"},\"inLanguage\":\"es\",\"potentialAction\":[{\"@type\":\"ReadAction\",\"target\":[\"https:\\\/\\\/www.bouquetdalella.com\\\/es\\\/politica-de-privacidad\\\/\"]}]},{\"@type\":\"ImageObject\",\"inLanguage\":\"es\",\"@id\":\"https:\\\/\\\/www.bouquetdalella.com\\\/es\\\/politica-de-privacidad\\\/#primaryimage\",\"url\":\"https:\\\/\\\/www.bouquetdalella.com\\\/wp-content\\\/uploads\\\/2023\\\/04\\\/bouquetico-1.png\",\"contentUrl\":\"https:\\\/\\\/www.bouquetdalella.com\\\/wp-content\\\/uploads\\\/2023\\\/04\\\/bouquetico-1.png\",\"width\":15,\"height\":30},{\"@type\":\"BreadcrumbList\",\"@id\":\"https:\\\/\\\/www.bouquetdalella.com\\\/es\\\/politica-de-privacidad\\\/#breadcrumb\",\"itemListElement\":[{\"@type\":\"ListItem\",\"position\":1,\"name\":\"Inici\",\"item\":\"https:\\\/\\\/www.bouquetdalella.com\\\/es\\\/\"},{\"@type\":\"ListItem\",\"position\":2,\"name\":\"Pol\u00edtica de privacidad\"}]},{\"@type\":\"WebSite\",\"@id\":\"https:\\\/\\\/www.bouquetdalella.com\\\/es\\\/#website\",\"url\":\"https:\\\/\\\/www.bouquetdalella.com\\\/es\\\/\",\"name\":\"Bouquet d&#039;Alella\",\"description\":\"El Celler Bouquet d\u2019Alella neix amb la clara intenci\u00f3 d\u2019explotar dues vessants diferents per\u00f2 complement\u00e0ries en el mon del vi. Per una banda, la producci\u00f3n i venda de vins ecol\u00f2gics de qualitat i per l\u2019altra la promoci\u00f3 de l\u2019enoturisme.\",\"publisher\":{\"@id\":\"https:\\\/\\\/www.bouquetdalella.com\\\/es\\\/#organization\"},\"potentialAction\":[{\"@type\":\"SearchAction\",\"target\":{\"@type\":\"EntryPoint\",\"urlTemplate\":\"https:\\\/\\\/www.bouquetdalella.com\\\/es\\\/?s={search_term_string}\"},\"query-input\":{\"@type\":\"PropertyValueSpecification\",\"valueRequired\":true,\"valueName\":\"search_term_string\"}}],\"inLanguage\":\"es\"},{\"@type\":\"Organization\",\"@id\":\"https:\\\/\\\/www.bouquetdalella.com\\\/es\\\/#organization\",\"name\":\"Bouquet d&#039;Alella\",\"url\":\"https:\\\/\\\/www.bouquetdalella.com\\\/es\\\/\",\"logo\":{\"@type\":\"ImageObject\",\"inLanguage\":\"es\",\"@id\":\"https:\\\/\\\/www.bouquetdalella.com\\\/es\\\/#\\\/schema\\\/logo\\\/image\\\/\",\"url\":\"https:\\\/\\\/www.bouquetdalella.com\\\/wp-content\\\/uploads\\\/2023\\\/04\\\/cropped-cropped-cropped-logo_bouquet_d_alella-2-300x53-1.png\",\"contentUrl\":\"https:\\\/\\\/www.bouquetdalella.com\\\/wp-content\\\/uploads\\\/2023\\\/04\\\/cropped-cropped-cropped-logo_bouquet_d_alella-2-300x53-1.png\",\"width\":300,\"height\":52,\"caption\":\"Bouquet d&#039;Alella\"},\"image\":{\"@id\":\"https:\\\/\\\/www.bouquetdalella.com\\\/es\\\/#\\\/schema\\\/logo\\\/image\\\/\"}}]}<\/script>\n<!-- \/ Yoast SEO plugin. -->","yoast_head_json":{"title":"Pol\u00edtica de privacidad - Bouquet d&#039;Alella","robots":{"index":"index","follow":"follow","max-snippet":"max-snippet:-1","max-image-preview":"max-image-preview:large","max-video-preview":"max-video-preview:-1"},"canonical":"https:\/\/www.bouquetdalella.com\/es\/politica-de-privacidad\/","og_locale":"es_ES","og_type":"article","og_title":"Pol\u00edtica de privacidad - Bouquet d&#039;Alella","og_description":"Pol\u00edtica de privacitat POL\u00cdTICA DE PROTECCI\u00d3 DE DADES 1.RESPONSABLE A. Dades de contacte del ResponsableEl responsable de les dades recaptades mitjan\u00e7ant aquesta web \u00e9s BOUQUET D&#8217;ALELLA, S.L. amb adre\u00e7a C\/ SANT JOSEP CALASSAN\u00c7 N\u00fam. 8, 08328, ALELLA ( BARCELONA) I CIF B65093833. Vost\u00e8 podr\u00e0 contactar amb el responsable mitjan\u00e7ant el seg\u00fcent Email bouquetdalella@bouquetdalella.com o en [&hellip;]","og_url":"https:\/\/www.bouquetdalella.com\/es\/politica-de-privacidad\/","og_site_name":"Bouquet d&#039;Alella","article_modified_time":"2023-07-24T16:07:43+00:00","og_image":[{"width":15,"height":30,"url":"https:\/\/www.bouquetdalella.com\/wp-content\/uploads\/2023\/04\/bouquetico-1.png","type":"image\/png"}],"twitter_card":"summary_large_image","twitter_misc":{"Tiempo de lectura":"4 minutos"},"schema":{"@context":"https:\/\/schema.org","@graph":[{"@type":"WebPage","@id":"https:\/\/www.bouquetdalella.com\/es\/politica-de-privacidad\/","url":"https:\/\/www.bouquetdalella.com\/es\/politica-de-privacidad\/","name":"Pol\u00edtica de privacidad - Bouquet d&#039;Alella","isPartOf":{"@id":"https:\/\/www.bouquetdalella.com\/es\/#website"},"primaryImageOfPage":{"@id":"https:\/\/www.bouquetdalella.com\/es\/politica-de-privacidad\/#primaryimage"},"image":{"@id":"https:\/\/www.bouquetdalella.com\/es\/politica-de-privacidad\/#primaryimage"},"thumbnailUrl":"https:\/\/www.bouquetdalella.com\/wp-content\/uploads\/2023\/04\/bouquetico-1.png","datePublished":"2020-07-20T18:12:17+00:00","dateModified":"2023-07-24T16:07:43+00:00","breadcrumb":{"@id":"https:\/\/www.bouquetdalella.com\/es\/politica-de-privacidad\/#breadcrumb"},"inLanguage":"es","potentialAction":[{"@type":"ReadAction","target":["https:\/\/www.bouquetdalella.com\/es\/politica-de-privacidad\/"]}]},{"@type":"ImageObject","inLanguage":"es","@id":"https:\/\/www.bouquetdalella.com\/es\/politica-de-privacidad\/#primaryimage","url":"https:\/\/www.bouquetdalella.com\/wp-content\/uploads\/2023\/04\/bouquetico-1.png","contentUrl":"https:\/\/www.bouquetdalella.com\/wp-content\/uploads\/2023\/04\/bouquetico-1.png","width":15,"height":30},{"@type":"BreadcrumbList","@id":"https:\/\/www.bouquetdalella.com\/es\/politica-de-privacidad\/#breadcrumb","itemListElement":[{"@type":"ListItem","position":1,"name":"Inici","item":"https:\/\/www.bouquetdalella.com\/es\/"},{"@type":"ListItem","position":2,"name":"Pol\u00edtica de privacidad"}]},{"@type":"WebSite","@id":"https:\/\/www.bouquetdalella.com\/es\/#website","url":"https:\/\/www.bouquetdalella.com\/es\/","name":"Bouquet d&#039;Alella","description":"El Celler Bouquet d\u2019Alella neix amb la clara intenci\u00f3 d\u2019explotar dues vessants diferents per\u00f2 complement\u00e0ries en el mon del vi. Per una banda, la producci\u00f3n i venda de vins ecol\u00f2gics de qualitat i per l\u2019altra la promoci\u00f3 de l\u2019enoturisme.","publisher":{"@id":"https:\/\/www.bouquetdalella.com\/es\/#organization"},"potentialAction":[{"@type":"SearchAction","target":{"@type":"EntryPoint","urlTemplate":"https:\/\/www.bouquetdalella.com\/es\/?s={search_term_string}"},"query-input":{"@type":"PropertyValueSpecification","valueRequired":true,"valueName":"search_term_string"}}],"inLanguage":"es"},{"@type":"Organization","@id":"https:\/\/www.bouquetdalella.com\/es\/#organization","name":"Bouquet d&#039;Alella","url":"https:\/\/www.bouquetdalella.com\/es\/","logo":{"@type":"ImageObject","inLanguage":"es","@id":"https:\/\/www.bouquetdalella.com\/es\/#\/schema\/logo\/image\/","url":"https:\/\/www.bouquetdalella.com\/wp-content\/uploads\/2023\/04\/cropped-cropped-cropped-logo_bouquet_d_alella-2-300x53-1.png","contentUrl":"https:\/\/www.bouquetdalella.com\/wp-content\/uploads\/2023\/04\/cropped-cropped-cropped-logo_bouquet_d_alella-2-300x53-1.png","width":300,"height":52,"caption":"Bouquet d&#039;Alella"},"image":{"@id":"https:\/\/www.bouquetdalella.com\/es\/#\/schema\/logo\/image\/"}}]}},"_links":{"self":[{"href":"https:\/\/www.bouquetdalella.com\/es\/wp-json\/wp\/v2\/pages\/3632","targetHints":{"allow":["GET"]}}],"collection":[{"href":"https:\/\/www.bouquetdalella.com\/es\/wp-json\/wp\/v2\/pages"}],"about":[{"href":"https:\/\/www.bouquetdalella.com\/es\/wp-json\/wp\/v2\/types\/page"}],"author":[{"embeddable":true,"href":"https:\/\/www.bouquetdalella.com\/es\/wp-json\/wp\/v2\/users\/1"}],"replies":[{"embeddable":true,"href":"https:\/\/www.bouquetdalella.com\/es\/wp-json\/wp\/v2\/comments?post=3632"}],"version-history":[{"count":0,"href":"https:\/\/www.bouquetdalella.com\/es\/wp-json\/wp\/v2\/pages\/3632\/revisions"}],"wp:featuredmedia":[{"embeddable":true,"href":"https:\/\/www.bouquetdalella.com\/es\/wp-json\/wp\/v2\/media\/1702"}],"wp:attachment":[{"href":"https:\/\/www.bouquetdalella.com\/es\/wp-json\/wp\/v2\/media?parent=3632"}],"curies":[{"name":"wp","href":"https:\/\/api.w.org\/{rel}","templated":true}]}}