{"id":29936,"date":"2025-02-19T16:09:14","date_gmt":"2025-02-19T15:09:14","guid":{"rendered":"https:\/\/www.bouquetdalella.com\/?post_type=product&#038;p=29936"},"modified":"2026-02-25T16:57:53","modified_gmt":"2026-02-25T15:57:53","slug":"bocaditos-de-primavera","status":"publish","type":"product","link":"https:\/\/www.bouquetdalella.com\/es\/producto\/bocaditos-de-primavera\/","title":{"rendered":"Bocaditos de primavera"},"content":{"rendered":"","protected":false},"excerpt":{"rendered":"<p><span style=\"font-weight: 400;\">Con la llegada de la primavera te traemos los productos m\u00e1s tiernos del Maresme para disfrutar de los sabores m\u00e1s delicados. Como siempre, maridados con nuestros vinos y con vistas exquisitas.<\/span><\/p>\n<p><span style=\"font-weight: 400;\">Ven a disfrutar:<\/span><\/p>\n<p><b>Cremoso de Guisantes con salvia en mantequilla y lomo de dorada<\/b><b><br \/>\n<\/b><i><span style=\"font-weight: 400;\">Bouquet d\u2019Alella Blanc 2024<\/span><\/i><\/p>\n<p><b>Mini Brioche de calamar salteado con alioli de lim\u00f3n<\/b><span style=\"font-weight: 400;\"><br \/>\n<\/span><i><span style=\"font-weight: 400;\">Bouquet d\u2019Alella Garnacha Negra 2024<\/span><\/i><\/p>\n<p><b>Habitas tiernas al or\u00e9gano y panceta<\/b><span style=\"font-weight: 400;\"><br \/>\n<\/span><i><span style=\"font-weight: 400;\">Bouquet d\u2019Alella Syrah 2023<\/span><\/i><\/p>\n<p><b>Mousse de fresas del Maresme<\/b><span style=\"font-weight: 400;\"><br \/>\n<\/span><i><span style=\"font-weight: 400;\">Bouquet d\u2019Alella Plaer Escum\u00f3s 2022<\/span><\/i><\/p>\n<p><b>Fechas:<\/b><span style=\"font-weight: 400;\"> 8 y 22 de marzo \/ 12 y 26 de abril \/ 10 y 24 de mayo<\/span><span style=\"font-weight: 400;\"><br \/>\n<\/span><b>Hora<\/b><span style=\"font-weight: 400;\">: 12 h<\/span><span style=\"font-weight: 400;\"><br \/>\n<\/span><b>Duraci\u00f3n<\/b><span style=\"font-weight: 400;\">: 1 h<\/span><span style=\"font-weight: 400;\"><br \/>\n<\/span><b>Precio<\/b><span style=\"font-weight: 400;\">: 35\u20ac<\/span><\/p>\n<p>&nbsp;<br \/>\n[fareharbor shortname=\"bouquetdalella\" fallback=\"simple\" full_items=\"yes\" flow=\"1393187\" items=\"631321\" type=\"responsive\" language=\"es\"]<\/p>\n","protected":false},"featured_media":36069,"template":"","meta":[],"product_brand":[],"product_cat":[144],"product_tag":[388],"class_list":{"0":"post-29936","1":"product","2":"type-product","3":"status-publish","4":"has-post-thumbnail","6":"product_cat-enoturismo","7":"product_tag-fareharbor-es","9":"first","10":"outofstock","11":"featured","12":"virtual","13":"taxable","14":"purchasable","15":"product-type-simple"},"yoast_head":"<!-- This site is optimized with the Yoast SEO plugin v27.3 - https:\/\/yoast.com\/product\/yoast-seo-wordpress\/ -->\n<title>Bocaditos de primavera - Bouquet d&#039;Alella<\/title>\n<meta name=\"description\" content=\"Ven a descubrir nuestras propuestas de catas especiales de primavera.\" \/>\n<meta name=\"robots\" content=\"index, follow, max-snippet:-1, max-image-preview:large, max-video-preview:-1\" \/>\n<link rel=\"canonical\" href=\"https:\/\/www.bouquetdalella.com\/es\/producto\/bocaditos-de-primavera\/\" \/>\n<meta property=\"og:locale\" content=\"es_ES\" \/>\n<meta property=\"og:type\" content=\"article\" \/>\n<meta property=\"og:title\" content=\"Bocaditos de primavera - Bouquet d&#039;Alella\" \/>\n<meta property=\"og:description\" content=\"Ven a descubrir nuestras propuestas de catas especiales de primavera.\" \/>\n<meta property=\"og:url\" content=\"https:\/\/www.bouquetdalella.com\/es\/producto\/bocaditos-de-primavera\/\" \/>\n<meta property=\"og:site_name\" content=\"Bouquet d&#039;Alella\" \/>\n<meta property=\"article:modified_time\" content=\"2026-02-25T15:57:53+00:00\" \/>\n<meta property=\"og:image\" content=\"https:\/\/www.bouquetdalella.com\/wp-content\/uploads\/2025\/02\/tastets-primavera01.webp\" \/>\n\t<meta property=\"og:image:width\" content=\"1390\" \/>\n\t<meta property=\"og:image:height\" content=\"1758\" \/>\n\t<meta property=\"og:image:type\" content=\"image\/webp\" \/>\n<meta name=\"twitter:card\" content=\"summary_large_image\" \/>\n<meta name=\"twitter:label1\" content=\"Tiempo de lectura\" \/>\n\t<meta name=\"twitter:data1\" content=\"1 minuto\" \/>\n<script type=\"application\/ld+json\" class=\"yoast-schema-graph\">{\"@context\":\"https:\\\/\\\/schema.org\",\"@graph\":[{\"@type\":\"WebPage\",\"@id\":\"https:\\\/\\\/www.bouquetdalella.com\\\/es\\\/producto\\\/bocaditos-de-primavera\\\/\",\"url\":\"https:\\\/\\\/www.bouquetdalella.com\\\/es\\\/producto\\\/bocaditos-de-primavera\\\/\",\"name\":\"Bocaditos de primavera - Bouquet d&#039;Alella\",\"isPartOf\":{\"@id\":\"https:\\\/\\\/www.bouquetdalella.com\\\/es\\\/#website\"},\"primaryImageOfPage\":{\"@id\":\"https:\\\/\\\/www.bouquetdalella.com\\\/es\\\/producto\\\/bocaditos-de-primavera\\\/#primaryimage\"},\"image\":{\"@id\":\"https:\\\/\\\/www.bouquetdalella.com\\\/es\\\/producto\\\/bocaditos-de-primavera\\\/#primaryimage\"},\"thumbnailUrl\":\"https:\\\/\\\/www.bouquetdalella.com\\\/wp-content\\\/uploads\\\/2025\\\/02\\\/tastets-primavera01.webp\",\"datePublished\":\"2025-02-19T15:09:14+00:00\",\"dateModified\":\"2026-02-25T15:57:53+00:00\",\"description\":\"Ven a descubrir nuestras propuestas de catas especiales de primavera.\",\"breadcrumb\":{\"@id\":\"https:\\\/\\\/www.bouquetdalella.com\\\/es\\\/producto\\\/bocaditos-de-primavera\\\/#breadcrumb\"},\"inLanguage\":\"es\",\"potentialAction\":[{\"@type\":\"ReadAction\",\"target\":[\"https:\\\/\\\/www.bouquetdalella.com\\\/es\\\/producto\\\/bocaditos-de-primavera\\\/\"]}]},{\"@type\":\"ImageObject\",\"inLanguage\":\"es\",\"@id\":\"https:\\\/\\\/www.bouquetdalella.com\\\/es\\\/producto\\\/bocaditos-de-primavera\\\/#primaryimage\",\"url\":\"https:\\\/\\\/www.bouquetdalella.com\\\/wp-content\\\/uploads\\\/2025\\\/02\\\/tastets-primavera01.webp\",\"contentUrl\":\"https:\\\/\\\/www.bouquetdalella.com\\\/wp-content\\\/uploads\\\/2025\\\/02\\\/tastets-primavera01.webp\",\"width\":1390,\"height\":1758},{\"@type\":\"BreadcrumbList\",\"@id\":\"https:\\\/\\\/www.bouquetdalella.com\\\/es\\\/producto\\\/bocaditos-de-primavera\\\/#breadcrumb\",\"itemListElement\":[{\"@type\":\"ListItem\",\"position\":1,\"name\":\"Inici\",\"item\":\"https:\\\/\\\/www.bouquetdalella.com\\\/es\\\/\"},{\"@type\":\"ListItem\",\"position\":2,\"name\":\"Tienda\",\"item\":\"https:\\\/\\\/www.bouquetdalella.com\\\/es\\\/tienda\\\/\"},{\"@type\":\"ListItem\",\"position\":3,\"name\":\"Bocaditos de primavera\"}]},{\"@type\":\"WebSite\",\"@id\":\"https:\\\/\\\/www.bouquetdalella.com\\\/es\\\/#website\",\"url\":\"https:\\\/\\\/www.bouquetdalella.com\\\/es\\\/\",\"name\":\"Bouquet d&#039;Alella\",\"description\":\"El Celler Bouquet d\u2019Alella neix amb la clara intenci\u00f3 d\u2019explotar dues vessants diferents per\u00f2 complement\u00e0ries en el mon del vi. Per una banda, la producci\u00f3n i venda de vins ecol\u00f2gics de qualitat i per l\u2019altra la promoci\u00f3 de l\u2019enoturisme.\",\"publisher\":{\"@id\":\"https:\\\/\\\/www.bouquetdalella.com\\\/es\\\/#organization\"},\"potentialAction\":[{\"@type\":\"SearchAction\",\"target\":{\"@type\":\"EntryPoint\",\"urlTemplate\":\"https:\\\/\\\/www.bouquetdalella.com\\\/es\\\/?s={search_term_string}\"},\"query-input\":{\"@type\":\"PropertyValueSpecification\",\"valueRequired\":true,\"valueName\":\"search_term_string\"}}],\"inLanguage\":\"es\"},{\"@type\":\"Organization\",\"@id\":\"https:\\\/\\\/www.bouquetdalella.com\\\/es\\\/#organization\",\"name\":\"Bouquet d&#039;Alella\",\"url\":\"https:\\\/\\\/www.bouquetdalella.com\\\/es\\\/\",\"logo\":{\"@type\":\"ImageObject\",\"inLanguage\":\"es\",\"@id\":\"https:\\\/\\\/www.bouquetdalella.com\\\/es\\\/#\\\/schema\\\/logo\\\/image\\\/\",\"url\":\"https:\\\/\\\/www.bouquetdalella.com\\\/wp-content\\\/uploads\\\/2023\\\/04\\\/cropped-cropped-cropped-logo_bouquet_d_alella-2-300x53-1.png\",\"contentUrl\":\"https:\\\/\\\/www.bouquetdalella.com\\\/wp-content\\\/uploads\\\/2023\\\/04\\\/cropped-cropped-cropped-logo_bouquet_d_alella-2-300x53-1.png\",\"width\":300,\"height\":52,\"caption\":\"Bouquet d&#039;Alella\"},\"image\":{\"@id\":\"https:\\\/\\\/www.bouquetdalella.com\\\/es\\\/#\\\/schema\\\/logo\\\/image\\\/\"}}]}<\/script>\n<!-- \/ Yoast SEO plugin. -->","yoast_head_json":{"title":"Bocaditos de primavera - Bouquet d&#039;Alella","description":"Ven a descubrir nuestras propuestas de catas especiales de primavera.","robots":{"index":"index","follow":"follow","max-snippet":"max-snippet:-1","max-image-preview":"max-image-preview:large","max-video-preview":"max-video-preview:-1"},"canonical":"https:\/\/www.bouquetdalella.com\/es\/producto\/bocaditos-de-primavera\/","og_locale":"es_ES","og_type":"article","og_title":"Bocaditos de primavera - Bouquet d&#039;Alella","og_description":"Ven a descubrir nuestras propuestas de catas especiales de primavera.","og_url":"https:\/\/www.bouquetdalella.com\/es\/producto\/bocaditos-de-primavera\/","og_site_name":"Bouquet d&#039;Alella","article_modified_time":"2026-02-25T15:57:53+00:00","og_image":[{"width":1390,"height":1758,"url":"https:\/\/www.bouquetdalella.com\/wp-content\/uploads\/2025\/02\/tastets-primavera01.webp","type":"image\/webp"}],"twitter_card":"summary_large_image","twitter_misc":{"Tiempo de lectura":"1 minuto"},"schema":{"@context":"https:\/\/schema.org","@graph":[{"@type":"WebPage","@id":"https:\/\/www.bouquetdalella.com\/es\/producto\/bocaditos-de-primavera\/","url":"https:\/\/www.bouquetdalella.com\/es\/producto\/bocaditos-de-primavera\/","name":"Bocaditos de primavera - Bouquet d&#039;Alella","isPartOf":{"@id":"https:\/\/www.bouquetdalella.com\/es\/#website"},"primaryImageOfPage":{"@id":"https:\/\/www.bouquetdalella.com\/es\/producto\/bocaditos-de-primavera\/#primaryimage"},"image":{"@id":"https:\/\/www.bouquetdalella.com\/es\/producto\/bocaditos-de-primavera\/#primaryimage"},"thumbnailUrl":"https:\/\/www.bouquetdalella.com\/wp-content\/uploads\/2025\/02\/tastets-primavera01.webp","datePublished":"2025-02-19T15:09:14+00:00","dateModified":"2026-02-25T15:57:53+00:00","description":"Ven a descubrir nuestras propuestas de catas especiales de primavera.","breadcrumb":{"@id":"https:\/\/www.bouquetdalella.com\/es\/producto\/bocaditos-de-primavera\/#breadcrumb"},"inLanguage":"es","potentialAction":[{"@type":"ReadAction","target":["https:\/\/www.bouquetdalella.com\/es\/producto\/bocaditos-de-primavera\/"]}]},{"@type":"ImageObject","inLanguage":"es","@id":"https:\/\/www.bouquetdalella.com\/es\/producto\/bocaditos-de-primavera\/#primaryimage","url":"https:\/\/www.bouquetdalella.com\/wp-content\/uploads\/2025\/02\/tastets-primavera01.webp","contentUrl":"https:\/\/www.bouquetdalella.com\/wp-content\/uploads\/2025\/02\/tastets-primavera01.webp","width":1390,"height":1758},{"@type":"BreadcrumbList","@id":"https:\/\/www.bouquetdalella.com\/es\/producto\/bocaditos-de-primavera\/#breadcrumb","itemListElement":[{"@type":"ListItem","position":1,"name":"Inici","item":"https:\/\/www.bouquetdalella.com\/es\/"},{"@type":"ListItem","position":2,"name":"Tienda","item":"https:\/\/www.bouquetdalella.com\/es\/tienda\/"},{"@type":"ListItem","position":3,"name":"Bocaditos de primavera"}]},{"@type":"WebSite","@id":"https:\/\/www.bouquetdalella.com\/es\/#website","url":"https:\/\/www.bouquetdalella.com\/es\/","name":"Bouquet d&#039;Alella","description":"El Celler Bouquet d\u2019Alella neix amb la clara intenci\u00f3 d\u2019explotar dues vessants diferents per\u00f2 complement\u00e0ries en el mon del vi. Per una banda, la producci\u00f3n i venda de vins ecol\u00f2gics de qualitat i per l\u2019altra la promoci\u00f3 de l\u2019enoturisme.","publisher":{"@id":"https:\/\/www.bouquetdalella.com\/es\/#organization"},"potentialAction":[{"@type":"SearchAction","target":{"@type":"EntryPoint","urlTemplate":"https:\/\/www.bouquetdalella.com\/es\/?s={search_term_string}"},"query-input":{"@type":"PropertyValueSpecification","valueRequired":true,"valueName":"search_term_string"}}],"inLanguage":"es"},{"@type":"Organization","@id":"https:\/\/www.bouquetdalella.com\/es\/#organization","name":"Bouquet d&#039;Alella","url":"https:\/\/www.bouquetdalella.com\/es\/","logo":{"@type":"ImageObject","inLanguage":"es","@id":"https:\/\/www.bouquetdalella.com\/es\/#\/schema\/logo\/image\/","url":"https:\/\/www.bouquetdalella.com\/wp-content\/uploads\/2023\/04\/cropped-cropped-cropped-logo_bouquet_d_alella-2-300x53-1.png","contentUrl":"https:\/\/www.bouquetdalella.com\/wp-content\/uploads\/2023\/04\/cropped-cropped-cropped-logo_bouquet_d_alella-2-300x53-1.png","width":300,"height":52,"caption":"Bouquet d&#039;Alella"},"image":{"@id":"https:\/\/www.bouquetdalella.com\/es\/#\/schema\/logo\/image\/"}}]}},"_links":{"self":[{"href":"https:\/\/www.bouquetdalella.com\/es\/wp-json\/wp\/v2\/product\/29936","targetHints":{"allow":["GET"]}}],"collection":[{"href":"https:\/\/www.bouquetdalella.com\/es\/wp-json\/wp\/v2\/product"}],"about":[{"href":"https:\/\/www.bouquetdalella.com\/es\/wp-json\/wp\/v2\/types\/product"}],"version-history":[{"count":5,"href":"https:\/\/www.bouquetdalella.com\/es\/wp-json\/wp\/v2\/product\/29936\/revisions"}],"predecessor-version":[{"id":36300,"href":"https:\/\/www.bouquetdalella.com\/es\/wp-json\/wp\/v2\/product\/29936\/revisions\/36300"}],"wp:featuredmedia":[{"embeddable":true,"href":"https:\/\/www.bouquetdalella.com\/es\/wp-json\/wp\/v2\/media\/36069"}],"wp:attachment":[{"href":"https:\/\/www.bouquetdalella.com\/es\/wp-json\/wp\/v2\/media?parent=29936"}],"wp:term":[{"taxonomy":"product_brand","embeddable":true,"href":"https:\/\/www.bouquetdalella.com\/es\/wp-json\/wp\/v2\/product_brand?post=29936"},{"taxonomy":"product_cat","embeddable":true,"href":"https:\/\/www.bouquetdalella.com\/es\/wp-json\/wp\/v2\/product_cat?post=29936"},{"taxonomy":"product_tag","embeddable":true,"href":"https:\/\/www.bouquetdalella.com\/es\/wp-json\/wp\/v2\/product_tag?post=29936"}],"curies":[{"name":"wp","href":"https:\/\/api.w.org\/{rel}","templated":true}]}}