{"id":29969,"date":"2025-02-17T11:24:49","date_gmt":"2025-02-17T10:24:49","guid":{"rendered":"https:\/\/www.bouquetdalella.com\/?post_type=product&#038;p=29969"},"modified":"2026-04-02T09:43:55","modified_gmt":"2026-04-02T07:43:55","slug":"desayuno-de-tenedor-actividad-de-poda-en-verde","status":"publish","type":"product","link":"https:\/\/www.bouquetdalella.com\/es\/producto\/desayuno-de-tenedor-actividad-de-poda-en-verde\/","title":{"rendered":"Desayuno de tenedor con taller de poda en verde"},"content":{"rendered":"\t\t<div data-elementor-type=\"product-post\" data-elementor-id=\"29969\" class=\"elementor elementor-29969 elementor-29968\" data-elementor-post-type=\"product\">\n\t\t\t\t\t\t<section class=\"elementor-section elementor-top-section elementor-element elementor-element-25d578a9 elementor-section-boxed elementor-section-height-default elementor-section-height-default\" data-id=\"25d578a9\" data-element_type=\"section\" data-e-type=\"section\">\n\t\t\t\t\t\t<div class=\"elementor-container elementor-column-gap-default\">\n\t\t\t\t\t<div class=\"elementor-column elementor-col-100 elementor-top-column elementor-element elementor-element-432258b\" data-id=\"432258b\" data-element_type=\"column\" data-e-type=\"column\">\n\t\t\t<div class=\"elementor-widget-wrap elementor-element-populated\">\n\t\t\t\t\t\t\t<\/div>\n\t\t<\/div>\n\t\t\t\t\t<\/div>\n\t\t<\/section>\n\t\t\t\t<\/div>\n\t\t","protected":false},"excerpt":{"rendered":"<p>La poda en verde es un momento muy significativo para los viticultores, es cuando nos acercamos m\u00e1s a la vi\u00f1a para controlar el crecimiento de la cepa y la calidad de la uva.<\/p>\n<p><strong><em>\u00bfQu\u00e9 har\u00e1s?<\/em><\/strong><\/p>\n<p>Comenzar\u00e1s el taller con una formaci\u00f3n te\u00f3rica para aprender sobre uno de los trabajos m\u00e1s importantes del a\u00f1o que se hace manualmente y con mucho cuidado.<\/p>\n<p>A continuaci\u00f3n, ir\u00e1s a la vi\u00f1a para aprender c\u00f3mo se eliminan los p\u00e1mpanos. Con la instrucci\u00f3n de nuestros viticultores aplicar\u00e1s lo que has aprendido.<\/p>\n<p>Para acabar, esta actividad se complementa con un desayuno de tenedor maridado con nuestros vinos ecol\u00f3gicos, con vistas al mar y la vi\u00f1a y un entorno \u00fanico.<\/p>\n<p>El desayuno consta de 4 platos y 4 vinos:<\/p>\n<p><strong>Sopa fr\u00eda de fresas del Maresme con flor de hinojo de nuestros campos<\/strong><\/p>\n<p><em>Bouquet d\u2019Alella Pansa Blanca 2024<\/em><\/p>\n<p><strong>\u00a0<\/strong><\/p>\n<p><strong>Creps de brandada sobre pimientos asados y tomate deshidratado<\/strong><\/p>\n<p><em>Bouquet d\u2019Alella Ancestral Matar\u00f3 2025<\/em><\/p>\n<p><strong>\u00a0<\/strong><\/p>\n<p><strong>Frijoles de Santa Pau con butifarra y acelgas<\/strong><\/p>\n<p><em>Bouquet d\u2019Alella Syrah 2023<\/em><\/p>\n<p><strong>\u00a0<\/strong><\/p>\n<p><strong>Parfait de ar\u00e1ndanos, frambuesas y almendras<\/strong><\/p>\n<p><em>Bouquet d\u2019Alella Plaer Escum\u00f3s 2022<\/em><\/p>\n<p>&nbsp;<\/p>\n<p><strong>La actividad incluye:<\/strong><br \/>\n\u2022 Taller de poda en verde<br \/>\n\u2022 Desayuno de horquilla maridado con los vinos de Bouquet d&#8217;Alella<br \/>\n\u2022 Agua, postres y caf\u00e9<br \/>\n\u2022 Visita guiada por las vi\u00f1as y la bodega<\/p>\n<p><strong>Duraci\u00f3n:<\/strong> 3 horas<br \/>\n<strong>Fecha:<\/strong> 3 de mayo de 2026<br \/>\n<strong>Hora de inicio:<\/strong> 10:00 h<br \/>\n<strong>Precio:<\/strong> 65 \u20ac (IVA incluido)<\/p>\n<p>&nbsp;<\/p>\n[fareharbor shortname=\"bouquetdalella\" fallback=\"simple\" full_items=\"yes\" flow=\"1393187\" items=\"631319\" type=\"responsive\" language=\"es\"]\n","protected":false},"featured_media":37133,"template":"","meta":[],"product_brand":[],"product_cat":[144],"product_tag":[388],"class_list":{"0":"post-29969","1":"product","2":"type-product","3":"status-publish","4":"has-post-thumbnail","6":"product_cat-enoturismo","7":"product_tag-fareharbor-es","9":"first","10":"outofstock","11":"virtual","12":"taxable","13":"purchasable","14":"product-type-simple"},"yoast_head":"<!-- This site is optimized with the Yoast SEO plugin v27.3 - https:\/\/yoast.com\/product\/yoast-seo-wordpress\/ -->\n<title>Desayuno de tenedor con taller de poda en verde - Bouquet d&#039;Alella<\/title>\n<meta name=\"robots\" content=\"index, follow, max-snippet:-1, max-image-preview:large, max-video-preview:-1\" \/>\n<link rel=\"canonical\" href=\"https:\/\/www.bouquetdalella.com\/es\/producto\/desayuno-de-tenedor-actividad-de-poda-en-verde\/\" \/>\n<meta property=\"og:locale\" content=\"es_ES\" \/>\n<meta property=\"og:type\" content=\"article\" \/>\n<meta property=\"og:title\" content=\"Desayuno de tenedor con taller de poda en verde - Bouquet d&#039;Alella\" \/>\n<meta property=\"og:description\" content=\"La poda en verde es un momento muy significativo para los viticultores, es cuando nos acercamos m\u00e1s a la vi\u00f1a para controlar el crecimiento de la cepa y la calidad de la uva.  \u00bfQu\u00e9 har\u00e1s?  Comenzar\u00e1s el taller con una formaci\u00f3n te\u00f3rica para aprender sobre uno de los trabajos m\u00e1s importantes del a\u00f1o que se hace manualmente y con mucho cuidado.  A continuaci\u00f3n, ir\u00e1s a la vi\u00f1a para aprender c\u00f3mo se eliminan los p\u00e1mpanos. Con la instrucci\u00f3n de nuestros viticultores aplicar\u00e1s lo que has aprendido.  Para acabar, esta actividad se complementa con un desayuno de tenedor maridado con nuestros vinos ecol\u00f3gicos, con vistas al mar y la vi\u00f1a y un entorno \u00fanico.  El desayuno consta de 4 platos y 4 vinos:  Sopa fr\u00eda de fresas del Maresme con flor de hinojo de nuestros campos  Bouquet d\u2019Alella Pansa Blanca 2024  \u00a0  Creps de brandada sobre pimientos asados y tomate deshidratado  Bouquet d\u2019Alella Ancestral Matar\u00f3 2025  \u00a0  Frijoles de Santa Pau con butifarra y acelgas  Bouquet d\u2019Alella Syrah 2023  \u00a0  Parfait de ar\u00e1ndanos, frambuesas y almendras  Bouquet d\u2019Alella Plaer Escum\u00f3s 2022  &nbsp;  La actividad incluye: \u2022 Taller de poda en verde \u2022 Desayuno de horquilla maridado con los vinos de Bouquet d&#039;Alella \u2022 Agua, postres y caf\u00e9 \u2022 Visita guiada por las vi\u00f1as y la bodega  Duraci\u00f3n: 3 horas Fecha: 3 de mayo de 2026 Hora de inicio: 10:00 h Precio: 65 \u20ac (IVA incluido)  &nbsp;\" \/>\n<meta property=\"og:url\" content=\"https:\/\/www.bouquetdalella.com\/es\/producto\/desayuno-de-tenedor-actividad-de-poda-en-verde\/\" \/>\n<meta property=\"og:site_name\" content=\"Bouquet d&#039;Alella\" \/>\n<meta property=\"article:modified_time\" content=\"2026-04-02T07:43:55+00:00\" \/>\n<meta property=\"og:image\" content=\"https:\/\/www.bouquetdalella.com\/wp-content\/uploads\/2025\/02\/Poda-en-vert-01.webp\" \/>\n\t<meta property=\"og:image:width\" content=\"1200\" \/>\n\t<meta property=\"og:image:height\" content=\"800\" \/>\n\t<meta property=\"og:image:type\" content=\"image\/webp\" \/>\n<meta name=\"twitter:card\" content=\"summary_large_image\" \/>\n<meta name=\"twitter:label1\" content=\"Tiempo de lectura\" \/>\n\t<meta name=\"twitter:data1\" content=\"1 minuto\" \/>\n<script type=\"application\/ld+json\" class=\"yoast-schema-graph\">{\"@context\":\"https:\\\/\\\/schema.org\",\"@graph\":[{\"@type\":\"WebPage\",\"@id\":\"https:\\\/\\\/www.bouquetdalella.com\\\/es\\\/producto\\\/desayuno-de-tenedor-actividad-de-poda-en-verde\\\/\",\"url\":\"https:\\\/\\\/www.bouquetdalella.com\\\/es\\\/producto\\\/desayuno-de-tenedor-actividad-de-poda-en-verde\\\/\",\"name\":\"Desayuno de tenedor con taller de poda en verde - Bouquet d&#039;Alella\",\"isPartOf\":{\"@id\":\"https:\\\/\\\/www.bouquetdalella.com\\\/es\\\/#website\"},\"primaryImageOfPage\":{\"@id\":\"https:\\\/\\\/www.bouquetdalella.com\\\/es\\\/producto\\\/desayuno-de-tenedor-actividad-de-poda-en-verde\\\/#primaryimage\"},\"image\":{\"@id\":\"https:\\\/\\\/www.bouquetdalella.com\\\/es\\\/producto\\\/desayuno-de-tenedor-actividad-de-poda-en-verde\\\/#primaryimage\"},\"thumbnailUrl\":\"https:\\\/\\\/www.bouquetdalella.com\\\/wp-content\\\/uploads\\\/2025\\\/02\\\/Poda-en-vert-01.webp\",\"datePublished\":\"2025-02-17T10:24:49+00:00\",\"dateModified\":\"2026-04-02T07:43:55+00:00\",\"breadcrumb\":{\"@id\":\"https:\\\/\\\/www.bouquetdalella.com\\\/es\\\/producto\\\/desayuno-de-tenedor-actividad-de-poda-en-verde\\\/#breadcrumb\"},\"inLanguage\":\"es\",\"potentialAction\":[{\"@type\":\"ReadAction\",\"target\":[\"https:\\\/\\\/www.bouquetdalella.com\\\/es\\\/producto\\\/desayuno-de-tenedor-actividad-de-poda-en-verde\\\/\"]}]},{\"@type\":\"ImageObject\",\"inLanguage\":\"es\",\"@id\":\"https:\\\/\\\/www.bouquetdalella.com\\\/es\\\/producto\\\/desayuno-de-tenedor-actividad-de-poda-en-verde\\\/#primaryimage\",\"url\":\"https:\\\/\\\/www.bouquetdalella.com\\\/wp-content\\\/uploads\\\/2025\\\/02\\\/Poda-en-vert-01.webp\",\"contentUrl\":\"https:\\\/\\\/www.bouquetdalella.com\\\/wp-content\\\/uploads\\\/2025\\\/02\\\/Poda-en-vert-01.webp\",\"width\":1200,\"height\":800},{\"@type\":\"BreadcrumbList\",\"@id\":\"https:\\\/\\\/www.bouquetdalella.com\\\/es\\\/producto\\\/desayuno-de-tenedor-actividad-de-poda-en-verde\\\/#breadcrumb\",\"itemListElement\":[{\"@type\":\"ListItem\",\"position\":1,\"name\":\"Inici\",\"item\":\"https:\\\/\\\/www.bouquetdalella.com\\\/es\\\/\"},{\"@type\":\"ListItem\",\"position\":2,\"name\":\"Tienda\",\"item\":\"https:\\\/\\\/www.bouquetdalella.com\\\/es\\\/tienda\\\/\"},{\"@type\":\"ListItem\",\"position\":3,\"name\":\"Desayuno de tenedor con taller de poda en verde\"}]},{\"@type\":\"WebSite\",\"@id\":\"https:\\\/\\\/www.bouquetdalella.com\\\/es\\\/#website\",\"url\":\"https:\\\/\\\/www.bouquetdalella.com\\\/es\\\/\",\"name\":\"Bouquet d&#039;Alella\",\"description\":\"El Celler Bouquet d\u2019Alella neix amb la clara intenci\u00f3 d\u2019explotar dues vessants diferents per\u00f2 complement\u00e0ries en el mon del vi. Per una banda, la producci\u00f3n i venda de vins ecol\u00f2gics de qualitat i per l\u2019altra la promoci\u00f3 de l\u2019enoturisme.\",\"publisher\":{\"@id\":\"https:\\\/\\\/www.bouquetdalella.com\\\/es\\\/#organization\"},\"potentialAction\":[{\"@type\":\"SearchAction\",\"target\":{\"@type\":\"EntryPoint\",\"urlTemplate\":\"https:\\\/\\\/www.bouquetdalella.com\\\/es\\\/?s={search_term_string}\"},\"query-input\":{\"@type\":\"PropertyValueSpecification\",\"valueRequired\":true,\"valueName\":\"search_term_string\"}}],\"inLanguage\":\"es\"},{\"@type\":\"Organization\",\"@id\":\"https:\\\/\\\/www.bouquetdalella.com\\\/es\\\/#organization\",\"name\":\"Bouquet d&#039;Alella\",\"url\":\"https:\\\/\\\/www.bouquetdalella.com\\\/es\\\/\",\"logo\":{\"@type\":\"ImageObject\",\"inLanguage\":\"es\",\"@id\":\"https:\\\/\\\/www.bouquetdalella.com\\\/es\\\/#\\\/schema\\\/logo\\\/image\\\/\",\"url\":\"https:\\\/\\\/www.bouquetdalella.com\\\/wp-content\\\/uploads\\\/2023\\\/04\\\/cropped-cropped-cropped-logo_bouquet_d_alella-2-300x53-1.png\",\"contentUrl\":\"https:\\\/\\\/www.bouquetdalella.com\\\/wp-content\\\/uploads\\\/2023\\\/04\\\/cropped-cropped-cropped-logo_bouquet_d_alella-2-300x53-1.png\",\"width\":300,\"height\":52,\"caption\":\"Bouquet d&#039;Alella\"},\"image\":{\"@id\":\"https:\\\/\\\/www.bouquetdalella.com\\\/es\\\/#\\\/schema\\\/logo\\\/image\\\/\"}}]}<\/script>\n<!-- \/ Yoast SEO plugin. -->","yoast_head_json":{"title":"Desayuno de tenedor con taller de poda en verde - Bouquet d&#039;Alella","robots":{"index":"index","follow":"follow","max-snippet":"max-snippet:-1","max-image-preview":"max-image-preview:large","max-video-preview":"max-video-preview:-1"},"canonical":"https:\/\/www.bouquetdalella.com\/es\/producto\/desayuno-de-tenedor-actividad-de-poda-en-verde\/","og_locale":"es_ES","og_type":"article","og_title":"Desayuno de tenedor con taller de poda en verde - Bouquet d&#039;Alella","og_description":"La poda en verde es un momento muy significativo para los viticultores, es cuando nos acercamos m\u00e1s a la vi\u00f1a para controlar el crecimiento de la cepa y la calidad de la uva.  \u00bfQu\u00e9 har\u00e1s?  Comenzar\u00e1s el taller con una formaci\u00f3n te\u00f3rica para aprender sobre uno de los trabajos m\u00e1s importantes del a\u00f1o que se hace manualmente y con mucho cuidado.  A continuaci\u00f3n, ir\u00e1s a la vi\u00f1a para aprender c\u00f3mo se eliminan los p\u00e1mpanos. Con la instrucci\u00f3n de nuestros viticultores aplicar\u00e1s lo que has aprendido.  Para acabar, esta actividad se complementa con un desayuno de tenedor maridado con nuestros vinos ecol\u00f3gicos, con vistas al mar y la vi\u00f1a y un entorno \u00fanico.  El desayuno consta de 4 platos y 4 vinos:  Sopa fr\u00eda de fresas del Maresme con flor de hinojo de nuestros campos  Bouquet d\u2019Alella Pansa Blanca 2024  \u00a0  Creps de brandada sobre pimientos asados y tomate deshidratado  Bouquet d\u2019Alella Ancestral Matar\u00f3 2025  \u00a0  Frijoles de Santa Pau con butifarra y acelgas  Bouquet d\u2019Alella Syrah 2023  \u00a0  Parfait de ar\u00e1ndanos, frambuesas y almendras  Bouquet d\u2019Alella Plaer Escum\u00f3s 2022  &nbsp;  La actividad incluye: \u2022 Taller de poda en verde \u2022 Desayuno de horquilla maridado con los vinos de Bouquet d'Alella \u2022 Agua, postres y caf\u00e9 \u2022 Visita guiada por las vi\u00f1as y la bodega  Duraci\u00f3n: 3 horas Fecha: 3 de mayo de 2026 Hora de inicio: 10:00 h Precio: 65 \u20ac (IVA incluido)  &nbsp;","og_url":"https:\/\/www.bouquetdalella.com\/es\/producto\/desayuno-de-tenedor-actividad-de-poda-en-verde\/","og_site_name":"Bouquet d&#039;Alella","article_modified_time":"2026-04-02T07:43:55+00:00","og_image":[{"width":1200,"height":800,"url":"https:\/\/www.bouquetdalella.com\/wp-content\/uploads\/2025\/02\/Poda-en-vert-01.webp","type":"image\/webp"}],"twitter_card":"summary_large_image","twitter_misc":{"Tiempo de lectura":"1 minuto"},"schema":{"@context":"https:\/\/schema.org","@graph":[{"@type":"WebPage","@id":"https:\/\/www.bouquetdalella.com\/es\/producto\/desayuno-de-tenedor-actividad-de-poda-en-verde\/","url":"https:\/\/www.bouquetdalella.com\/es\/producto\/desayuno-de-tenedor-actividad-de-poda-en-verde\/","name":"Desayuno de tenedor con taller de poda en verde - Bouquet d&#039;Alella","isPartOf":{"@id":"https:\/\/www.bouquetdalella.com\/es\/#website"},"primaryImageOfPage":{"@id":"https:\/\/www.bouquetdalella.com\/es\/producto\/desayuno-de-tenedor-actividad-de-poda-en-verde\/#primaryimage"},"image":{"@id":"https:\/\/www.bouquetdalella.com\/es\/producto\/desayuno-de-tenedor-actividad-de-poda-en-verde\/#primaryimage"},"thumbnailUrl":"https:\/\/www.bouquetdalella.com\/wp-content\/uploads\/2025\/02\/Poda-en-vert-01.webp","datePublished":"2025-02-17T10:24:49+00:00","dateModified":"2026-04-02T07:43:55+00:00","breadcrumb":{"@id":"https:\/\/www.bouquetdalella.com\/es\/producto\/desayuno-de-tenedor-actividad-de-poda-en-verde\/#breadcrumb"},"inLanguage":"es","potentialAction":[{"@type":"ReadAction","target":["https:\/\/www.bouquetdalella.com\/es\/producto\/desayuno-de-tenedor-actividad-de-poda-en-verde\/"]}]},{"@type":"ImageObject","inLanguage":"es","@id":"https:\/\/www.bouquetdalella.com\/es\/producto\/desayuno-de-tenedor-actividad-de-poda-en-verde\/#primaryimage","url":"https:\/\/www.bouquetdalella.com\/wp-content\/uploads\/2025\/02\/Poda-en-vert-01.webp","contentUrl":"https:\/\/www.bouquetdalella.com\/wp-content\/uploads\/2025\/02\/Poda-en-vert-01.webp","width":1200,"height":800},{"@type":"BreadcrumbList","@id":"https:\/\/www.bouquetdalella.com\/es\/producto\/desayuno-de-tenedor-actividad-de-poda-en-verde\/#breadcrumb","itemListElement":[{"@type":"ListItem","position":1,"name":"Inici","item":"https:\/\/www.bouquetdalella.com\/es\/"},{"@type":"ListItem","position":2,"name":"Tienda","item":"https:\/\/www.bouquetdalella.com\/es\/tienda\/"},{"@type":"ListItem","position":3,"name":"Desayuno de tenedor con taller de poda en verde"}]},{"@type":"WebSite","@id":"https:\/\/www.bouquetdalella.com\/es\/#website","url":"https:\/\/www.bouquetdalella.com\/es\/","name":"Bouquet d&#039;Alella","description":"El Celler Bouquet d\u2019Alella neix amb la clara intenci\u00f3 d\u2019explotar dues vessants diferents per\u00f2 complement\u00e0ries en el mon del vi. Per una banda, la producci\u00f3n i venda de vins ecol\u00f2gics de qualitat i per l\u2019altra la promoci\u00f3 de l\u2019enoturisme.","publisher":{"@id":"https:\/\/www.bouquetdalella.com\/es\/#organization"},"potentialAction":[{"@type":"SearchAction","target":{"@type":"EntryPoint","urlTemplate":"https:\/\/www.bouquetdalella.com\/es\/?s={search_term_string}"},"query-input":{"@type":"PropertyValueSpecification","valueRequired":true,"valueName":"search_term_string"}}],"inLanguage":"es"},{"@type":"Organization","@id":"https:\/\/www.bouquetdalella.com\/es\/#organization","name":"Bouquet d&#039;Alella","url":"https:\/\/www.bouquetdalella.com\/es\/","logo":{"@type":"ImageObject","inLanguage":"es","@id":"https:\/\/www.bouquetdalella.com\/es\/#\/schema\/logo\/image\/","url":"https:\/\/www.bouquetdalella.com\/wp-content\/uploads\/2023\/04\/cropped-cropped-cropped-logo_bouquet_d_alella-2-300x53-1.png","contentUrl":"https:\/\/www.bouquetdalella.com\/wp-content\/uploads\/2023\/04\/cropped-cropped-cropped-logo_bouquet_d_alella-2-300x53-1.png","width":300,"height":52,"caption":"Bouquet d&#039;Alella"},"image":{"@id":"https:\/\/www.bouquetdalella.com\/es\/#\/schema\/logo\/image\/"}}]}},"_links":{"self":[{"href":"https:\/\/www.bouquetdalella.com\/es\/wp-json\/wp\/v2\/product\/29969","targetHints":{"allow":["GET"]}}],"collection":[{"href":"https:\/\/www.bouquetdalella.com\/es\/wp-json\/wp\/v2\/product"}],"about":[{"href":"https:\/\/www.bouquetdalella.com\/es\/wp-json\/wp\/v2\/types\/product"}],"version-history":[{"count":2,"href":"https:\/\/www.bouquetdalella.com\/es\/wp-json\/wp\/v2\/product\/29969\/revisions"}],"predecessor-version":[{"id":37140,"href":"https:\/\/www.bouquetdalella.com\/es\/wp-json\/wp\/v2\/product\/29969\/revisions\/37140"}],"wp:featuredmedia":[{"embeddable":true,"href":"https:\/\/www.bouquetdalella.com\/es\/wp-json\/wp\/v2\/media\/37133"}],"wp:attachment":[{"href":"https:\/\/www.bouquetdalella.com\/es\/wp-json\/wp\/v2\/media?parent=29969"}],"wp:term":[{"taxonomy":"product_brand","embeddable":true,"href":"https:\/\/www.bouquetdalella.com\/es\/wp-json\/wp\/v2\/product_brand?post=29969"},{"taxonomy":"product_cat","embeddable":true,"href":"https:\/\/www.bouquetdalella.com\/es\/wp-json\/wp\/v2\/product_cat?post=29969"},{"taxonomy":"product_tag","embeddable":true,"href":"https:\/\/www.bouquetdalella.com\/es\/wp-json\/wp\/v2\/product_tag?post=29969"}],"curies":[{"name":"wp","href":"https:\/\/api.w.org\/{rel}","templated":true}]}}