{"id":34437,"date":"2025-11-03T08:37:18","date_gmt":"2025-11-03T07:37:18","guid":{"rendered":"https:\/\/www.bouquetdalella.com\/?post_type=product&#038;p=34437"},"modified":"2026-02-25T16:56:56","modified_gmt":"2026-02-25T15:56:56","slug":"talleres-de-cocina-de-temporada-con-chef-privado","status":"publish","type":"product","link":"https:\/\/www.bouquetdalella.com\/es\/producto\/talleres-de-cocina-de-temporada-con-chef-privado\/","title":{"rendered":"Talleres de Cocina de Temporada con Chef Privado"},"content":{"rendered":"\t\t<div data-elementor-type=\"product-post\" data-elementor-id=\"34437\" class=\"elementor elementor-34437 elementor-34435\" data-elementor-post-type=\"product\">\n\t\t\t\t\t\t<section class=\"elementor-section elementor-top-section elementor-element elementor-element-70025297 elementor-section-boxed elementor-section-height-default elementor-section-height-default\" data-id=\"70025297\" data-element_type=\"section\" data-e-type=\"section\">\n\t\t\t\t\t\t<div class=\"elementor-container elementor-column-gap-default\">\n\t\t\t\t\t<div class=\"elementor-column elementor-col-100 elementor-top-column elementor-element elementor-element-1d956c3d\" data-id=\"1d956c3d\" data-element_type=\"column\" data-e-type=\"column\">\n\t\t\t<div class=\"elementor-widget-wrap elementor-element-populated\">\n\t\t\t\t\t\t\t<\/div>\n\t\t<\/div>\n\t\t\t\t\t<\/div>\n\t\t<\/section>\n\t\t\t\t<\/div>\n\t\t","protected":false},"excerpt":{"rendered":"<p>Ven a disfrutar de nuestros vinos y de un delicioso plan entre amigos. De la mano de nuestra chef, participa en un taller de cocina de temporada (diversas opciones y men\u00fas disponibles*), y despu\u00e9s degusta los platos que has preparado maridados con nuestros vinos.<\/p>\n<p>La actividad es completamente interactiva. Al inicio, los participantes ser\u00e1n recibidos con una copa de vino y unos aperitivos, mientras reciben la explicaci\u00f3n de los ingredientes y sus caracter\u00edsticas, as\u00ed como los detalles de la elaboraci\u00f3n de cada plato. Todos los ingredientes estar\u00e1n listos para la <em>mise en place<\/em> y para empezar a cocinar bajo las instrucciones de nuestra chef.<\/p>\n<p>Al finalizar, comeremos todos juntos mientras disfrutamos de los vinos de Bouquet d\u2019Alella.<\/p>\n<p>&nbsp;<\/p>\n<p><strong>*Opciones de talleres disponibles:<\/strong><\/p>\n<ul>\n<li>Taller de Cocina Navide\u00f1a<\/li>\n<li>Taller de Aperitivos<\/li>\n<li>Taller de Cocina Vegetariana<\/li>\n<li>Taller de Cocina de Setas<\/li>\n<li>Taller de Cocina de Legumbres<\/li>\n<li>Taller de Cocina de Panes<\/li>\n<\/ul>\n<p>\u00a1Tambi\u00e9n podemos dise\u00f1ar tu taller a medida!<\/p>\n<p><strong>Incluye:<\/strong><br \/>\n\u2022 Degustaci\u00f3n de 2 vinos (durante el taller y la comida).<br \/>\n\u2022 Taller 100% interactivo de cocina de temporada seg\u00fan el men\u00fa elegido.<\/p>\n<p>&nbsp;<\/p>\n<p><strong>Duraci\u00f3n:<\/strong> 2h30min<\/p>\n<p><strong>Precio:<\/strong> 97 EUR (IVA Incluido) + Tasas de Gesti\u00f3n<\/p>\n<p><strong>Grupo m\u00ednimo:<\/strong> 10 personas<\/p>\n<p>Reservas disponibles solo por tel\u00e9fono o correo electr\u00f3nico.<\/p>\n<p>&nbsp;<br \/>\n[fareharbor shortname=\"bouquetdalella\" fallback=\"simple\" full_items=\"yes\" flow=\"1393187\" items=\"669914\" type=\"responsive\" language=\"es\"]<\/p>\n","protected":false},"featured_media":34450,"template":"","meta":[],"product_brand":[],"product_cat":[144],"product_tag":[388],"class_list":{"0":"post-34437","1":"product","2":"type-product","3":"status-publish","4":"has-post-thumbnail","6":"product_cat-enoturismo","7":"product_tag-fareharbor-es","9":"first","10":"outofstock","11":"featured","12":"virtual","13":"taxable","14":"purchasable","15":"product-type-simple"},"yoast_head":"<!-- This site is optimized with the Yoast SEO plugin v27.3 - https:\/\/yoast.com\/product\/yoast-seo-wordpress\/ -->\n<title>Talleres de Cocina de Temporada con Chef Privado - Bouquet d&#039;Alella<\/title>\n<meta name=\"description\" content=\"Vine a descobrir com preparar c\u00f2ctels \u00fanics amb els vins de la DO Alella en un taller pr\u00e0ctic i molt gust\u00f3s. Aprendr\u00e0s a combinar els sabors naturals dels nostres vins per crear begudes originals que t\u2019encantaran.\" \/>\n<meta name=\"robots\" content=\"index, follow, max-snippet:-1, max-image-preview:large, max-video-preview:-1\" \/>\n<link rel=\"canonical\" href=\"https:\/\/www.bouquetdalella.com\/es\/producto\/talleres-de-cocina-de-temporada-con-chef-privado\/\" \/>\n<meta property=\"og:locale\" content=\"es_ES\" \/>\n<meta property=\"og:type\" content=\"article\" \/>\n<meta property=\"og:title\" content=\"Talleres de Cocina de Temporada con Chef Privado - Bouquet d&#039;Alella\" \/>\n<meta property=\"og:description\" content=\"Vine a descobrir com preparar c\u00f2ctels \u00fanics amb els vins de la DO Alella en un taller pr\u00e0ctic i molt gust\u00f3s. Aprendr\u00e0s a combinar els sabors naturals dels nostres vins per crear begudes originals que t\u2019encantaran.\" \/>\n<meta property=\"og:url\" content=\"https:\/\/www.bouquetdalella.com\/es\/producto\/talleres-de-cocina-de-temporada-con-chef-privado\/\" \/>\n<meta property=\"og:site_name\" content=\"Bouquet d&#039;Alella\" \/>\n<meta property=\"article:modified_time\" content=\"2026-02-25T15:56:56+00:00\" \/>\n<meta property=\"og:image\" content=\"https:\/\/www.bouquetdalella.com\/wp-content\/uploads\/2025\/11\/foto-trabajando.webp\" \/>\n\t<meta property=\"og:image:width\" content=\"1000\" \/>\n\t<meta property=\"og:image:height\" content=\"667\" \/>\n\t<meta property=\"og:image:type\" content=\"image\/webp\" \/>\n<meta name=\"twitter:card\" content=\"summary_large_image\" \/>\n<meta name=\"twitter:label1\" content=\"Tiempo de lectura\" \/>\n\t<meta name=\"twitter:data1\" content=\"1 minuto\" \/>\n<script type=\"application\/ld+json\" class=\"yoast-schema-graph\">{\"@context\":\"https:\\\/\\\/schema.org\",\"@graph\":[{\"@type\":\"WebPage\",\"@id\":\"https:\\\/\\\/www.bouquetdalella.com\\\/es\\\/producto\\\/talleres-de-cocina-de-temporada-con-chef-privado\\\/\",\"url\":\"https:\\\/\\\/www.bouquetdalella.com\\\/es\\\/producto\\\/talleres-de-cocina-de-temporada-con-chef-privado\\\/\",\"name\":\"Talleres de Cocina de Temporada con Chef Privado - Bouquet d&#039;Alella\",\"isPartOf\":{\"@id\":\"https:\\\/\\\/www.bouquetdalella.com\\\/es\\\/#website\"},\"primaryImageOfPage\":{\"@id\":\"https:\\\/\\\/www.bouquetdalella.com\\\/es\\\/producto\\\/talleres-de-cocina-de-temporada-con-chef-privado\\\/#primaryimage\"},\"image\":{\"@id\":\"https:\\\/\\\/www.bouquetdalella.com\\\/es\\\/producto\\\/talleres-de-cocina-de-temporada-con-chef-privado\\\/#primaryimage\"},\"thumbnailUrl\":\"https:\\\/\\\/www.bouquetdalella.com\\\/wp-content\\\/uploads\\\/2025\\\/11\\\/foto-trabajando.webp\",\"datePublished\":\"2025-11-03T07:37:18+00:00\",\"dateModified\":\"2026-02-25T15:56:56+00:00\",\"description\":\"Vine a descobrir com preparar c\u00f2ctels \u00fanics amb els vins de la DO Alella en un taller pr\u00e0ctic i molt gust\u00f3s. Aprendr\u00e0s a combinar els sabors naturals dels nostres vins per crear begudes originals que t\u2019encantaran.\",\"breadcrumb\":{\"@id\":\"https:\\\/\\\/www.bouquetdalella.com\\\/es\\\/producto\\\/talleres-de-cocina-de-temporada-con-chef-privado\\\/#breadcrumb\"},\"inLanguage\":\"es\",\"potentialAction\":[{\"@type\":\"ReadAction\",\"target\":[\"https:\\\/\\\/www.bouquetdalella.com\\\/es\\\/producto\\\/talleres-de-cocina-de-temporada-con-chef-privado\\\/\"]}]},{\"@type\":\"ImageObject\",\"inLanguage\":\"es\",\"@id\":\"https:\\\/\\\/www.bouquetdalella.com\\\/es\\\/producto\\\/talleres-de-cocina-de-temporada-con-chef-privado\\\/#primaryimage\",\"url\":\"https:\\\/\\\/www.bouquetdalella.com\\\/wp-content\\\/uploads\\\/2025\\\/11\\\/foto-trabajando.webp\",\"contentUrl\":\"https:\\\/\\\/www.bouquetdalella.com\\\/wp-content\\\/uploads\\\/2025\\\/11\\\/foto-trabajando.webp\",\"width\":1000,\"height\":667},{\"@type\":\"BreadcrumbList\",\"@id\":\"https:\\\/\\\/www.bouquetdalella.com\\\/es\\\/producto\\\/talleres-de-cocina-de-temporada-con-chef-privado\\\/#breadcrumb\",\"itemListElement\":[{\"@type\":\"ListItem\",\"position\":1,\"name\":\"Inici\",\"item\":\"https:\\\/\\\/www.bouquetdalella.com\\\/es\\\/\"},{\"@type\":\"ListItem\",\"position\":2,\"name\":\"Tienda\",\"item\":\"https:\\\/\\\/www.bouquetdalella.com\\\/es\\\/tienda\\\/\"},{\"@type\":\"ListItem\",\"position\":3,\"name\":\"Talleres de Cocina de Temporada con Chef Privado\"}]},{\"@type\":\"WebSite\",\"@id\":\"https:\\\/\\\/www.bouquetdalella.com\\\/es\\\/#website\",\"url\":\"https:\\\/\\\/www.bouquetdalella.com\\\/es\\\/\",\"name\":\"Bouquet d&#039;Alella\",\"description\":\"El Celler Bouquet d\u2019Alella neix amb la clara intenci\u00f3 d\u2019explotar dues vessants diferents per\u00f2 complement\u00e0ries en el mon del vi. Per una banda, la producci\u00f3n i venda de vins ecol\u00f2gics de qualitat i per l\u2019altra la promoci\u00f3 de l\u2019enoturisme.\",\"publisher\":{\"@id\":\"https:\\\/\\\/www.bouquetdalella.com\\\/es\\\/#organization\"},\"potentialAction\":[{\"@type\":\"SearchAction\",\"target\":{\"@type\":\"EntryPoint\",\"urlTemplate\":\"https:\\\/\\\/www.bouquetdalella.com\\\/es\\\/?s={search_term_string}\"},\"query-input\":{\"@type\":\"PropertyValueSpecification\",\"valueRequired\":true,\"valueName\":\"search_term_string\"}}],\"inLanguage\":\"es\"},{\"@type\":\"Organization\",\"@id\":\"https:\\\/\\\/www.bouquetdalella.com\\\/es\\\/#organization\",\"name\":\"Bouquet d&#039;Alella\",\"url\":\"https:\\\/\\\/www.bouquetdalella.com\\\/es\\\/\",\"logo\":{\"@type\":\"ImageObject\",\"inLanguage\":\"es\",\"@id\":\"https:\\\/\\\/www.bouquetdalella.com\\\/es\\\/#\\\/schema\\\/logo\\\/image\\\/\",\"url\":\"https:\\\/\\\/www.bouquetdalella.com\\\/wp-content\\\/uploads\\\/2023\\\/04\\\/cropped-cropped-cropped-logo_bouquet_d_alella-2-300x53-1.png\",\"contentUrl\":\"https:\\\/\\\/www.bouquetdalella.com\\\/wp-content\\\/uploads\\\/2023\\\/04\\\/cropped-cropped-cropped-logo_bouquet_d_alella-2-300x53-1.png\",\"width\":300,\"height\":52,\"caption\":\"Bouquet d&#039;Alella\"},\"image\":{\"@id\":\"https:\\\/\\\/www.bouquetdalella.com\\\/es\\\/#\\\/schema\\\/logo\\\/image\\\/\"}}]}<\/script>\n<!-- \/ Yoast SEO plugin. -->","yoast_head_json":{"title":"Talleres de Cocina de Temporada con Chef Privado - Bouquet d&#039;Alella","description":"Vine a descobrir com preparar c\u00f2ctels \u00fanics amb els vins de la DO Alella en un taller pr\u00e0ctic i molt gust\u00f3s. Aprendr\u00e0s a combinar els sabors naturals dels nostres vins per crear begudes originals que t\u2019encantaran.","robots":{"index":"index","follow":"follow","max-snippet":"max-snippet:-1","max-image-preview":"max-image-preview:large","max-video-preview":"max-video-preview:-1"},"canonical":"https:\/\/www.bouquetdalella.com\/es\/producto\/talleres-de-cocina-de-temporada-con-chef-privado\/","og_locale":"es_ES","og_type":"article","og_title":"Talleres de Cocina de Temporada con Chef Privado - Bouquet d&#039;Alella","og_description":"Vine a descobrir com preparar c\u00f2ctels \u00fanics amb els vins de la DO Alella en un taller pr\u00e0ctic i molt gust\u00f3s. Aprendr\u00e0s a combinar els sabors naturals dels nostres vins per crear begudes originals que t\u2019encantaran.","og_url":"https:\/\/www.bouquetdalella.com\/es\/producto\/talleres-de-cocina-de-temporada-con-chef-privado\/","og_site_name":"Bouquet d&#039;Alella","article_modified_time":"2026-02-25T15:56:56+00:00","og_image":[{"width":1000,"height":667,"url":"https:\/\/www.bouquetdalella.com\/wp-content\/uploads\/2025\/11\/foto-trabajando.webp","type":"image\/webp"}],"twitter_card":"summary_large_image","twitter_misc":{"Tiempo de lectura":"1 minuto"},"schema":{"@context":"https:\/\/schema.org","@graph":[{"@type":"WebPage","@id":"https:\/\/www.bouquetdalella.com\/es\/producto\/talleres-de-cocina-de-temporada-con-chef-privado\/","url":"https:\/\/www.bouquetdalella.com\/es\/producto\/talleres-de-cocina-de-temporada-con-chef-privado\/","name":"Talleres de Cocina de Temporada con Chef Privado - Bouquet d&#039;Alella","isPartOf":{"@id":"https:\/\/www.bouquetdalella.com\/es\/#website"},"primaryImageOfPage":{"@id":"https:\/\/www.bouquetdalella.com\/es\/producto\/talleres-de-cocina-de-temporada-con-chef-privado\/#primaryimage"},"image":{"@id":"https:\/\/www.bouquetdalella.com\/es\/producto\/talleres-de-cocina-de-temporada-con-chef-privado\/#primaryimage"},"thumbnailUrl":"https:\/\/www.bouquetdalella.com\/wp-content\/uploads\/2025\/11\/foto-trabajando.webp","datePublished":"2025-11-03T07:37:18+00:00","dateModified":"2026-02-25T15:56:56+00:00","description":"Vine a descobrir com preparar c\u00f2ctels \u00fanics amb els vins de la DO Alella en un taller pr\u00e0ctic i molt gust\u00f3s. Aprendr\u00e0s a combinar els sabors naturals dels nostres vins per crear begudes originals que t\u2019encantaran.","breadcrumb":{"@id":"https:\/\/www.bouquetdalella.com\/es\/producto\/talleres-de-cocina-de-temporada-con-chef-privado\/#breadcrumb"},"inLanguage":"es","potentialAction":[{"@type":"ReadAction","target":["https:\/\/www.bouquetdalella.com\/es\/producto\/talleres-de-cocina-de-temporada-con-chef-privado\/"]}]},{"@type":"ImageObject","inLanguage":"es","@id":"https:\/\/www.bouquetdalella.com\/es\/producto\/talleres-de-cocina-de-temporada-con-chef-privado\/#primaryimage","url":"https:\/\/www.bouquetdalella.com\/wp-content\/uploads\/2025\/11\/foto-trabajando.webp","contentUrl":"https:\/\/www.bouquetdalella.com\/wp-content\/uploads\/2025\/11\/foto-trabajando.webp","width":1000,"height":667},{"@type":"BreadcrumbList","@id":"https:\/\/www.bouquetdalella.com\/es\/producto\/talleres-de-cocina-de-temporada-con-chef-privado\/#breadcrumb","itemListElement":[{"@type":"ListItem","position":1,"name":"Inici","item":"https:\/\/www.bouquetdalella.com\/es\/"},{"@type":"ListItem","position":2,"name":"Tienda","item":"https:\/\/www.bouquetdalella.com\/es\/tienda\/"},{"@type":"ListItem","position":3,"name":"Talleres de Cocina de Temporada con Chef Privado"}]},{"@type":"WebSite","@id":"https:\/\/www.bouquetdalella.com\/es\/#website","url":"https:\/\/www.bouquetdalella.com\/es\/","name":"Bouquet d&#039;Alella","description":"El Celler Bouquet d\u2019Alella neix amb la clara intenci\u00f3 d\u2019explotar dues vessants diferents per\u00f2 complement\u00e0ries en el mon del vi. Per una banda, la producci\u00f3n i venda de vins ecol\u00f2gics de qualitat i per l\u2019altra la promoci\u00f3 de l\u2019enoturisme.","publisher":{"@id":"https:\/\/www.bouquetdalella.com\/es\/#organization"},"potentialAction":[{"@type":"SearchAction","target":{"@type":"EntryPoint","urlTemplate":"https:\/\/www.bouquetdalella.com\/es\/?s={search_term_string}"},"query-input":{"@type":"PropertyValueSpecification","valueRequired":true,"valueName":"search_term_string"}}],"inLanguage":"es"},{"@type":"Organization","@id":"https:\/\/www.bouquetdalella.com\/es\/#organization","name":"Bouquet d&#039;Alella","url":"https:\/\/www.bouquetdalella.com\/es\/","logo":{"@type":"ImageObject","inLanguage":"es","@id":"https:\/\/www.bouquetdalella.com\/es\/#\/schema\/logo\/image\/","url":"https:\/\/www.bouquetdalella.com\/wp-content\/uploads\/2023\/04\/cropped-cropped-cropped-logo_bouquet_d_alella-2-300x53-1.png","contentUrl":"https:\/\/www.bouquetdalella.com\/wp-content\/uploads\/2023\/04\/cropped-cropped-cropped-logo_bouquet_d_alella-2-300x53-1.png","width":300,"height":52,"caption":"Bouquet d&#039;Alella"},"image":{"@id":"https:\/\/www.bouquetdalella.com\/es\/#\/schema\/logo\/image\/"}}]}},"_links":{"self":[{"href":"https:\/\/www.bouquetdalella.com\/es\/wp-json\/wp\/v2\/product\/34437","targetHints":{"allow":["GET"]}}],"collection":[{"href":"https:\/\/www.bouquetdalella.com\/es\/wp-json\/wp\/v2\/product"}],"about":[{"href":"https:\/\/www.bouquetdalella.com\/es\/wp-json\/wp\/v2\/types\/product"}],"version-history":[{"count":2,"href":"https:\/\/www.bouquetdalella.com\/es\/wp-json\/wp\/v2\/product\/34437\/revisions"}],"predecessor-version":[{"id":36299,"href":"https:\/\/www.bouquetdalella.com\/es\/wp-json\/wp\/v2\/product\/34437\/revisions\/36299"}],"wp:featuredmedia":[{"embeddable":true,"href":"https:\/\/www.bouquetdalella.com\/es\/wp-json\/wp\/v2\/media\/34450"}],"wp:attachment":[{"href":"https:\/\/www.bouquetdalella.com\/es\/wp-json\/wp\/v2\/media?parent=34437"}],"wp:term":[{"taxonomy":"product_brand","embeddable":true,"href":"https:\/\/www.bouquetdalella.com\/es\/wp-json\/wp\/v2\/product_brand?post=34437"},{"taxonomy":"product_cat","embeddable":true,"href":"https:\/\/www.bouquetdalella.com\/es\/wp-json\/wp\/v2\/product_cat?post=34437"},{"taxonomy":"product_tag","embeddable":true,"href":"https:\/\/www.bouquetdalella.com\/es\/wp-json\/wp\/v2\/product_tag?post=34437"}],"curies":[{"name":"wp","href":"https:\/\/api.w.org\/{rel}","templated":true}]}}