{"id":37439,"date":"2026-05-11T10:24:53","date_gmt":"2026-05-11T08:24:53","guid":{"rendered":"https:\/\/www.bouquetdalella.com\/?post_type=product&#038;p=37439"},"modified":"2026-05-11T15:51:20","modified_gmt":"2026-05-11T13:51:20","slug":"vibra-tardeo-entre-vinedos","status":"publish","type":"product","link":"https:\/\/www.bouquetdalella.com\/es\/producto\/vibra-tardeo-entre-vinedos\/","title":{"rendered":"VIBRA \u2013 Tardeo entre vi\u00f1edos"},"content":{"rendered":"\t\t<div data-elementor-type=\"product-post\" data-elementor-id=\"37439\" class=\"elementor elementor-37439 elementor-37437\" data-elementor-post-type=\"product\">\n\t\t\t\t\t\t<section class=\"elementor-section elementor-top-section elementor-element elementor-element-70025297 elementor-section-boxed elementor-section-height-default elementor-section-height-default\" data-id=\"70025297\" data-element_type=\"section\" data-e-type=\"section\">\n\t\t\t\t\t\t<div class=\"elementor-container elementor-column-gap-default\">\n\t\t\t\t\t<div class=\"elementor-column elementor-col-100 elementor-top-column elementor-element elementor-element-1d956c3d\" data-id=\"1d956c3d\" data-element_type=\"column\" data-e-type=\"column\">\n\t\t\t<div class=\"elementor-widget-wrap elementor-element-populated\">\n\t\t\t\t\t\t\t<\/div>\n\t\t<\/div>\n\t\t\t\t\t<\/div>\n\t\t<\/section>\n\t\t\t\t<\/div>\n\t\t","protected":false},"excerpt":{"rendered":"<p>Este verano, Bouquet d\u2019Alella presenta VIBRA, una nueva propuesta de tardeo entre vi\u00f1edos para disfrutar de las tardes de verano en un entorno \u00fanico.<\/p>\n<p>Un espacio pensado para desconectar, compartir un rato con los tuyos y vivir una experiencia diferente, rodeados de vi\u00f1edos, vino, m\u00fasica y buen ambiente.<\/p>\n<p>Cada tardeo contar\u00e1 con m\u00fasica en directo con DJ, una propuesta gastron\u00f3mica informal para cenar o picar algo, y una selecci\u00f3n de vinos y c\u00f3cteles de vino de la bodega para disfrutar de la puesta de sol entre vi\u00f1edos.<\/p>\n<p>VIBRA nace con la idea de crear un ambiente cuidado, cercano y con personalidad propia, donde la m\u00fasica, el vino y el entorno se convierten en el centro de la experiencia.<\/p>\n<p>Una forma diferente de vivir el verano en Bouquet d\u2019Alella. Vino, m\u00fasica y atardeceres entre vi\u00f1edos.<\/p>\n<p><strong>Precio Acceso VIBRA:<\/strong> 15 \u20ac<br \/>\n<strong>Ubicaci\u00f3n:<\/strong> Celler Bouquet d\u2019Alella<br \/>\n<strong>Fechas:<\/strong> 4, 10, 11, 17, 18 , 24, 25 y 31 julio 2026.\u00a0 1 de agosto 2026.<br \/>\n<strong>Horario:<\/strong> de 18:30 a 22:30 h<\/p>\n<p><strong>La entrada incluye:<\/strong><\/p>\n<ul>\n<li>Acceso al espacio VIBRA<\/li>\n<li>1 consumici\u00f3n incluida<\/li>\n<li>M\u00fasica en directo con DJ<\/li>\n<li>Acceso a la zona gastron\u00f3mica<\/li>\n<\/ul>\n<p>&nbsp;<\/p>\n[fareharbor shortname=\"bouquetdalella\" fallback=\"simple\" full_items=\"yes\" flow=\"1393187\" items=\"728154\" type=\"responsive\" language=\"es\"]\n","protected":false},"featured_media":37442,"template":"","meta":[],"product_brand":[],"product_cat":[144],"product_tag":[388],"class_list":{"0":"post-37439","1":"product","2":"type-product","3":"status-publish","4":"has-post-thumbnail","6":"product_cat-enoturismo","7":"product_tag-fareharbor-es","9":"first","10":"outofstock","11":"featured","12":"virtual","13":"taxable","14":"purchasable","15":"product-type-simple"},"yoast_head":"<!-- This site is optimized with the Yoast SEO plugin v27.6 - https:\/\/yoast.com\/product\/yoast-seo-wordpress\/ -->\n<title>VIBRA \u2013 Tardeo entre vi\u00f1edos - Bouquet d&#039;Alella<\/title>\n<meta name=\"description\" content=\"Este verano, Bouquet d\u2019Alella presenta VIBRA, una nueva propuesta de tardeo entre vi\u00f1edos para disfrutar de las tardes de verano en un entorno \u00fanico.\" \/>\n<meta name=\"robots\" content=\"index, follow, max-snippet:-1, max-image-preview:large, max-video-preview:-1\" \/>\n<link rel=\"canonical\" href=\"https:\/\/www.bouquetdalella.com\/es\/producto\/vibra-tardeo-entre-vinedos\/\" \/>\n<meta property=\"og:locale\" content=\"es_ES\" \/>\n<meta property=\"og:type\" content=\"article\" \/>\n<meta property=\"og:title\" content=\"VIBRA \u2013 Tardeo entre vi\u00f1edos - Bouquet d&#039;Alella\" \/>\n<meta property=\"og:description\" content=\"Este verano, Bouquet d\u2019Alella presenta VIBRA, una nueva propuesta de tardeo entre vi\u00f1edos para disfrutar de las tardes de verano en un entorno \u00fanico.\" \/>\n<meta property=\"og:url\" content=\"https:\/\/www.bouquetdalella.com\/es\/producto\/vibra-tardeo-entre-vinedos\/\" \/>\n<meta property=\"og:site_name\" content=\"Bouquet d&#039;Alella\" \/>\n<meta property=\"article:modified_time\" content=\"2026-05-11T13:51:20+00:00\" \/>\n<meta property=\"og:image\" content=\"https:\/\/www.bouquetdalella.com\/wp-content\/uploads\/2026\/05\/PRINCIPAL.webp\" \/>\n\t<meta property=\"og:image:width\" content=\"1376\" \/>\n\t<meta property=\"og:image:height\" content=\"768\" \/>\n\t<meta property=\"og:image:type\" content=\"image\/webp\" \/>\n<meta name=\"twitter:card\" content=\"summary_large_image\" \/>\n<meta name=\"twitter:label1\" content=\"Tiempo de lectura\" \/>\n\t<meta name=\"twitter:data1\" content=\"1 minuto\" \/>\n<script type=\"application\/ld+json\" class=\"yoast-schema-graph\">{\"@context\":\"https:\\\/\\\/schema.org\",\"@graph\":[{\"@type\":\"WebPage\",\"@id\":\"https:\\\/\\\/www.bouquetdalella.com\\\/es\\\/producto\\\/vibra-tardeo-entre-vinedos\\\/\",\"url\":\"https:\\\/\\\/www.bouquetdalella.com\\\/es\\\/producto\\\/vibra-tardeo-entre-vinedos\\\/\",\"name\":\"VIBRA \u2013 Tardeo entre vi\u00f1edos - Bouquet d&#039;Alella\",\"isPartOf\":{\"@id\":\"https:\\\/\\\/www.bouquetdalella.com\\\/es\\\/#website\"},\"primaryImageOfPage\":{\"@id\":\"https:\\\/\\\/www.bouquetdalella.com\\\/es\\\/producto\\\/vibra-tardeo-entre-vinedos\\\/#primaryimage\"},\"image\":{\"@id\":\"https:\\\/\\\/www.bouquetdalella.com\\\/es\\\/producto\\\/vibra-tardeo-entre-vinedos\\\/#primaryimage\"},\"thumbnailUrl\":\"https:\\\/\\\/www.bouquetdalella.com\\\/wp-content\\\/uploads\\\/2026\\\/05\\\/PRINCIPAL.webp\",\"datePublished\":\"2026-05-11T08:24:53+00:00\",\"dateModified\":\"2026-05-11T13:51:20+00:00\",\"description\":\"Este verano, Bouquet d\u2019Alella presenta VIBRA, una nueva propuesta de tardeo entre vi\u00f1edos para disfrutar de las tardes de verano en un entorno \u00fanico.\",\"breadcrumb\":{\"@id\":\"https:\\\/\\\/www.bouquetdalella.com\\\/es\\\/producto\\\/vibra-tardeo-entre-vinedos\\\/#breadcrumb\"},\"inLanguage\":\"es\",\"potentialAction\":[{\"@type\":\"ReadAction\",\"target\":[\"https:\\\/\\\/www.bouquetdalella.com\\\/es\\\/producto\\\/vibra-tardeo-entre-vinedos\\\/\"]}]},{\"@type\":\"ImageObject\",\"inLanguage\":\"es\",\"@id\":\"https:\\\/\\\/www.bouquetdalella.com\\\/es\\\/producto\\\/vibra-tardeo-entre-vinedos\\\/#primaryimage\",\"url\":\"https:\\\/\\\/www.bouquetdalella.com\\\/wp-content\\\/uploads\\\/2026\\\/05\\\/PRINCIPAL.webp\",\"contentUrl\":\"https:\\\/\\\/www.bouquetdalella.com\\\/wp-content\\\/uploads\\\/2026\\\/05\\\/PRINCIPAL.webp\",\"width\":1376,\"height\":768},{\"@type\":\"BreadcrumbList\",\"@id\":\"https:\\\/\\\/www.bouquetdalella.com\\\/es\\\/producto\\\/vibra-tardeo-entre-vinedos\\\/#breadcrumb\",\"itemListElement\":[{\"@type\":\"ListItem\",\"position\":1,\"name\":\"Inici\",\"item\":\"https:\\\/\\\/www.bouquetdalella.com\\\/es\\\/\"},{\"@type\":\"ListItem\",\"position\":2,\"name\":\"Tienda\",\"item\":\"https:\\\/\\\/www.bouquetdalella.com\\\/es\\\/tienda\\\/\"},{\"@type\":\"ListItem\",\"position\":3,\"name\":\"VIBRA \u2013 Tardeo entre vi\u00f1edos\"}]},{\"@type\":\"WebSite\",\"@id\":\"https:\\\/\\\/www.bouquetdalella.com\\\/es\\\/#website\",\"url\":\"https:\\\/\\\/www.bouquetdalella.com\\\/es\\\/\",\"name\":\"Bouquet d&#039;Alella\",\"description\":\"El Celler Bouquet d\u2019Alella neix amb la clara intenci\u00f3 d\u2019explotar dues vessants diferents per\u00f2 complement\u00e0ries en el mon del vi. Per una banda, la producci\u00f3n i venda de vins ecol\u00f2gics de qualitat i per l\u2019altra la promoci\u00f3 de l\u2019enoturisme.\",\"publisher\":{\"@id\":\"https:\\\/\\\/www.bouquetdalella.com\\\/es\\\/#organization\"},\"potentialAction\":[{\"@type\":\"SearchAction\",\"target\":{\"@type\":\"EntryPoint\",\"urlTemplate\":\"https:\\\/\\\/www.bouquetdalella.com\\\/es\\\/?s={search_term_string}\"},\"query-input\":{\"@type\":\"PropertyValueSpecification\",\"valueRequired\":true,\"valueName\":\"search_term_string\"}}],\"inLanguage\":\"es\"},{\"@type\":\"Organization\",\"@id\":\"https:\\\/\\\/www.bouquetdalella.com\\\/es\\\/#organization\",\"name\":\"Bouquet d&#039;Alella\",\"url\":\"https:\\\/\\\/www.bouquetdalella.com\\\/es\\\/\",\"logo\":{\"@type\":\"ImageObject\",\"inLanguage\":\"es\",\"@id\":\"https:\\\/\\\/www.bouquetdalella.com\\\/es\\\/#\\\/schema\\\/logo\\\/image\\\/\",\"url\":\"https:\\\/\\\/www.bouquetdalella.com\\\/wp-content\\\/uploads\\\/2023\\\/04\\\/cropped-cropped-cropped-logo_bouquet_d_alella-2-300x53-1.png\",\"contentUrl\":\"https:\\\/\\\/www.bouquetdalella.com\\\/wp-content\\\/uploads\\\/2023\\\/04\\\/cropped-cropped-cropped-logo_bouquet_d_alella-2-300x53-1.png\",\"width\":300,\"height\":52,\"caption\":\"Bouquet d&#039;Alella\"},\"image\":{\"@id\":\"https:\\\/\\\/www.bouquetdalella.com\\\/es\\\/#\\\/schema\\\/logo\\\/image\\\/\"}}]}<\/script>\n<!-- \/ Yoast SEO plugin. -->","yoast_head_json":{"title":"VIBRA \u2013 Tardeo entre vi\u00f1edos - Bouquet d&#039;Alella","description":"Este verano, Bouquet d\u2019Alella presenta VIBRA, una nueva propuesta de tardeo entre vi\u00f1edos para disfrutar de las tardes de verano en un entorno \u00fanico.","robots":{"index":"index","follow":"follow","max-snippet":"max-snippet:-1","max-image-preview":"max-image-preview:large","max-video-preview":"max-video-preview:-1"},"canonical":"https:\/\/www.bouquetdalella.com\/es\/producto\/vibra-tardeo-entre-vinedos\/","og_locale":"es_ES","og_type":"article","og_title":"VIBRA \u2013 Tardeo entre vi\u00f1edos - Bouquet d&#039;Alella","og_description":"Este verano, Bouquet d\u2019Alella presenta VIBRA, una nueva propuesta de tardeo entre vi\u00f1edos para disfrutar de las tardes de verano en un entorno \u00fanico.","og_url":"https:\/\/www.bouquetdalella.com\/es\/producto\/vibra-tardeo-entre-vinedos\/","og_site_name":"Bouquet d&#039;Alella","article_modified_time":"2026-05-11T13:51:20+00:00","og_image":[{"width":1376,"height":768,"url":"https:\/\/www.bouquetdalella.com\/wp-content\/uploads\/2026\/05\/PRINCIPAL.webp","type":"image\/webp"}],"twitter_card":"summary_large_image","twitter_misc":{"Tiempo de lectura":"1 minuto"},"schema":{"@context":"https:\/\/schema.org","@graph":[{"@type":"WebPage","@id":"https:\/\/www.bouquetdalella.com\/es\/producto\/vibra-tardeo-entre-vinedos\/","url":"https:\/\/www.bouquetdalella.com\/es\/producto\/vibra-tardeo-entre-vinedos\/","name":"VIBRA \u2013 Tardeo entre vi\u00f1edos - Bouquet d&#039;Alella","isPartOf":{"@id":"https:\/\/www.bouquetdalella.com\/es\/#website"},"primaryImageOfPage":{"@id":"https:\/\/www.bouquetdalella.com\/es\/producto\/vibra-tardeo-entre-vinedos\/#primaryimage"},"image":{"@id":"https:\/\/www.bouquetdalella.com\/es\/producto\/vibra-tardeo-entre-vinedos\/#primaryimage"},"thumbnailUrl":"https:\/\/www.bouquetdalella.com\/wp-content\/uploads\/2026\/05\/PRINCIPAL.webp","datePublished":"2026-05-11T08:24:53+00:00","dateModified":"2026-05-11T13:51:20+00:00","description":"Este verano, Bouquet d\u2019Alella presenta VIBRA, una nueva propuesta de tardeo entre vi\u00f1edos para disfrutar de las tardes de verano en un entorno \u00fanico.","breadcrumb":{"@id":"https:\/\/www.bouquetdalella.com\/es\/producto\/vibra-tardeo-entre-vinedos\/#breadcrumb"},"inLanguage":"es","potentialAction":[{"@type":"ReadAction","target":["https:\/\/www.bouquetdalella.com\/es\/producto\/vibra-tardeo-entre-vinedos\/"]}]},{"@type":"ImageObject","inLanguage":"es","@id":"https:\/\/www.bouquetdalella.com\/es\/producto\/vibra-tardeo-entre-vinedos\/#primaryimage","url":"https:\/\/www.bouquetdalella.com\/wp-content\/uploads\/2026\/05\/PRINCIPAL.webp","contentUrl":"https:\/\/www.bouquetdalella.com\/wp-content\/uploads\/2026\/05\/PRINCIPAL.webp","width":1376,"height":768},{"@type":"BreadcrumbList","@id":"https:\/\/www.bouquetdalella.com\/es\/producto\/vibra-tardeo-entre-vinedos\/#breadcrumb","itemListElement":[{"@type":"ListItem","position":1,"name":"Inici","item":"https:\/\/www.bouquetdalella.com\/es\/"},{"@type":"ListItem","position":2,"name":"Tienda","item":"https:\/\/www.bouquetdalella.com\/es\/tienda\/"},{"@type":"ListItem","position":3,"name":"VIBRA \u2013 Tardeo entre vi\u00f1edos"}]},{"@type":"WebSite","@id":"https:\/\/www.bouquetdalella.com\/es\/#website","url":"https:\/\/www.bouquetdalella.com\/es\/","name":"Bouquet d&#039;Alella","description":"El Celler Bouquet d\u2019Alella neix amb la clara intenci\u00f3 d\u2019explotar dues vessants diferents per\u00f2 complement\u00e0ries en el mon del vi. Per una banda, la producci\u00f3n i venda de vins ecol\u00f2gics de qualitat i per l\u2019altra la promoci\u00f3 de l\u2019enoturisme.","publisher":{"@id":"https:\/\/www.bouquetdalella.com\/es\/#organization"},"potentialAction":[{"@type":"SearchAction","target":{"@type":"EntryPoint","urlTemplate":"https:\/\/www.bouquetdalella.com\/es\/?s={search_term_string}"},"query-input":{"@type":"PropertyValueSpecification","valueRequired":true,"valueName":"search_term_string"}}],"inLanguage":"es"},{"@type":"Organization","@id":"https:\/\/www.bouquetdalella.com\/es\/#organization","name":"Bouquet d&#039;Alella","url":"https:\/\/www.bouquetdalella.com\/es\/","logo":{"@type":"ImageObject","inLanguage":"es","@id":"https:\/\/www.bouquetdalella.com\/es\/#\/schema\/logo\/image\/","url":"https:\/\/www.bouquetdalella.com\/wp-content\/uploads\/2023\/04\/cropped-cropped-cropped-logo_bouquet_d_alella-2-300x53-1.png","contentUrl":"https:\/\/www.bouquetdalella.com\/wp-content\/uploads\/2023\/04\/cropped-cropped-cropped-logo_bouquet_d_alella-2-300x53-1.png","width":300,"height":52,"caption":"Bouquet d&#039;Alella"},"image":{"@id":"https:\/\/www.bouquetdalella.com\/es\/#\/schema\/logo\/image\/"}}]}},"_links":{"self":[{"href":"https:\/\/www.bouquetdalella.com\/es\/wp-json\/wp\/v2\/product\/37439","targetHints":{"allow":["GET"]}}],"collection":[{"href":"https:\/\/www.bouquetdalella.com\/es\/wp-json\/wp\/v2\/product"}],"about":[{"href":"https:\/\/www.bouquetdalella.com\/es\/wp-json\/wp\/v2\/types\/product"}],"version-history":[{"count":3,"href":"https:\/\/www.bouquetdalella.com\/es\/wp-json\/wp\/v2\/product\/37439\/revisions"}],"predecessor-version":[{"id":37503,"href":"https:\/\/www.bouquetdalella.com\/es\/wp-json\/wp\/v2\/product\/37439\/revisions\/37503"}],"wp:featuredmedia":[{"embeddable":true,"href":"https:\/\/www.bouquetdalella.com\/es\/wp-json\/wp\/v2\/media\/37442"}],"wp:attachment":[{"href":"https:\/\/www.bouquetdalella.com\/es\/wp-json\/wp\/v2\/media?parent=37439"}],"wp:term":[{"taxonomy":"product_brand","embeddable":true,"href":"https:\/\/www.bouquetdalella.com\/es\/wp-json\/wp\/v2\/product_brand?post=37439"},{"taxonomy":"product_cat","embeddable":true,"href":"https:\/\/www.bouquetdalella.com\/es\/wp-json\/wp\/v2\/product_cat?post=37439"},{"taxonomy":"product_tag","embeddable":true,"href":"https:\/\/www.bouquetdalella.com\/es\/wp-json\/wp\/v2\/product_tag?post=37439"}],"curies":[{"name":"wp","href":"https:\/\/api.w.org\/{rel}","templated":true}]}}