{"id":7937,"date":"2020-09-23T17:50:27","date_gmt":"2020-09-23T15:50:27","guid":{"rendered":"https:\/\/www.bouquetdalella.com\/producte\/bouquet-dalella-plaer-escumos-2017\/"},"modified":"2024-09-30T09:22:37","modified_gmt":"2024-09-30T07:22:37","slug":"bouquet-dalella-plaer-escumos-2022","status":"publish","type":"product","link":"https:\/\/www.bouquetdalella.com\/es\/producto\/bouquet-dalella-plaer-escumos-2022\/","title":{"rendered":"Bouquet d&#8217;Alella Plaer Escum\u00f3s 2022"},"content":{"rendered":"\t\t<div data-elementor-type=\"product-post\" data-elementor-id=\"7937\" class=\"elementor elementor-7937 elementor-6323\" data-elementor-post-type=\"product\">\n\t\t\t\t\t\t<section class=\"elementor-section elementor-top-section elementor-element elementor-element-525f76a6 elementor-section-boxed elementor-section-height-default elementor-section-height-default\" data-id=\"525f76a6\" data-element_type=\"section\" data-e-type=\"section\">\n\t\t\t\t\t\t<div class=\"elementor-container elementor-column-gap-default\">\n\t\t\t\t\t<div class=\"elementor-column elementor-col-100 elementor-top-column elementor-element elementor-element-480ce74c\" data-id=\"480ce74c\" data-element_type=\"column\" data-e-type=\"column\">\n\t\t\t<div class=\"elementor-widget-wrap elementor-element-populated\">\n\t\t\t\t\t\t<div class=\"elementor-element elementor-element-42d31f2 tab_zone elementor-tabs-view-horizontal elementor-widget elementor-widget-tabs\" data-id=\"42d31f2\" data-element_type=\"widget\" data-e-type=\"widget\" data-widget_type=\"tabs.default\">\n\t\t\t\t<div class=\"elementor-widget-container\">\n\t\t\t\t\t\t\t<div class=\"elementor-tabs\">\n\t\t\t<div class=\"elementor-tabs-wrapper\" role=\"tablist\" >\n\t\t\t\t\t\t\t\t\t<div id=\"elementor-tab-title-7001\" class=\"elementor-tab-title elementor-tab-desktop-title\" aria-selected=\"true\" data-tab=\"1\" role=\"tab\" tabindex=\"0\" aria-controls=\"elementor-tab-content-7001\" aria-expanded=\"false\">ELABORACI\u00d3N<\/div>\n\t\t\t\t\t\t\t\t\t<div id=\"elementor-tab-title-7002\" class=\"elementor-tab-title elementor-tab-desktop-title\" aria-selected=\"false\" data-tab=\"2\" role=\"tab\" tabindex=\"-1\" aria-controls=\"elementor-tab-content-7002\" aria-expanded=\"false\">NOTA DE CATA<\/div>\n\t\t\t\t\t\t\t\t\t<div id=\"elementor-tab-title-7003\" class=\"elementor-tab-title elementor-tab-desktop-title\" aria-selected=\"false\" data-tab=\"3\" role=\"tab\" tabindex=\"-1\" aria-controls=\"elementor-tab-content-7003\" aria-expanded=\"false\"><div class=\"elementor-tabs-wrapper\" role=\"tablist\">\r\n<div id=\"elementor-tab-title-1532\" class=\"elementor-tab-title elementor-tab-desktop-title elementor-active\" tabindex=\"0\" role=\"tab\" aria-selected=\"true\" data-tab=\"2\" aria-controls=\"elementor-tab-content-1532\" aria-expanded=\"true\">ENV\u00cdO GRATIS + 60\u20ac<\/div>\r\n<\/div><\/div>\n\t\t\t\t\t\t\t<\/div>\n\t\t\t<div class=\"elementor-tabs-content-wrapper\" role=\"tablist\" aria-orientation=\"vertical\">\n\t\t\t\t\t\t\t\t\t<div class=\"elementor-tab-title elementor-tab-mobile-title\" aria-selected=\"true\" data-tab=\"1\" role=\"tab\" tabindex=\"0\" aria-controls=\"elementor-tab-content-7001\" aria-expanded=\"false\">ELABORACI\u00d3N<\/div>\n\t\t\t\t\t<div id=\"elementor-tab-content-7001\" class=\"elementor-tab-content elementor-clearfix\" data-tab=\"1\" role=\"tabpanel\" aria-labelledby=\"elementor-tab-title-7001\" tabindex=\"0\" hidden=\"false\"><p>Vino de agricultura ecol\u00f3gica. Vendimia manual en cajas de 15 kg i estricta selecci\u00f3n de uva en la vi\u00f1a. Seguidamente se refrigera la uva en una c\u00e1mara de fr\u00edo unas horas para conseguir precursores arom\u00e1ticos. Posteriormente prensamos suavemente cada variedad por separado con aprovechamiento exclusivo del mosto flor, realizamos un desfangado est\u00e1tico y una fermentaci\u00f3n alcoh\u00f3lica a temperatura controlada de 15\u00baC en dep\u00f3sitos de acero inoxidable durante 3 semanas (cada variedad por separado). Finalmente hace la segunda fermentaci\u00f3n en botella siguiendo el m\u00e9todo tradicional de elaboraci\u00f3n, y un m\u00ednimo de 18 meses de crianza en sus l\u00edas. Se deg\u00fcella a mano sin adici\u00f3n de licor.<\/p>\n<p>&nbsp;<\/p>\n<p>Vino blanco espumoso Brut Nature elaborado con el 66% Pansa Blanca y 33% Chardonnay. La producci\u00f3n es limitada, 3384 botellas. Su grado alcoh\u00f3lico es de 11,5% vol.<\/p>\n<\/div>\n\t\t\t\t\t\t\t\t\t<div class=\"elementor-tab-title elementor-tab-mobile-title\" aria-selected=\"false\" data-tab=\"2\" role=\"tab\" tabindex=\"-1\" aria-controls=\"elementor-tab-content-7002\" aria-expanded=\"false\">NOTA DE CATA<\/div>\n\t\t\t\t\t<div id=\"elementor-tab-content-7002\" class=\"elementor-tab-content elementor-clearfix\" data-tab=\"2\" role=\"tabpanel\" aria-labelledby=\"elementor-tab-title-7002\" tabindex=\"0\" hidden=\"hidden\"><p><em><b>A la vista<\/b><\/em>\u00a0presenta un color amarillo p\u00e1lido con reflejos caracter\u00edsticos verdosos. Burbuja fina.<\/p>\n<p><em><b>En nariz<\/b><\/em>\u00a0encontramos aromas tostados y c\u00edtricos, pi\u00f1a madura y ciruela amarilla. Algunos florales de ginesta y mimosa, destaca el olor de hoja de naranjo.<\/p>\n<p><em><b>En boca<\/b><\/em>\u00a0tiene una entrada suave, con recuerdos afrutados. Las burbujas son finas, pero llenan la boca y dejan un recuerdo de pomelo.<\/p>\n<p><em><b>Marida bien con<\/b><\/em>\u00a0quesos semicurados y curados, jam\u00f3n ib\u00e9rico, foie, arroces, paellas y fideu\u00e1s. Recomendamos servirlo entre 7\u00baC y 9\u00baC<\/p>\n<\/div>\n\t\t\t\t\t\t\t\t\t<div class=\"elementor-tab-title elementor-tab-mobile-title\" aria-selected=\"false\" data-tab=\"3\" role=\"tab\" tabindex=\"-1\" aria-controls=\"elementor-tab-content-7003\" aria-expanded=\"false\"><div class=\"elementor-tabs-wrapper\" role=\"tablist\">\r\n<div id=\"elementor-tab-title-1532\" class=\"elementor-tab-title elementor-tab-desktop-title elementor-active\" tabindex=\"0\" role=\"tab\" aria-selected=\"true\" data-tab=\"2\" aria-controls=\"elementor-tab-content-1532\" aria-expanded=\"true\">ENV\u00cdO GRATIS + 60\u20ac<\/div>\r\n<\/div><\/div>\n\t\t\t\t\t<div id=\"elementor-tab-content-7003\" class=\"elementor-tab-content elementor-clearfix\" data-tab=\"3\" role=\"tabpanel\" aria-labelledby=\"elementor-tab-title-7003\" tabindex=\"0\" hidden=\"hidden\"><p><strong>ENV\u00cdO GRATIS<\/strong><\/p>\n<ul>\n<li aria-level=\"1\">Si tu pedido se hace dentro del \u00e1mbito nacional y es superior a 60 euros (IVA incluido) tendr\u00e1s los gastos de env\u00edo gratuitos. No incluye fuera de la pen\u00ednsula.<\/li>\n<\/ul>\n<p>&nbsp;<\/p>\n<p><strong>PLAZO DE ENTREGA Y GASTOS DE ENV\u00cdO<\/strong><\/p>\n<ul>\n<li aria-level=\"1\">Una vez tramitado y aceptado el pedido, el plazo de entrega ser\u00e1 de 2 a 4 d\u00edas laborables a contar desde que el pago de la compra sea efectivo.<\/li>\n<li aria-level=\"1\">Los pedidos son enviados mediante servicio de mensajer\u00eda.<\/li>\n<li aria-level=\"1\">La entrega se har\u00e1 a la direcci\u00f3n indicada durante el proceso de realizaci\u00f3n del pedido.<\/li>\n<\/ul>\n<\/div>\n\t\t\t\t\t\t\t<\/div>\n\t\t<\/div>\n\t\t\t\t\t\t<\/div>\n\t\t\t\t<\/div>\n\t\t\t\t\t<\/div>\n\t\t<\/div>\n\t\t\t\t\t<\/div>\n\t\t<\/section>\n\t\t\t\t<\/div>\n\t\t","protected":false},"excerpt":{"rendered":"<p>Vino blanco espumoso de Pansa blanca y Chardonnay, de m\u00e9todo tradicional y envejecido en botella. De burbuja fina que llena la boca, va bien tanto con entrantes como con platos m\u00e1s elaborados, para comidas familiares o cenas en pareja. Es un vino que sabe a domingo.<\/p>\n","protected":false},"featured_media":1747,"template":"","meta":[],"product_brand":[],"product_cat":[375],"product_tag":[384],"class_list":{"0":"post-7937","1":"product","2":"type-product","3":"status-publish","4":"has-post-thumbnail","6":"product_cat-vinos-bouquet-dalella-es","7":"product_tag-vins-es","9":"first","10":"instock","11":"taxable","12":"shipping-taxable","13":"purchasable","14":"product-type-simple"},"yoast_head":"<!-- This site is optimized with the Yoast SEO plugin v27.3 - https:\/\/yoast.com\/product\/yoast-seo-wordpress\/ -->\n<title>Bouquet d&#039;Alella Plaer Escum\u00f3s 2022 - Bouquet d&#039;Alella<\/title>\n<meta name=\"robots\" content=\"index, follow, max-snippet:-1, max-image-preview:large, max-video-preview:-1\" \/>\n<link rel=\"canonical\" href=\"https:\/\/www.bouquetdalella.com\/es\/producto\/bouquet-dalella-plaer-escumos-2022\/\" \/>\n<meta property=\"og:locale\" content=\"es_ES\" \/>\n<meta property=\"og:type\" content=\"article\" \/>\n<meta property=\"og:title\" content=\"Bouquet d&#039;Alella Plaer Escum\u00f3s 2022 - Bouquet d&#039;Alella\" \/>\n<meta property=\"og:description\" content=\"Vino blanco espumoso de Pansa blanca y Chardonnay, de m\u00e9todo tradicional y envejecido en botella. De burbuja fina que llena la boca, va bien tanto con entrantes como con platos m\u00e1s elaborados, para comidas familiares o cenas en pareja. Es un vino que sabe a domingo.\" \/>\n<meta property=\"og:url\" content=\"https:\/\/www.bouquetdalella.com\/es\/producto\/bouquet-dalella-plaer-escumos-2022\/\" \/>\n<meta property=\"og:site_name\" content=\"Bouquet d&#039;Alella\" \/>\n<meta property=\"article:modified_time\" content=\"2024-09-30T07:22:37+00:00\" \/>\n<meta property=\"og:image\" content=\"https:\/\/www.bouquetdalella.com\/wp-content\/uploads\/2023\/04\/7pA-plaer-escumos-1.png\" \/>\n\t<meta property=\"og:image:width\" content=\"768\" \/>\n\t<meta property=\"og:image:height\" content=\"843\" \/>\n\t<meta property=\"og:image:type\" content=\"image\/png\" \/>\n<meta name=\"twitter:card\" content=\"summary_large_image\" \/>\n<meta name=\"twitter:label1\" content=\"Tiempo de lectura\" \/>\n\t<meta name=\"twitter:data1\" content=\"2 minutos\" \/>\n<script type=\"application\/ld+json\" class=\"yoast-schema-graph\">{\"@context\":\"https:\\\/\\\/schema.org\",\"@graph\":[{\"@type\":\"WebPage\",\"@id\":\"https:\\\/\\\/www.bouquetdalella.com\\\/es\\\/producto\\\/bouquet-dalella-plaer-escumos-2022\\\/\",\"url\":\"https:\\\/\\\/www.bouquetdalella.com\\\/es\\\/producto\\\/bouquet-dalella-plaer-escumos-2022\\\/\",\"name\":\"Bouquet d'Alella Plaer Escum\u00f3s 2022 - Bouquet d&#039;Alella\",\"isPartOf\":{\"@id\":\"https:\\\/\\\/www.bouquetdalella.com\\\/es\\\/#website\"},\"primaryImageOfPage\":{\"@id\":\"https:\\\/\\\/www.bouquetdalella.com\\\/es\\\/producto\\\/bouquet-dalella-plaer-escumos-2022\\\/#primaryimage\"},\"image\":{\"@id\":\"https:\\\/\\\/www.bouquetdalella.com\\\/es\\\/producto\\\/bouquet-dalella-plaer-escumos-2022\\\/#primaryimage\"},\"thumbnailUrl\":\"https:\\\/\\\/www.bouquetdalella.com\\\/wp-content\\\/uploads\\\/2023\\\/04\\\/7pA-plaer-escumos-1.png\",\"datePublished\":\"2020-09-23T15:50:27+00:00\",\"dateModified\":\"2024-09-30T07:22:37+00:00\",\"breadcrumb\":{\"@id\":\"https:\\\/\\\/www.bouquetdalella.com\\\/es\\\/producto\\\/bouquet-dalella-plaer-escumos-2022\\\/#breadcrumb\"},\"inLanguage\":\"es\",\"potentialAction\":[{\"@type\":\"ReadAction\",\"target\":[\"https:\\\/\\\/www.bouquetdalella.com\\\/es\\\/producto\\\/bouquet-dalella-plaer-escumos-2022\\\/\"]}]},{\"@type\":\"ImageObject\",\"inLanguage\":\"es\",\"@id\":\"https:\\\/\\\/www.bouquetdalella.com\\\/es\\\/producto\\\/bouquet-dalella-plaer-escumos-2022\\\/#primaryimage\",\"url\":\"https:\\\/\\\/www.bouquetdalella.com\\\/wp-content\\\/uploads\\\/2023\\\/04\\\/7pA-plaer-escumos-1.png\",\"contentUrl\":\"https:\\\/\\\/www.bouquetdalella.com\\\/wp-content\\\/uploads\\\/2023\\\/04\\\/7pA-plaer-escumos-1.png\",\"width\":768,\"height\":843},{\"@type\":\"BreadcrumbList\",\"@id\":\"https:\\\/\\\/www.bouquetdalella.com\\\/es\\\/producto\\\/bouquet-dalella-plaer-escumos-2022\\\/#breadcrumb\",\"itemListElement\":[{\"@type\":\"ListItem\",\"position\":1,\"name\":\"Inici\",\"item\":\"https:\\\/\\\/www.bouquetdalella.com\\\/es\\\/\"},{\"@type\":\"ListItem\",\"position\":2,\"name\":\"Tienda\",\"item\":\"https:\\\/\\\/www.bouquetdalella.com\\\/es\\\/tienda\\\/\"},{\"@type\":\"ListItem\",\"position\":3,\"name\":\"Bouquet d&#8217;Alella Plaer Escum\u00f3s 2022\"}]},{\"@type\":\"WebSite\",\"@id\":\"https:\\\/\\\/www.bouquetdalella.com\\\/es\\\/#website\",\"url\":\"https:\\\/\\\/www.bouquetdalella.com\\\/es\\\/\",\"name\":\"Bouquet d&#039;Alella\",\"description\":\"El Celler Bouquet d\u2019Alella neix amb la clara intenci\u00f3 d\u2019explotar dues vessants diferents per\u00f2 complement\u00e0ries en el mon del vi. Per una banda, la producci\u00f3n i venda de vins ecol\u00f2gics de qualitat i per l\u2019altra la promoci\u00f3 de l\u2019enoturisme.\",\"publisher\":{\"@id\":\"https:\\\/\\\/www.bouquetdalella.com\\\/es\\\/#organization\"},\"potentialAction\":[{\"@type\":\"SearchAction\",\"target\":{\"@type\":\"EntryPoint\",\"urlTemplate\":\"https:\\\/\\\/www.bouquetdalella.com\\\/es\\\/?s={search_term_string}\"},\"query-input\":{\"@type\":\"PropertyValueSpecification\",\"valueRequired\":true,\"valueName\":\"search_term_string\"}}],\"inLanguage\":\"es\"},{\"@type\":\"Organization\",\"@id\":\"https:\\\/\\\/www.bouquetdalella.com\\\/es\\\/#organization\",\"name\":\"Bouquet d&#039;Alella\",\"url\":\"https:\\\/\\\/www.bouquetdalella.com\\\/es\\\/\",\"logo\":{\"@type\":\"ImageObject\",\"inLanguage\":\"es\",\"@id\":\"https:\\\/\\\/www.bouquetdalella.com\\\/es\\\/#\\\/schema\\\/logo\\\/image\\\/\",\"url\":\"https:\\\/\\\/www.bouquetdalella.com\\\/wp-content\\\/uploads\\\/2023\\\/04\\\/cropped-cropped-cropped-logo_bouquet_d_alella-2-300x53-1.png\",\"contentUrl\":\"https:\\\/\\\/www.bouquetdalella.com\\\/wp-content\\\/uploads\\\/2023\\\/04\\\/cropped-cropped-cropped-logo_bouquet_d_alella-2-300x53-1.png\",\"width\":300,\"height\":52,\"caption\":\"Bouquet d&#039;Alella\"},\"image\":{\"@id\":\"https:\\\/\\\/www.bouquetdalella.com\\\/es\\\/#\\\/schema\\\/logo\\\/image\\\/\"}}]}<\/script>\n<!-- \/ Yoast SEO plugin. -->","yoast_head_json":{"title":"Bouquet d'Alella Plaer Escum\u00f3s 2022 - Bouquet d&#039;Alella","robots":{"index":"index","follow":"follow","max-snippet":"max-snippet:-1","max-image-preview":"max-image-preview:large","max-video-preview":"max-video-preview:-1"},"canonical":"https:\/\/www.bouquetdalella.com\/es\/producto\/bouquet-dalella-plaer-escumos-2022\/","og_locale":"es_ES","og_type":"article","og_title":"Bouquet d'Alella Plaer Escum\u00f3s 2022 - Bouquet d&#039;Alella","og_description":"Vino blanco espumoso de Pansa blanca y Chardonnay, de m\u00e9todo tradicional y envejecido en botella. De burbuja fina que llena la boca, va bien tanto con entrantes como con platos m\u00e1s elaborados, para comidas familiares o cenas en pareja. Es un vino que sabe a domingo.","og_url":"https:\/\/www.bouquetdalella.com\/es\/producto\/bouquet-dalella-plaer-escumos-2022\/","og_site_name":"Bouquet d&#039;Alella","article_modified_time":"2024-09-30T07:22:37+00:00","og_image":[{"width":768,"height":843,"url":"https:\/\/www.bouquetdalella.com\/wp-content\/uploads\/2023\/04\/7pA-plaer-escumos-1.png","type":"image\/png"}],"twitter_card":"summary_large_image","twitter_misc":{"Tiempo de lectura":"2 minutos"},"schema":{"@context":"https:\/\/schema.org","@graph":[{"@type":"WebPage","@id":"https:\/\/www.bouquetdalella.com\/es\/producto\/bouquet-dalella-plaer-escumos-2022\/","url":"https:\/\/www.bouquetdalella.com\/es\/producto\/bouquet-dalella-plaer-escumos-2022\/","name":"Bouquet d'Alella Plaer Escum\u00f3s 2022 - Bouquet d&#039;Alella","isPartOf":{"@id":"https:\/\/www.bouquetdalella.com\/es\/#website"},"primaryImageOfPage":{"@id":"https:\/\/www.bouquetdalella.com\/es\/producto\/bouquet-dalella-plaer-escumos-2022\/#primaryimage"},"image":{"@id":"https:\/\/www.bouquetdalella.com\/es\/producto\/bouquet-dalella-plaer-escumos-2022\/#primaryimage"},"thumbnailUrl":"https:\/\/www.bouquetdalella.com\/wp-content\/uploads\/2023\/04\/7pA-plaer-escumos-1.png","datePublished":"2020-09-23T15:50:27+00:00","dateModified":"2024-09-30T07:22:37+00:00","breadcrumb":{"@id":"https:\/\/www.bouquetdalella.com\/es\/producto\/bouquet-dalella-plaer-escumos-2022\/#breadcrumb"},"inLanguage":"es","potentialAction":[{"@type":"ReadAction","target":["https:\/\/www.bouquetdalella.com\/es\/producto\/bouquet-dalella-plaer-escumos-2022\/"]}]},{"@type":"ImageObject","inLanguage":"es","@id":"https:\/\/www.bouquetdalella.com\/es\/producto\/bouquet-dalella-plaer-escumos-2022\/#primaryimage","url":"https:\/\/www.bouquetdalella.com\/wp-content\/uploads\/2023\/04\/7pA-plaer-escumos-1.png","contentUrl":"https:\/\/www.bouquetdalella.com\/wp-content\/uploads\/2023\/04\/7pA-plaer-escumos-1.png","width":768,"height":843},{"@type":"BreadcrumbList","@id":"https:\/\/www.bouquetdalella.com\/es\/producto\/bouquet-dalella-plaer-escumos-2022\/#breadcrumb","itemListElement":[{"@type":"ListItem","position":1,"name":"Inici","item":"https:\/\/www.bouquetdalella.com\/es\/"},{"@type":"ListItem","position":2,"name":"Tienda","item":"https:\/\/www.bouquetdalella.com\/es\/tienda\/"},{"@type":"ListItem","position":3,"name":"Bouquet d&#8217;Alella Plaer Escum\u00f3s 2022"}]},{"@type":"WebSite","@id":"https:\/\/www.bouquetdalella.com\/es\/#website","url":"https:\/\/www.bouquetdalella.com\/es\/","name":"Bouquet d&#039;Alella","description":"El Celler Bouquet d\u2019Alella neix amb la clara intenci\u00f3 d\u2019explotar dues vessants diferents per\u00f2 complement\u00e0ries en el mon del vi. Per una banda, la producci\u00f3n i venda de vins ecol\u00f2gics de qualitat i per l\u2019altra la promoci\u00f3 de l\u2019enoturisme.","publisher":{"@id":"https:\/\/www.bouquetdalella.com\/es\/#organization"},"potentialAction":[{"@type":"SearchAction","target":{"@type":"EntryPoint","urlTemplate":"https:\/\/www.bouquetdalella.com\/es\/?s={search_term_string}"},"query-input":{"@type":"PropertyValueSpecification","valueRequired":true,"valueName":"search_term_string"}}],"inLanguage":"es"},{"@type":"Organization","@id":"https:\/\/www.bouquetdalella.com\/es\/#organization","name":"Bouquet d&#039;Alella","url":"https:\/\/www.bouquetdalella.com\/es\/","logo":{"@type":"ImageObject","inLanguage":"es","@id":"https:\/\/www.bouquetdalella.com\/es\/#\/schema\/logo\/image\/","url":"https:\/\/www.bouquetdalella.com\/wp-content\/uploads\/2023\/04\/cropped-cropped-cropped-logo_bouquet_d_alella-2-300x53-1.png","contentUrl":"https:\/\/www.bouquetdalella.com\/wp-content\/uploads\/2023\/04\/cropped-cropped-cropped-logo_bouquet_d_alella-2-300x53-1.png","width":300,"height":52,"caption":"Bouquet d&#039;Alella"},"image":{"@id":"https:\/\/www.bouquetdalella.com\/es\/#\/schema\/logo\/image\/"}}]}},"_links":{"self":[{"href":"https:\/\/www.bouquetdalella.com\/es\/wp-json\/wp\/v2\/product\/7937","targetHints":{"allow":["GET"]}}],"collection":[{"href":"https:\/\/www.bouquetdalella.com\/es\/wp-json\/wp\/v2\/product"}],"about":[{"href":"https:\/\/www.bouquetdalella.com\/es\/wp-json\/wp\/v2\/types\/product"}],"version-history":[{"count":0,"href":"https:\/\/www.bouquetdalella.com\/es\/wp-json\/wp\/v2\/product\/7937\/revisions"}],"wp:featuredmedia":[{"embeddable":true,"href":"https:\/\/www.bouquetdalella.com\/es\/wp-json\/wp\/v2\/media\/1747"}],"wp:attachment":[{"href":"https:\/\/www.bouquetdalella.com\/es\/wp-json\/wp\/v2\/media?parent=7937"}],"wp:term":[{"taxonomy":"product_brand","embeddable":true,"href":"https:\/\/www.bouquetdalella.com\/es\/wp-json\/wp\/v2\/product_brand?post=7937"},{"taxonomy":"product_cat","embeddable":true,"href":"https:\/\/www.bouquetdalella.com\/es\/wp-json\/wp\/v2\/product_cat?post=7937"},{"taxonomy":"product_tag","embeddable":true,"href":"https:\/\/www.bouquetdalella.com\/es\/wp-json\/wp\/v2\/product_tag?post=7937"}],"curies":[{"name":"wp","href":"https:\/\/api.w.org\/{rel}","templated":true}]}}