{"id":7985,"date":"2021-01-19T18:54:50","date_gmt":"2021-01-19T17:54:50","guid":{"rendered":"https:\/\/www.bouquetdalella.com\/producte\/lot-red-lovers\/"},"modified":"2025-10-29T09:49:15","modified_gmt":"2025-10-29T08:49:15","slug":"lote-tinto","status":"publish","type":"product","link":"https:\/\/www.bouquetdalella.com\/es\/producto\/lote-tinto\/","title":{"rendered":"LOTE TINTO"},"content":{"rendered":"\t\t<div data-elementor-type=\"product-post\" data-elementor-id=\"7985\" class=\"elementor elementor-7985 elementor-6625\" data-elementor-post-type=\"product\">\n\t\t\t\t\t\t<section class=\"elementor-section elementor-top-section elementor-element elementor-element-add8e11 elementor-section-boxed elementor-section-height-default elementor-section-height-default\" data-id=\"add8e11\" data-element_type=\"section\" data-e-type=\"section\">\n\t\t\t\t\t\t<div class=\"elementor-container elementor-column-gap-default\">\n\t\t\t\t\t<div class=\"elementor-column elementor-col-100 elementor-top-column elementor-element elementor-element-c204cb0\" data-id=\"c204cb0\" data-element_type=\"column\" data-e-type=\"column\">\n\t\t\t<div class=\"elementor-widget-wrap elementor-element-populated\">\n\t\t\t\t\t\t<div class=\"elementor-element elementor-element-487ac20 tab_zone elementor-tabs-view-horizontal elementor-widget elementor-widget-tabs\" data-id=\"487ac20\" data-element_type=\"widget\" data-e-type=\"widget\" data-widget_type=\"tabs.default\">\n\t\t\t\t<div class=\"elementor-widget-container\">\n\t\t\t\t\t\t\t<div class=\"elementor-tabs\">\n\t\t\t<div class=\"elementor-tabs-wrapper\" role=\"tablist\" >\n\t\t\t\t\t\t\t\t\t<div id=\"elementor-tab-title-7601\" class=\"elementor-tab-title elementor-tab-desktop-title\" aria-selected=\"true\" data-tab=\"1\" role=\"tab\" tabindex=\"0\" aria-controls=\"elementor-tab-content-7601\" aria-expanded=\"false\">Contenido<\/div>\n\t\t\t\t\t\t\t\t\t<div id=\"elementor-tab-title-7602\" class=\"elementor-tab-title elementor-tab-desktop-title\" aria-selected=\"false\" data-tab=\"2\" role=\"tab\" tabindex=\"-1\" aria-controls=\"elementor-tab-content-7602\" aria-expanded=\"false\">ENV\u00cdO GRATIS + 60\u20ac<\/div>\n\t\t\t\t\t\t\t<\/div>\n\t\t\t<div class=\"elementor-tabs-content-wrapper\" role=\"tablist\" aria-orientation=\"vertical\">\n\t\t\t\t\t\t\t\t\t<div class=\"elementor-tab-title elementor-tab-mobile-title\" aria-selected=\"true\" data-tab=\"1\" role=\"tab\" tabindex=\"0\" aria-controls=\"elementor-tab-content-7601\" aria-expanded=\"false\">Contenido<\/div>\n\t\t\t\t\t<div id=\"elementor-tab-content-7601\" class=\"elementor-tab-content elementor-clearfix\" data-tab=\"1\" role=\"tabpanel\" aria-labelledby=\"elementor-tab-title-7601\" tabindex=\"0\" hidden=\"false\"><p><span style=\"font-weight: 400;\">&#8211; 1 botella Bouquet d\u2019Alella Garnatxa Negra: vino tinto de Garnacha tinta, joven&nbsp;<\/span><\/p>\n<p><span style=\"font-weight: 400;\">&#8211; 1 botella Bouquet d\u2019Alella Syrah: vino tinto Syrah, de larga crianza en barricas de roble<\/span><\/p>\n<p><span style=\"font-weight: 400;\">&#8211; Caja de madera Bouquet d\u2019Alella 2 botellas&nbsp;<\/span><\/p><\/div>\n\t\t\t\t\t\t\t\t\t<div class=\"elementor-tab-title elementor-tab-mobile-title\" aria-selected=\"false\" data-tab=\"2\" role=\"tab\" tabindex=\"-1\" aria-controls=\"elementor-tab-content-7602\" aria-expanded=\"false\">ENV\u00cdO GRATIS + 60\u20ac<\/div>\n\t\t\t\t\t<div id=\"elementor-tab-content-7602\" class=\"elementor-tab-content elementor-clearfix\" data-tab=\"2\" role=\"tabpanel\" aria-labelledby=\"elementor-tab-title-7602\" tabindex=\"0\" hidden=\"hidden\"><p><strong>ENV\u00cdO GRATIS<\/strong><\/p><ul><li style=\"font-weight: 400;\" aria-level=\"1\"><span style=\"font-weight: 400;\">Si tu pedido se hace dentro del \u00e1mbito nacional y es superior a 60 euros (IVA incluido) tendr\u00e1s los gastos de env\u00edo gratuitos. No incluye fuera de la pen\u00ednsula.<\/span><\/li><\/ul><div>\u00a0<\/div><div>\u00a0<\/div><div><strong>PLAZO DE ENTREGA Y GASTOS DE ENV\u00cdO<\/strong><\/div><ul><li style=\"font-weight: 400;\" aria-level=\"1\"><span style=\"font-weight: 400;\">Una vez tramitado y aceptado el pedido, el plazo de entrega ser\u00e1 de 2 a 4 d\u00edas laborables a contar desde que el pago de la compra sea efectivo.<\/span><\/li><li style=\"font-weight: 400;\" aria-level=\"1\"><span style=\"font-weight: 400;\">Los pedidos son enviados mediante servicio de mensajer\u00eda.<\/span><\/li><li style=\"font-weight: 400;\" aria-level=\"1\"><span style=\"font-weight: 400;\">La entrega se har\u00e1 a la direcci\u00f3n indicada durante el proceso de realizaci\u00f3n del pedido.<\/span><\/li><\/ul><\/div>\n\t\t\t\t\t\t\t<\/div>\n\t\t<\/div>\n\t\t\t\t\t\t<\/div>\n\t\t\t\t<\/div>\n\t\t\t\t\t<\/div>\n\t\t<\/div>\n\t\t\t\t\t<\/div>\n\t\t<\/section>\n\t\t\t\t<\/div>\n\t\t","protected":false},"excerpt":{"rendered":"<p><span style=\"font-weight: 400;\">En Alella tambi\u00e9n se elabora vino tinto y hay variedades que forman parte de nosotros. Os presentamos dos vinos tintos muy diferentes el uno del otro pero con mucha personalidad. \u00a1Descubrid otra cara del territorio!<\/span><\/p>\n<div id=\"gtx-trans\" style=\"position: absolute; left: 687px; top: 38.3333px;\">\n<div class=\"gtx-trans-icon\"><\/div>\n<\/div>\n","protected":false},"featured_media":9847,"template":"","meta":[],"product_brand":[],"product_cat":[157],"product_tag":[130],"class_list":{"0":"post-7985","1":"product","2":"type-product","3":"status-publish","4":"has-post-thumbnail","6":"product_cat-lotes","7":"product_tag-lotes-2","9":"first","10":"instock","11":"taxable","12":"shipping-taxable","13":"purchasable","14":"product-type-simple"},"yoast_head":"<!-- This site is optimized with the Yoast SEO plugin v27.3 - https:\/\/yoast.com\/product\/yoast-seo-wordpress\/ -->\n<title>LOTE TINTO - Bouquet d&#039;Alella<\/title>\n<meta name=\"robots\" content=\"index, follow, max-snippet:-1, max-image-preview:large, max-video-preview:-1\" \/>\n<link rel=\"canonical\" href=\"https:\/\/www.bouquetdalella.com\/es\/producto\/lote-tinto\/\" \/>\n<meta property=\"og:locale\" content=\"es_ES\" \/>\n<meta property=\"og:type\" content=\"article\" \/>\n<meta property=\"og:title\" content=\"LOTE TINTO - Bouquet d&#039;Alella\" \/>\n<meta property=\"og:description\" content=\"En Alella tambi\u00e9n se elabora vino tinto y hay variedades que forman parte de nosotros. Os presentamos dos vinos tintos muy diferentes el uno del otro pero con mucha personalidad. \u00a1Descubrid otra cara del territorio!\" \/>\n<meta property=\"og:url\" content=\"https:\/\/www.bouquetdalella.com\/es\/producto\/lote-tinto\/\" \/>\n<meta property=\"og:site_name\" content=\"Bouquet d&#039;Alella\" \/>\n<meta property=\"article:modified_time\" content=\"2025-10-29T08:49:15+00:00\" \/>\n<meta property=\"og:image\" content=\"https:\/\/www.bouquetdalella.com\/wp-content\/uploads\/2023\/04\/LOT-TERRITORINEGRE-3-1.png\" \/>\n\t<meta property=\"og:image:width\" content=\"1200\" \/>\n\t<meta property=\"og:image:height\" content=\"800\" \/>\n\t<meta property=\"og:image:type\" content=\"image\/png\" \/>\n<meta name=\"twitter:card\" content=\"summary_large_image\" \/>\n<meta name=\"twitter:label1\" content=\"Tiempo de lectura\" \/>\n\t<meta name=\"twitter:data1\" content=\"1 minuto\" \/>\n<script type=\"application\/ld+json\" class=\"yoast-schema-graph\">{\"@context\":\"https:\\\/\\\/schema.org\",\"@graph\":[{\"@type\":\"WebPage\",\"@id\":\"https:\\\/\\\/www.bouquetdalella.com\\\/es\\\/producto\\\/lote-tinto\\\/\",\"url\":\"https:\\\/\\\/www.bouquetdalella.com\\\/es\\\/producto\\\/lote-tinto\\\/\",\"name\":\"LOTE TINTO - Bouquet d&#039;Alella\",\"isPartOf\":{\"@id\":\"https:\\\/\\\/www.bouquetdalella.com\\\/es\\\/#website\"},\"primaryImageOfPage\":{\"@id\":\"https:\\\/\\\/www.bouquetdalella.com\\\/es\\\/producto\\\/lote-tinto\\\/#primaryimage\"},\"image\":{\"@id\":\"https:\\\/\\\/www.bouquetdalella.com\\\/es\\\/producto\\\/lote-tinto\\\/#primaryimage\"},\"thumbnailUrl\":\"https:\\\/\\\/www.bouquetdalella.com\\\/wp-content\\\/uploads\\\/2023\\\/04\\\/LOT-TERRITORINEGRE-3-5.png\",\"datePublished\":\"2021-01-19T17:54:50+00:00\",\"dateModified\":\"2025-10-29T08:49:15+00:00\",\"breadcrumb\":{\"@id\":\"https:\\\/\\\/www.bouquetdalella.com\\\/es\\\/producto\\\/lote-tinto\\\/#breadcrumb\"},\"inLanguage\":\"es\",\"potentialAction\":[{\"@type\":\"ReadAction\",\"target\":[\"https:\\\/\\\/www.bouquetdalella.com\\\/es\\\/producto\\\/lote-tinto\\\/\"]}]},{\"@type\":\"ImageObject\",\"inLanguage\":\"es\",\"@id\":\"https:\\\/\\\/www.bouquetdalella.com\\\/es\\\/producto\\\/lote-tinto\\\/#primaryimage\",\"url\":\"https:\\\/\\\/www.bouquetdalella.com\\\/wp-content\\\/uploads\\\/2023\\\/04\\\/LOT-TERRITORINEGRE-3-5.png\",\"contentUrl\":\"https:\\\/\\\/www.bouquetdalella.com\\\/wp-content\\\/uploads\\\/2023\\\/04\\\/LOT-TERRITORINEGRE-3-5.png\",\"width\":1200,\"height\":800},{\"@type\":\"BreadcrumbList\",\"@id\":\"https:\\\/\\\/www.bouquetdalella.com\\\/es\\\/producto\\\/lote-tinto\\\/#breadcrumb\",\"itemListElement\":[{\"@type\":\"ListItem\",\"position\":1,\"name\":\"Inici\",\"item\":\"https:\\\/\\\/www.bouquetdalella.com\\\/es\\\/\"},{\"@type\":\"ListItem\",\"position\":2,\"name\":\"Tienda\",\"item\":\"https:\\\/\\\/www.bouquetdalella.com\\\/es\\\/tienda\\\/\"},{\"@type\":\"ListItem\",\"position\":3,\"name\":\"LOTE TINTO\"}]},{\"@type\":\"WebSite\",\"@id\":\"https:\\\/\\\/www.bouquetdalella.com\\\/es\\\/#website\",\"url\":\"https:\\\/\\\/www.bouquetdalella.com\\\/es\\\/\",\"name\":\"Bouquet d&#039;Alella\",\"description\":\"El Celler Bouquet d\u2019Alella neix amb la clara intenci\u00f3 d\u2019explotar dues vessants diferents per\u00f2 complement\u00e0ries en el mon del vi. Per una banda, la producci\u00f3n i venda de vins ecol\u00f2gics de qualitat i per l\u2019altra la promoci\u00f3 de l\u2019enoturisme.\",\"publisher\":{\"@id\":\"https:\\\/\\\/www.bouquetdalella.com\\\/es\\\/#organization\"},\"potentialAction\":[{\"@type\":\"SearchAction\",\"target\":{\"@type\":\"EntryPoint\",\"urlTemplate\":\"https:\\\/\\\/www.bouquetdalella.com\\\/es\\\/?s={search_term_string}\"},\"query-input\":{\"@type\":\"PropertyValueSpecification\",\"valueRequired\":true,\"valueName\":\"search_term_string\"}}],\"inLanguage\":\"es\"},{\"@type\":\"Organization\",\"@id\":\"https:\\\/\\\/www.bouquetdalella.com\\\/es\\\/#organization\",\"name\":\"Bouquet d&#039;Alella\",\"url\":\"https:\\\/\\\/www.bouquetdalella.com\\\/es\\\/\",\"logo\":{\"@type\":\"ImageObject\",\"inLanguage\":\"es\",\"@id\":\"https:\\\/\\\/www.bouquetdalella.com\\\/es\\\/#\\\/schema\\\/logo\\\/image\\\/\",\"url\":\"https:\\\/\\\/www.bouquetdalella.com\\\/wp-content\\\/uploads\\\/2023\\\/04\\\/cropped-cropped-cropped-logo_bouquet_d_alella-2-300x53-1.png\",\"contentUrl\":\"https:\\\/\\\/www.bouquetdalella.com\\\/wp-content\\\/uploads\\\/2023\\\/04\\\/cropped-cropped-cropped-logo_bouquet_d_alella-2-300x53-1.png\",\"width\":300,\"height\":52,\"caption\":\"Bouquet d&#039;Alella\"},\"image\":{\"@id\":\"https:\\\/\\\/www.bouquetdalella.com\\\/es\\\/#\\\/schema\\\/logo\\\/image\\\/\"}}]}<\/script>\n<!-- \/ Yoast SEO plugin. -->","yoast_head_json":{"title":"LOTE TINTO - Bouquet d&#039;Alella","robots":{"index":"index","follow":"follow","max-snippet":"max-snippet:-1","max-image-preview":"max-image-preview:large","max-video-preview":"max-video-preview:-1"},"canonical":"https:\/\/www.bouquetdalella.com\/es\/producto\/lote-tinto\/","og_locale":"es_ES","og_type":"article","og_title":"LOTE TINTO - Bouquet d&#039;Alella","og_description":"En Alella tambi\u00e9n se elabora vino tinto y hay variedades que forman parte de nosotros. Os presentamos dos vinos tintos muy diferentes el uno del otro pero con mucha personalidad. \u00a1Descubrid otra cara del territorio!","og_url":"https:\/\/www.bouquetdalella.com\/es\/producto\/lote-tinto\/","og_site_name":"Bouquet d&#039;Alella","article_modified_time":"2025-10-29T08:49:15+00:00","og_image":[{"width":1200,"height":800,"url":"https:\/\/www.bouquetdalella.com\/wp-content\/uploads\/2023\/04\/LOT-TERRITORINEGRE-3-1.png","type":"image\/png"}],"twitter_card":"summary_large_image","twitter_misc":{"Tiempo de lectura":"1 minuto"},"schema":{"@context":"https:\/\/schema.org","@graph":[{"@type":"WebPage","@id":"https:\/\/www.bouquetdalella.com\/es\/producto\/lote-tinto\/","url":"https:\/\/www.bouquetdalella.com\/es\/producto\/lote-tinto\/","name":"LOTE TINTO - Bouquet d&#039;Alella","isPartOf":{"@id":"https:\/\/www.bouquetdalella.com\/es\/#website"},"primaryImageOfPage":{"@id":"https:\/\/www.bouquetdalella.com\/es\/producto\/lote-tinto\/#primaryimage"},"image":{"@id":"https:\/\/www.bouquetdalella.com\/es\/producto\/lote-tinto\/#primaryimage"},"thumbnailUrl":"https:\/\/www.bouquetdalella.com\/wp-content\/uploads\/2023\/04\/LOT-TERRITORINEGRE-3-5.png","datePublished":"2021-01-19T17:54:50+00:00","dateModified":"2025-10-29T08:49:15+00:00","breadcrumb":{"@id":"https:\/\/www.bouquetdalella.com\/es\/producto\/lote-tinto\/#breadcrumb"},"inLanguage":"es","potentialAction":[{"@type":"ReadAction","target":["https:\/\/www.bouquetdalella.com\/es\/producto\/lote-tinto\/"]}]},{"@type":"ImageObject","inLanguage":"es","@id":"https:\/\/www.bouquetdalella.com\/es\/producto\/lote-tinto\/#primaryimage","url":"https:\/\/www.bouquetdalella.com\/wp-content\/uploads\/2023\/04\/LOT-TERRITORINEGRE-3-5.png","contentUrl":"https:\/\/www.bouquetdalella.com\/wp-content\/uploads\/2023\/04\/LOT-TERRITORINEGRE-3-5.png","width":1200,"height":800},{"@type":"BreadcrumbList","@id":"https:\/\/www.bouquetdalella.com\/es\/producto\/lote-tinto\/#breadcrumb","itemListElement":[{"@type":"ListItem","position":1,"name":"Inici","item":"https:\/\/www.bouquetdalella.com\/es\/"},{"@type":"ListItem","position":2,"name":"Tienda","item":"https:\/\/www.bouquetdalella.com\/es\/tienda\/"},{"@type":"ListItem","position":3,"name":"LOTE TINTO"}]},{"@type":"WebSite","@id":"https:\/\/www.bouquetdalella.com\/es\/#website","url":"https:\/\/www.bouquetdalella.com\/es\/","name":"Bouquet d&#039;Alella","description":"El Celler Bouquet d\u2019Alella neix amb la clara intenci\u00f3 d\u2019explotar dues vessants diferents per\u00f2 complement\u00e0ries en el mon del vi. Per una banda, la producci\u00f3n i venda de vins ecol\u00f2gics de qualitat i per l\u2019altra la promoci\u00f3 de l\u2019enoturisme.","publisher":{"@id":"https:\/\/www.bouquetdalella.com\/es\/#organization"},"potentialAction":[{"@type":"SearchAction","target":{"@type":"EntryPoint","urlTemplate":"https:\/\/www.bouquetdalella.com\/es\/?s={search_term_string}"},"query-input":{"@type":"PropertyValueSpecification","valueRequired":true,"valueName":"search_term_string"}}],"inLanguage":"es"},{"@type":"Organization","@id":"https:\/\/www.bouquetdalella.com\/es\/#organization","name":"Bouquet d&#039;Alella","url":"https:\/\/www.bouquetdalella.com\/es\/","logo":{"@type":"ImageObject","inLanguage":"es","@id":"https:\/\/www.bouquetdalella.com\/es\/#\/schema\/logo\/image\/","url":"https:\/\/www.bouquetdalella.com\/wp-content\/uploads\/2023\/04\/cropped-cropped-cropped-logo_bouquet_d_alella-2-300x53-1.png","contentUrl":"https:\/\/www.bouquetdalella.com\/wp-content\/uploads\/2023\/04\/cropped-cropped-cropped-logo_bouquet_d_alella-2-300x53-1.png","width":300,"height":52,"caption":"Bouquet d&#039;Alella"},"image":{"@id":"https:\/\/www.bouquetdalella.com\/es\/#\/schema\/logo\/image\/"}}]}},"_links":{"self":[{"href":"https:\/\/www.bouquetdalella.com\/es\/wp-json\/wp\/v2\/product\/7985","targetHints":{"allow":["GET"]}}],"collection":[{"href":"https:\/\/www.bouquetdalella.com\/es\/wp-json\/wp\/v2\/product"}],"about":[{"href":"https:\/\/www.bouquetdalella.com\/es\/wp-json\/wp\/v2\/types\/product"}],"version-history":[{"count":0,"href":"https:\/\/www.bouquetdalella.com\/es\/wp-json\/wp\/v2\/product\/7985\/revisions"}],"wp:featuredmedia":[{"embeddable":true,"href":"https:\/\/www.bouquetdalella.com\/es\/wp-json\/wp\/v2\/media\/9847"}],"wp:attachment":[{"href":"https:\/\/www.bouquetdalella.com\/es\/wp-json\/wp\/v2\/media?parent=7985"}],"wp:term":[{"taxonomy":"product_brand","embeddable":true,"href":"https:\/\/www.bouquetdalella.com\/es\/wp-json\/wp\/v2\/product_brand?post=7985"},{"taxonomy":"product_cat","embeddable":true,"href":"https:\/\/www.bouquetdalella.com\/es\/wp-json\/wp\/v2\/product_cat?post=7985"},{"taxonomy":"product_tag","embeddable":true,"href":"https:\/\/www.bouquetdalella.com\/es\/wp-json\/wp\/v2\/product_tag?post=7985"}],"curies":[{"name":"wp","href":"https:\/\/api.w.org\/{rel}","templated":true}]}}