{"id":22580,"date":"2023-10-16T13:41:20","date_gmt":"2023-10-16T11:41:20","guid":{"rendered":"https:\/\/www.bouquetdalella.com\/?page_id=22580"},"modified":"2023-12-05T12:02:37","modified_gmt":"2023-12-05T11:02:37","slug":"contact-evenements","status":"publish","type":"page","link":"https:\/\/www.bouquetdalella.com\/fr\/contact-evenements\/","title":{"rendered":"Contact \u00e9v\u00e9nements"},"content":{"rendered":"\t\t<div data-elementor-type=\"wp-page\" data-elementor-id=\"22580\" class=\"elementor elementor-22580 elementor-22578\" data-elementor-post-type=\"page\">\n\t\t\t\t\t\t<section class=\"elementor-section elementor-top-section elementor-element elementor-element-3def5315 elementor-section-boxed elementor-section-height-default elementor-section-height-default\" data-id=\"3def5315\" data-element_type=\"section\" data-e-type=\"section\" id=\"form_reservar\" data-settings=\"{&quot;background_background&quot;:&quot;slideshow&quot;,&quot;background_slideshow_gallery&quot;:[],&quot;background_slideshow_slide_duration&quot;:5000,&quot;background_slideshow_slide_transition&quot;:&quot;fade&quot;,&quot;background_slideshow_transition_duration&quot;:500}\">\n\t\t\t\t\t\t<div class=\"elementor-container elementor-column-gap-default\">\n\t\t\t\t\t<div class=\"elementor-column elementor-col-100 elementor-top-column elementor-element elementor-element-2428e1c8\" data-id=\"2428e1c8\" data-element_type=\"column\" data-e-type=\"column\">\n\t\t\t<div class=\"elementor-widget-wrap elementor-element-populated\">\n\t\t\t\t\t\t<section class=\"elementor-section elementor-inner-section elementor-element elementor-element-6bef5fc6 elementor-section-boxed elementor-section-height-default elementor-section-height-default\" data-id=\"6bef5fc6\" data-element_type=\"section\" data-e-type=\"section\">\n\t\t\t\t\t\t<div class=\"elementor-container elementor-column-gap-default\">\n\t\t\t\t\t<div class=\"elementor-column elementor-col-33 elementor-inner-column elementor-element elementor-element-177f8f31\" data-id=\"177f8f31\" data-element_type=\"column\" data-e-type=\"column\">\n\t\t\t<div class=\"elementor-widget-wrap\">\n\t\t\t\t\t\t\t<\/div>\n\t\t<\/div>\n\t\t\t\t<div class=\"elementor-column elementor-col-33 elementor-inner-column elementor-element elementor-element-55f7e006\" data-id=\"55f7e006\" data-element_type=\"column\" data-e-type=\"column\">\n\t\t\t<div class=\"elementor-widget-wrap elementor-element-populated\">\n\t\t\t\t\t\t<div class=\"elementor-element elementor-element-27469e1c elementor-widget elementor-widget-text-editor\" data-id=\"27469e1c\" data-element_type=\"widget\" data-e-type=\"widget\" data-widget_type=\"text-editor.default\">\n\t\t\t\t<div class=\"elementor-widget-container\">\n\t\t\t\t\t\t\t\t\t<p><span style=\"font-family: Raleway,sans-serif; letter-spacing: .11em; text-transform: uppercase; font-size: 13px; font-weight: bold; line-height: 2em; color: #000;\">Laissez vos coordonn\u00e9es dans ce formulaire<\/span><\/p>\n\t\t\t\t\t\t\t\t<\/div>\n\t\t\t\t<\/div>\n\t\t\t\t<div class=\"elementor-element elementor-element-76f5e1c4 elementor-widget elementor-widget-text-editor\" data-id=\"76f5e1c4\" data-element_type=\"widget\" data-e-type=\"widget\" data-widget_type=\"text-editor.default\">\n\t\t\t\t<div class=\"elementor-widget-container\">\n\t\t\t\t\t\t\t\t\t<h2 style=\"font-size: 32px; line-height: 1.375em; font-family: Lustria,sans-serif; font-weight: 400; color: #000;\">Nous vous contacterons<\/h2 >\n\t\t\t\t\t\t\t\t<\/div>\n\t\t\t\t<\/div>\n\t\t\t\t<div class=\"elementor-element elementor-element-5539af85 elementor-widget elementor-widget-text-editor\" data-id=\"5539af85\" data-element_type=\"widget\" data-e-type=\"widget\" data-widget_type=\"text-editor.default\">\n\t\t\t\t<div class=\"elementor-widget-container\">\n\t\t\t\t\t\t\t\t\t<h4 style=\"font-size: 16px; line-height: 1.6em; font-family: Lustria, sans-serif; font-weight: 400; color: #000; text-align: center;\">Si vous pr\u00e9f\u00e9rez appelez-nous au<br \/>93 555 69 97 ou 607 83 35 92<\/h4>\n\t\t\t\t\t\t\t\t<\/div>\n\t\t\t\t<\/div>\n\t\t\t\t\t<\/div>\n\t\t<\/div>\n\t\t\t\t<div class=\"elementor-column elementor-col-33 elementor-inner-column elementor-element elementor-element-5deb1992\" data-id=\"5deb1992\" data-element_type=\"column\" data-e-type=\"column\">\n\t\t\t<div class=\"elementor-widget-wrap\">\n\t\t\t\t\t\t\t<\/div>\n\t\t<\/div>\n\t\t\t\t\t<\/div>\n\t\t<\/section>\n\t\t\t\t<section class=\"elementor-section elementor-inner-section elementor-element elementor-element-28a5e574 elementor-section-boxed elementor-section-height-default elementor-section-height-default\" data-id=\"28a5e574\" data-element_type=\"section\" data-e-type=\"section\">\n\t\t\t\t\t\t<div class=\"elementor-container elementor-column-gap-default\">\n\t\t\t\t\t<div class=\"elementor-column elementor-col-33 elementor-inner-column elementor-element elementor-element-6c45d51e\" data-id=\"6c45d51e\" data-element_type=\"column\" data-e-type=\"column\">\n\t\t\t<div class=\"elementor-widget-wrap\">\n\t\t\t\t\t\t\t<\/div>\n\t\t<\/div>\n\t\t\t\t<div class=\"elementor-column elementor-col-33 elementor-inner-column elementor-element elementor-element-490f9f64\" data-id=\"490f9f64\" data-element_type=\"column\" data-e-type=\"column\">\n\t\t\t<div class=\"elementor-widget-wrap elementor-element-populated\">\n\t\t\t\t\t\t<div class=\"elementor-element elementor-element-5b2b8f31 elementor-button-align-center elementor-widget elementor-widget-form\" data-id=\"5b2b8f31\" data-element_type=\"widget\" data-e-type=\"widget\" data-settings=\"{&quot;step_previous_label&quot;:&quot;Pr\\u00e9c\\u00e9dente&quot;,&quot;step_type&quot;:&quot;number_text&quot;,&quot;step_icon_shape&quot;:&quot;circle&quot;}\" data-widget_type=\"form.default\">\n\t\t\t\t<div class=\"elementor-widget-container\">\n\t\t\t\t\t\t\t<form class=\"elementor-form\" method=\"post\" name=\"New Form\" aria-label=\"New Form\">\n\t\t\t<input type=\"hidden\" name=\"post_id\" value=\"22580\"\/>\n\t\t\t<input type=\"hidden\" name=\"form_id\" value=\"5b2b8f31\"\/>\n\t\t\t<input type=\"hidden\" name=\"referer_title\" value=\"Contact \u00e9v\u00e9nements - Bouquet d&#039;Alella\" \/>\n\n\t\t\t\t\t\t\t<input type=\"hidden\" name=\"queried_id\" value=\"22580\"\/>\n\t\t\t\n\t\t\t<div class=\"elementor-form-fields-wrapper elementor-labels-above\">\n\t\t\t\t\t\t\t\t<div class=\"elementor-field-type-text elementor-field-group elementor-column elementor-field-group-name elementor-col-50\">\n\t\t\t\t\t\t\t\t\t\t\t\t\t<input size=\"1\" type=\"text\" name=\"form_fields[name]\" id=\"form-field-name\" class=\"elementor-field elementor-size-sm  elementor-field-textual\" placeholder=\"Pr\u00e9nom\">\n\t\t\t\t\t\t\t\t\t\t\t<\/div>\n\t\t\t\t\t\t\t\t<div class=\"elementor-field-type-email elementor-field-group elementor-column elementor-field-group-email elementor-col-50 elementor-field-required\">\n\t\t\t\t\t\t\t\t\t\t\t\t\t<input size=\"1\" type=\"email\" name=\"form_fields[email]\" id=\"form-field-email\" class=\"elementor-field elementor-size-sm  elementor-field-textual\" placeholder=\"Mail\" required=\"required\">\n\t\t\t\t\t\t\t\t\t\t\t<\/div>\n\t\t\t\t\t\t\t\t<div class=\"elementor-field-type-textarea elementor-field-group elementor-column elementor-field-group-message elementor-col-100\">\n\t\t\t\t\t<textarea class=\"elementor-field-textual elementor-field  elementor-size-sm\" name=\"form_fields[message]\" id=\"form-field-message\" rows=\"4\" placeholder=\"Message\"><\/textarea>\t\t\t\t<\/div>\n\t\t\t\t\t\t\t\t<div class=\"elementor-field-type-acceptance elementor-field-group elementor-column elementor-field-group-field_66b68b9 elementor-col-100 elementor-field-required\">\n\t\t\t\t\t\t\t<div class=\"elementor-field-subgroup\">\n\t\t\t<span class=\"elementor-field-option\">\n\t\t\t\t<input type=\"checkbox\" name=\"form_fields[field_66b68b9]\" id=\"form-field-field_66b68b9\" class=\"elementor-field elementor-size-sm  elementor-acceptance-field\" required=\"required\">\n\t\t\t\t<label for=\"form-field-field_66b68b9\">J'accepte d'avoir lu et accept\u00e9 la <a href=\"https:\/\/www.bouquetdalella.com\/en\/privacy-policy\/\">politique de confidentialit\u00e9<\/a><\/label>\t\t\t<\/span>\n\t\t<\/div>\n\t\t\t\t\t\t<\/div>\n\t\t\t\t\t\t\t\t<div class=\"elementor-field-type-recaptcha_v3 elementor-field-group elementor-column elementor-field-group-field_e03615a elementor-col-100 recaptcha_v3-bottomright\">\n\t\t\t\t\t<div class=\"elementor-field\" id=\"form-field-field_e03615a\"><div class=\"elementor-g-recaptcha\" data-sitekey=\"6LeMQloaAAAAABhkGl7JpuvV_XZeiYHZs_TAMAgt\" data-type=\"v3\" data-action=\"Form\" data-badge=\"bottomright\" data-size=\"invisible\"><\/div><\/div>\t\t\t\t<\/div>\n\t\t\t\t\t\t\t\t<div class=\"elementor-field-type-text\">\n\t\t\t\t\t<input size=\"1\" type=\"text\" name=\"form_fields[field_7f8fa6e]\" id=\"form-field-field_7f8fa6e\" class=\"elementor-field elementor-size-sm \" style=\"display:none !important;\">\t\t\t\t<\/div>\n\t\t\t\t\t\t\t\t<div class=\"elementor-field-group elementor-column elementor-field-type-submit elementor-col-100 e-form__buttons\">\n\t\t\t\t\t<button class=\"elementor-button elementor-size-xs\" type=\"submit\">\n\t\t\t\t\t\t<span class=\"elementor-button-content-wrapper\">\n\t\t\t\t\t\t\t\t\t\t\t\t\t\t\t\t\t\t\t\t\t\t<span class=\"elementor-button-text\">ENVOYER<\/span>\n\t\t\t\t\t\t\t\t\t\t\t\t\t<\/span>\n\t\t\t\t\t<\/button>\n\t\t\t\t<\/div>\n\t\t\t<\/div>\n\t\t<\/form>\n\t\t\t\t\t\t<\/div>\n\t\t\t\t<\/div>\n\t\t\t\t<div class=\"elementor-element elementor-element-31f9edf4 elementor-widget elementor-widget-text-editor\" data-id=\"31f9edf4\" data-element_type=\"widget\" data-e-type=\"widget\" data-widget_type=\"text-editor.default\">\n\t\t\t\t<div class=\"elementor-widget-container\">\n\t\t\t\t\t\t\t\t\t<\/p>\n<p><strong>RESPONSABLE DU TRAITEMENT\u00a0:<\/strong> BOUQUET D&rsquo;ALELLA, S.L.<br \/><strong>OBJECTIF\u00a0:<\/strong>1. R\u00e9pondre aux requ\u00eates et\/ou fournir les informations demand\u00e9es par l&rsquo;utilisateur.<br \/><strong>L\u00c9GITIMATION\u00a0:<\/strong> Consentement de l&rsquo;int\u00e9ress\u00e9 pour le chapitre pr\u00e9c\u00e9dent.<br \/><strong>MISSIONS\u00a0:<\/strong > Non des cessions sont pr\u00e9vues, sauf obligation l\u00e9gale ou exigence judiciaire.<br \/><strong>DROITS\u00a0:<\/strong> Acc\u00e8s, rectification, suppression, opposition, limitation, portabilit\u00e9, r\u00e9vocation du consentement. Si vous consid\u00e9rez que le traitement de vos donn\u00e9es n&rsquo;est pas conforme \u00e0 la r\u00e9glementation, vous pouvez vous adresser \u00e0 l&rsquo;Autorit\u00e9 de Contr\u00f4le (www.aepd.es).<br \/><strong>INFORMATIONS COMPL\u00c9MENTAIRES\u00a0:<\/strong> Consultez notre <a href =\"https:\/\/www.bouquetdalella.com\/fr\/privacy-policy\/\">politique de confidentialit\u00e9.<\/a><\/p>\n\t\t\t\t\t\t\t\t<\/div>\n\t\t\t\t<\/div>\n\t\t\t\t\t<\/div>\n\t\t<\/div>\n\t\t\t\t<div class=\"elementor-column elementor-col-33 elementor-inner-column elementor-element elementor-element-40b5f5b5\" data-id=\"40b5f5b5\" data-element_type=\"column\" data-e-type=\"column\">\n\t\t\t<div class=\"elementor-widget-wrap\">\n\t\t\t\t\t\t\t<\/div>\n\t\t<\/div>\n\t\t\t\t\t<\/div>\n\t\t<\/section>\n\t\t\t\t\t<\/div>\n\t\t<\/div>\n\t\t\t\t\t<\/div>\n\t\t<\/section>\n\t\t\t\t<section class=\"elementor-section elementor-inner-section elementor-element elementor-element-732cc9be elementor-section-boxed elementor-section-height-default elementor-section-height-default\" data-id=\"732cc9be\" data-element_type=\"section\" data-e-type=\"section\">\n\t\t\t\t\t\t<div class=\"elementor-container elementor-column-gap-default\">\n\t\t\t\t\t<div class=\"elementor-column elementor-col-33 elementor-inner-column elementor-element elementor-element-63278dca\" data-id=\"63278dca\" data-element_type=\"column\" data-e-type=\"column\">\n\t\t\t<div class=\"elementor-widget-wrap\">\n\t\t\t\t\t\t\t<\/div>\n\t\t<\/div>\n\t\t\t\t<div class=\"elementor-column elementor-col-33 elementor-inner-column elementor-element elementor-element-6b6f9b0e\" data-id=\"6b6f9b0e\" data-element_type=\"column\" data-e-type=\"column\">\n\t\t\t<div class=\"elementor-widget-wrap elementor-element-populated\">\n\t\t\t\t\t\t<div class=\"elementor-element elementor-element-3e4d44cf elementor-widget elementor-widget-text-editor\" data-id=\"3e4d44cf\" data-element_type=\"widget\" data-e-type=\"widget\" data-widget_type=\"text-editor.default\">\n\t\t\t\t<div class=\"elementor-widget-container\">\n\t\t\t\t\t\t\t\t\t<h4 style=\"font-size: 20px; line-height: 1.6em; font-family: Lustria, sans-serif; font-weight: 400; couleur: #000; text-align: center;\"><strong> <a href=\"https:\/\/www.bouquetdalella.com\/fr\/abonnement\/\">Abonnez-vous \u00e0 notre Newsletter pour rester inform\u00e9 de toute l&rsquo;actualit\u00e9 !<\/a><\/strong><\/h4>\n\t\t\t\t\t\t\t\t<\/div>\n\t\t\t\t<\/div>\n\t\t\t\t\t<\/div>\n\t\t<\/div>\n\t\t\t\t<div class=\"elementor-column elementor-col-33 elementor-inner-column elementor-element elementor-element-514f835d\" data-id=\"514f835d\" data-element_type=\"column\" data-e-type=\"column\">\n\t\t\t<div class=\"elementor-widget-wrap\">\n\t\t\t\t\t\t\t<\/div>\n\t\t<\/div>\n\t\t\t\t\t<\/div>\n\t\t<\/section>\n\t\t\t\t<\/div>\n\t\t","protected":false},"excerpt":{"rendered":"<p>Laissez vos coordonn\u00e9es dans ce formulaire Nous vous contacterons Si vous pr\u00e9f\u00e9rez appelez-nous au93 555 69 97 ou 607 83 35 92 RESPONSABLE DU TRAITEMENT\u00a0: BOUQUET D&rsquo;ALELLA, S.L.OBJECTIF\u00a0:1. R\u00e9pondre aux requ\u00eates et\/ou fournir les informations demand\u00e9es par l&rsquo;utilisateur.L\u00c9GITIMATION\u00a0: Consentement de l&rsquo;int\u00e9ress\u00e9 pour le chapitre pr\u00e9c\u00e9dent.MISSIONS\u00a0: Non des cessions sont pr\u00e9vues, sauf obligation l\u00e9gale ou exigence [&hellip;]<\/p>\n","protected":false},"author":1,"featured_media":0,"parent":0,"menu_order":0,"comment_status":"closed","ping_status":"closed","template":"","meta":{"footnotes":""},"class_list":["post-22580","page","type-page","status-publish","hentry"],"yoast_head":"<!-- This site is optimized with the Yoast SEO plugin v27.3 - https:\/\/yoast.com\/product\/yoast-seo-wordpress\/ -->\n<title>Contact \u00e9v\u00e9nements - Bouquet d&#039;Alella<\/title>\n<meta name=\"robots\" content=\"index, follow, max-snippet:-1, max-image-preview:large, max-video-preview:-1\" \/>\n<link rel=\"canonical\" href=\"https:\/\/www.bouquetdalella.com\/fr\/contact-evenements\/\" \/>\n<meta property=\"og:locale\" content=\"fr_FR\" \/>\n<meta property=\"og:type\" content=\"article\" \/>\n<meta property=\"og:title\" content=\"Contact \u00e9v\u00e9nements - Bouquet d&#039;Alella\" \/>\n<meta property=\"og:description\" content=\"Laissez vos coordonn\u00e9es dans ce formulaire Nous vous contacterons Si vous pr\u00e9f\u00e9rez appelez-nous au93 555 69 97 ou 607 83 35 92 RESPONSABLE DU TRAITEMENT\u00a0: BOUQUET D&rsquo;ALELLA, S.L.OBJECTIF\u00a0:1. R\u00e9pondre aux requ\u00eates et\/ou fournir les informations demand\u00e9es par l&rsquo;utilisateur.L\u00c9GITIMATION\u00a0: Consentement de l&rsquo;int\u00e9ress\u00e9 pour le chapitre pr\u00e9c\u00e9dent.MISSIONS\u00a0: Non des cessions sont pr\u00e9vues, sauf obligation l\u00e9gale ou exigence [&hellip;]\" \/>\n<meta property=\"og:url\" content=\"https:\/\/www.bouquetdalella.com\/fr\/contact-evenements\/\" \/>\n<meta property=\"og:site_name\" content=\"Bouquet d&#039;Alella\" \/>\n<meta property=\"article:modified_time\" content=\"2023-12-05T11:02:37+00:00\" \/>\n<meta name=\"twitter:card\" content=\"summary_large_image\" \/>\n<meta name=\"twitter:label1\" content=\"Dur\u00e9e de lecture estim\u00e9e\" \/>\n\t<meta name=\"twitter:data1\" content=\"1 minute\" \/>\n<script type=\"application\/ld+json\" class=\"yoast-schema-graph\">{\"@context\":\"https:\\\/\\\/schema.org\",\"@graph\":[{\"@type\":\"WebPage\",\"@id\":\"https:\\\/\\\/www.bouquetdalella.com\\\/fr\\\/contact-evenements\\\/\",\"url\":\"https:\\\/\\\/www.bouquetdalella.com\\\/fr\\\/contact-evenements\\\/\",\"name\":\"Contact \u00e9v\u00e9nements - Bouquet d&#039;Alella\",\"isPartOf\":{\"@id\":\"https:\\\/\\\/www.bouquetdalella.com\\\/fr\\\/#website\"},\"datePublished\":\"2023-10-16T11:41:20+00:00\",\"dateModified\":\"2023-12-05T11:02:37+00:00\",\"breadcrumb\":{\"@id\":\"https:\\\/\\\/www.bouquetdalella.com\\\/fr\\\/contact-evenements\\\/#breadcrumb\"},\"inLanguage\":\"fr-FR\",\"potentialAction\":[{\"@type\":\"ReadAction\",\"target\":[\"https:\\\/\\\/www.bouquetdalella.com\\\/fr\\\/contact-evenements\\\/\"]}]},{\"@type\":\"BreadcrumbList\",\"@id\":\"https:\\\/\\\/www.bouquetdalella.com\\\/fr\\\/contact-evenements\\\/#breadcrumb\",\"itemListElement\":[{\"@type\":\"ListItem\",\"position\":1,\"name\":\"Inici\",\"item\":\"https:\\\/\\\/www.bouquetdalella.com\\\/fr\\\/\"},{\"@type\":\"ListItem\",\"position\":2,\"name\":\"Contact \u00e9v\u00e9nements\"}]},{\"@type\":\"WebSite\",\"@id\":\"https:\\\/\\\/www.bouquetdalella.com\\\/fr\\\/#website\",\"url\":\"https:\\\/\\\/www.bouquetdalella.com\\\/fr\\\/\",\"name\":\"Bouquet d&#039;Alella\",\"description\":\"El Celler Bouquet d\u2019Alella neix amb la clara intenci\u00f3 d\u2019explotar dues vessants diferents per\u00f2 complement\u00e0ries en el mon del vi. Per una banda, la producci\u00f3n i venda de vins ecol\u00f2gics de qualitat i per l\u2019altra la promoci\u00f3 de l\u2019enoturisme.\",\"publisher\":{\"@id\":\"https:\\\/\\\/www.bouquetdalella.com\\\/fr\\\/#organization\"},\"potentialAction\":[{\"@type\":\"SearchAction\",\"target\":{\"@type\":\"EntryPoint\",\"urlTemplate\":\"https:\\\/\\\/www.bouquetdalella.com\\\/fr\\\/?s={search_term_string}\"},\"query-input\":{\"@type\":\"PropertyValueSpecification\",\"valueRequired\":true,\"valueName\":\"search_term_string\"}}],\"inLanguage\":\"fr-FR\"},{\"@type\":\"Organization\",\"@id\":\"https:\\\/\\\/www.bouquetdalella.com\\\/fr\\\/#organization\",\"name\":\"Bouquet d&#039;Alella\",\"url\":\"https:\\\/\\\/www.bouquetdalella.com\\\/fr\\\/\",\"logo\":{\"@type\":\"ImageObject\",\"inLanguage\":\"fr-FR\",\"@id\":\"https:\\\/\\\/www.bouquetdalella.com\\\/fr\\\/#\\\/schema\\\/logo\\\/image\\\/\",\"url\":\"https:\\\/\\\/www.bouquetdalella.com\\\/wp-content\\\/uploads\\\/2023\\\/04\\\/cropped-cropped-cropped-logo_bouquet_d_alella-2-300x53-1.png\",\"contentUrl\":\"https:\\\/\\\/www.bouquetdalella.com\\\/wp-content\\\/uploads\\\/2023\\\/04\\\/cropped-cropped-cropped-logo_bouquet_d_alella-2-300x53-1.png\",\"width\":300,\"height\":52,\"caption\":\"Bouquet d&#039;Alella\"},\"image\":{\"@id\":\"https:\\\/\\\/www.bouquetdalella.com\\\/fr\\\/#\\\/schema\\\/logo\\\/image\\\/\"}}]}<\/script>\n<!-- \/ Yoast SEO plugin. -->","yoast_head_json":{"title":"Contact \u00e9v\u00e9nements - Bouquet d&#039;Alella","robots":{"index":"index","follow":"follow","max-snippet":"max-snippet:-1","max-image-preview":"max-image-preview:large","max-video-preview":"max-video-preview:-1"},"canonical":"https:\/\/www.bouquetdalella.com\/fr\/contact-evenements\/","og_locale":"fr_FR","og_type":"article","og_title":"Contact \u00e9v\u00e9nements - Bouquet d&#039;Alella","og_description":"Laissez vos coordonn\u00e9es dans ce formulaire Nous vous contacterons Si vous pr\u00e9f\u00e9rez appelez-nous au93 555 69 97 ou 607 83 35 92 RESPONSABLE DU TRAITEMENT\u00a0: BOUQUET D&rsquo;ALELLA, S.L.OBJECTIF\u00a0:1. R\u00e9pondre aux requ\u00eates et\/ou fournir les informations demand\u00e9es par l&rsquo;utilisateur.L\u00c9GITIMATION\u00a0: Consentement de l&rsquo;int\u00e9ress\u00e9 pour le chapitre pr\u00e9c\u00e9dent.MISSIONS\u00a0: Non des cessions sont pr\u00e9vues, sauf obligation l\u00e9gale ou exigence [&hellip;]","og_url":"https:\/\/www.bouquetdalella.com\/fr\/contact-evenements\/","og_site_name":"Bouquet d&#039;Alella","article_modified_time":"2023-12-05T11:02:37+00:00","twitter_card":"summary_large_image","twitter_misc":{"Dur\u00e9e de lecture estim\u00e9e":"1 minute"},"schema":{"@context":"https:\/\/schema.org","@graph":[{"@type":"WebPage","@id":"https:\/\/www.bouquetdalella.com\/fr\/contact-evenements\/","url":"https:\/\/www.bouquetdalella.com\/fr\/contact-evenements\/","name":"Contact \u00e9v\u00e9nements - Bouquet d&#039;Alella","isPartOf":{"@id":"https:\/\/www.bouquetdalella.com\/fr\/#website"},"datePublished":"2023-10-16T11:41:20+00:00","dateModified":"2023-12-05T11:02:37+00:00","breadcrumb":{"@id":"https:\/\/www.bouquetdalella.com\/fr\/contact-evenements\/#breadcrumb"},"inLanguage":"fr-FR","potentialAction":[{"@type":"ReadAction","target":["https:\/\/www.bouquetdalella.com\/fr\/contact-evenements\/"]}]},{"@type":"BreadcrumbList","@id":"https:\/\/www.bouquetdalella.com\/fr\/contact-evenements\/#breadcrumb","itemListElement":[{"@type":"ListItem","position":1,"name":"Inici","item":"https:\/\/www.bouquetdalella.com\/fr\/"},{"@type":"ListItem","position":2,"name":"Contact \u00e9v\u00e9nements"}]},{"@type":"WebSite","@id":"https:\/\/www.bouquetdalella.com\/fr\/#website","url":"https:\/\/www.bouquetdalella.com\/fr\/","name":"Bouquet d&#039;Alella","description":"El Celler Bouquet d\u2019Alella neix amb la clara intenci\u00f3 d\u2019explotar dues vessants diferents per\u00f2 complement\u00e0ries en el mon del vi. Per una banda, la producci\u00f3n i venda de vins ecol\u00f2gics de qualitat i per l\u2019altra la promoci\u00f3 de l\u2019enoturisme.","publisher":{"@id":"https:\/\/www.bouquetdalella.com\/fr\/#organization"},"potentialAction":[{"@type":"SearchAction","target":{"@type":"EntryPoint","urlTemplate":"https:\/\/www.bouquetdalella.com\/fr\/?s={search_term_string}"},"query-input":{"@type":"PropertyValueSpecification","valueRequired":true,"valueName":"search_term_string"}}],"inLanguage":"fr-FR"},{"@type":"Organization","@id":"https:\/\/www.bouquetdalella.com\/fr\/#organization","name":"Bouquet d&#039;Alella","url":"https:\/\/www.bouquetdalella.com\/fr\/","logo":{"@type":"ImageObject","inLanguage":"fr-FR","@id":"https:\/\/www.bouquetdalella.com\/fr\/#\/schema\/logo\/image\/","url":"https:\/\/www.bouquetdalella.com\/wp-content\/uploads\/2023\/04\/cropped-cropped-cropped-logo_bouquet_d_alella-2-300x53-1.png","contentUrl":"https:\/\/www.bouquetdalella.com\/wp-content\/uploads\/2023\/04\/cropped-cropped-cropped-logo_bouquet_d_alella-2-300x53-1.png","width":300,"height":52,"caption":"Bouquet d&#039;Alella"},"image":{"@id":"https:\/\/www.bouquetdalella.com\/fr\/#\/schema\/logo\/image\/"}}]}},"_links":{"self":[{"href":"https:\/\/www.bouquetdalella.com\/fr\/wp-json\/wp\/v2\/pages\/22580","targetHints":{"allow":["GET"]}}],"collection":[{"href":"https:\/\/www.bouquetdalella.com\/fr\/wp-json\/wp\/v2\/pages"}],"about":[{"href":"https:\/\/www.bouquetdalella.com\/fr\/wp-json\/wp\/v2\/types\/page"}],"author":[{"embeddable":true,"href":"https:\/\/www.bouquetdalella.com\/fr\/wp-json\/wp\/v2\/users\/1"}],"replies":[{"embeddable":true,"href":"https:\/\/www.bouquetdalella.com\/fr\/wp-json\/wp\/v2\/comments?post=22580"}],"version-history":[{"count":0,"href":"https:\/\/www.bouquetdalella.com\/fr\/wp-json\/wp\/v2\/pages\/22580\/revisions"}],"wp:attachment":[{"href":"https:\/\/www.bouquetdalella.com\/fr\/wp-json\/wp\/v2\/media?parent=22580"}],"curies":[{"name":"wp","href":"https:\/\/api.w.org\/{rel}","templated":true}]}}