{"id":29942,"date":"2025-02-19T16:09:14","date_gmt":"2025-02-19T15:09:14","guid":{"rendered":"https:\/\/www.bouquetdalella.com\/?post_type=product&#038;p=29942"},"modified":"2026-02-27T08:44:33","modified_gmt":"2026-02-27T07:44:33","slug":"bouchees-de-printemps","status":"publish","type":"product","link":"https:\/\/www.bouquetdalella.com\/fr\/produit\/bouchees-de-printemps\/","title":{"rendered":"Bouch\u00e9es de printemps"},"content":{"rendered":"","protected":false},"excerpt":{"rendered":"<p><span style=\"font-weight: 400;\">Avec l\u2019arriv\u00e9e du printemps, nous voulons vous offrir les produits les plus tendres de la r\u00e9gion de la Maresme pour savourer les saveurs les plus d\u00e9licates. Comme toujours, accompagn\u00e9s de nos vins et avec des vues magnifiques.<\/span><\/p>\n<p><span style=\"font-weight: 400;\">Venez profiter de :<\/span><\/p>\n<p><b>Pois cr\u00e9meux avec sauge dans le beurre et filet de dorade<\/b><b><br \/>\n<\/b><i><span style=\"font-weight: 400;\">Bouquet d&rsquo;Alella Blanc 2024<\/span><\/i><\/p>\n<p><b>Mini brioche farcie au calmar saut\u00e9e avec de l&rsquo;a\u00efoli au citron<\/b><span style=\"font-weight: 400;\"><br \/>\n<\/span><i><span style=\"font-weight: 400;\">Bouquet d&rsquo;Alella Garnatxa negra 2024<\/span><\/i><\/p>\n<p><b>F\u00e8ves tendres avec origan et <\/b><b><i>pancetta <\/i><\/b><i><span style=\"font-weight: 400;\"><br \/>\n<\/span><\/i><i><span style=\"font-weight: 400;\">Bouquet d&rsquo;Alella Syrah 2023<\/span><\/i><\/p>\n<p><b>Mousse \u00e0 la fraise de Maresme<\/b><span style=\"font-weight: 400;\"><br \/>\n<\/span><i><span style=\"font-weight: 400;\">Bouquet d&rsquo;Alella Plaer Escum\u00f3s 2022<\/span><\/i><\/p>\n<p><b>Dates :<\/b><span style=\"font-weight: 400;\"> 8 et 22 mars \/ 12 et 26 avril \/ 10 et 24 mai<\/span><span style=\"font-weight: 400;\"><br \/>\n<\/span><b>Dur\u00e9e<\/b><span style=\"font-weight: 400;\"> : 12 h<\/span><span style=\"font-weight: 400;\"><br \/>\n<\/span><b>Dur\u00e9e <\/b><span style=\"font-weight: 400;\">: 1 h<\/span><span style=\"font-weight: 400;\"><br \/>\n<\/span><b>Prix <\/b><span style=\"font-weight: 400;\">: 35\u20ac<\/span><\/p>\n<p>&nbsp;<br \/>\n[fareharbor shortname=\"bouquetdalella\" fallback=\"simple\" full_items=\"yes\" flow=\"1393187\" items=\"631321\" type=\"responsive\" language=\"fr\"]<\/p>\n","protected":false},"featured_media":36070,"template":"","meta":[],"product_brand":[],"product_cat":[363],"product_tag":[390],"class_list":{"0":"post-29942","1":"product","2":"type-product","3":"status-publish","4":"has-post-thumbnail","6":"product_cat-reservable","7":"product_tag-fareharbor-fr","9":"first","10":"outofstock","11":"featured","12":"virtual","13":"taxable","14":"purchasable","15":"product-type-simple"},"yoast_head":"<!-- This site is optimized with the Yoast SEO plugin v27.3 - https:\/\/yoast.com\/product\/yoast-seo-wordpress\/ -->\n<title>Bouch\u00e9es de printemps - Bouquet d&#039;Alella<\/title>\n<meta name=\"description\" content=\"Vine a descobD\u00e9couvrez nos propositions de d\u00e9gustations de printemps.rir les nostres propostes de tastets especials de primavera.\" \/>\n<meta name=\"robots\" content=\"index, follow, max-snippet:-1, max-image-preview:large, max-video-preview:-1\" \/>\n<link rel=\"canonical\" href=\"https:\/\/www.bouquetdalella.com\/fr\/produit\/bouchees-de-printemps\/\" \/>\n<meta property=\"og:locale\" content=\"fr_FR\" \/>\n<meta property=\"og:type\" content=\"article\" \/>\n<meta property=\"og:title\" content=\"Bouch\u00e9es de printemps - Bouquet d&#039;Alella\" \/>\n<meta property=\"og:description\" content=\"Vine a descobD\u00e9couvrez nos propositions de d\u00e9gustations de printemps.rir les nostres propostes de tastets especials de primavera.\" \/>\n<meta property=\"og:url\" content=\"https:\/\/www.bouquetdalella.com\/fr\/produit\/bouchees-de-printemps\/\" \/>\n<meta property=\"og:site_name\" content=\"Bouquet d&#039;Alella\" \/>\n<meta property=\"article:modified_time\" content=\"2026-02-27T07:44:33+00:00\" \/>\n<meta property=\"og:image\" content=\"https:\/\/www.bouquetdalella.com\/wp-content\/uploads\/2025\/02\/tastets-primavera01.webp\" \/>\n\t<meta property=\"og:image:width\" content=\"1390\" \/>\n\t<meta property=\"og:image:height\" content=\"1758\" \/>\n\t<meta property=\"og:image:type\" content=\"image\/webp\" \/>\n<meta name=\"twitter:card\" content=\"summary_large_image\" \/>\n<meta name=\"twitter:label1\" content=\"Dur\u00e9e de lecture estim\u00e9e\" \/>\n\t<meta name=\"twitter:data1\" content=\"1 minute\" \/>\n<script type=\"application\/ld+json\" class=\"yoast-schema-graph\">{\"@context\":\"https:\\\/\\\/schema.org\",\"@graph\":[{\"@type\":\"WebPage\",\"@id\":\"https:\\\/\\\/www.bouquetdalella.com\\\/fr\\\/produit\\\/bouchees-de-printemps\\\/\",\"url\":\"https:\\\/\\\/www.bouquetdalella.com\\\/fr\\\/produit\\\/bouchees-de-printemps\\\/\",\"name\":\"Bouch\u00e9es de printemps - Bouquet d&#039;Alella\",\"isPartOf\":{\"@id\":\"https:\\\/\\\/www.bouquetdalella.com\\\/fr\\\/#website\"},\"primaryImageOfPage\":{\"@id\":\"https:\\\/\\\/www.bouquetdalella.com\\\/fr\\\/produit\\\/bouchees-de-printemps\\\/#primaryimage\"},\"image\":{\"@id\":\"https:\\\/\\\/www.bouquetdalella.com\\\/fr\\\/produit\\\/bouchees-de-printemps\\\/#primaryimage\"},\"thumbnailUrl\":\"https:\\\/\\\/www.bouquetdalella.com\\\/wp-content\\\/uploads\\\/2025\\\/02\\\/tastets-primavera01.webp\",\"datePublished\":\"2025-02-19T15:09:14+00:00\",\"dateModified\":\"2026-02-27T07:44:33+00:00\",\"description\":\"Vine a descobD\u00e9couvrez nos propositions de d\u00e9gustations de printemps.rir les nostres propostes de tastets especials de primavera.\",\"breadcrumb\":{\"@id\":\"https:\\\/\\\/www.bouquetdalella.com\\\/fr\\\/produit\\\/bouchees-de-printemps\\\/#breadcrumb\"},\"inLanguage\":\"fr-FR\",\"potentialAction\":[{\"@type\":\"ReadAction\",\"target\":[\"https:\\\/\\\/www.bouquetdalella.com\\\/fr\\\/produit\\\/bouchees-de-printemps\\\/\"]}]},{\"@type\":\"ImageObject\",\"inLanguage\":\"fr-FR\",\"@id\":\"https:\\\/\\\/www.bouquetdalella.com\\\/fr\\\/produit\\\/bouchees-de-printemps\\\/#primaryimage\",\"url\":\"https:\\\/\\\/www.bouquetdalella.com\\\/wp-content\\\/uploads\\\/2025\\\/02\\\/tastets-primavera01.webp\",\"contentUrl\":\"https:\\\/\\\/www.bouquetdalella.com\\\/wp-content\\\/uploads\\\/2025\\\/02\\\/tastets-primavera01.webp\",\"width\":1390,\"height\":1758},{\"@type\":\"BreadcrumbList\",\"@id\":\"https:\\\/\\\/www.bouquetdalella.com\\\/fr\\\/produit\\\/bouchees-de-printemps\\\/#breadcrumb\",\"itemListElement\":[{\"@type\":\"ListItem\",\"position\":1,\"name\":\"Inici\",\"item\":\"https:\\\/\\\/www.bouquetdalella.com\\\/fr\\\/\"},{\"@type\":\"ListItem\",\"position\":2,\"name\":\"Boutique\",\"item\":\"https:\\\/\\\/www.bouquetdalella.com\\\/fr\\\/boutique\\\/\"},{\"@type\":\"ListItem\",\"position\":3,\"name\":\"Bouch\u00e9es de printemps\"}]},{\"@type\":\"WebSite\",\"@id\":\"https:\\\/\\\/www.bouquetdalella.com\\\/fr\\\/#website\",\"url\":\"https:\\\/\\\/www.bouquetdalella.com\\\/fr\\\/\",\"name\":\"Bouquet d&#039;Alella\",\"description\":\"El Celler Bouquet d\u2019Alella neix amb la clara intenci\u00f3 d\u2019explotar dues vessants diferents per\u00f2 complement\u00e0ries en el mon del vi. Per una banda, la producci\u00f3n i venda de vins ecol\u00f2gics de qualitat i per l\u2019altra la promoci\u00f3 de l\u2019enoturisme.\",\"publisher\":{\"@id\":\"https:\\\/\\\/www.bouquetdalella.com\\\/fr\\\/#organization\"},\"potentialAction\":[{\"@type\":\"SearchAction\",\"target\":{\"@type\":\"EntryPoint\",\"urlTemplate\":\"https:\\\/\\\/www.bouquetdalella.com\\\/fr\\\/?s={search_term_string}\"},\"query-input\":{\"@type\":\"PropertyValueSpecification\",\"valueRequired\":true,\"valueName\":\"search_term_string\"}}],\"inLanguage\":\"fr-FR\"},{\"@type\":\"Organization\",\"@id\":\"https:\\\/\\\/www.bouquetdalella.com\\\/fr\\\/#organization\",\"name\":\"Bouquet d&#039;Alella\",\"url\":\"https:\\\/\\\/www.bouquetdalella.com\\\/fr\\\/\",\"logo\":{\"@type\":\"ImageObject\",\"inLanguage\":\"fr-FR\",\"@id\":\"https:\\\/\\\/www.bouquetdalella.com\\\/fr\\\/#\\\/schema\\\/logo\\\/image\\\/\",\"url\":\"https:\\\/\\\/www.bouquetdalella.com\\\/wp-content\\\/uploads\\\/2023\\\/04\\\/cropped-cropped-cropped-logo_bouquet_d_alella-2-300x53-1.png\",\"contentUrl\":\"https:\\\/\\\/www.bouquetdalella.com\\\/wp-content\\\/uploads\\\/2023\\\/04\\\/cropped-cropped-cropped-logo_bouquet_d_alella-2-300x53-1.png\",\"width\":300,\"height\":52,\"caption\":\"Bouquet d&#039;Alella\"},\"image\":{\"@id\":\"https:\\\/\\\/www.bouquetdalella.com\\\/fr\\\/#\\\/schema\\\/logo\\\/image\\\/\"}}]}<\/script>\n<!-- \/ Yoast SEO plugin. -->","yoast_head_json":{"title":"Bouch\u00e9es de printemps - Bouquet d&#039;Alella","description":"Vine a descobD\u00e9couvrez nos propositions de d\u00e9gustations de printemps.rir les nostres propostes de tastets especials de primavera.","robots":{"index":"index","follow":"follow","max-snippet":"max-snippet:-1","max-image-preview":"max-image-preview:large","max-video-preview":"max-video-preview:-1"},"canonical":"https:\/\/www.bouquetdalella.com\/fr\/produit\/bouchees-de-printemps\/","og_locale":"fr_FR","og_type":"article","og_title":"Bouch\u00e9es de printemps - Bouquet d&#039;Alella","og_description":"Vine a descobD\u00e9couvrez nos propositions de d\u00e9gustations de printemps.rir les nostres propostes de tastets especials de primavera.","og_url":"https:\/\/www.bouquetdalella.com\/fr\/produit\/bouchees-de-printemps\/","og_site_name":"Bouquet d&#039;Alella","article_modified_time":"2026-02-27T07:44:33+00:00","og_image":[{"width":1390,"height":1758,"url":"https:\/\/www.bouquetdalella.com\/wp-content\/uploads\/2025\/02\/tastets-primavera01.webp","type":"image\/webp"}],"twitter_card":"summary_large_image","twitter_misc":{"Dur\u00e9e de lecture estim\u00e9e":"1 minute"},"schema":{"@context":"https:\/\/schema.org","@graph":[{"@type":"WebPage","@id":"https:\/\/www.bouquetdalella.com\/fr\/produit\/bouchees-de-printemps\/","url":"https:\/\/www.bouquetdalella.com\/fr\/produit\/bouchees-de-printemps\/","name":"Bouch\u00e9es de printemps - Bouquet d&#039;Alella","isPartOf":{"@id":"https:\/\/www.bouquetdalella.com\/fr\/#website"},"primaryImageOfPage":{"@id":"https:\/\/www.bouquetdalella.com\/fr\/produit\/bouchees-de-printemps\/#primaryimage"},"image":{"@id":"https:\/\/www.bouquetdalella.com\/fr\/produit\/bouchees-de-printemps\/#primaryimage"},"thumbnailUrl":"https:\/\/www.bouquetdalella.com\/wp-content\/uploads\/2025\/02\/tastets-primavera01.webp","datePublished":"2025-02-19T15:09:14+00:00","dateModified":"2026-02-27T07:44:33+00:00","description":"Vine a descobD\u00e9couvrez nos propositions de d\u00e9gustations de printemps.rir les nostres propostes de tastets especials de primavera.","breadcrumb":{"@id":"https:\/\/www.bouquetdalella.com\/fr\/produit\/bouchees-de-printemps\/#breadcrumb"},"inLanguage":"fr-FR","potentialAction":[{"@type":"ReadAction","target":["https:\/\/www.bouquetdalella.com\/fr\/produit\/bouchees-de-printemps\/"]}]},{"@type":"ImageObject","inLanguage":"fr-FR","@id":"https:\/\/www.bouquetdalella.com\/fr\/produit\/bouchees-de-printemps\/#primaryimage","url":"https:\/\/www.bouquetdalella.com\/wp-content\/uploads\/2025\/02\/tastets-primavera01.webp","contentUrl":"https:\/\/www.bouquetdalella.com\/wp-content\/uploads\/2025\/02\/tastets-primavera01.webp","width":1390,"height":1758},{"@type":"BreadcrumbList","@id":"https:\/\/www.bouquetdalella.com\/fr\/produit\/bouchees-de-printemps\/#breadcrumb","itemListElement":[{"@type":"ListItem","position":1,"name":"Inici","item":"https:\/\/www.bouquetdalella.com\/fr\/"},{"@type":"ListItem","position":2,"name":"Boutique","item":"https:\/\/www.bouquetdalella.com\/fr\/boutique\/"},{"@type":"ListItem","position":3,"name":"Bouch\u00e9es de printemps"}]},{"@type":"WebSite","@id":"https:\/\/www.bouquetdalella.com\/fr\/#website","url":"https:\/\/www.bouquetdalella.com\/fr\/","name":"Bouquet d&#039;Alella","description":"El Celler Bouquet d\u2019Alella neix amb la clara intenci\u00f3 d\u2019explotar dues vessants diferents per\u00f2 complement\u00e0ries en el mon del vi. Per una banda, la producci\u00f3n i venda de vins ecol\u00f2gics de qualitat i per l\u2019altra la promoci\u00f3 de l\u2019enoturisme.","publisher":{"@id":"https:\/\/www.bouquetdalella.com\/fr\/#organization"},"potentialAction":[{"@type":"SearchAction","target":{"@type":"EntryPoint","urlTemplate":"https:\/\/www.bouquetdalella.com\/fr\/?s={search_term_string}"},"query-input":{"@type":"PropertyValueSpecification","valueRequired":true,"valueName":"search_term_string"}}],"inLanguage":"fr-FR"},{"@type":"Organization","@id":"https:\/\/www.bouquetdalella.com\/fr\/#organization","name":"Bouquet d&#039;Alella","url":"https:\/\/www.bouquetdalella.com\/fr\/","logo":{"@type":"ImageObject","inLanguage":"fr-FR","@id":"https:\/\/www.bouquetdalella.com\/fr\/#\/schema\/logo\/image\/","url":"https:\/\/www.bouquetdalella.com\/wp-content\/uploads\/2023\/04\/cropped-cropped-cropped-logo_bouquet_d_alella-2-300x53-1.png","contentUrl":"https:\/\/www.bouquetdalella.com\/wp-content\/uploads\/2023\/04\/cropped-cropped-cropped-logo_bouquet_d_alella-2-300x53-1.png","width":300,"height":52,"caption":"Bouquet d&#039;Alella"},"image":{"@id":"https:\/\/www.bouquetdalella.com\/fr\/#\/schema\/logo\/image\/"}}]}},"_links":{"self":[{"href":"https:\/\/www.bouquetdalella.com\/fr\/wp-json\/wp\/v2\/product\/29942","targetHints":{"allow":["GET"]}}],"collection":[{"href":"https:\/\/www.bouquetdalella.com\/fr\/wp-json\/wp\/v2\/product"}],"about":[{"href":"https:\/\/www.bouquetdalella.com\/fr\/wp-json\/wp\/v2\/types\/product"}],"version-history":[{"count":5,"href":"https:\/\/www.bouquetdalella.com\/fr\/wp-json\/wp\/v2\/product\/29942\/revisions"}],"predecessor-version":[{"id":36361,"href":"https:\/\/www.bouquetdalella.com\/fr\/wp-json\/wp\/v2\/product\/29942\/revisions\/36361"}],"wp:featuredmedia":[{"embeddable":true,"href":"https:\/\/www.bouquetdalella.com\/fr\/wp-json\/wp\/v2\/media\/36070"}],"wp:attachment":[{"href":"https:\/\/www.bouquetdalella.com\/fr\/wp-json\/wp\/v2\/media?parent=29942"}],"wp:term":[{"taxonomy":"product_brand","embeddable":true,"href":"https:\/\/www.bouquetdalella.com\/fr\/wp-json\/wp\/v2\/product_brand?post=29942"},{"taxonomy":"product_cat","embeddable":true,"href":"https:\/\/www.bouquetdalella.com\/fr\/wp-json\/wp\/v2\/product_cat?post=29942"},{"taxonomy":"product_tag","embeddable":true,"href":"https:\/\/www.bouquetdalella.com\/fr\/wp-json\/wp\/v2\/product_tag?post=29942"}],"curies":[{"name":"wp","href":"https:\/\/api.w.org\/{rel}","templated":true}]}}