{"id":29970,"date":"2025-02-17T11:24:49","date_gmt":"2025-02-17T10:24:49","guid":{"rendered":"https:\/\/www.bouquetdalella.com\/?post_type=product&#038;p=29970"},"modified":"2026-04-02T09:43:59","modified_gmt":"2026-04-02T07:43:59","slug":"petit-dejeuner-a-la-fourchette-atelier-de-taille-verte","status":"publish","type":"product","link":"https:\/\/www.bouquetdalella.com\/fr\/produit\/petit-dejeuner-a-la-fourchette-atelier-de-taille-verte\/","title":{"rendered":"Petit-d\u00e9jeuner \u00e0 la fourchette avec atelier de taille verte"},"content":{"rendered":"\t\t<div data-elementor-type=\"product-post\" data-elementor-id=\"29970\" class=\"elementor elementor-29970 elementor-29968\" data-elementor-post-type=\"product\">\n\t\t\t\t\t\t<section class=\"elementor-section elementor-top-section elementor-element elementor-element-3ed182d6 elementor-section-boxed elementor-section-height-default elementor-section-height-default\" data-id=\"3ed182d6\" data-element_type=\"section\" data-e-type=\"section\">\n\t\t\t\t\t\t<div class=\"elementor-container elementor-column-gap-default\">\n\t\t\t\t\t<div class=\"elementor-column elementor-col-100 elementor-top-column elementor-element elementor-element-12560738\" data-id=\"12560738\" data-element_type=\"column\" data-e-type=\"column\">\n\t\t\t<div class=\"elementor-widget-wrap elementor-element-populated\">\n\t\t\t\t\t\t\t<\/div>\n\t\t<\/div>\n\t\t\t\t\t<\/div>\n\t\t<\/section>\n\t\t\t\t<\/div>\n\t\t","protected":false},"excerpt":{"rendered":"<p>La taille verte est cruciale pour les vignerons, car elle leur permet de contr\u00f4ler la croissance de la vigne et la qualit\u00e9 des raisins.<\/p>\n<p><strong><em>Qu&rsquo;est-ce que tu vas faire ?<\/em><\/strong><\/p>\n<p>Vous commencerez l&rsquo;atelier par une formation th\u00e9orique pour apprendre l&rsquo;un des m\u00e9tiers les plus importants de l&rsquo;ann\u00e9e, r\u00e9alis\u00e9 manuellement et avec soin.<\/p>\n<p>Ensuite, vous irez au vignoble et, guid\u00e9 par nos vignerons, apprendrez \u00e0 r\u00e9aliser la taille verte.<\/p>\n<p>Enfin, l\u2019activit\u00e9 se termine par un d\u00e9licieux petit-d\u00e9jeuner \u00e0 la fourchette accompagn\u00e9 de nos vins bio, avec vue sur la mer et le vignoble et un environnement unique.<\/p>\n<p>Le petit-d\u00e9jeuner se compose de 4 plats et 4 vins :<\/p>\n<p><strong>Soupe froide de fraises Maresme avec des fleurs de fenouil de nos champs<\/strong><\/p>\n<p><em>Bouquet d\u2019Alella Pansa Blanca 2024<\/em><\/p>\n<p><strong>\u00a0<\/strong><\/p>\n<p><strong>Cr\u00eapes \u00e0 la brandade sur des poivrons r\u00f4tis et des tomates d\u00e9shydrat\u00e9es<\/strong><\/p>\n<p><em>Bouquet d\u2019Alella Ancestral Matar\u00f3 2025<\/em><\/p>\n<p><strong>\u00a0<\/strong><\/p>\n<p><strong>Haricots de Santa Pau avec saucisse et blettes<\/strong><\/p>\n<p><em>Bouquet d\u2019Alella Syrah 2023 <\/em><\/p>\n<p><strong>\u00a0<\/strong><\/p>\n<p><strong>Parfait aux myrtilles, framboise et amande<\/strong><\/p>\n<p><em>Bouquet d\u2019Alella Plaer Escum\u00f3s 2022<\/em><\/p>\n<p>&nbsp;<\/p>\n<p><strong>L&rsquo;activit\u00e9 comprend :<\/strong><br \/>\n\u2022 Atelier de taille verte<br \/>\n\u2022 Petit-d\u00e9jeuner fourchette accompagn\u00e9 des vins de Bouquet d&rsquo;Aella<br \/>\n\u2022 Eau, dessert et caf\u00e9<br \/>\n\u2022 Visite guid\u00e9e des vignobles et du domaine<\/p>\n<p><strong>Dur\u00e9e :<\/strong> 3 heures<br \/>\n<strong>Date :<\/strong> 3 mai 2026<br \/>\n<strong>D\u00e9but :<\/strong> 10h00<br \/>\n<strong>Prix :<\/strong> 65 \u20ac (TVA incluse)<\/p>\n<p>&nbsp;<\/p>\n[fareharbor shortname=\"bouquetdalella\" fallback=\"simple\" full_items=\"yes\" flow=\"1393187\" items=\"631319\" type=\"responsive\" language=\"fr\"]\n","protected":false},"featured_media":37134,"template":"","meta":[],"product_brand":[],"product_cat":[363],"product_tag":[390],"class_list":{"0":"post-29970","1":"product","2":"type-product","3":"status-publish","4":"has-post-thumbnail","6":"product_cat-reservable","7":"product_tag-fareharbor-fr","9":"first","10":"outofstock","11":"virtual","12":"taxable","13":"purchasable","14":"product-type-simple"},"yoast_head":"<!-- This site is optimized with the Yoast SEO plugin v27.3 - https:\/\/yoast.com\/product\/yoast-seo-wordpress\/ -->\n<title>Petit-d\u00e9jeuner \u00e0 la fourchette avec atelier de taille verte - Bouquet d&#039;Alella<\/title>\n<meta name=\"robots\" content=\"index, follow, max-snippet:-1, max-image-preview:large, max-video-preview:-1\" \/>\n<link rel=\"canonical\" href=\"https:\/\/www.bouquetdalella.com\/fr\/produit\/petit-dejeuner-a-la-fourchette-atelier-de-taille-verte\/\" \/>\n<meta property=\"og:locale\" content=\"fr_FR\" \/>\n<meta property=\"og:type\" content=\"article\" \/>\n<meta property=\"og:title\" content=\"Petit-d\u00e9jeuner \u00e0 la fourchette avec atelier de taille verte - Bouquet d&#039;Alella\" \/>\n<meta property=\"og:description\" content=\"La taille verte est cruciale pour les vignerons, car elle leur permet de contr\u00f4ler la croissance de la vigne et la qualit\u00e9 des raisins.  Qu&#039;est-ce que tu vas faire ?  Vous commencerez l&#039;atelier par une formation th\u00e9orique pour apprendre l&#039;un des m\u00e9tiers les plus importants de l&#039;ann\u00e9e, r\u00e9alis\u00e9 manuellement et avec soin.  Ensuite, vous irez au vignoble et, guid\u00e9 par nos vignerons, apprendrez \u00e0 r\u00e9aliser la taille verte.  Enfin, l\u2019activit\u00e9 se termine par un d\u00e9licieux petit-d\u00e9jeuner \u00e0 la fourchette accompagn\u00e9 de nos vins bio, avec vue sur la mer et le vignoble et un environnement unique.  Le petit-d\u00e9jeuner se compose de 4 plats et 4 vins :  Soupe froide de fraises Maresme avec des fleurs de fenouil de nos champs  Bouquet d\u2019Alella Pansa Blanca 2024  \u00a0  Cr\u00eapes \u00e0 la brandade sur des poivrons r\u00f4tis et des tomates d\u00e9shydrat\u00e9es  Bouquet d\u2019Alella Ancestral Matar\u00f3 2025  \u00a0  Haricots de Santa Pau avec saucisse et blettes  Bouquet d\u2019Alella Syrah 2023   \u00a0  Parfait aux myrtilles, framboise et amande  Bouquet d\u2019Alella Plaer Escum\u00f3s 2022  &nbsp;  L&#039;activit\u00e9 comprend : \u2022 Atelier de taille verte \u2022 Petit-d\u00e9jeuner fourchette accompagn\u00e9 des vins de Bouquet d&#039;Aella \u2022 Eau, dessert et caf\u00e9 \u2022 Visite guid\u00e9e des vignobles et du domaine  Dur\u00e9e : 3 heures Date : 3 mai 2026 D\u00e9but : 10h00 Prix : 65 \u20ac (TVA incluse)  &nbsp;\" \/>\n<meta property=\"og:url\" content=\"https:\/\/www.bouquetdalella.com\/fr\/produit\/petit-dejeuner-a-la-fourchette-atelier-de-taille-verte\/\" \/>\n<meta property=\"og:site_name\" content=\"Bouquet d&#039;Alella\" \/>\n<meta property=\"article:modified_time\" content=\"2026-04-02T07:43:59+00:00\" \/>\n<meta property=\"og:image\" content=\"https:\/\/www.bouquetdalella.com\/wp-content\/uploads\/2025\/02\/Poda-en-vert-01.webp\" \/>\n\t<meta property=\"og:image:width\" content=\"1200\" \/>\n\t<meta property=\"og:image:height\" content=\"800\" \/>\n\t<meta property=\"og:image:type\" content=\"image\/webp\" \/>\n<meta name=\"twitter:card\" content=\"summary_large_image\" \/>\n<meta name=\"twitter:label1\" content=\"Dur\u00e9e de lecture estim\u00e9e\" \/>\n\t<meta name=\"twitter:data1\" content=\"1 minute\" \/>\n<script type=\"application\/ld+json\" class=\"yoast-schema-graph\">{\"@context\":\"https:\\\/\\\/schema.org\",\"@graph\":[{\"@type\":\"WebPage\",\"@id\":\"https:\\\/\\\/www.bouquetdalella.com\\\/fr\\\/produit\\\/petit-dejeuner-a-la-fourchette-atelier-de-taille-verte\\\/\",\"url\":\"https:\\\/\\\/www.bouquetdalella.com\\\/fr\\\/produit\\\/petit-dejeuner-a-la-fourchette-atelier-de-taille-verte\\\/\",\"name\":\"Petit-d\u00e9jeuner \u00e0 la fourchette avec atelier de taille verte - Bouquet d&#039;Alella\",\"isPartOf\":{\"@id\":\"https:\\\/\\\/www.bouquetdalella.com\\\/fr\\\/#website\"},\"primaryImageOfPage\":{\"@id\":\"https:\\\/\\\/www.bouquetdalella.com\\\/fr\\\/produit\\\/petit-dejeuner-a-la-fourchette-atelier-de-taille-verte\\\/#primaryimage\"},\"image\":{\"@id\":\"https:\\\/\\\/www.bouquetdalella.com\\\/fr\\\/produit\\\/petit-dejeuner-a-la-fourchette-atelier-de-taille-verte\\\/#primaryimage\"},\"thumbnailUrl\":\"https:\\\/\\\/www.bouquetdalella.com\\\/wp-content\\\/uploads\\\/2025\\\/02\\\/Poda-en-vert-01.webp\",\"datePublished\":\"2025-02-17T10:24:49+00:00\",\"dateModified\":\"2026-04-02T07:43:59+00:00\",\"breadcrumb\":{\"@id\":\"https:\\\/\\\/www.bouquetdalella.com\\\/fr\\\/produit\\\/petit-dejeuner-a-la-fourchette-atelier-de-taille-verte\\\/#breadcrumb\"},\"inLanguage\":\"fr-FR\",\"potentialAction\":[{\"@type\":\"ReadAction\",\"target\":[\"https:\\\/\\\/www.bouquetdalella.com\\\/fr\\\/produit\\\/petit-dejeuner-a-la-fourchette-atelier-de-taille-verte\\\/\"]}]},{\"@type\":\"ImageObject\",\"inLanguage\":\"fr-FR\",\"@id\":\"https:\\\/\\\/www.bouquetdalella.com\\\/fr\\\/produit\\\/petit-dejeuner-a-la-fourchette-atelier-de-taille-verte\\\/#primaryimage\",\"url\":\"https:\\\/\\\/www.bouquetdalella.com\\\/wp-content\\\/uploads\\\/2025\\\/02\\\/Poda-en-vert-01.webp\",\"contentUrl\":\"https:\\\/\\\/www.bouquetdalella.com\\\/wp-content\\\/uploads\\\/2025\\\/02\\\/Poda-en-vert-01.webp\",\"width\":1200,\"height\":800},{\"@type\":\"BreadcrumbList\",\"@id\":\"https:\\\/\\\/www.bouquetdalella.com\\\/fr\\\/produit\\\/petit-dejeuner-a-la-fourchette-atelier-de-taille-verte\\\/#breadcrumb\",\"itemListElement\":[{\"@type\":\"ListItem\",\"position\":1,\"name\":\"Inici\",\"item\":\"https:\\\/\\\/www.bouquetdalella.com\\\/fr\\\/\"},{\"@type\":\"ListItem\",\"position\":2,\"name\":\"Boutique\",\"item\":\"https:\\\/\\\/www.bouquetdalella.com\\\/fr\\\/boutique\\\/\"},{\"@type\":\"ListItem\",\"position\":3,\"name\":\"Petit-d\u00e9jeuner \u00e0 la fourchette avec atelier de taille verte\"}]},{\"@type\":\"WebSite\",\"@id\":\"https:\\\/\\\/www.bouquetdalella.com\\\/fr\\\/#website\",\"url\":\"https:\\\/\\\/www.bouquetdalella.com\\\/fr\\\/\",\"name\":\"Bouquet d&#039;Alella\",\"description\":\"El Celler Bouquet d\u2019Alella neix amb la clara intenci\u00f3 d\u2019explotar dues vessants diferents per\u00f2 complement\u00e0ries en el mon del vi. Per una banda, la producci\u00f3n i venda de vins ecol\u00f2gics de qualitat i per l\u2019altra la promoci\u00f3 de l\u2019enoturisme.\",\"publisher\":{\"@id\":\"https:\\\/\\\/www.bouquetdalella.com\\\/fr\\\/#organization\"},\"potentialAction\":[{\"@type\":\"SearchAction\",\"target\":{\"@type\":\"EntryPoint\",\"urlTemplate\":\"https:\\\/\\\/www.bouquetdalella.com\\\/fr\\\/?s={search_term_string}\"},\"query-input\":{\"@type\":\"PropertyValueSpecification\",\"valueRequired\":true,\"valueName\":\"search_term_string\"}}],\"inLanguage\":\"fr-FR\"},{\"@type\":\"Organization\",\"@id\":\"https:\\\/\\\/www.bouquetdalella.com\\\/fr\\\/#organization\",\"name\":\"Bouquet d&#039;Alella\",\"url\":\"https:\\\/\\\/www.bouquetdalella.com\\\/fr\\\/\",\"logo\":{\"@type\":\"ImageObject\",\"inLanguage\":\"fr-FR\",\"@id\":\"https:\\\/\\\/www.bouquetdalella.com\\\/fr\\\/#\\\/schema\\\/logo\\\/image\\\/\",\"url\":\"https:\\\/\\\/www.bouquetdalella.com\\\/wp-content\\\/uploads\\\/2023\\\/04\\\/cropped-cropped-cropped-logo_bouquet_d_alella-2-300x53-1.png\",\"contentUrl\":\"https:\\\/\\\/www.bouquetdalella.com\\\/wp-content\\\/uploads\\\/2023\\\/04\\\/cropped-cropped-cropped-logo_bouquet_d_alella-2-300x53-1.png\",\"width\":300,\"height\":52,\"caption\":\"Bouquet d&#039;Alella\"},\"image\":{\"@id\":\"https:\\\/\\\/www.bouquetdalella.com\\\/fr\\\/#\\\/schema\\\/logo\\\/image\\\/\"}}]}<\/script>\n<!-- \/ Yoast SEO plugin. -->","yoast_head_json":{"title":"Petit-d\u00e9jeuner \u00e0 la fourchette avec atelier de taille verte - Bouquet d&#039;Alella","robots":{"index":"index","follow":"follow","max-snippet":"max-snippet:-1","max-image-preview":"max-image-preview:large","max-video-preview":"max-video-preview:-1"},"canonical":"https:\/\/www.bouquetdalella.com\/fr\/produit\/petit-dejeuner-a-la-fourchette-atelier-de-taille-verte\/","og_locale":"fr_FR","og_type":"article","og_title":"Petit-d\u00e9jeuner \u00e0 la fourchette avec atelier de taille verte - Bouquet d&#039;Alella","og_description":"La taille verte est cruciale pour les vignerons, car elle leur permet de contr\u00f4ler la croissance de la vigne et la qualit\u00e9 des raisins.  Qu'est-ce que tu vas faire ?  Vous commencerez l'atelier par une formation th\u00e9orique pour apprendre l'un des m\u00e9tiers les plus importants de l'ann\u00e9e, r\u00e9alis\u00e9 manuellement et avec soin.  Ensuite, vous irez au vignoble et, guid\u00e9 par nos vignerons, apprendrez \u00e0 r\u00e9aliser la taille verte.  Enfin, l\u2019activit\u00e9 se termine par un d\u00e9licieux petit-d\u00e9jeuner \u00e0 la fourchette accompagn\u00e9 de nos vins bio, avec vue sur la mer et le vignoble et un environnement unique.  Le petit-d\u00e9jeuner se compose de 4 plats et 4 vins :  Soupe froide de fraises Maresme avec des fleurs de fenouil de nos champs  Bouquet d\u2019Alella Pansa Blanca 2024  \u00a0  Cr\u00eapes \u00e0 la brandade sur des poivrons r\u00f4tis et des tomates d\u00e9shydrat\u00e9es  Bouquet d\u2019Alella Ancestral Matar\u00f3 2025  \u00a0  Haricots de Santa Pau avec saucisse et blettes  Bouquet d\u2019Alella Syrah 2023   \u00a0  Parfait aux myrtilles, framboise et amande  Bouquet d\u2019Alella Plaer Escum\u00f3s 2022  &nbsp;  L'activit\u00e9 comprend : \u2022 Atelier de taille verte \u2022 Petit-d\u00e9jeuner fourchette accompagn\u00e9 des vins de Bouquet d'Aella \u2022 Eau, dessert et caf\u00e9 \u2022 Visite guid\u00e9e des vignobles et du domaine  Dur\u00e9e : 3 heures Date : 3 mai 2026 D\u00e9but : 10h00 Prix : 65 \u20ac (TVA incluse)  &nbsp;","og_url":"https:\/\/www.bouquetdalella.com\/fr\/produit\/petit-dejeuner-a-la-fourchette-atelier-de-taille-verte\/","og_site_name":"Bouquet d&#039;Alella","article_modified_time":"2026-04-02T07:43:59+00:00","og_image":[{"width":1200,"height":800,"url":"https:\/\/www.bouquetdalella.com\/wp-content\/uploads\/2025\/02\/Poda-en-vert-01.webp","type":"image\/webp"}],"twitter_card":"summary_large_image","twitter_misc":{"Dur\u00e9e de lecture estim\u00e9e":"1 minute"},"schema":{"@context":"https:\/\/schema.org","@graph":[{"@type":"WebPage","@id":"https:\/\/www.bouquetdalella.com\/fr\/produit\/petit-dejeuner-a-la-fourchette-atelier-de-taille-verte\/","url":"https:\/\/www.bouquetdalella.com\/fr\/produit\/petit-dejeuner-a-la-fourchette-atelier-de-taille-verte\/","name":"Petit-d\u00e9jeuner \u00e0 la fourchette avec atelier de taille verte - Bouquet d&#039;Alella","isPartOf":{"@id":"https:\/\/www.bouquetdalella.com\/fr\/#website"},"primaryImageOfPage":{"@id":"https:\/\/www.bouquetdalella.com\/fr\/produit\/petit-dejeuner-a-la-fourchette-atelier-de-taille-verte\/#primaryimage"},"image":{"@id":"https:\/\/www.bouquetdalella.com\/fr\/produit\/petit-dejeuner-a-la-fourchette-atelier-de-taille-verte\/#primaryimage"},"thumbnailUrl":"https:\/\/www.bouquetdalella.com\/wp-content\/uploads\/2025\/02\/Poda-en-vert-01.webp","datePublished":"2025-02-17T10:24:49+00:00","dateModified":"2026-04-02T07:43:59+00:00","breadcrumb":{"@id":"https:\/\/www.bouquetdalella.com\/fr\/produit\/petit-dejeuner-a-la-fourchette-atelier-de-taille-verte\/#breadcrumb"},"inLanguage":"fr-FR","potentialAction":[{"@type":"ReadAction","target":["https:\/\/www.bouquetdalella.com\/fr\/produit\/petit-dejeuner-a-la-fourchette-atelier-de-taille-verte\/"]}]},{"@type":"ImageObject","inLanguage":"fr-FR","@id":"https:\/\/www.bouquetdalella.com\/fr\/produit\/petit-dejeuner-a-la-fourchette-atelier-de-taille-verte\/#primaryimage","url":"https:\/\/www.bouquetdalella.com\/wp-content\/uploads\/2025\/02\/Poda-en-vert-01.webp","contentUrl":"https:\/\/www.bouquetdalella.com\/wp-content\/uploads\/2025\/02\/Poda-en-vert-01.webp","width":1200,"height":800},{"@type":"BreadcrumbList","@id":"https:\/\/www.bouquetdalella.com\/fr\/produit\/petit-dejeuner-a-la-fourchette-atelier-de-taille-verte\/#breadcrumb","itemListElement":[{"@type":"ListItem","position":1,"name":"Inici","item":"https:\/\/www.bouquetdalella.com\/fr\/"},{"@type":"ListItem","position":2,"name":"Boutique","item":"https:\/\/www.bouquetdalella.com\/fr\/boutique\/"},{"@type":"ListItem","position":3,"name":"Petit-d\u00e9jeuner \u00e0 la fourchette avec atelier de taille verte"}]},{"@type":"WebSite","@id":"https:\/\/www.bouquetdalella.com\/fr\/#website","url":"https:\/\/www.bouquetdalella.com\/fr\/","name":"Bouquet d&#039;Alella","description":"El Celler Bouquet d\u2019Alella neix amb la clara intenci\u00f3 d\u2019explotar dues vessants diferents per\u00f2 complement\u00e0ries en el mon del vi. Per una banda, la producci\u00f3n i venda de vins ecol\u00f2gics de qualitat i per l\u2019altra la promoci\u00f3 de l\u2019enoturisme.","publisher":{"@id":"https:\/\/www.bouquetdalella.com\/fr\/#organization"},"potentialAction":[{"@type":"SearchAction","target":{"@type":"EntryPoint","urlTemplate":"https:\/\/www.bouquetdalella.com\/fr\/?s={search_term_string}"},"query-input":{"@type":"PropertyValueSpecification","valueRequired":true,"valueName":"search_term_string"}}],"inLanguage":"fr-FR"},{"@type":"Organization","@id":"https:\/\/www.bouquetdalella.com\/fr\/#organization","name":"Bouquet d&#039;Alella","url":"https:\/\/www.bouquetdalella.com\/fr\/","logo":{"@type":"ImageObject","inLanguage":"fr-FR","@id":"https:\/\/www.bouquetdalella.com\/fr\/#\/schema\/logo\/image\/","url":"https:\/\/www.bouquetdalella.com\/wp-content\/uploads\/2023\/04\/cropped-cropped-cropped-logo_bouquet_d_alella-2-300x53-1.png","contentUrl":"https:\/\/www.bouquetdalella.com\/wp-content\/uploads\/2023\/04\/cropped-cropped-cropped-logo_bouquet_d_alella-2-300x53-1.png","width":300,"height":52,"caption":"Bouquet d&#039;Alella"},"image":{"@id":"https:\/\/www.bouquetdalella.com\/fr\/#\/schema\/logo\/image\/"}}]}},"_links":{"self":[{"href":"https:\/\/www.bouquetdalella.com\/fr\/wp-json\/wp\/v2\/product\/29970","targetHints":{"allow":["GET"]}}],"collection":[{"href":"https:\/\/www.bouquetdalella.com\/fr\/wp-json\/wp\/v2\/product"}],"about":[{"href":"https:\/\/www.bouquetdalella.com\/fr\/wp-json\/wp\/v2\/types\/product"}],"version-history":[{"count":2,"href":"https:\/\/www.bouquetdalella.com\/fr\/wp-json\/wp\/v2\/product\/29970\/revisions"}],"predecessor-version":[{"id":37142,"href":"https:\/\/www.bouquetdalella.com\/fr\/wp-json\/wp\/v2\/product\/29970\/revisions\/37142"}],"wp:featuredmedia":[{"embeddable":true,"href":"https:\/\/www.bouquetdalella.com\/fr\/wp-json\/wp\/v2\/media\/37134"}],"wp:attachment":[{"href":"https:\/\/www.bouquetdalella.com\/fr\/wp-json\/wp\/v2\/media?parent=29970"}],"wp:term":[{"taxonomy":"product_brand","embeddable":true,"href":"https:\/\/www.bouquetdalella.com\/fr\/wp-json\/wp\/v2\/product_brand?post=29970"},{"taxonomy":"product_cat","embeddable":true,"href":"https:\/\/www.bouquetdalella.com\/fr\/wp-json\/wp\/v2\/product_cat?post=29970"},{"taxonomy":"product_tag","embeddable":true,"href":"https:\/\/www.bouquetdalella.com\/fr\/wp-json\/wp\/v2\/product_tag?post=29970"}],"curies":[{"name":"wp","href":"https:\/\/api.w.org\/{rel}","templated":true}]}}