{"id":34438,"date":"2025-11-03T08:37:18","date_gmt":"2025-11-03T07:37:18","guid":{"rendered":"https:\/\/www.bouquetdalella.com\/?post_type=product&#038;p=34438"},"modified":"2026-02-27T08:44:11","modified_gmt":"2026-02-27T07:44:11","slug":"ateliers-de-cuisine-de-saison-avec-chef-prive","status":"publish","type":"product","link":"https:\/\/www.bouquetdalella.com\/fr\/produit\/ateliers-de-cuisine-de-saison-avec-chef-prive\/","title":{"rendered":"Ateliers de Cuisine de Saison avec Chef Priv\u00e9"},"content":{"rendered":"\t\t<div data-elementor-type=\"product-post\" data-elementor-id=\"34438\" class=\"elementor elementor-34438 elementor-34435\" data-elementor-post-type=\"product\">\n\t\t\t\t\t\t<section class=\"elementor-section elementor-top-section elementor-element elementor-element-70025297 elementor-section-boxed elementor-section-height-default elementor-section-height-default\" data-id=\"70025297\" data-element_type=\"section\" data-e-type=\"section\">\n\t\t\t\t\t\t<div class=\"elementor-container elementor-column-gap-default\">\n\t\t\t\t\t<div class=\"elementor-column elementor-col-100 elementor-top-column elementor-element elementor-element-1d956c3d\" data-id=\"1d956c3d\" data-element_type=\"column\" data-e-type=\"column\">\n\t\t\t<div class=\"elementor-widget-wrap elementor-element-populated\">\n\t\t\t\t\t\t\t<\/div>\n\t\t<\/div>\n\t\t\t\t\t<\/div>\n\t\t<\/section>\n\t\t\t\t<\/div>\n\t\t","protected":false},"excerpt":{"rendered":"<p>Venez profiter de nos vins et d\u2019un d\u00e9licieux moment entre amis. Accompagn\u00e9(e) de notre cheffe, participez \u00e0 un atelier de cuisine de saison (plusieurs options et menus disponibles*), puis d\u00e9gustez les plats que vous aurez pr\u00e9par\u00e9s, accompagn\u00e9s de nos vins.<\/p>\n<p>L\u2019activit\u00e9 est enti\u00e8rement interactive. Au d\u00e9but de l\u2019atelier, les participants seront accueillis avec un verre de vin et quelques amuse-bouches, tout en d\u00e9couvrant les ingr\u00e9dients, leurs caract\u00e9ristiques et les d\u00e9tails de la pr\u00e9paration de chaque plat. Tous les ingr\u00e9dients seront pr\u00eats pour la <em>mise en place<\/em> afin de commencer \u00e0 cuisiner sous les instructions de notre cheffe.<\/p>\n<p>\u00c0 la fin de la cuisson, nous d\u00e9jeunerons tous ensemble en savourant les vins de Bouquet d\u2019Alella.<\/p>\n<p>&nbsp;<\/p>\n<p><strong>*Options d\u2019ateliers disponibles :<\/strong><\/p>\n<ul>\n<li>Atelier de Cuisine de No\u00ebl<\/li>\n<li>Atelier d\u2019Amuse-bouches<\/li>\n<li>Atelier de Cuisine V\u00e9g\u00e9tarienne<\/li>\n<li>Atelier de Cuisine aux Champignons<\/li>\n<li>Atelier de Cuisine de L\u00e9gumineuses<\/li>\n<li>Atelier de Pains<\/li>\n<\/ul>\n<p>Nous pouvons \u00e9galement concevoir un atelier sur mesure selon vos envies !<\/p>\n<p><strong>Comprend :<\/strong><br \/>\n\u2022 D\u00e9gustation de 2 vins (pendant l\u2019atelier et le d\u00e9jeuner).<br \/>\n\u2022 Atelier de cuisine de saison 100 % interactif selon le menu choisi.<\/p>\n<p>&nbsp;<\/p>\n<p><strong>Dur\u00e9e :<\/strong> 2h30<\/p>\n<p><strong>Prix :<\/strong> 97 EUR (TVA Incluse) + Frais de R\u00e9servation<\/p>\n<p><strong>Groupe minimum :<\/strong> 10 personnes<\/p>\n<p>R\u00e9servations disponibles uniquement par t\u00e9l\u00e9phone ou par e-mail.<\/p>\n<p>&nbsp;<br \/>\n[fareharbor shortname=\"bouquetdalella\" fallback=\"simple\" full_items=\"yes\" flow=\"1393187\" items=\"669914\" type=\"responsive\" language=\"fr\"]<\/p>\n","protected":false},"featured_media":34451,"template":"","meta":[],"product_brand":[],"product_cat":[363],"product_tag":[390],"class_list":{"0":"post-34438","1":"product","2":"type-product","3":"status-publish","4":"has-post-thumbnail","6":"product_cat-reservable","7":"product_tag-fareharbor-fr","9":"first","10":"outofstock","11":"featured","12":"virtual","13":"taxable","14":"purchasable","15":"product-type-simple"},"yoast_head":"<!-- This site is optimized with the Yoast SEO plugin v27.3 - https:\/\/yoast.com\/product\/yoast-seo-wordpress\/ -->\n<title>Ateliers de Cuisine de Saison avec Chef Priv\u00e9 - Bouquet d&#039;Alella<\/title>\n<meta name=\"description\" content=\"Vine a descobrir com preparar c\u00f2ctels \u00fanics amb els vins de la DO Alella en un taller pr\u00e0ctic i molt gust\u00f3s. Aprendr\u00e0s a combinar els sabors naturals dels nostres vins per crear begudes originals que t\u2019encantaran.\" \/>\n<meta name=\"robots\" content=\"index, follow, max-snippet:-1, max-image-preview:large, max-video-preview:-1\" \/>\n<link rel=\"canonical\" href=\"https:\/\/www.bouquetdalella.com\/fr\/produit\/ateliers-de-cuisine-de-saison-avec-chef-prive\/\" \/>\n<meta property=\"og:locale\" content=\"fr_FR\" \/>\n<meta property=\"og:type\" content=\"article\" \/>\n<meta property=\"og:title\" content=\"Ateliers de Cuisine de Saison avec Chef Priv\u00e9 - Bouquet d&#039;Alella\" \/>\n<meta property=\"og:description\" content=\"Vine a descobrir com preparar c\u00f2ctels \u00fanics amb els vins de la DO Alella en un taller pr\u00e0ctic i molt gust\u00f3s. Aprendr\u00e0s a combinar els sabors naturals dels nostres vins per crear begudes originals que t\u2019encantaran.\" \/>\n<meta property=\"og:url\" content=\"https:\/\/www.bouquetdalella.com\/fr\/produit\/ateliers-de-cuisine-de-saison-avec-chef-prive\/\" \/>\n<meta property=\"og:site_name\" content=\"Bouquet d&#039;Alella\" \/>\n<meta property=\"article:modified_time\" content=\"2026-02-27T07:44:11+00:00\" \/>\n<meta property=\"og:image\" content=\"https:\/\/www.bouquetdalella.com\/wp-content\/uploads\/2025\/11\/foto-trabajando.webp\" \/>\n\t<meta property=\"og:image:width\" content=\"1000\" \/>\n\t<meta property=\"og:image:height\" content=\"667\" \/>\n\t<meta property=\"og:image:type\" content=\"image\/webp\" \/>\n<meta name=\"twitter:card\" content=\"summary_large_image\" \/>\n<meta name=\"twitter:label1\" content=\"Dur\u00e9e de lecture estim\u00e9e\" \/>\n\t<meta name=\"twitter:data1\" content=\"1 minute\" \/>\n<script type=\"application\/ld+json\" class=\"yoast-schema-graph\">{\"@context\":\"https:\\\/\\\/schema.org\",\"@graph\":[{\"@type\":\"WebPage\",\"@id\":\"https:\\\/\\\/www.bouquetdalella.com\\\/fr\\\/produit\\\/ateliers-de-cuisine-de-saison-avec-chef-prive\\\/\",\"url\":\"https:\\\/\\\/www.bouquetdalella.com\\\/fr\\\/produit\\\/ateliers-de-cuisine-de-saison-avec-chef-prive\\\/\",\"name\":\"Ateliers de Cuisine de Saison avec Chef Priv\u00e9 - Bouquet d&#039;Alella\",\"isPartOf\":{\"@id\":\"https:\\\/\\\/www.bouquetdalella.com\\\/fr\\\/#website\"},\"primaryImageOfPage\":{\"@id\":\"https:\\\/\\\/www.bouquetdalella.com\\\/fr\\\/produit\\\/ateliers-de-cuisine-de-saison-avec-chef-prive\\\/#primaryimage\"},\"image\":{\"@id\":\"https:\\\/\\\/www.bouquetdalella.com\\\/fr\\\/produit\\\/ateliers-de-cuisine-de-saison-avec-chef-prive\\\/#primaryimage\"},\"thumbnailUrl\":\"https:\\\/\\\/www.bouquetdalella.com\\\/wp-content\\\/uploads\\\/2025\\\/11\\\/foto-trabajando.webp\",\"datePublished\":\"2025-11-03T07:37:18+00:00\",\"dateModified\":\"2026-02-27T07:44:11+00:00\",\"description\":\"Vine a descobrir com preparar c\u00f2ctels \u00fanics amb els vins de la DO Alella en un taller pr\u00e0ctic i molt gust\u00f3s. Aprendr\u00e0s a combinar els sabors naturals dels nostres vins per crear begudes originals que t\u2019encantaran.\",\"breadcrumb\":{\"@id\":\"https:\\\/\\\/www.bouquetdalella.com\\\/fr\\\/produit\\\/ateliers-de-cuisine-de-saison-avec-chef-prive\\\/#breadcrumb\"},\"inLanguage\":\"fr-FR\",\"potentialAction\":[{\"@type\":\"ReadAction\",\"target\":[\"https:\\\/\\\/www.bouquetdalella.com\\\/fr\\\/produit\\\/ateliers-de-cuisine-de-saison-avec-chef-prive\\\/\"]}]},{\"@type\":\"ImageObject\",\"inLanguage\":\"fr-FR\",\"@id\":\"https:\\\/\\\/www.bouquetdalella.com\\\/fr\\\/produit\\\/ateliers-de-cuisine-de-saison-avec-chef-prive\\\/#primaryimage\",\"url\":\"https:\\\/\\\/www.bouquetdalella.com\\\/wp-content\\\/uploads\\\/2025\\\/11\\\/foto-trabajando.webp\",\"contentUrl\":\"https:\\\/\\\/www.bouquetdalella.com\\\/wp-content\\\/uploads\\\/2025\\\/11\\\/foto-trabajando.webp\",\"width\":1000,\"height\":667},{\"@type\":\"BreadcrumbList\",\"@id\":\"https:\\\/\\\/www.bouquetdalella.com\\\/fr\\\/produit\\\/ateliers-de-cuisine-de-saison-avec-chef-prive\\\/#breadcrumb\",\"itemListElement\":[{\"@type\":\"ListItem\",\"position\":1,\"name\":\"Inici\",\"item\":\"https:\\\/\\\/www.bouquetdalella.com\\\/fr\\\/\"},{\"@type\":\"ListItem\",\"position\":2,\"name\":\"Boutique\",\"item\":\"https:\\\/\\\/www.bouquetdalella.com\\\/fr\\\/boutique\\\/\"},{\"@type\":\"ListItem\",\"position\":3,\"name\":\"Ateliers de Cuisine de Saison avec Chef Priv\u00e9\"}]},{\"@type\":\"WebSite\",\"@id\":\"https:\\\/\\\/www.bouquetdalella.com\\\/fr\\\/#website\",\"url\":\"https:\\\/\\\/www.bouquetdalella.com\\\/fr\\\/\",\"name\":\"Bouquet d&#039;Alella\",\"description\":\"El Celler Bouquet d\u2019Alella neix amb la clara intenci\u00f3 d\u2019explotar dues vessants diferents per\u00f2 complement\u00e0ries en el mon del vi. Per una banda, la producci\u00f3n i venda de vins ecol\u00f2gics de qualitat i per l\u2019altra la promoci\u00f3 de l\u2019enoturisme.\",\"publisher\":{\"@id\":\"https:\\\/\\\/www.bouquetdalella.com\\\/fr\\\/#organization\"},\"potentialAction\":[{\"@type\":\"SearchAction\",\"target\":{\"@type\":\"EntryPoint\",\"urlTemplate\":\"https:\\\/\\\/www.bouquetdalella.com\\\/fr\\\/?s={search_term_string}\"},\"query-input\":{\"@type\":\"PropertyValueSpecification\",\"valueRequired\":true,\"valueName\":\"search_term_string\"}}],\"inLanguage\":\"fr-FR\"},{\"@type\":\"Organization\",\"@id\":\"https:\\\/\\\/www.bouquetdalella.com\\\/fr\\\/#organization\",\"name\":\"Bouquet d&#039;Alella\",\"url\":\"https:\\\/\\\/www.bouquetdalella.com\\\/fr\\\/\",\"logo\":{\"@type\":\"ImageObject\",\"inLanguage\":\"fr-FR\",\"@id\":\"https:\\\/\\\/www.bouquetdalella.com\\\/fr\\\/#\\\/schema\\\/logo\\\/image\\\/\",\"url\":\"https:\\\/\\\/www.bouquetdalella.com\\\/wp-content\\\/uploads\\\/2023\\\/04\\\/cropped-cropped-cropped-logo_bouquet_d_alella-2-300x53-1.png\",\"contentUrl\":\"https:\\\/\\\/www.bouquetdalella.com\\\/wp-content\\\/uploads\\\/2023\\\/04\\\/cropped-cropped-cropped-logo_bouquet_d_alella-2-300x53-1.png\",\"width\":300,\"height\":52,\"caption\":\"Bouquet d&#039;Alella\"},\"image\":{\"@id\":\"https:\\\/\\\/www.bouquetdalella.com\\\/fr\\\/#\\\/schema\\\/logo\\\/image\\\/\"}}]}<\/script>\n<!-- \/ Yoast SEO plugin. -->","yoast_head_json":{"title":"Ateliers de Cuisine de Saison avec Chef Priv\u00e9 - Bouquet d&#039;Alella","description":"Vine a descobrir com preparar c\u00f2ctels \u00fanics amb els vins de la DO Alella en un taller pr\u00e0ctic i molt gust\u00f3s. Aprendr\u00e0s a combinar els sabors naturals dels nostres vins per crear begudes originals que t\u2019encantaran.","robots":{"index":"index","follow":"follow","max-snippet":"max-snippet:-1","max-image-preview":"max-image-preview:large","max-video-preview":"max-video-preview:-1"},"canonical":"https:\/\/www.bouquetdalella.com\/fr\/produit\/ateliers-de-cuisine-de-saison-avec-chef-prive\/","og_locale":"fr_FR","og_type":"article","og_title":"Ateliers de Cuisine de Saison avec Chef Priv\u00e9 - Bouquet d&#039;Alella","og_description":"Vine a descobrir com preparar c\u00f2ctels \u00fanics amb els vins de la DO Alella en un taller pr\u00e0ctic i molt gust\u00f3s. Aprendr\u00e0s a combinar els sabors naturals dels nostres vins per crear begudes originals que t\u2019encantaran.","og_url":"https:\/\/www.bouquetdalella.com\/fr\/produit\/ateliers-de-cuisine-de-saison-avec-chef-prive\/","og_site_name":"Bouquet d&#039;Alella","article_modified_time":"2026-02-27T07:44:11+00:00","og_image":[{"width":1000,"height":667,"url":"https:\/\/www.bouquetdalella.com\/wp-content\/uploads\/2025\/11\/foto-trabajando.webp","type":"image\/webp"}],"twitter_card":"summary_large_image","twitter_misc":{"Dur\u00e9e de lecture estim\u00e9e":"1 minute"},"schema":{"@context":"https:\/\/schema.org","@graph":[{"@type":"WebPage","@id":"https:\/\/www.bouquetdalella.com\/fr\/produit\/ateliers-de-cuisine-de-saison-avec-chef-prive\/","url":"https:\/\/www.bouquetdalella.com\/fr\/produit\/ateliers-de-cuisine-de-saison-avec-chef-prive\/","name":"Ateliers de Cuisine de Saison avec Chef Priv\u00e9 - Bouquet d&#039;Alella","isPartOf":{"@id":"https:\/\/www.bouquetdalella.com\/fr\/#website"},"primaryImageOfPage":{"@id":"https:\/\/www.bouquetdalella.com\/fr\/produit\/ateliers-de-cuisine-de-saison-avec-chef-prive\/#primaryimage"},"image":{"@id":"https:\/\/www.bouquetdalella.com\/fr\/produit\/ateliers-de-cuisine-de-saison-avec-chef-prive\/#primaryimage"},"thumbnailUrl":"https:\/\/www.bouquetdalella.com\/wp-content\/uploads\/2025\/11\/foto-trabajando.webp","datePublished":"2025-11-03T07:37:18+00:00","dateModified":"2026-02-27T07:44:11+00:00","description":"Vine a descobrir com preparar c\u00f2ctels \u00fanics amb els vins de la DO Alella en un taller pr\u00e0ctic i molt gust\u00f3s. Aprendr\u00e0s a combinar els sabors naturals dels nostres vins per crear begudes originals que t\u2019encantaran.","breadcrumb":{"@id":"https:\/\/www.bouquetdalella.com\/fr\/produit\/ateliers-de-cuisine-de-saison-avec-chef-prive\/#breadcrumb"},"inLanguage":"fr-FR","potentialAction":[{"@type":"ReadAction","target":["https:\/\/www.bouquetdalella.com\/fr\/produit\/ateliers-de-cuisine-de-saison-avec-chef-prive\/"]}]},{"@type":"ImageObject","inLanguage":"fr-FR","@id":"https:\/\/www.bouquetdalella.com\/fr\/produit\/ateliers-de-cuisine-de-saison-avec-chef-prive\/#primaryimage","url":"https:\/\/www.bouquetdalella.com\/wp-content\/uploads\/2025\/11\/foto-trabajando.webp","contentUrl":"https:\/\/www.bouquetdalella.com\/wp-content\/uploads\/2025\/11\/foto-trabajando.webp","width":1000,"height":667},{"@type":"BreadcrumbList","@id":"https:\/\/www.bouquetdalella.com\/fr\/produit\/ateliers-de-cuisine-de-saison-avec-chef-prive\/#breadcrumb","itemListElement":[{"@type":"ListItem","position":1,"name":"Inici","item":"https:\/\/www.bouquetdalella.com\/fr\/"},{"@type":"ListItem","position":2,"name":"Boutique","item":"https:\/\/www.bouquetdalella.com\/fr\/boutique\/"},{"@type":"ListItem","position":3,"name":"Ateliers de Cuisine de Saison avec Chef Priv\u00e9"}]},{"@type":"WebSite","@id":"https:\/\/www.bouquetdalella.com\/fr\/#website","url":"https:\/\/www.bouquetdalella.com\/fr\/","name":"Bouquet d&#039;Alella","description":"El Celler Bouquet d\u2019Alella neix amb la clara intenci\u00f3 d\u2019explotar dues vessants diferents per\u00f2 complement\u00e0ries en el mon del vi. Per una banda, la producci\u00f3n i venda de vins ecol\u00f2gics de qualitat i per l\u2019altra la promoci\u00f3 de l\u2019enoturisme.","publisher":{"@id":"https:\/\/www.bouquetdalella.com\/fr\/#organization"},"potentialAction":[{"@type":"SearchAction","target":{"@type":"EntryPoint","urlTemplate":"https:\/\/www.bouquetdalella.com\/fr\/?s={search_term_string}"},"query-input":{"@type":"PropertyValueSpecification","valueRequired":true,"valueName":"search_term_string"}}],"inLanguage":"fr-FR"},{"@type":"Organization","@id":"https:\/\/www.bouquetdalella.com\/fr\/#organization","name":"Bouquet d&#039;Alella","url":"https:\/\/www.bouquetdalella.com\/fr\/","logo":{"@type":"ImageObject","inLanguage":"fr-FR","@id":"https:\/\/www.bouquetdalella.com\/fr\/#\/schema\/logo\/image\/","url":"https:\/\/www.bouquetdalella.com\/wp-content\/uploads\/2023\/04\/cropped-cropped-cropped-logo_bouquet_d_alella-2-300x53-1.png","contentUrl":"https:\/\/www.bouquetdalella.com\/wp-content\/uploads\/2023\/04\/cropped-cropped-cropped-logo_bouquet_d_alella-2-300x53-1.png","width":300,"height":52,"caption":"Bouquet d&#039;Alella"},"image":{"@id":"https:\/\/www.bouquetdalella.com\/fr\/#\/schema\/logo\/image\/"}}]}},"_links":{"self":[{"href":"https:\/\/www.bouquetdalella.com\/fr\/wp-json\/wp\/v2\/product\/34438","targetHints":{"allow":["GET"]}}],"collection":[{"href":"https:\/\/www.bouquetdalella.com\/fr\/wp-json\/wp\/v2\/product"}],"about":[{"href":"https:\/\/www.bouquetdalella.com\/fr\/wp-json\/wp\/v2\/types\/product"}],"version-history":[{"count":2,"href":"https:\/\/www.bouquetdalella.com\/fr\/wp-json\/wp\/v2\/product\/34438\/revisions"}],"predecessor-version":[{"id":36359,"href":"https:\/\/www.bouquetdalella.com\/fr\/wp-json\/wp\/v2\/product\/34438\/revisions\/36359"}],"wp:featuredmedia":[{"embeddable":true,"href":"https:\/\/www.bouquetdalella.com\/fr\/wp-json\/wp\/v2\/media\/34451"}],"wp:attachment":[{"href":"https:\/\/www.bouquetdalella.com\/fr\/wp-json\/wp\/v2\/media?parent=34438"}],"wp:term":[{"taxonomy":"product_brand","embeddable":true,"href":"https:\/\/www.bouquetdalella.com\/fr\/wp-json\/wp\/v2\/product_brand?post=34438"},{"taxonomy":"product_cat","embeddable":true,"href":"https:\/\/www.bouquetdalella.com\/fr\/wp-json\/wp\/v2\/product_cat?post=34438"},{"taxonomy":"product_tag","embeddable":true,"href":"https:\/\/www.bouquetdalella.com\/fr\/wp-json\/wp\/v2\/product_tag?post=34438"}],"curies":[{"name":"wp","href":"https:\/\/api.w.org\/{rel}","templated":true}]}}