{"id":34891,"date":"2025-12-09T09:05:45","date_gmt":"2025-12-09T08:05:45","guid":{"rendered":"https:\/\/www.bouquetdalella.com\/?post_type=product&#038;p=34891"},"modified":"2026-02-06T08:24:20","modified_gmt":"2026-02-06T07:24:20","slug":"petit-dejeuner-a-la-fourchette-avec-atelier-de-taille","status":"publish","type":"product","link":"https:\/\/www.bouquetdalella.com\/fr\/produit\/petit-dejeuner-a-la-fourchette-avec-atelier-de-taille\/","title":{"rendered":"Petit-d\u00e9jeuner \u00e0 la fourchette avec atelier de taille"},"content":{"rendered":"\t\t<div data-elementor-type=\"product-post\" data-elementor-id=\"34891\" class=\"elementor elementor-34891 elementor-34888\" data-elementor-post-type=\"product\">\n\t\t\t\t\t\t<section class=\"elementor-section elementor-top-section elementor-element elementor-element-70025297 elementor-section-boxed elementor-section-height-default elementor-section-height-default\" data-id=\"70025297\" data-element_type=\"section\" data-e-type=\"section\">\n\t\t\t\t\t\t<div class=\"elementor-container elementor-column-gap-default\">\n\t\t\t\t\t<div class=\"elementor-column elementor-col-100 elementor-top-column elementor-element elementor-element-1d956c3d\" data-id=\"1d956c3d\" data-element_type=\"column\" data-e-type=\"column\">\n\t\t\t<div class=\"elementor-widget-wrap elementor-element-populated\">\n\t\t\t\t\t\t\t<\/div>\n\t\t<\/div>\n\t\t\t\t\t<\/div>\n\t\t<\/section>\n\t\t\t\t<\/div>\n\t\t","protected":false},"excerpt":{"rendered":"<p><span style=\"font-weight: 400;\">Souhaitez-vous participer \u00e0 un atelier de taille respectueuse et d\u00e9couvrir le travail dans le vignoble en hiver aux c\u00f4t\u00e9s de nos vignerons ? Bouquet d\u2019Alella vous propose une mani\u00e8re unique de commencer un dimanche.<\/span><\/p>\n<p><span style=\"font-weight: 400;\">Nous commencerons l\u2019atelier par une formation th\u00e9orique pour en savoir plus sur l\u2019une des t\u00e2ches les plus importantes de l\u2019ann\u00e9e, r\u00e9alis\u00e9e manuellement avec beaucoup de d\u00e9vouement. Ce moment est crucial pour les vignerons, car il permet de contr\u00f4ler la croissance de la vigne et la qualit\u00e9 du raisin.<\/span><\/p>\n<p><span style=\"font-weight: 400;\">Ensuite, vous prendrez les ciseaux et, guid\u00e9 par nos vignerons, apprendrez \u00e0 r\u00e9aliser la taille respectueuse en pratique. Vous mettrez la th\u00e9orie en pratique directement dans le vignoble, entour\u00e9 des vues spectaculaires d\u2019Alella, de la mer et de Barcelone.<\/span><\/p>\n<p><span style=\"font-weight: 400;\">Enfin, l\u2019activit\u00e9 se termine par un d\u00e9licieux petit-d\u00e9jeuner \u00e0 la fourchette parmi les vignes, accompagn\u00e9 de nos vins biologiques.<\/span><\/p>\n<p><b>Le menu comprend :<\/b><\/p>\n<p><b>Bouquet d\u2019Alella Pansa Blanca<\/b><\/p>\n<p><span style=\"font-weight: 400;\">Consomm\u00e9 chaud mijot\u00e9 pour se r\u00e9chauffer<\/span><\/p>\n<p><b>Bouquet d\u2019Alella Blanc +<\/b><\/p>\n<p><span style=\"font-weight: 400;\">Saut\u00e9 de champignons des bois aux \u0153ufs frais de ferme<\/span><\/p>\n<p><b>Bouquet d\u2019Alella Garnatxa Negra<\/b><\/p>\n<p><span style=\"font-weight: 400;\">Petits pois tendres fra\u00eechement r\u00e9colt\u00e9s avec des boulettes de b\u0153uf<\/span><\/p>\n<p><b>Bouquet d\u2019Alella Syrah<\/b><\/p>\n<p><span style=\"font-weight: 400;\">G\u00e2teau moelleux \u00e0 la mandarine avec graines de pavot<\/span><\/p>\n<p><span style=\"font-weight: 400;\">Compote de potiron et d\u2019orange avec sucre brun, \u00e9pices et cr\u00e8me fra\u00eeche<\/span><\/p>\n<p><b>Comprend :<\/b><span style=\"font-weight: 400;\"><br \/>\n<\/span><span style=\"font-weight: 400;\">\u2022 Atelier de taille respectueuse<\/span><span style=\"font-weight: 400;\"><br \/>\n<\/span><span style=\"font-weight: 400;\">\u2022 Petit-d\u00e9jeuner \u00e0 la fourchette accompagn\u00e9 des vins de Bouquet d\u2019Alella<\/span><span style=\"font-weight: 400;\"><br \/>\n<\/span><span style=\"font-weight: 400;\">\u2022 Eau, dessert et caf\u00e9<\/span><span style=\"font-weight: 400;\"><br \/>\n<\/span><span style=\"font-weight: 400;\">\u2022 Visite guid\u00e9e des vignobles et de la cave<\/span><\/p>\n<p><b>Dur\u00e9e :<\/b><span style=\"font-weight: 400;\"> 3 heures<\/span><span style=\"font-weight: 400;\"><br \/>\n<\/span><b>Date :<\/b><span style=\"font-weight: 400;\"> 1er f\u00e9vrier 2026<\/span><span style=\"font-weight: 400;\"><br \/>\n<\/span><b>Heure de d\u00e9but :<\/b><span style=\"font-weight: 400;\"> 10h00<\/span><span style=\"font-weight: 400;\"><br \/>\n<\/span><b>Prix :<\/b><span style=\"font-weight: 400;\"> 68,5 \u20ac TTC<\/span><\/p>\n<p>&nbsp;<\/p>\n<p><span class=\"fareharbor_btn_comprar\">[lightframe shortname=\"bouquetdalella\" fallback=\"simple\" full_items=\"yes\" flow=\"1393187\" view_item=\"686542\"]R\u00c9SERVER[\/lightframe]<\/span><\/p>\n","protected":false},"featured_media":34919,"template":"","meta":[],"product_brand":[],"product_cat":[363],"product_tag":[390],"class_list":{"0":"post-34891","1":"product","2":"type-product","3":"status-publish","4":"has-post-thumbnail","6":"product_cat-reservable","7":"product_tag-fareharbor-fr","9":"first","10":"outofstock","11":"featured","12":"virtual","13":"taxable","14":"purchasable","15":"product-type-simple"},"yoast_head":"<!-- This site is optimized with the Yoast SEO plugin v27.6 - https:\/\/yoast.com\/product\/yoast-seo-wordpress\/ -->\n<title>Petit-d\u00e9jeuner \u00e0 la fourchette avec atelier de taille - Bouquet d&#039;Alella<\/title>\n<meta name=\"description\" content=\"Souhaitez-vous participer \u00e0 un atelier de taille respectueuse et d\u00e9couvrir le travail dans le vignoble en hiver aux c\u00f4t\u00e9s de nos vignerons ? Bouquet d\u2019Alella vous propose une mani\u00e8re unique de commencer un dimanche.\" \/>\n<meta name=\"robots\" content=\"index, follow, max-snippet:-1, max-image-preview:large, max-video-preview:-1\" \/>\n<link rel=\"canonical\" href=\"https:\/\/www.bouquetdalella.com\/fr\/produit\/petit-dejeuner-a-la-fourchette-avec-atelier-de-taille\/\" \/>\n<meta property=\"og:locale\" content=\"fr_FR\" \/>\n<meta property=\"og:type\" content=\"article\" \/>\n<meta property=\"og:title\" content=\"Petit-d\u00e9jeuner \u00e0 la fourchette avec atelier de taille - Bouquet d&#039;Alella\" \/>\n<meta property=\"og:description\" content=\"Souhaitez-vous participer \u00e0 un atelier de taille respectueuse et d\u00e9couvrir le travail dans le vignoble en hiver aux c\u00f4t\u00e9s de nos vignerons ? Bouquet d\u2019Alella vous propose une mani\u00e8re unique de commencer un dimanche.\" \/>\n<meta property=\"og:url\" content=\"https:\/\/www.bouquetdalella.com\/fr\/produit\/petit-dejeuner-a-la-fourchette-avec-atelier-de-taille\/\" \/>\n<meta property=\"og:site_name\" content=\"Bouquet d&#039;Alella\" \/>\n<meta property=\"article:modified_time\" content=\"2026-02-06T07:24:20+00:00\" \/>\n<meta property=\"og:image\" content=\"https:\/\/www.bouquetdalella.com\/wp-content\/uploads\/2025\/12\/Poda-1.webp\" \/>\n\t<meta property=\"og:image:width\" content=\"1200\" \/>\n\t<meta property=\"og:image:height\" content=\"1600\" \/>\n\t<meta property=\"og:image:type\" content=\"image\/webp\" \/>\n<meta name=\"twitter:card\" content=\"summary_large_image\" \/>\n<meta name=\"twitter:label1\" content=\"Dur\u00e9e de lecture estim\u00e9e\" \/>\n\t<meta name=\"twitter:data1\" content=\"1 minute\" \/>\n<script type=\"application\/ld+json\" class=\"yoast-schema-graph\">{\"@context\":\"https:\\\/\\\/schema.org\",\"@graph\":[{\"@type\":\"WebPage\",\"@id\":\"https:\\\/\\\/www.bouquetdalella.com\\\/fr\\\/produit\\\/petit-dejeuner-a-la-fourchette-avec-atelier-de-taille\\\/\",\"url\":\"https:\\\/\\\/www.bouquetdalella.com\\\/fr\\\/produit\\\/petit-dejeuner-a-la-fourchette-avec-atelier-de-taille\\\/\",\"name\":\"Petit-d\u00e9jeuner \u00e0 la fourchette avec atelier de taille - Bouquet d&#039;Alella\",\"isPartOf\":{\"@id\":\"https:\\\/\\\/www.bouquetdalella.com\\\/fr\\\/#website\"},\"primaryImageOfPage\":{\"@id\":\"https:\\\/\\\/www.bouquetdalella.com\\\/fr\\\/produit\\\/petit-dejeuner-a-la-fourchette-avec-atelier-de-taille\\\/#primaryimage\"},\"image\":{\"@id\":\"https:\\\/\\\/www.bouquetdalella.com\\\/fr\\\/produit\\\/petit-dejeuner-a-la-fourchette-avec-atelier-de-taille\\\/#primaryimage\"},\"thumbnailUrl\":\"https:\\\/\\\/www.bouquetdalella.com\\\/wp-content\\\/uploads\\\/2025\\\/12\\\/Poda-1.webp\",\"datePublished\":\"2025-12-09T08:05:45+00:00\",\"dateModified\":\"2026-02-06T07:24:20+00:00\",\"description\":\"Souhaitez-vous participer \u00e0 un atelier de taille respectueuse et d\u00e9couvrir le travail dans le vignoble en hiver aux c\u00f4t\u00e9s de nos vignerons ? Bouquet d\u2019Alella vous propose une mani\u00e8re unique de commencer un dimanche.\",\"breadcrumb\":{\"@id\":\"https:\\\/\\\/www.bouquetdalella.com\\\/fr\\\/produit\\\/petit-dejeuner-a-la-fourchette-avec-atelier-de-taille\\\/#breadcrumb\"},\"inLanguage\":\"fr-FR\",\"potentialAction\":[{\"@type\":\"ReadAction\",\"target\":[\"https:\\\/\\\/www.bouquetdalella.com\\\/fr\\\/produit\\\/petit-dejeuner-a-la-fourchette-avec-atelier-de-taille\\\/\"]}]},{\"@type\":\"ImageObject\",\"inLanguage\":\"fr-FR\",\"@id\":\"https:\\\/\\\/www.bouquetdalella.com\\\/fr\\\/produit\\\/petit-dejeuner-a-la-fourchette-avec-atelier-de-taille\\\/#primaryimage\",\"url\":\"https:\\\/\\\/www.bouquetdalella.com\\\/wp-content\\\/uploads\\\/2025\\\/12\\\/Poda-1.webp\",\"contentUrl\":\"https:\\\/\\\/www.bouquetdalella.com\\\/wp-content\\\/uploads\\\/2025\\\/12\\\/Poda-1.webp\",\"width\":1200,\"height\":1600},{\"@type\":\"BreadcrumbList\",\"@id\":\"https:\\\/\\\/www.bouquetdalella.com\\\/fr\\\/produit\\\/petit-dejeuner-a-la-fourchette-avec-atelier-de-taille\\\/#breadcrumb\",\"itemListElement\":[{\"@type\":\"ListItem\",\"position\":1,\"name\":\"Inici\",\"item\":\"https:\\\/\\\/www.bouquetdalella.com\\\/fr\\\/\"},{\"@type\":\"ListItem\",\"position\":2,\"name\":\"Boutique\",\"item\":\"https:\\\/\\\/www.bouquetdalella.com\\\/fr\\\/boutique\\\/\"},{\"@type\":\"ListItem\",\"position\":3,\"name\":\"Petit-d\u00e9jeuner \u00e0 la fourchette avec atelier de taille\"}]},{\"@type\":\"WebSite\",\"@id\":\"https:\\\/\\\/www.bouquetdalella.com\\\/fr\\\/#website\",\"url\":\"https:\\\/\\\/www.bouquetdalella.com\\\/fr\\\/\",\"name\":\"Bouquet d&#039;Alella\",\"description\":\"El Celler Bouquet d\u2019Alella neix amb la clara intenci\u00f3 d\u2019explotar dues vessants diferents per\u00f2 complement\u00e0ries en el mon del vi. Per una banda, la producci\u00f3n i venda de vins ecol\u00f2gics de qualitat i per l\u2019altra la promoci\u00f3 de l\u2019enoturisme.\",\"publisher\":{\"@id\":\"https:\\\/\\\/www.bouquetdalella.com\\\/fr\\\/#organization\"},\"potentialAction\":[{\"@type\":\"SearchAction\",\"target\":{\"@type\":\"EntryPoint\",\"urlTemplate\":\"https:\\\/\\\/www.bouquetdalella.com\\\/fr\\\/?s={search_term_string}\"},\"query-input\":{\"@type\":\"PropertyValueSpecification\",\"valueRequired\":true,\"valueName\":\"search_term_string\"}}],\"inLanguage\":\"fr-FR\"},{\"@type\":\"Organization\",\"@id\":\"https:\\\/\\\/www.bouquetdalella.com\\\/fr\\\/#organization\",\"name\":\"Bouquet d&#039;Alella\",\"url\":\"https:\\\/\\\/www.bouquetdalella.com\\\/fr\\\/\",\"logo\":{\"@type\":\"ImageObject\",\"inLanguage\":\"fr-FR\",\"@id\":\"https:\\\/\\\/www.bouquetdalella.com\\\/fr\\\/#\\\/schema\\\/logo\\\/image\\\/\",\"url\":\"https:\\\/\\\/www.bouquetdalella.com\\\/wp-content\\\/uploads\\\/2023\\\/04\\\/cropped-cropped-cropped-logo_bouquet_d_alella-2-300x53-1.png\",\"contentUrl\":\"https:\\\/\\\/www.bouquetdalella.com\\\/wp-content\\\/uploads\\\/2023\\\/04\\\/cropped-cropped-cropped-logo_bouquet_d_alella-2-300x53-1.png\",\"width\":300,\"height\":52,\"caption\":\"Bouquet d&#039;Alella\"},\"image\":{\"@id\":\"https:\\\/\\\/www.bouquetdalella.com\\\/fr\\\/#\\\/schema\\\/logo\\\/image\\\/\"}}]}<\/script>\n<!-- \/ Yoast SEO plugin. -->","yoast_head_json":{"title":"Petit-d\u00e9jeuner \u00e0 la fourchette avec atelier de taille - Bouquet d&#039;Alella","description":"Souhaitez-vous participer \u00e0 un atelier de taille respectueuse et d\u00e9couvrir le travail dans le vignoble en hiver aux c\u00f4t\u00e9s de nos vignerons ? Bouquet d\u2019Alella vous propose une mani\u00e8re unique de commencer un dimanche.","robots":{"index":"index","follow":"follow","max-snippet":"max-snippet:-1","max-image-preview":"max-image-preview:large","max-video-preview":"max-video-preview:-1"},"canonical":"https:\/\/www.bouquetdalella.com\/fr\/produit\/petit-dejeuner-a-la-fourchette-avec-atelier-de-taille\/","og_locale":"fr_FR","og_type":"article","og_title":"Petit-d\u00e9jeuner \u00e0 la fourchette avec atelier de taille - Bouquet d&#039;Alella","og_description":"Souhaitez-vous participer \u00e0 un atelier de taille respectueuse et d\u00e9couvrir le travail dans le vignoble en hiver aux c\u00f4t\u00e9s de nos vignerons ? Bouquet d\u2019Alella vous propose une mani\u00e8re unique de commencer un dimanche.","og_url":"https:\/\/www.bouquetdalella.com\/fr\/produit\/petit-dejeuner-a-la-fourchette-avec-atelier-de-taille\/","og_site_name":"Bouquet d&#039;Alella","article_modified_time":"2026-02-06T07:24:20+00:00","og_image":[{"width":1200,"height":1600,"url":"https:\/\/www.bouquetdalella.com\/wp-content\/uploads\/2025\/12\/Poda-1.webp","type":"image\/webp"}],"twitter_card":"summary_large_image","twitter_misc":{"Dur\u00e9e de lecture estim\u00e9e":"1 minute"},"schema":{"@context":"https:\/\/schema.org","@graph":[{"@type":"WebPage","@id":"https:\/\/www.bouquetdalella.com\/fr\/produit\/petit-dejeuner-a-la-fourchette-avec-atelier-de-taille\/","url":"https:\/\/www.bouquetdalella.com\/fr\/produit\/petit-dejeuner-a-la-fourchette-avec-atelier-de-taille\/","name":"Petit-d\u00e9jeuner \u00e0 la fourchette avec atelier de taille - Bouquet d&#039;Alella","isPartOf":{"@id":"https:\/\/www.bouquetdalella.com\/fr\/#website"},"primaryImageOfPage":{"@id":"https:\/\/www.bouquetdalella.com\/fr\/produit\/petit-dejeuner-a-la-fourchette-avec-atelier-de-taille\/#primaryimage"},"image":{"@id":"https:\/\/www.bouquetdalella.com\/fr\/produit\/petit-dejeuner-a-la-fourchette-avec-atelier-de-taille\/#primaryimage"},"thumbnailUrl":"https:\/\/www.bouquetdalella.com\/wp-content\/uploads\/2025\/12\/Poda-1.webp","datePublished":"2025-12-09T08:05:45+00:00","dateModified":"2026-02-06T07:24:20+00:00","description":"Souhaitez-vous participer \u00e0 un atelier de taille respectueuse et d\u00e9couvrir le travail dans le vignoble en hiver aux c\u00f4t\u00e9s de nos vignerons ? Bouquet d\u2019Alella vous propose une mani\u00e8re unique de commencer un dimanche.","breadcrumb":{"@id":"https:\/\/www.bouquetdalella.com\/fr\/produit\/petit-dejeuner-a-la-fourchette-avec-atelier-de-taille\/#breadcrumb"},"inLanguage":"fr-FR","potentialAction":[{"@type":"ReadAction","target":["https:\/\/www.bouquetdalella.com\/fr\/produit\/petit-dejeuner-a-la-fourchette-avec-atelier-de-taille\/"]}]},{"@type":"ImageObject","inLanguage":"fr-FR","@id":"https:\/\/www.bouquetdalella.com\/fr\/produit\/petit-dejeuner-a-la-fourchette-avec-atelier-de-taille\/#primaryimage","url":"https:\/\/www.bouquetdalella.com\/wp-content\/uploads\/2025\/12\/Poda-1.webp","contentUrl":"https:\/\/www.bouquetdalella.com\/wp-content\/uploads\/2025\/12\/Poda-1.webp","width":1200,"height":1600},{"@type":"BreadcrumbList","@id":"https:\/\/www.bouquetdalella.com\/fr\/produit\/petit-dejeuner-a-la-fourchette-avec-atelier-de-taille\/#breadcrumb","itemListElement":[{"@type":"ListItem","position":1,"name":"Inici","item":"https:\/\/www.bouquetdalella.com\/fr\/"},{"@type":"ListItem","position":2,"name":"Boutique","item":"https:\/\/www.bouquetdalella.com\/fr\/boutique\/"},{"@type":"ListItem","position":3,"name":"Petit-d\u00e9jeuner \u00e0 la fourchette avec atelier de taille"}]},{"@type":"WebSite","@id":"https:\/\/www.bouquetdalella.com\/fr\/#website","url":"https:\/\/www.bouquetdalella.com\/fr\/","name":"Bouquet d&#039;Alella","description":"El Celler Bouquet d\u2019Alella neix amb la clara intenci\u00f3 d\u2019explotar dues vessants diferents per\u00f2 complement\u00e0ries en el mon del vi. Per una banda, la producci\u00f3n i venda de vins ecol\u00f2gics de qualitat i per l\u2019altra la promoci\u00f3 de l\u2019enoturisme.","publisher":{"@id":"https:\/\/www.bouquetdalella.com\/fr\/#organization"},"potentialAction":[{"@type":"SearchAction","target":{"@type":"EntryPoint","urlTemplate":"https:\/\/www.bouquetdalella.com\/fr\/?s={search_term_string}"},"query-input":{"@type":"PropertyValueSpecification","valueRequired":true,"valueName":"search_term_string"}}],"inLanguage":"fr-FR"},{"@type":"Organization","@id":"https:\/\/www.bouquetdalella.com\/fr\/#organization","name":"Bouquet d&#039;Alella","url":"https:\/\/www.bouquetdalella.com\/fr\/","logo":{"@type":"ImageObject","inLanguage":"fr-FR","@id":"https:\/\/www.bouquetdalella.com\/fr\/#\/schema\/logo\/image\/","url":"https:\/\/www.bouquetdalella.com\/wp-content\/uploads\/2023\/04\/cropped-cropped-cropped-logo_bouquet_d_alella-2-300x53-1.png","contentUrl":"https:\/\/www.bouquetdalella.com\/wp-content\/uploads\/2023\/04\/cropped-cropped-cropped-logo_bouquet_d_alella-2-300x53-1.png","width":300,"height":52,"caption":"Bouquet d&#039;Alella"},"image":{"@id":"https:\/\/www.bouquetdalella.com\/fr\/#\/schema\/logo\/image\/"}}]}},"_links":{"self":[{"href":"https:\/\/www.bouquetdalella.com\/fr\/wp-json\/wp\/v2\/product\/34891","targetHints":{"allow":["GET"]}}],"collection":[{"href":"https:\/\/www.bouquetdalella.com\/fr\/wp-json\/wp\/v2\/product"}],"about":[{"href":"https:\/\/www.bouquetdalella.com\/fr\/wp-json\/wp\/v2\/types\/product"}],"version-history":[{"count":0,"href":"https:\/\/www.bouquetdalella.com\/fr\/wp-json\/wp\/v2\/product\/34891\/revisions"}],"wp:featuredmedia":[{"embeddable":true,"href":"https:\/\/www.bouquetdalella.com\/fr\/wp-json\/wp\/v2\/media\/34919"}],"wp:attachment":[{"href":"https:\/\/www.bouquetdalella.com\/fr\/wp-json\/wp\/v2\/media?parent=34891"}],"wp:term":[{"taxonomy":"product_brand","embeddable":true,"href":"https:\/\/www.bouquetdalella.com\/fr\/wp-json\/wp\/v2\/product_brand?post=34891"},{"taxonomy":"product_cat","embeddable":true,"href":"https:\/\/www.bouquetdalella.com\/fr\/wp-json\/wp\/v2\/product_cat?post=34891"},{"taxonomy":"product_tag","embeddable":true,"href":"https:\/\/www.bouquetdalella.com\/fr\/wp-json\/wp\/v2\/product_tag?post=34891"}],"curies":[{"name":"wp","href":"https:\/\/api.w.org\/{rel}","templated":true}]}}