{"id":37440,"date":"2026-05-11T10:24:53","date_gmt":"2026-05-11T08:24:53","guid":{"rendered":"https:\/\/www.bouquetdalella.com\/?post_type=product&#038;p=37440"},"modified":"2026-05-11T15:51:09","modified_gmt":"2026-05-11T13:51:09","slug":"vibra-apero-sunset-entre-les-vignes","status":"publish","type":"product","link":"https:\/\/www.bouquetdalella.com\/fr\/produit\/vibra-apero-sunset-entre-les-vignes\/","title":{"rendered":"VIBRA \u2013 Ap\u00e9ro Sunset entre les vignes"},"content":{"rendered":"\t\t<div data-elementor-type=\"product-post\" data-elementor-id=\"37440\" class=\"elementor elementor-37440 elementor-37437\" data-elementor-post-type=\"product\">\n\t\t\t\t\t\t<section class=\"elementor-section elementor-top-section elementor-element elementor-element-70025297 elementor-section-boxed elementor-section-height-default elementor-section-height-default\" data-id=\"70025297\" data-element_type=\"section\" data-e-type=\"section\">\n\t\t\t\t\t\t<div class=\"elementor-container elementor-column-gap-default\">\n\t\t\t\t\t<div class=\"elementor-column elementor-col-100 elementor-top-column elementor-element elementor-element-1d956c3d\" data-id=\"1d956c3d\" data-element_type=\"column\" data-e-type=\"column\">\n\t\t\t<div class=\"elementor-widget-wrap elementor-element-populated\">\n\t\t\t\t\t\t\t<\/div>\n\t\t<\/div>\n\t\t\t\t\t<\/div>\n\t\t<\/section>\n\t\t\t\t<\/div>\n\t\t","protected":false},"excerpt":{"rendered":"<p>Cet \u00e9t\u00e9, Bouquet d\u2019Alella pr\u00e9sente VIBRA, une nouvelle exp\u00e9rience d\u2019Ap\u00e9ro Sunset entre les vignes, pens\u00e9e pour profiter des fins d\u2019apr\u00e8s-midi d\u2019\u00e9t\u00e9 dans un cadre unique.<\/p>\n<p>Un espace imagin\u00e9 pour se d\u00e9connecter, partager un moment avec ses proches et vivre une exp\u00e9rience diff\u00e9rente, entour\u00e9 de vignes, de vin, de musique et d\u2019une ambiance chaleureuse.<\/p>\n<p>Chaque Ap\u00e9ro Sunset proposera de la musique live avec DJ, une offre gastronomique d\u00e9contract\u00e9e pour d\u00eener ou grignoter, ainsi qu\u2019une s\u00e9lection de vins et de cocktails \u00e0 base de vin du domaine pour profiter du coucher de soleil au c\u0153ur des vignes.<\/p>\n<p>VIBRA est n\u00e9 avec l\u2019id\u00e9e de cr\u00e9er une atmosph\u00e8re soign\u00e9e, conviviale et pleine de personnalit\u00e9, o\u00f9 la musique, le vin et l\u2019environnement deviennent le c\u0153ur de l\u2019exp\u00e9rience.<\/p>\n<p>Une mani\u00e8re diff\u00e9rente de vivre l\u2019\u00e9t\u00e9 \u00e0 Bouquet d\u2019Alella. Vin, musique et couchers de soleil entre les vignes.<\/p>\n<p><strong>Prix d\u2019acc\u00e8s VIBRA :<\/strong> 15 \u20ac<br \/>\n<strong>Lieu :<\/strong> Celler Bouquet d\u2019Alella<br \/>\n<strong>Dates :<\/strong> Juillet 4, 10, 11, 17, 18 , 24, 25 and 31. Aout 1.<br \/>\n<strong>Horaire :<\/strong> de 18h30 \u00e0 22h30<\/p>\n<p><strong>L\u2019entr\u00e9e comprend :<\/strong><\/p>\n<ul>\n<li>Acc\u00e8s \u00e0 l\u2019espace VIBRA<\/li>\n<li>1 consommation incluse<\/li>\n<li>Musique live avec DJ<\/li>\n<li>Acc\u00e8s \u00e0 l\u2019espace gastronomique<\/li>\n<\/ul>\n<p>&nbsp;<\/p>\n[fareharbor shortname=\"bouquetdalella\" fallback=\"simple\" full_items=\"yes\" flow=\"1393187\" items=\"728154\" type=\"responsive\" language=\"fr\"]\n","protected":false},"featured_media":37443,"template":"","meta":[],"product_brand":[],"product_cat":[363],"product_tag":[390],"class_list":{"0":"post-37440","1":"product","2":"type-product","3":"status-publish","4":"has-post-thumbnail","6":"product_cat-reservable","7":"product_tag-fareharbor-fr","9":"first","10":"outofstock","11":"featured","12":"virtual","13":"taxable","14":"purchasable","15":"product-type-simple"},"yoast_head":"<!-- This site is optimized with the Yoast SEO plugin v27.6 - https:\/\/yoast.com\/product\/yoast-seo-wordpress\/ -->\n<title>VIBRA \u2013 Ap\u00e9ro Sunset entre les vignes - Bouquet d&#039;Alella<\/title>\n<meta name=\"description\" content=\"Cet \u00e9t\u00e9, Bouquet d\u2019Alella pr\u00e9sente VIBRA, une nouvelle exp\u00e9rience d\u2019Ap\u00e9ro Sunset entre les vignes, pens\u00e9e pour profiter des fins d\u2019apr\u00e8s-midi d\u2019\u00e9t\u00e9 dans un cadre unique.\" \/>\n<meta name=\"robots\" content=\"index, follow, max-snippet:-1, max-image-preview:large, max-video-preview:-1\" \/>\n<link rel=\"canonical\" href=\"https:\/\/www.bouquetdalella.com\/fr\/produit\/vibra-apero-sunset-entre-les-vignes\/\" \/>\n<meta property=\"og:locale\" content=\"fr_FR\" \/>\n<meta property=\"og:type\" content=\"article\" \/>\n<meta property=\"og:title\" content=\"VIBRA \u2013 Ap\u00e9ro Sunset entre les vignes - Bouquet d&#039;Alella\" \/>\n<meta property=\"og:description\" content=\"Cet \u00e9t\u00e9, Bouquet d\u2019Alella pr\u00e9sente VIBRA, une nouvelle exp\u00e9rience d\u2019Ap\u00e9ro Sunset entre les vignes, pens\u00e9e pour profiter des fins d\u2019apr\u00e8s-midi d\u2019\u00e9t\u00e9 dans un cadre unique.\" \/>\n<meta property=\"og:url\" content=\"https:\/\/www.bouquetdalella.com\/fr\/produit\/vibra-apero-sunset-entre-les-vignes\/\" \/>\n<meta property=\"og:site_name\" content=\"Bouquet d&#039;Alella\" \/>\n<meta property=\"article:modified_time\" content=\"2026-05-11T13:51:09+00:00\" \/>\n<meta property=\"og:image\" content=\"https:\/\/www.bouquetdalella.com\/wp-content\/uploads\/2026\/05\/PRINCIPAL.webp\" \/>\n\t<meta property=\"og:image:width\" content=\"1376\" \/>\n\t<meta property=\"og:image:height\" content=\"768\" \/>\n\t<meta property=\"og:image:type\" content=\"image\/webp\" \/>\n<meta name=\"twitter:card\" content=\"summary_large_image\" \/>\n<meta name=\"twitter:label1\" content=\"Dur\u00e9e de lecture estim\u00e9e\" \/>\n\t<meta name=\"twitter:data1\" content=\"1 minute\" \/>\n<script type=\"application\/ld+json\" class=\"yoast-schema-graph\">{\"@context\":\"https:\\\/\\\/schema.org\",\"@graph\":[{\"@type\":\"WebPage\",\"@id\":\"https:\\\/\\\/www.bouquetdalella.com\\\/fr\\\/produit\\\/vibra-apero-sunset-entre-les-vignes\\\/\",\"url\":\"https:\\\/\\\/www.bouquetdalella.com\\\/fr\\\/produit\\\/vibra-apero-sunset-entre-les-vignes\\\/\",\"name\":\"VIBRA \u2013 Ap\u00e9ro Sunset entre les vignes - Bouquet d&#039;Alella\",\"isPartOf\":{\"@id\":\"https:\\\/\\\/www.bouquetdalella.com\\\/fr\\\/#website\"},\"primaryImageOfPage\":{\"@id\":\"https:\\\/\\\/www.bouquetdalella.com\\\/fr\\\/produit\\\/vibra-apero-sunset-entre-les-vignes\\\/#primaryimage\"},\"image\":{\"@id\":\"https:\\\/\\\/www.bouquetdalella.com\\\/fr\\\/produit\\\/vibra-apero-sunset-entre-les-vignes\\\/#primaryimage\"},\"thumbnailUrl\":\"https:\\\/\\\/www.bouquetdalella.com\\\/wp-content\\\/uploads\\\/2026\\\/05\\\/PRINCIPAL.webp\",\"datePublished\":\"2026-05-11T08:24:53+00:00\",\"dateModified\":\"2026-05-11T13:51:09+00:00\",\"description\":\"Cet \u00e9t\u00e9, Bouquet d\u2019Alella pr\u00e9sente VIBRA, une nouvelle exp\u00e9rience d\u2019Ap\u00e9ro Sunset entre les vignes, pens\u00e9e pour profiter des fins d\u2019apr\u00e8s-midi d\u2019\u00e9t\u00e9 dans un cadre unique.\",\"breadcrumb\":{\"@id\":\"https:\\\/\\\/www.bouquetdalella.com\\\/fr\\\/produit\\\/vibra-apero-sunset-entre-les-vignes\\\/#breadcrumb\"},\"inLanguage\":\"fr-FR\",\"potentialAction\":[{\"@type\":\"ReadAction\",\"target\":[\"https:\\\/\\\/www.bouquetdalella.com\\\/fr\\\/produit\\\/vibra-apero-sunset-entre-les-vignes\\\/\"]}]},{\"@type\":\"ImageObject\",\"inLanguage\":\"fr-FR\",\"@id\":\"https:\\\/\\\/www.bouquetdalella.com\\\/fr\\\/produit\\\/vibra-apero-sunset-entre-les-vignes\\\/#primaryimage\",\"url\":\"https:\\\/\\\/www.bouquetdalella.com\\\/wp-content\\\/uploads\\\/2026\\\/05\\\/PRINCIPAL.webp\",\"contentUrl\":\"https:\\\/\\\/www.bouquetdalella.com\\\/wp-content\\\/uploads\\\/2026\\\/05\\\/PRINCIPAL.webp\",\"width\":1376,\"height\":768},{\"@type\":\"BreadcrumbList\",\"@id\":\"https:\\\/\\\/www.bouquetdalella.com\\\/fr\\\/produit\\\/vibra-apero-sunset-entre-les-vignes\\\/#breadcrumb\",\"itemListElement\":[{\"@type\":\"ListItem\",\"position\":1,\"name\":\"Inici\",\"item\":\"https:\\\/\\\/www.bouquetdalella.com\\\/fr\\\/\"},{\"@type\":\"ListItem\",\"position\":2,\"name\":\"Boutique\",\"item\":\"https:\\\/\\\/www.bouquetdalella.com\\\/fr\\\/boutique\\\/\"},{\"@type\":\"ListItem\",\"position\":3,\"name\":\"VIBRA \u2013 Ap\u00e9ro Sunset entre les vignes\"}]},{\"@type\":\"WebSite\",\"@id\":\"https:\\\/\\\/www.bouquetdalella.com\\\/fr\\\/#website\",\"url\":\"https:\\\/\\\/www.bouquetdalella.com\\\/fr\\\/\",\"name\":\"Bouquet d&#039;Alella\",\"description\":\"El Celler Bouquet d\u2019Alella neix amb la clara intenci\u00f3 d\u2019explotar dues vessants diferents per\u00f2 complement\u00e0ries en el mon del vi. Per una banda, la producci\u00f3n i venda de vins ecol\u00f2gics de qualitat i per l\u2019altra la promoci\u00f3 de l\u2019enoturisme.\",\"publisher\":{\"@id\":\"https:\\\/\\\/www.bouquetdalella.com\\\/fr\\\/#organization\"},\"potentialAction\":[{\"@type\":\"SearchAction\",\"target\":{\"@type\":\"EntryPoint\",\"urlTemplate\":\"https:\\\/\\\/www.bouquetdalella.com\\\/fr\\\/?s={search_term_string}\"},\"query-input\":{\"@type\":\"PropertyValueSpecification\",\"valueRequired\":true,\"valueName\":\"search_term_string\"}}],\"inLanguage\":\"fr-FR\"},{\"@type\":\"Organization\",\"@id\":\"https:\\\/\\\/www.bouquetdalella.com\\\/fr\\\/#organization\",\"name\":\"Bouquet d&#039;Alella\",\"url\":\"https:\\\/\\\/www.bouquetdalella.com\\\/fr\\\/\",\"logo\":{\"@type\":\"ImageObject\",\"inLanguage\":\"fr-FR\",\"@id\":\"https:\\\/\\\/www.bouquetdalella.com\\\/fr\\\/#\\\/schema\\\/logo\\\/image\\\/\",\"url\":\"https:\\\/\\\/www.bouquetdalella.com\\\/wp-content\\\/uploads\\\/2023\\\/04\\\/cropped-cropped-cropped-logo_bouquet_d_alella-2-300x53-1.png\",\"contentUrl\":\"https:\\\/\\\/www.bouquetdalella.com\\\/wp-content\\\/uploads\\\/2023\\\/04\\\/cropped-cropped-cropped-logo_bouquet_d_alella-2-300x53-1.png\",\"width\":300,\"height\":52,\"caption\":\"Bouquet d&#039;Alella\"},\"image\":{\"@id\":\"https:\\\/\\\/www.bouquetdalella.com\\\/fr\\\/#\\\/schema\\\/logo\\\/image\\\/\"}}]}<\/script>\n<!-- \/ Yoast SEO plugin. -->","yoast_head_json":{"title":"VIBRA \u2013 Ap\u00e9ro Sunset entre les vignes - Bouquet d&#039;Alella","description":"Cet \u00e9t\u00e9, Bouquet d\u2019Alella pr\u00e9sente VIBRA, une nouvelle exp\u00e9rience d\u2019Ap\u00e9ro Sunset entre les vignes, pens\u00e9e pour profiter des fins d\u2019apr\u00e8s-midi d\u2019\u00e9t\u00e9 dans un cadre unique.","robots":{"index":"index","follow":"follow","max-snippet":"max-snippet:-1","max-image-preview":"max-image-preview:large","max-video-preview":"max-video-preview:-1"},"canonical":"https:\/\/www.bouquetdalella.com\/fr\/produit\/vibra-apero-sunset-entre-les-vignes\/","og_locale":"fr_FR","og_type":"article","og_title":"VIBRA \u2013 Ap\u00e9ro Sunset entre les vignes - Bouquet d&#039;Alella","og_description":"Cet \u00e9t\u00e9, Bouquet d\u2019Alella pr\u00e9sente VIBRA, une nouvelle exp\u00e9rience d\u2019Ap\u00e9ro Sunset entre les vignes, pens\u00e9e pour profiter des fins d\u2019apr\u00e8s-midi d\u2019\u00e9t\u00e9 dans un cadre unique.","og_url":"https:\/\/www.bouquetdalella.com\/fr\/produit\/vibra-apero-sunset-entre-les-vignes\/","og_site_name":"Bouquet d&#039;Alella","article_modified_time":"2026-05-11T13:51:09+00:00","og_image":[{"width":1376,"height":768,"url":"https:\/\/www.bouquetdalella.com\/wp-content\/uploads\/2026\/05\/PRINCIPAL.webp","type":"image\/webp"}],"twitter_card":"summary_large_image","twitter_misc":{"Dur\u00e9e de lecture estim\u00e9e":"1 minute"},"schema":{"@context":"https:\/\/schema.org","@graph":[{"@type":"WebPage","@id":"https:\/\/www.bouquetdalella.com\/fr\/produit\/vibra-apero-sunset-entre-les-vignes\/","url":"https:\/\/www.bouquetdalella.com\/fr\/produit\/vibra-apero-sunset-entre-les-vignes\/","name":"VIBRA \u2013 Ap\u00e9ro Sunset entre les vignes - Bouquet d&#039;Alella","isPartOf":{"@id":"https:\/\/www.bouquetdalella.com\/fr\/#website"},"primaryImageOfPage":{"@id":"https:\/\/www.bouquetdalella.com\/fr\/produit\/vibra-apero-sunset-entre-les-vignes\/#primaryimage"},"image":{"@id":"https:\/\/www.bouquetdalella.com\/fr\/produit\/vibra-apero-sunset-entre-les-vignes\/#primaryimage"},"thumbnailUrl":"https:\/\/www.bouquetdalella.com\/wp-content\/uploads\/2026\/05\/PRINCIPAL.webp","datePublished":"2026-05-11T08:24:53+00:00","dateModified":"2026-05-11T13:51:09+00:00","description":"Cet \u00e9t\u00e9, Bouquet d\u2019Alella pr\u00e9sente VIBRA, une nouvelle exp\u00e9rience d\u2019Ap\u00e9ro Sunset entre les vignes, pens\u00e9e pour profiter des fins d\u2019apr\u00e8s-midi d\u2019\u00e9t\u00e9 dans un cadre unique.","breadcrumb":{"@id":"https:\/\/www.bouquetdalella.com\/fr\/produit\/vibra-apero-sunset-entre-les-vignes\/#breadcrumb"},"inLanguage":"fr-FR","potentialAction":[{"@type":"ReadAction","target":["https:\/\/www.bouquetdalella.com\/fr\/produit\/vibra-apero-sunset-entre-les-vignes\/"]}]},{"@type":"ImageObject","inLanguage":"fr-FR","@id":"https:\/\/www.bouquetdalella.com\/fr\/produit\/vibra-apero-sunset-entre-les-vignes\/#primaryimage","url":"https:\/\/www.bouquetdalella.com\/wp-content\/uploads\/2026\/05\/PRINCIPAL.webp","contentUrl":"https:\/\/www.bouquetdalella.com\/wp-content\/uploads\/2026\/05\/PRINCIPAL.webp","width":1376,"height":768},{"@type":"BreadcrumbList","@id":"https:\/\/www.bouquetdalella.com\/fr\/produit\/vibra-apero-sunset-entre-les-vignes\/#breadcrumb","itemListElement":[{"@type":"ListItem","position":1,"name":"Inici","item":"https:\/\/www.bouquetdalella.com\/fr\/"},{"@type":"ListItem","position":2,"name":"Boutique","item":"https:\/\/www.bouquetdalella.com\/fr\/boutique\/"},{"@type":"ListItem","position":3,"name":"VIBRA \u2013 Ap\u00e9ro Sunset entre les vignes"}]},{"@type":"WebSite","@id":"https:\/\/www.bouquetdalella.com\/fr\/#website","url":"https:\/\/www.bouquetdalella.com\/fr\/","name":"Bouquet d&#039;Alella","description":"El Celler Bouquet d\u2019Alella neix amb la clara intenci\u00f3 d\u2019explotar dues vessants diferents per\u00f2 complement\u00e0ries en el mon del vi. Per una banda, la producci\u00f3n i venda de vins ecol\u00f2gics de qualitat i per l\u2019altra la promoci\u00f3 de l\u2019enoturisme.","publisher":{"@id":"https:\/\/www.bouquetdalella.com\/fr\/#organization"},"potentialAction":[{"@type":"SearchAction","target":{"@type":"EntryPoint","urlTemplate":"https:\/\/www.bouquetdalella.com\/fr\/?s={search_term_string}"},"query-input":{"@type":"PropertyValueSpecification","valueRequired":true,"valueName":"search_term_string"}}],"inLanguage":"fr-FR"},{"@type":"Organization","@id":"https:\/\/www.bouquetdalella.com\/fr\/#organization","name":"Bouquet d&#039;Alella","url":"https:\/\/www.bouquetdalella.com\/fr\/","logo":{"@type":"ImageObject","inLanguage":"fr-FR","@id":"https:\/\/www.bouquetdalella.com\/fr\/#\/schema\/logo\/image\/","url":"https:\/\/www.bouquetdalella.com\/wp-content\/uploads\/2023\/04\/cropped-cropped-cropped-logo_bouquet_d_alella-2-300x53-1.png","contentUrl":"https:\/\/www.bouquetdalella.com\/wp-content\/uploads\/2023\/04\/cropped-cropped-cropped-logo_bouquet_d_alella-2-300x53-1.png","width":300,"height":52,"caption":"Bouquet d&#039;Alella"},"image":{"@id":"https:\/\/www.bouquetdalella.com\/fr\/#\/schema\/logo\/image\/"}}]}},"_links":{"self":[{"href":"https:\/\/www.bouquetdalella.com\/fr\/wp-json\/wp\/v2\/product\/37440","targetHints":{"allow":["GET"]}}],"collection":[{"href":"https:\/\/www.bouquetdalella.com\/fr\/wp-json\/wp\/v2\/product"}],"about":[{"href":"https:\/\/www.bouquetdalella.com\/fr\/wp-json\/wp\/v2\/types\/product"}],"version-history":[{"count":3,"href":"https:\/\/www.bouquetdalella.com\/fr\/wp-json\/wp\/v2\/product\/37440\/revisions"}],"predecessor-version":[{"id":37502,"href":"https:\/\/www.bouquetdalella.com\/fr\/wp-json\/wp\/v2\/product\/37440\/revisions\/37502"}],"wp:featuredmedia":[{"embeddable":true,"href":"https:\/\/www.bouquetdalella.com\/fr\/wp-json\/wp\/v2\/media\/37443"}],"wp:attachment":[{"href":"https:\/\/www.bouquetdalella.com\/fr\/wp-json\/wp\/v2\/media?parent=37440"}],"wp:term":[{"taxonomy":"product_brand","embeddable":true,"href":"https:\/\/www.bouquetdalella.com\/fr\/wp-json\/wp\/v2\/product_brand?post=37440"},{"taxonomy":"product_cat","embeddable":true,"href":"https:\/\/www.bouquetdalella.com\/fr\/wp-json\/wp\/v2\/product_cat?post=37440"},{"taxonomy":"product_tag","embeddable":true,"href":"https:\/\/www.bouquetdalella.com\/fr\/wp-json\/wp\/v2\/product_tag?post=37440"}],"curies":[{"name":"wp","href":"https:\/\/api.w.org\/{rel}","templated":true}]}}