{"id":9022,"date":"2020-10-26T19:45:06","date_gmt":"2020-10-26T17:45:06","guid":{"rendered":"https:\/\/www.bouquetdalella.com\/producte\/maridatge-de-vins-i-formatges\/"},"modified":"2026-02-27T08:43:23","modified_gmt":"2026-02-27T07:43:23","slug":"maridatge-de-vins-i-formatges","status":"publish","type":"product","link":"https:\/\/www.bouquetdalella.com\/fr\/produit\/maridatge-de-vins-i-formatges\/","title":{"rendered":"D\u00e9gustation de Vins et Fromages avec Visite Guid\u00e9e \u00e0 Alella \u2013 Une Exp\u00e9rience d\u2019Accord Unique"},"content":{"rendered":"\t\t<div data-elementor-type=\"product-post\" data-elementor-id=\"9022\" class=\"elementor elementor-9022 elementor-6542\" data-elementor-post-type=\"product\">\n\t\t\t\t\t\t<section class=\"elementor-section elementor-top-section elementor-element elementor-element-bbeca41 elementor-section-boxed elementor-section-height-default elementor-section-height-default\" data-id=\"bbeca41\" data-element_type=\"section\" data-e-type=\"section\">\n\t\t\t\t\t\t<div class=\"elementor-container elementor-column-gap-default\">\n\t\t\t\t\t<div class=\"elementor-column elementor-col-50 elementor-top-column elementor-element elementor-element-d281460\" data-id=\"d281460\" data-element_type=\"column\" data-e-type=\"column\">\n\t\t\t<div class=\"elementor-widget-wrap elementor-element-populated\">\n\t\t\t\t\t\t<div class=\"elementor-element elementor-element-a8b1c18 elementor-widget elementor-widget-text-editor\" data-id=\"a8b1c18\" data-element_type=\"widget\" data-e-type=\"widget\" data-widget_type=\"text-editor.default\">\n\t\t\t\t<div class=\"elementor-widget-container\">\n\t\t\t\t\t\t\t\t\t<p class=\"\" data-start=\"514\" data-end=\"1026\"><strong data-start=\"514\" data-end=\"574\">Pourquoi choisir notre d\u00e9gustation de vins et fromages ?<\/strong><br data-start=\"574\" data-end=\"577\" \/>L\u2019accord vins et fromages est une combinaison classique qui fait toujours mouche. Cependant, toutes les d\u00e9gustations ne se valent pas. Chez Bouquet d\u2019Alella, nous misons sur :<br data-start=\"752\" data-end=\"755\" \/>\u2022 Des vins biologiques \u00e9labor\u00e9s dans notre cave familiale.<br data-start=\"813\" data-end=\"816\" \/>\u2022 Des fromages artisanaux locaux, soigneusement s\u00e9lectionn\u00e9s pour sublimer chaque nuance du vin.<br data-start=\"912\" data-end=\"915\" \/>\u2022 Un cadre unique, entour\u00e9 de vignes avec une vue spectaculaire sur la mer M\u00e9diterran\u00e9e et la cha\u00eene c\u00f4ti\u00e8re.<\/p><p class=\"\" data-start=\"1028\" data-end=\"1134\">Notre d\u00e9gustation de vins et fromages n\u2019est pas une simple d\u00e9gustation : c\u2019est un voyage au c\u0153ur d\u2019Alella.<\/p>\t\t\t\t\t\t\t\t<\/div>\n\t\t\t\t<\/div>\n\t\t\t\t\t<\/div>\n\t\t<\/div>\n\t\t\t\t<div class=\"elementor-column elementor-col-50 elementor-top-column elementor-element elementor-element-f318ff1\" data-id=\"f318ff1\" data-element_type=\"column\" data-e-type=\"column\">\n\t\t\t<div class=\"elementor-widget-wrap elementor-element-populated\">\n\t\t\t\t\t\t<div class=\"elementor-element elementor-element-7f11404 elementor-widget elementor-widget-image\" data-id=\"7f11404\" data-element_type=\"widget\" data-e-type=\"widget\" data-widget_type=\"image.default\">\n\t\t\t\t<div class=\"elementor-widget-container\">\n\t\t\t\t\t\t\t\t\t\t\t\t\t\t\t<img fetchpriority=\"high\" decoding=\"async\" width=\"800\" height=\"534\" src=\"https:\/\/www.bouquetdalella.com\/wp-content\/uploads\/2023\/04\/DSC00876-8-1024x683.jpg\" class=\"attachment-large size-large wp-image-10524\" alt=\"\" srcset=\"https:\/\/www.bouquetdalella.com\/wp-content\/uploads\/2023\/04\/DSC00876-8-1024x683.jpg 1024w, https:\/\/www.bouquetdalella.com\/wp-content\/uploads\/2023\/04\/DSC00876-8-300x200.jpg 300w, https:\/\/www.bouquetdalella.com\/wp-content\/uploads\/2023\/04\/DSC00876-8-768x512.jpg 768w, https:\/\/www.bouquetdalella.com\/wp-content\/uploads\/2023\/04\/DSC00876-8-600x400.jpg 600w, https:\/\/www.bouquetdalella.com\/wp-content\/uploads\/2023\/04\/DSC00876-8.jpg 1500w\" sizes=\"(max-width: 800px) 100vw, 800px\" \/>\t\t\t\t\t\t\t\t\t\t\t\t\t\t\t<\/div>\n\t\t\t\t<\/div>\n\t\t\t\t\t<\/div>\n\t\t<\/div>\n\t\t\t\t\t<\/div>\n\t\t<\/section>\n\t\t\t\t<section class=\"elementor-section elementor-top-section elementor-element elementor-element-253cfb6 elementor-section-boxed elementor-section-height-default elementor-section-height-default\" data-id=\"253cfb6\" data-element_type=\"section\" data-e-type=\"section\">\n\t\t\t\t\t\t<div class=\"elementor-container elementor-column-gap-default\">\n\t\t\t\t\t<div class=\"elementor-column elementor-col-100 elementor-top-column elementor-element elementor-element-02c69f3\" data-id=\"02c69f3\" data-element_type=\"column\" data-e-type=\"column\">\n\t\t\t<div class=\"elementor-widget-wrap elementor-element-populated\">\n\t\t\t\t\t\t<div class=\"elementor-element elementor-element-ac0e271 elementor-widget elementor-widget-text-editor\" data-id=\"ac0e271\" data-element_type=\"widget\" data-e-type=\"widget\" data-widget_type=\"text-editor.default\">\n\t\t\t\t<div class=\"elementor-widget-container\">\n\t\t\t\t\t\t\t\t\t<p class=\"\" data-start=\"2067\" data-end=\"2386\"><strong data-start=\"2067\" data-end=\"2106\">\u00c0 qui s\u2019adresse cette d\u00e9gustation ?<\/strong><br data-start=\"2106\" data-end=\"2109\" \/>Notre proposition s\u2019adresse \u00e0 :<br data-start=\"2140\" data-end=\"2143\" \/>\u2022 Les \u0153notouristes et les amateurs de vin en qu\u00eate d\u2019exp\u00e9riences authentiques.<br data-start=\"2221\" data-end=\"2224\" \/>\u2022 Les entreprises souhaitant organiser des activit\u00e9s de\u00a0<em data-start=\"2280\" data-end=\"2295\">team building<\/em>\u00a0originales.<br data-start=\"2307\" data-end=\"2310\" \/>\u2022 Les couples et groupes d\u2019amis qui souhaitent c\u00e9l\u00e9brer un moment sp\u00e9cial.<\/p><p class=\"\" data-start=\"2388\" data-end=\"2503\">Aucune expertise en vins ou fromages n\u2019est n\u00e9cessaire : il suffit d\u2019avoir envie d\u2019apprendre et de se faire plaisir.<\/p><p class=\"\" data-start=\"2505\" data-end=\"2864\"><strong data-start=\"2505\" data-end=\"2545\">Pourquoi associer vins et fromages ?<\/strong><br data-start=\"2545\" data-end=\"2548\" \/>L\u2019accord vins et fromages offre une harmonie parfaite car :<br data-start=\"2607\" data-end=\"2610\" \/>\u2022 Ce sont deux produits vivants, avec leur propre \u00e9volution et caract\u00e8re.<br data-start=\"2683\" data-end=\"2686\" \/>\u2022 Le fromage rehausse la texture et les ar\u00f4mes du vin, et inversement.<br data-start=\"2756\" data-end=\"2759\" \/>\u2022 Ensemble, ils cr\u00e9ent un \u00e9quilibre entre mati\u00e8re grasse, acidit\u00e9 et tanins qui s\u00e9duit tous les palais.<\/p><p class=\"\" data-start=\"2866\" data-end=\"3078\">Lors de notre d\u00e9gustation, vous d\u00e9couvrirez comment les caract\u00e9ristiques de chaque fromage (fra\u00eecheur, affinage, type de lait) s\u2019accordent avec les particularit\u00e9s de chaque vin (blanc, ros\u00e9, rouge, effervescent).<\/p><p class=\"\" data-start=\"3080\" data-end=\"3348\"><strong data-start=\"3080\" data-end=\"3130\">R\u00e9servez votre d\u00e9gustation de vins et fromages<\/strong><br data-start=\"3130\" data-end=\"3133\" \/>Vivre une d\u00e9gustation de vins et fromages chez Bouquet d\u2019Alella, c\u2019est l\u2019occasion de se connecter \u00e0 l\u2019essence du terroir et de partager un moment unique. R\u00e9servez en ligne ou contactez-nous pour plus d\u2019informations.<\/p>\t\t\t\t\t\t\t\t<\/div>\n\t\t\t\t<\/div>\n\t\t\t\t\t<\/div>\n\t\t<\/div>\n\t\t\t\t\t<\/div>\n\t\t<\/section>\n\t\t\t\t<\/div>\n\t\t","protected":false},"excerpt":{"rendered":"<p class=\"\" data-start=\"215\" data-end=\"512\">Si vous \u00eates amateur de vin et de gastronomie, la d\u00e9gustation de vins et fromages chez Bouquet d\u2019Alella est une exp\u00e9rience incontournable. Situ\u00e9s au c\u0153ur de l\u2019Appellation d\u2019Origine Alella, \u00e0 quelques minutes de Barcelone, nous proposons un parcours sensoriel alliant tradition, paysage et saveurs.<\/p>\n<p class=\"\" data-start=\"1136\" data-end=\"1566\"><strong data-start=\"1136\" data-end=\"1167\">Que comprend l\u2019exp\u00e9rience ?<\/strong><br data-start=\"1167\" data-end=\"1170\" \/>L\u2019activit\u00e9 est con\u00e7ue pour \u00e9veiller vos cinq sens. Le prix inclut :<br data-start=\"1237\" data-end=\"1240\" \/>\u2022 Une visite guid\u00e9e des vignes et de la cave, pour d\u00e9couvrir notre histoire, les c\u00e9pages autochtones et le processus de vinification.<br data-start=\"1373\" data-end=\"1376\" \/>\u2022 Une d\u00e9gustation comment\u00e9e de 4 vins embl\u00e9matiques de Bouquet d\u2019Alella.<br data-start=\"1448\" data-end=\"1451\" \/>\u2022 Un accord avec 4 fromages artisanaux, s\u00e9lectionn\u00e9s pour compl\u00e9ter et mettre en valeur les ar\u00f4mes de chaque vin.<\/p>\n<p><strong>Dur\u00e9e :<\/strong>\u00a02 heures<\/p>\n<p><strong>Prochaines sessions:<\/strong><\/p>\n<p>7 f\u00e9vrier 2026; 7 mars 2026;<\/p>\n<p>4 avril 2026 ; 9 mai 2026 ; 6 juin 2026 ;<\/p>\n<p>4 juillet 2026 ; 5 septembre 2026 ;<\/p>\n<p>10 octobre 2026 ; 7 novembre 2026 ; 5 d\u00e9cembre 2026.<\/p>\n<p class=\"\" data-start=\"1775\" data-end=\"1914\">\ud83d\udc49 Si vous \u00eates un groupe de 8 personnes ou plus, vous pouvez demander une date personnalis\u00e9e. Nous nous adaptons \u00e0 votre emploi du temps !<\/p>\n<p class=\"\" data-start=\"1916\" data-end=\"2065\"><strong data-start=\"1916\" data-end=\"1925\">Tarif<\/strong><br data-start=\"1925\" data-end=\"1928\" \/>Le tarif de la d\u00e9gustation de vins et fromages est de 45 \u20ac par personne (TVA incluse) pour les adultes, ou 25 \u20ac pour les moins de 16 ans.<\/p>\n<p>&nbsp;<br \/>\n[fareharbor shortname=\"bouquetdalella\" fallback=\"simple\" full_items=\"yes\" flow=\"1393186\" items=\"631227\" type=\"responsive\" language=\"fr\"]<\/p>\n","protected":false},"featured_media":6545,"template":"","meta":[],"product_brand":[],"product_cat":[363],"product_tag":[390],"class_list":{"0":"post-9022","1":"product","2":"type-product","3":"status-publish","4":"has-post-thumbnail","6":"product_cat-reservable","7":"product_tag-fareharbor-fr","9":"first","10":"outofstock","11":"taxable","12":"shipping-taxable","13":"purchasable","14":"product-type-variable"},"yoast_head":"<!-- This site is optimized with the Yoast SEO plugin v27.3 - https:\/\/yoast.com\/product\/yoast-seo-wordpress\/ -->\n<title>D\u00e9gustation de Vins et Fromages avec Visite Guid\u00e9e \u00e0 Alella \u2013 Une Exp\u00e9rience d\u2019Accord Unique - Bouquet d&#039;Alella<\/title>\n<meta name=\"robots\" content=\"index, follow, max-snippet:-1, max-image-preview:large, max-video-preview:-1\" \/>\n<link rel=\"canonical\" href=\"https:\/\/www.bouquetdalella.com\/fr\/produit\/maridatge-de-vins-i-formatges\/\" \/>\n<meta property=\"og:locale\" content=\"fr_FR\" \/>\n<meta property=\"og:type\" content=\"article\" \/>\n<meta property=\"og:title\" content=\"D\u00e9gustation de Vins et Fromages avec Visite Guid\u00e9e \u00e0 Alella \u2013 Une Exp\u00e9rience d\u2019Accord Unique - Bouquet d&#039;Alella\" \/>\n<meta property=\"og:description\" content=\"Si vous \u00eates amateur de vin et de gastronomie, la d\u00e9gustation de vins et fromages chez Bouquet d\u2019Alella est une exp\u00e9rience incontournable. Situ\u00e9s au c\u0153ur de l\u2019Appellation d\u2019Origine Alella, \u00e0 quelques minutes de Barcelone, nous proposons un parcours sensoriel alliant tradition, paysage et saveurs. Que comprend l\u2019exp\u00e9rience ?L\u2019activit\u00e9 est con\u00e7ue pour \u00e9veiller vos cinq sens. Le prix inclut :\u2022 Une visite guid\u00e9e des vignes et de la cave, pour d\u00e9couvrir notre histoire, les c\u00e9pages autochtones et le processus de vinification.\u2022 Une d\u00e9gustation comment\u00e9e de 4 vins embl\u00e9matiques de Bouquet d\u2019Alella.\u2022 Un accord avec 4 fromages artisanaux, s\u00e9lectionn\u00e9s pour compl\u00e9ter et mettre en valeur les ar\u00f4mes de chaque vin. Dur\u00e9e :\u00a02 heures  Prochaines sessions:  7 f\u00e9vrier 2026; 7 mars 2026;  4 avril 2026 ; 9 mai 2026 ; 6 juin 2026 ;  4 juillet 2026 ; 5 septembre 2026 ;  10 octobre 2026 ; 7 novembre 2026 ; 5 d\u00e9cembre 2026. \ud83d\udc49 Si vous \u00eates un groupe de 8 personnes ou plus, vous pouvez demander une date personnalis\u00e9e. Nous nous adaptons \u00e0 votre emploi du temps ! TarifLe tarif de la d\u00e9gustation de vins et fromages est de 45 \u20ac par personne (TVA incluse) pour les adultes, ou 25 \u20ac pour les moins de 16 ans.  &nbsp;\" \/>\n<meta property=\"og:url\" content=\"https:\/\/www.bouquetdalella.com\/fr\/produit\/maridatge-de-vins-i-formatges\/\" \/>\n<meta property=\"og:site_name\" content=\"Bouquet d&#039;Alella\" \/>\n<meta property=\"article:modified_time\" content=\"2026-02-27T07:43:23+00:00\" \/>\n<meta property=\"og:image\" content=\"https:\/\/www.bouquetdalella.com\/wp-content\/uploads\/2023\/04\/DSC00872-1.jpg\" \/>\n\t<meta property=\"og:image:width\" content=\"1187\" \/>\n\t<meta property=\"og:image:height\" content=\"668\" \/>\n\t<meta property=\"og:image:type\" content=\"image\/jpeg\" \/>\n<meta name=\"twitter:card\" content=\"summary_large_image\" \/>\n<meta name=\"twitter:label1\" content=\"Dur\u00e9e de lecture estim\u00e9e\" \/>\n\t<meta name=\"twitter:data1\" content=\"2 minutes\" \/>\n<script type=\"application\/ld+json\" class=\"yoast-schema-graph\">{\"@context\":\"https:\\\/\\\/schema.org\",\"@graph\":[{\"@type\":\"WebPage\",\"@id\":\"https:\\\/\\\/www.bouquetdalella.com\\\/fr\\\/produit\\\/maridatge-de-vins-i-formatges\\\/\",\"url\":\"https:\\\/\\\/www.bouquetdalella.com\\\/fr\\\/produit\\\/maridatge-de-vins-i-formatges\\\/\",\"name\":\"D\u00e9gustation de Vins et Fromages avec Visite Guid\u00e9e \u00e0 Alella \u2013 Une Exp\u00e9rience d\u2019Accord Unique - Bouquet d&#039;Alella\",\"isPartOf\":{\"@id\":\"https:\\\/\\\/www.bouquetdalella.com\\\/fr\\\/#website\"},\"primaryImageOfPage\":{\"@id\":\"https:\\\/\\\/www.bouquetdalella.com\\\/fr\\\/produit\\\/maridatge-de-vins-i-formatges\\\/#primaryimage\"},\"image\":{\"@id\":\"https:\\\/\\\/www.bouquetdalella.com\\\/fr\\\/produit\\\/maridatge-de-vins-i-formatges\\\/#primaryimage\"},\"thumbnailUrl\":\"https:\\\/\\\/www.bouquetdalella.com\\\/wp-content\\\/uploads\\\/2023\\\/04\\\/DSC00872-1.jpg\",\"datePublished\":\"2020-10-26T17:45:06+00:00\",\"dateModified\":\"2026-02-27T07:43:23+00:00\",\"breadcrumb\":{\"@id\":\"https:\\\/\\\/www.bouquetdalella.com\\\/fr\\\/produit\\\/maridatge-de-vins-i-formatges\\\/#breadcrumb\"},\"inLanguage\":\"fr-FR\",\"potentialAction\":[{\"@type\":\"ReadAction\",\"target\":[\"https:\\\/\\\/www.bouquetdalella.com\\\/fr\\\/produit\\\/maridatge-de-vins-i-formatges\\\/\"]}]},{\"@type\":\"ImageObject\",\"inLanguage\":\"fr-FR\",\"@id\":\"https:\\\/\\\/www.bouquetdalella.com\\\/fr\\\/produit\\\/maridatge-de-vins-i-formatges\\\/#primaryimage\",\"url\":\"https:\\\/\\\/www.bouquetdalella.com\\\/wp-content\\\/uploads\\\/2023\\\/04\\\/DSC00872-1.jpg\",\"contentUrl\":\"https:\\\/\\\/www.bouquetdalella.com\\\/wp-content\\\/uploads\\\/2023\\\/04\\\/DSC00872-1.jpg\",\"width\":1187,\"height\":668},{\"@type\":\"BreadcrumbList\",\"@id\":\"https:\\\/\\\/www.bouquetdalella.com\\\/fr\\\/produit\\\/maridatge-de-vins-i-formatges\\\/#breadcrumb\",\"itemListElement\":[{\"@type\":\"ListItem\",\"position\":1,\"name\":\"Inici\",\"item\":\"https:\\\/\\\/www.bouquetdalella.com\\\/fr\\\/\"},{\"@type\":\"ListItem\",\"position\":2,\"name\":\"Boutique\",\"item\":\"https:\\\/\\\/www.bouquetdalella.com\\\/fr\\\/boutique\\\/\"},{\"@type\":\"ListItem\",\"position\":3,\"name\":\"D\u00e9gustation de Vins et Fromages avec Visite Guid\u00e9e \u00e0 Alella \u2013 Une Exp\u00e9rience d\u2019Accord Unique\"}]},{\"@type\":\"WebSite\",\"@id\":\"https:\\\/\\\/www.bouquetdalella.com\\\/fr\\\/#website\",\"url\":\"https:\\\/\\\/www.bouquetdalella.com\\\/fr\\\/\",\"name\":\"Bouquet d&#039;Alella\",\"description\":\"El Celler Bouquet d\u2019Alella neix amb la clara intenci\u00f3 d\u2019explotar dues vessants diferents per\u00f2 complement\u00e0ries en el mon del vi. Per una banda, la producci\u00f3n i venda de vins ecol\u00f2gics de qualitat i per l\u2019altra la promoci\u00f3 de l\u2019enoturisme.\",\"publisher\":{\"@id\":\"https:\\\/\\\/www.bouquetdalella.com\\\/fr\\\/#organization\"},\"potentialAction\":[{\"@type\":\"SearchAction\",\"target\":{\"@type\":\"EntryPoint\",\"urlTemplate\":\"https:\\\/\\\/www.bouquetdalella.com\\\/fr\\\/?s={search_term_string}\"},\"query-input\":{\"@type\":\"PropertyValueSpecification\",\"valueRequired\":true,\"valueName\":\"search_term_string\"}}],\"inLanguage\":\"fr-FR\"},{\"@type\":\"Organization\",\"@id\":\"https:\\\/\\\/www.bouquetdalella.com\\\/fr\\\/#organization\",\"name\":\"Bouquet d&#039;Alella\",\"url\":\"https:\\\/\\\/www.bouquetdalella.com\\\/fr\\\/\",\"logo\":{\"@type\":\"ImageObject\",\"inLanguage\":\"fr-FR\",\"@id\":\"https:\\\/\\\/www.bouquetdalella.com\\\/fr\\\/#\\\/schema\\\/logo\\\/image\\\/\",\"url\":\"https:\\\/\\\/www.bouquetdalella.com\\\/wp-content\\\/uploads\\\/2023\\\/04\\\/cropped-cropped-cropped-logo_bouquet_d_alella-2-300x53-1.png\",\"contentUrl\":\"https:\\\/\\\/www.bouquetdalella.com\\\/wp-content\\\/uploads\\\/2023\\\/04\\\/cropped-cropped-cropped-logo_bouquet_d_alella-2-300x53-1.png\",\"width\":300,\"height\":52,\"caption\":\"Bouquet d&#039;Alella\"},\"image\":{\"@id\":\"https:\\\/\\\/www.bouquetdalella.com\\\/fr\\\/#\\\/schema\\\/logo\\\/image\\\/\"}}]}<\/script>\n<!-- \/ Yoast SEO plugin. -->","yoast_head_json":{"title":"D\u00e9gustation de Vins et Fromages avec Visite Guid\u00e9e \u00e0 Alella \u2013 Une Exp\u00e9rience d\u2019Accord Unique - Bouquet d&#039;Alella","robots":{"index":"index","follow":"follow","max-snippet":"max-snippet:-1","max-image-preview":"max-image-preview:large","max-video-preview":"max-video-preview:-1"},"canonical":"https:\/\/www.bouquetdalella.com\/fr\/produit\/maridatge-de-vins-i-formatges\/","og_locale":"fr_FR","og_type":"article","og_title":"D\u00e9gustation de Vins et Fromages avec Visite Guid\u00e9e \u00e0 Alella \u2013 Une Exp\u00e9rience d\u2019Accord Unique - Bouquet d&#039;Alella","og_description":"Si vous \u00eates amateur de vin et de gastronomie, la d\u00e9gustation de vins et fromages chez Bouquet d\u2019Alella est une exp\u00e9rience incontournable. Situ\u00e9s au c\u0153ur de l\u2019Appellation d\u2019Origine Alella, \u00e0 quelques minutes de Barcelone, nous proposons un parcours sensoriel alliant tradition, paysage et saveurs. Que comprend l\u2019exp\u00e9rience ?L\u2019activit\u00e9 est con\u00e7ue pour \u00e9veiller vos cinq sens. Le prix inclut :\u2022 Une visite guid\u00e9e des vignes et de la cave, pour d\u00e9couvrir notre histoire, les c\u00e9pages autochtones et le processus de vinification.\u2022 Une d\u00e9gustation comment\u00e9e de 4 vins embl\u00e9matiques de Bouquet d\u2019Alella.\u2022 Un accord avec 4 fromages artisanaux, s\u00e9lectionn\u00e9s pour compl\u00e9ter et mettre en valeur les ar\u00f4mes de chaque vin. Dur\u00e9e :\u00a02 heures  Prochaines sessions:  7 f\u00e9vrier 2026; 7 mars 2026;  4 avril 2026 ; 9 mai 2026 ; 6 juin 2026 ;  4 juillet 2026 ; 5 septembre 2026 ;  10 octobre 2026 ; 7 novembre 2026 ; 5 d\u00e9cembre 2026. \ud83d\udc49 Si vous \u00eates un groupe de 8 personnes ou plus, vous pouvez demander une date personnalis\u00e9e. Nous nous adaptons \u00e0 votre emploi du temps ! TarifLe tarif de la d\u00e9gustation de vins et fromages est de 45 \u20ac par personne (TVA incluse) pour les adultes, ou 25 \u20ac pour les moins de 16 ans.  &nbsp;","og_url":"https:\/\/www.bouquetdalella.com\/fr\/produit\/maridatge-de-vins-i-formatges\/","og_site_name":"Bouquet d&#039;Alella","article_modified_time":"2026-02-27T07:43:23+00:00","og_image":[{"width":1187,"height":668,"url":"https:\/\/www.bouquetdalella.com\/wp-content\/uploads\/2023\/04\/DSC00872-1.jpg","type":"image\/jpeg"}],"twitter_card":"summary_large_image","twitter_misc":{"Dur\u00e9e de lecture estim\u00e9e":"2 minutes"},"schema":{"@context":"https:\/\/schema.org","@graph":[{"@type":"WebPage","@id":"https:\/\/www.bouquetdalella.com\/fr\/produit\/maridatge-de-vins-i-formatges\/","url":"https:\/\/www.bouquetdalella.com\/fr\/produit\/maridatge-de-vins-i-formatges\/","name":"D\u00e9gustation de Vins et Fromages avec Visite Guid\u00e9e \u00e0 Alella \u2013 Une Exp\u00e9rience d\u2019Accord Unique - Bouquet d&#039;Alella","isPartOf":{"@id":"https:\/\/www.bouquetdalella.com\/fr\/#website"},"primaryImageOfPage":{"@id":"https:\/\/www.bouquetdalella.com\/fr\/produit\/maridatge-de-vins-i-formatges\/#primaryimage"},"image":{"@id":"https:\/\/www.bouquetdalella.com\/fr\/produit\/maridatge-de-vins-i-formatges\/#primaryimage"},"thumbnailUrl":"https:\/\/www.bouquetdalella.com\/wp-content\/uploads\/2023\/04\/DSC00872-1.jpg","datePublished":"2020-10-26T17:45:06+00:00","dateModified":"2026-02-27T07:43:23+00:00","breadcrumb":{"@id":"https:\/\/www.bouquetdalella.com\/fr\/produit\/maridatge-de-vins-i-formatges\/#breadcrumb"},"inLanguage":"fr-FR","potentialAction":[{"@type":"ReadAction","target":["https:\/\/www.bouquetdalella.com\/fr\/produit\/maridatge-de-vins-i-formatges\/"]}]},{"@type":"ImageObject","inLanguage":"fr-FR","@id":"https:\/\/www.bouquetdalella.com\/fr\/produit\/maridatge-de-vins-i-formatges\/#primaryimage","url":"https:\/\/www.bouquetdalella.com\/wp-content\/uploads\/2023\/04\/DSC00872-1.jpg","contentUrl":"https:\/\/www.bouquetdalella.com\/wp-content\/uploads\/2023\/04\/DSC00872-1.jpg","width":1187,"height":668},{"@type":"BreadcrumbList","@id":"https:\/\/www.bouquetdalella.com\/fr\/produit\/maridatge-de-vins-i-formatges\/#breadcrumb","itemListElement":[{"@type":"ListItem","position":1,"name":"Inici","item":"https:\/\/www.bouquetdalella.com\/fr\/"},{"@type":"ListItem","position":2,"name":"Boutique","item":"https:\/\/www.bouquetdalella.com\/fr\/boutique\/"},{"@type":"ListItem","position":3,"name":"D\u00e9gustation de Vins et Fromages avec Visite Guid\u00e9e \u00e0 Alella \u2013 Une Exp\u00e9rience d\u2019Accord Unique"}]},{"@type":"WebSite","@id":"https:\/\/www.bouquetdalella.com\/fr\/#website","url":"https:\/\/www.bouquetdalella.com\/fr\/","name":"Bouquet d&#039;Alella","description":"El Celler Bouquet d\u2019Alella neix amb la clara intenci\u00f3 d\u2019explotar dues vessants diferents per\u00f2 complement\u00e0ries en el mon del vi. Per una banda, la producci\u00f3n i venda de vins ecol\u00f2gics de qualitat i per l\u2019altra la promoci\u00f3 de l\u2019enoturisme.","publisher":{"@id":"https:\/\/www.bouquetdalella.com\/fr\/#organization"},"potentialAction":[{"@type":"SearchAction","target":{"@type":"EntryPoint","urlTemplate":"https:\/\/www.bouquetdalella.com\/fr\/?s={search_term_string}"},"query-input":{"@type":"PropertyValueSpecification","valueRequired":true,"valueName":"search_term_string"}}],"inLanguage":"fr-FR"},{"@type":"Organization","@id":"https:\/\/www.bouquetdalella.com\/fr\/#organization","name":"Bouquet d&#039;Alella","url":"https:\/\/www.bouquetdalella.com\/fr\/","logo":{"@type":"ImageObject","inLanguage":"fr-FR","@id":"https:\/\/www.bouquetdalella.com\/fr\/#\/schema\/logo\/image\/","url":"https:\/\/www.bouquetdalella.com\/wp-content\/uploads\/2023\/04\/cropped-cropped-cropped-logo_bouquet_d_alella-2-300x53-1.png","contentUrl":"https:\/\/www.bouquetdalella.com\/wp-content\/uploads\/2023\/04\/cropped-cropped-cropped-logo_bouquet_d_alella-2-300x53-1.png","width":300,"height":52,"caption":"Bouquet d&#039;Alella"},"image":{"@id":"https:\/\/www.bouquetdalella.com\/fr\/#\/schema\/logo\/image\/"}}]}},"_links":{"self":[{"href":"https:\/\/www.bouquetdalella.com\/fr\/wp-json\/wp\/v2\/product\/9022","targetHints":{"allow":["GET"]}}],"collection":[{"href":"https:\/\/www.bouquetdalella.com\/fr\/wp-json\/wp\/v2\/product"}],"about":[{"href":"https:\/\/www.bouquetdalella.com\/fr\/wp-json\/wp\/v2\/types\/product"}],"version-history":[{"count":3,"href":"https:\/\/www.bouquetdalella.com\/fr\/wp-json\/wp\/v2\/product\/9022\/revisions"}],"predecessor-version":[{"id":36355,"href":"https:\/\/www.bouquetdalella.com\/fr\/wp-json\/wp\/v2\/product\/9022\/revisions\/36355"}],"wp:featuredmedia":[{"embeddable":true,"href":"https:\/\/www.bouquetdalella.com\/fr\/wp-json\/wp\/v2\/media\/6545"}],"wp:attachment":[{"href":"https:\/\/www.bouquetdalella.com\/fr\/wp-json\/wp\/v2\/media?parent=9022"}],"wp:term":[{"taxonomy":"product_brand","embeddable":true,"href":"https:\/\/www.bouquetdalella.com\/fr\/wp-json\/wp\/v2\/product_brand?post=9022"},{"taxonomy":"product_cat","embeddable":true,"href":"https:\/\/www.bouquetdalella.com\/fr\/wp-json\/wp\/v2\/product_cat?post=9022"},{"taxonomy":"product_tag","embeddable":true,"href":"https:\/\/www.bouquetdalella.com\/fr\/wp-json\/wp\/v2\/product_tag?post=9022"}],"curies":[{"name":"wp","href":"https:\/\/api.w.org\/{rel}","templated":true}]}}