{"id":9230,"date":"2021-01-19T18:35:26","date_gmt":"2021-01-19T17:35:26","guid":{"rendered":"https:\/\/www.bouquetdalella.com\/producte\/lot-pour-blanc-lovers\/"},"modified":"2025-10-29T09:47:23","modified_gmt":"2025-10-29T08:47:23","slug":"lot-blanc-basic","status":"publish","type":"product","link":"https:\/\/www.bouquetdalella.com\/fr\/produit\/lot-blanc-basic\/","title":{"rendered":"LOT BLANC BASIC"},"content":{"rendered":"\t\t<div data-elementor-type=\"product-post\" data-elementor-id=\"9230\" class=\"elementor elementor-9230 elementor-6613\" data-elementor-post-type=\"product\">\n\t\t\t\t\t\t<section class=\"elementor-section elementor-top-section elementor-element elementor-element-6ce40b83 elementor-section-boxed elementor-section-height-default elementor-section-height-default\" data-id=\"6ce40b83\" data-element_type=\"section\" data-e-type=\"section\">\n\t\t\t\t\t\t<div class=\"elementor-container elementor-column-gap-default\">\n\t\t\t\t\t<div class=\"elementor-column elementor-col-100 elementor-top-column elementor-element elementor-element-539b5b15\" data-id=\"539b5b15\" data-element_type=\"column\" data-e-type=\"column\">\n\t\t\t<div class=\"elementor-widget-wrap elementor-element-populated\">\n\t\t\t\t\t\t<div class=\"elementor-element elementor-element-cce722f tab_zone elementor-tabs-view-horizontal elementor-widget elementor-widget-tabs\" data-id=\"cce722f\" data-element_type=\"widget\" data-e-type=\"widget\" data-widget_type=\"tabs.default\">\n\t\t\t\t<div class=\"elementor-widget-container\">\n\t\t\t\t\t\t\t<div class=\"elementor-tabs\">\n\t\t\t<div class=\"elementor-tabs-wrapper\" role=\"tablist\" >\n\t\t\t\t\t\t\t\t\t<div id=\"elementor-tab-title-2141\" class=\"elementor-tab-title elementor-tab-desktop-title\" aria-selected=\"true\" data-tab=\"1\" role=\"tab\" tabindex=\"0\" aria-controls=\"elementor-tab-content-2141\" aria-expanded=\"false\">Contenu<\/div>\n\t\t\t\t\t\t\t\t\t<div id=\"elementor-tab-title-2142\" class=\"elementor-tab-title elementor-tab-desktop-title\" aria-selected=\"false\" data-tab=\"2\" role=\"tab\" tabindex=\"-1\" aria-controls=\"elementor-tab-content-2142\" aria-expanded=\"false\">LIVRAISON GRATUITE + 60\u20ac<\/div>\n\t\t\t\t\t\t\t<\/div>\n\t\t\t<div class=\"elementor-tabs-content-wrapper\" role=\"tablist\" aria-orientation=\"vertical\">\n\t\t\t\t\t\t\t\t\t<div class=\"elementor-tab-title elementor-tab-mobile-title\" aria-selected=\"true\" data-tab=\"1\" role=\"tab\" tabindex=\"0\" aria-controls=\"elementor-tab-content-2141\" aria-expanded=\"false\">Contenu<\/div>\n\t\t\t\t\t<div id=\"elementor-tab-content-2141\" class=\"elementor-tab-content elementor-clearfix\" data-tab=\"1\" role=\"tabpanel\" aria-labelledby=\"elementor-tab-title-2141\" tabindex=\"0\" hidden=\"false\"><ul>\n \t<li style=\"font-weight: 400;\" aria-level=\"1\"><span style=\"font-weight: 400;\">1 bouteille Bouquet d\u2019Alella Blanc: vin blanc aux Pansa blanca et Grenache blanc, jeune<\/span><\/li>\n \t<li style=\"font-weight: 400;\" aria-level=\"1\"><span style=\"font-weight: 400;\">1 bouteille Bouquet d\u2019Alella Blanc+: vin blanc aux Pansa blanca et Grenache blanc, \u00e9lev\u00e9 en f\u00fbts de ch\u00eane<\/span><\/li>\n \t<li style=\"font-weight: 400;\" aria-level=\"1\"><span style=\"font-weight: 400;\">Bo\u00eete \u00e0 bois Bouquet d&rsquo;Alella 2 bouteilles<\/span><\/li>\n<\/ul><\/div>\n\t\t\t\t\t\t\t\t\t<div class=\"elementor-tab-title elementor-tab-mobile-title\" aria-selected=\"false\" data-tab=\"2\" role=\"tab\" tabindex=\"-1\" aria-controls=\"elementor-tab-content-2142\" aria-expanded=\"false\">LIVRAISON GRATUITE + 60\u20ac<\/div>\n\t\t\t\t\t<div id=\"elementor-tab-content-2142\" class=\"elementor-tab-content elementor-clearfix\" data-tab=\"2\" role=\"tabpanel\" aria-labelledby=\"elementor-tab-title-2142\" tabindex=\"0\" hidden=\"hidden\"><p><strong>LIVRAISON GRATUITE<\/strong><\/p>\n<ul>\n<li style=\"font-weight: 400;\" aria-level=\"1\"><span style=\"font-weight: 400;\">Si votre commande est pass\u00e9e dans le p\u00e9rim\u00e8tre national et d\u00e9passe 60 euros (TVA incluse) vous b\u00e9n\u00e9ficierez de la livraison gratuite. Il n&rsquo;inclut pas l&rsquo;ext\u00e9rieur de la p\u00e9ninsule.<\/span><\/li>\n<\/ul><div><br><\/div>\n<div><\/div>\n<div><strong>D\u00c9LAI DE LIVRAISON ET FRAIS D&rsquo;EXP\u00c9DITION<\/strong><\/div>\n<ul>\n<li style=\"font-weight: 400;\" aria-level=\"1\"><span style=\"font-weight: 400;\">Une fois la commande pass\u00e9e et accept\u00e9e, le d\u00e9lai de livraison sera de 2 \u00e0 4 jours ouvr\u00e9s \u00e0 compter du r\u00e8glement de l&rsquo;achat.<\/span><\/li>\n<li style=\"font-weight: 400;\" aria-level=\"1\"><span style=\"font-weight: 400;\">Les commandes sont envoy\u00e9es via un service de messagerie.<\/span><\/li>\n<li style=\"font-weight: 400;\" aria-level=\"1\"><span style=\"font-weight: 400;\">La livraison sera effectu\u00e9e \u00e0 l&rsquo;adresse indiqu\u00e9e lors du processus de commande.<\/span><\/li>\n<\/ul><\/div>\n\t\t\t\t\t\t\t<\/div>\n\t\t<\/div>\n\t\t\t\t\t\t<\/div>\n\t\t\t\t<\/div>\n\t\t\t\t\t<\/div>\n\t\t<\/div>\n\t\t\t\t\t<\/div>\n\t\t<\/section>\n\t\t\t\t<\/div>\n\t\t","protected":false},"excerpt":{"rendered":"<p><span style=\"font-weight: 400;\">Avec le Pansa blanca comme embl\u00e8me et le Grenache blanc comme alli\u00e9, nous fabriquons notre Blanc et Blanc +. Prenez deux des vins les plus repr\u00e9sentatifs du Bouquet d\u2019Alella et d\u00e9couvrez un morceau de notre territoire! <\/span><\/p>\n<div id=\"gtx-trans\" style=\"position: absolute; left: 619px; top: 62.3333px;\">\n<div class=\"gtx-trans-icon\"><\/div>\n<\/div>\n","protected":false},"featured_media":9833,"template":"","meta":[],"product_brand":[],"product_cat":[352],"product_tag":[372],"class_list":{"0":"post-9230","1":"product","2":"type-product","3":"status-publish","4":"has-post-thumbnail","6":"product_cat-lots-fr","7":"product_tag-grouper","9":"first","10":"instock","11":"taxable","12":"shipping-taxable","13":"purchasable","14":"product-type-simple"},"yoast_head":"<!-- This site is optimized with the Yoast SEO plugin v27.3 - https:\/\/yoast.com\/product\/yoast-seo-wordpress\/ -->\n<title>LOT BLANC BASIC - Bouquet d&#039;Alella<\/title>\n<meta name=\"robots\" content=\"index, follow, max-snippet:-1, max-image-preview:large, max-video-preview:-1\" \/>\n<link rel=\"canonical\" href=\"https:\/\/www.bouquetdalella.com\/fr\/produit\/lot-blanc-basic\/\" \/>\n<meta property=\"og:locale\" content=\"fr_FR\" \/>\n<meta property=\"og:type\" content=\"article\" \/>\n<meta property=\"og:title\" content=\"LOT BLANC BASIC - Bouquet d&#039;Alella\" \/>\n<meta property=\"og:description\" content=\"Avec le Pansa blanca comme embl\u00e8me et le Grenache blanc comme alli\u00e9, nous fabriquons notre Blanc et Blanc +. Prenez deux des vins les plus repr\u00e9sentatifs du Bouquet d\u2019Alella et d\u00e9couvrez un morceau de notre territoire!\" \/>\n<meta property=\"og:url\" content=\"https:\/\/www.bouquetdalella.com\/fr\/produit\/lot-blanc-basic\/\" \/>\n<meta property=\"og:site_name\" content=\"Bouquet d&#039;Alella\" \/>\n<meta property=\"article:modified_time\" content=\"2025-10-29T08:47:23+00:00\" \/>\n<meta property=\"og:image\" content=\"https:\/\/www.bouquetdalella.com\/wp-content\/uploads\/2023\/04\/LOT-TERRITORIBLANC-3-4.png\" \/>\n\t<meta property=\"og:image:width\" content=\"1200\" \/>\n\t<meta property=\"og:image:height\" content=\"800\" \/>\n\t<meta property=\"og:image:type\" content=\"image\/png\" \/>\n<meta name=\"twitter:card\" content=\"summary_large_image\" \/>\n<meta name=\"twitter:label1\" content=\"Dur\u00e9e de lecture estim\u00e9e\" \/>\n\t<meta name=\"twitter:data1\" content=\"1 minute\" \/>\n<script type=\"application\/ld+json\" class=\"yoast-schema-graph\">{\"@context\":\"https:\\\/\\\/schema.org\",\"@graph\":[{\"@type\":\"WebPage\",\"@id\":\"https:\\\/\\\/www.bouquetdalella.com\\\/fr\\\/produit\\\/lot-blanc-basic\\\/\",\"url\":\"https:\\\/\\\/www.bouquetdalella.com\\\/fr\\\/produit\\\/lot-blanc-basic\\\/\",\"name\":\"LOT BLANC BASIC - Bouquet d&#039;Alella\",\"isPartOf\":{\"@id\":\"https:\\\/\\\/www.bouquetdalella.com\\\/fr\\\/#website\"},\"primaryImageOfPage\":{\"@id\":\"https:\\\/\\\/www.bouquetdalella.com\\\/fr\\\/produit\\\/lot-blanc-basic\\\/#primaryimage\"},\"image\":{\"@id\":\"https:\\\/\\\/www.bouquetdalella.com\\\/fr\\\/produit\\\/lot-blanc-basic\\\/#primaryimage\"},\"thumbnailUrl\":\"https:\\\/\\\/www.bouquetdalella.com\\\/wp-content\\\/uploads\\\/2023\\\/04\\\/LOT-TERRITORIBLANC-2-5.png\",\"datePublished\":\"2021-01-19T17:35:26+00:00\",\"dateModified\":\"2025-10-29T08:47:23+00:00\",\"breadcrumb\":{\"@id\":\"https:\\\/\\\/www.bouquetdalella.com\\\/fr\\\/produit\\\/lot-blanc-basic\\\/#breadcrumb\"},\"inLanguage\":\"fr-FR\",\"potentialAction\":[{\"@type\":\"ReadAction\",\"target\":[\"https:\\\/\\\/www.bouquetdalella.com\\\/fr\\\/produit\\\/lot-blanc-basic\\\/\"]}]},{\"@type\":\"ImageObject\",\"inLanguage\":\"fr-FR\",\"@id\":\"https:\\\/\\\/www.bouquetdalella.com\\\/fr\\\/produit\\\/lot-blanc-basic\\\/#primaryimage\",\"url\":\"https:\\\/\\\/www.bouquetdalella.com\\\/wp-content\\\/uploads\\\/2023\\\/04\\\/LOT-TERRITORIBLANC-2-5.png\",\"contentUrl\":\"https:\\\/\\\/www.bouquetdalella.com\\\/wp-content\\\/uploads\\\/2023\\\/04\\\/LOT-TERRITORIBLANC-2-5.png\",\"width\":1200,\"height\":800},{\"@type\":\"BreadcrumbList\",\"@id\":\"https:\\\/\\\/www.bouquetdalella.com\\\/fr\\\/produit\\\/lot-blanc-basic\\\/#breadcrumb\",\"itemListElement\":[{\"@type\":\"ListItem\",\"position\":1,\"name\":\"Inici\",\"item\":\"https:\\\/\\\/www.bouquetdalella.com\\\/fr\\\/\"},{\"@type\":\"ListItem\",\"position\":2,\"name\":\"Boutique\",\"item\":\"https:\\\/\\\/www.bouquetdalella.com\\\/fr\\\/boutique\\\/\"},{\"@type\":\"ListItem\",\"position\":3,\"name\":\"LOT BLANC BASIC\"}]},{\"@type\":\"WebSite\",\"@id\":\"https:\\\/\\\/www.bouquetdalella.com\\\/fr\\\/#website\",\"url\":\"https:\\\/\\\/www.bouquetdalella.com\\\/fr\\\/\",\"name\":\"Bouquet d&#039;Alella\",\"description\":\"El Celler Bouquet d\u2019Alella neix amb la clara intenci\u00f3 d\u2019explotar dues vessants diferents per\u00f2 complement\u00e0ries en el mon del vi. Per una banda, la producci\u00f3n i venda de vins ecol\u00f2gics de qualitat i per l\u2019altra la promoci\u00f3 de l\u2019enoturisme.\",\"publisher\":{\"@id\":\"https:\\\/\\\/www.bouquetdalella.com\\\/fr\\\/#organization\"},\"potentialAction\":[{\"@type\":\"SearchAction\",\"target\":{\"@type\":\"EntryPoint\",\"urlTemplate\":\"https:\\\/\\\/www.bouquetdalella.com\\\/fr\\\/?s={search_term_string}\"},\"query-input\":{\"@type\":\"PropertyValueSpecification\",\"valueRequired\":true,\"valueName\":\"search_term_string\"}}],\"inLanguage\":\"fr-FR\"},{\"@type\":\"Organization\",\"@id\":\"https:\\\/\\\/www.bouquetdalella.com\\\/fr\\\/#organization\",\"name\":\"Bouquet d&#039;Alella\",\"url\":\"https:\\\/\\\/www.bouquetdalella.com\\\/fr\\\/\",\"logo\":{\"@type\":\"ImageObject\",\"inLanguage\":\"fr-FR\",\"@id\":\"https:\\\/\\\/www.bouquetdalella.com\\\/fr\\\/#\\\/schema\\\/logo\\\/image\\\/\",\"url\":\"https:\\\/\\\/www.bouquetdalella.com\\\/wp-content\\\/uploads\\\/2023\\\/04\\\/cropped-cropped-cropped-logo_bouquet_d_alella-2-300x53-1.png\",\"contentUrl\":\"https:\\\/\\\/www.bouquetdalella.com\\\/wp-content\\\/uploads\\\/2023\\\/04\\\/cropped-cropped-cropped-logo_bouquet_d_alella-2-300x53-1.png\",\"width\":300,\"height\":52,\"caption\":\"Bouquet d&#039;Alella\"},\"image\":{\"@id\":\"https:\\\/\\\/www.bouquetdalella.com\\\/fr\\\/#\\\/schema\\\/logo\\\/image\\\/\"}}]}<\/script>\n<!-- \/ Yoast SEO plugin. -->","yoast_head_json":{"title":"LOT BLANC BASIC - Bouquet d&#039;Alella","robots":{"index":"index","follow":"follow","max-snippet":"max-snippet:-1","max-image-preview":"max-image-preview:large","max-video-preview":"max-video-preview:-1"},"canonical":"https:\/\/www.bouquetdalella.com\/fr\/produit\/lot-blanc-basic\/","og_locale":"fr_FR","og_type":"article","og_title":"LOT BLANC BASIC - Bouquet d&#039;Alella","og_description":"Avec le Pansa blanca comme embl\u00e8me et le Grenache blanc comme alli\u00e9, nous fabriquons notre Blanc et Blanc +. Prenez deux des vins les plus repr\u00e9sentatifs du Bouquet d\u2019Alella et d\u00e9couvrez un morceau de notre territoire!","og_url":"https:\/\/www.bouquetdalella.com\/fr\/produit\/lot-blanc-basic\/","og_site_name":"Bouquet d&#039;Alella","article_modified_time":"2025-10-29T08:47:23+00:00","og_image":[{"width":1200,"height":800,"url":"https:\/\/www.bouquetdalella.com\/wp-content\/uploads\/2023\/04\/LOT-TERRITORIBLANC-3-4.png","type":"image\/png"}],"twitter_card":"summary_large_image","twitter_misc":{"Dur\u00e9e de lecture estim\u00e9e":"1 minute"},"schema":{"@context":"https:\/\/schema.org","@graph":[{"@type":"WebPage","@id":"https:\/\/www.bouquetdalella.com\/fr\/produit\/lot-blanc-basic\/","url":"https:\/\/www.bouquetdalella.com\/fr\/produit\/lot-blanc-basic\/","name":"LOT BLANC BASIC - Bouquet d&#039;Alella","isPartOf":{"@id":"https:\/\/www.bouquetdalella.com\/fr\/#website"},"primaryImageOfPage":{"@id":"https:\/\/www.bouquetdalella.com\/fr\/produit\/lot-blanc-basic\/#primaryimage"},"image":{"@id":"https:\/\/www.bouquetdalella.com\/fr\/produit\/lot-blanc-basic\/#primaryimage"},"thumbnailUrl":"https:\/\/www.bouquetdalella.com\/wp-content\/uploads\/2023\/04\/LOT-TERRITORIBLANC-2-5.png","datePublished":"2021-01-19T17:35:26+00:00","dateModified":"2025-10-29T08:47:23+00:00","breadcrumb":{"@id":"https:\/\/www.bouquetdalella.com\/fr\/produit\/lot-blanc-basic\/#breadcrumb"},"inLanguage":"fr-FR","potentialAction":[{"@type":"ReadAction","target":["https:\/\/www.bouquetdalella.com\/fr\/produit\/lot-blanc-basic\/"]}]},{"@type":"ImageObject","inLanguage":"fr-FR","@id":"https:\/\/www.bouquetdalella.com\/fr\/produit\/lot-blanc-basic\/#primaryimage","url":"https:\/\/www.bouquetdalella.com\/wp-content\/uploads\/2023\/04\/LOT-TERRITORIBLANC-2-5.png","contentUrl":"https:\/\/www.bouquetdalella.com\/wp-content\/uploads\/2023\/04\/LOT-TERRITORIBLANC-2-5.png","width":1200,"height":800},{"@type":"BreadcrumbList","@id":"https:\/\/www.bouquetdalella.com\/fr\/produit\/lot-blanc-basic\/#breadcrumb","itemListElement":[{"@type":"ListItem","position":1,"name":"Inici","item":"https:\/\/www.bouquetdalella.com\/fr\/"},{"@type":"ListItem","position":2,"name":"Boutique","item":"https:\/\/www.bouquetdalella.com\/fr\/boutique\/"},{"@type":"ListItem","position":3,"name":"LOT BLANC BASIC"}]},{"@type":"WebSite","@id":"https:\/\/www.bouquetdalella.com\/fr\/#website","url":"https:\/\/www.bouquetdalella.com\/fr\/","name":"Bouquet d&#039;Alella","description":"El Celler Bouquet d\u2019Alella neix amb la clara intenci\u00f3 d\u2019explotar dues vessants diferents per\u00f2 complement\u00e0ries en el mon del vi. Per una banda, la producci\u00f3n i venda de vins ecol\u00f2gics de qualitat i per l\u2019altra la promoci\u00f3 de l\u2019enoturisme.","publisher":{"@id":"https:\/\/www.bouquetdalella.com\/fr\/#organization"},"potentialAction":[{"@type":"SearchAction","target":{"@type":"EntryPoint","urlTemplate":"https:\/\/www.bouquetdalella.com\/fr\/?s={search_term_string}"},"query-input":{"@type":"PropertyValueSpecification","valueRequired":true,"valueName":"search_term_string"}}],"inLanguage":"fr-FR"},{"@type":"Organization","@id":"https:\/\/www.bouquetdalella.com\/fr\/#organization","name":"Bouquet d&#039;Alella","url":"https:\/\/www.bouquetdalella.com\/fr\/","logo":{"@type":"ImageObject","inLanguage":"fr-FR","@id":"https:\/\/www.bouquetdalella.com\/fr\/#\/schema\/logo\/image\/","url":"https:\/\/www.bouquetdalella.com\/wp-content\/uploads\/2023\/04\/cropped-cropped-cropped-logo_bouquet_d_alella-2-300x53-1.png","contentUrl":"https:\/\/www.bouquetdalella.com\/wp-content\/uploads\/2023\/04\/cropped-cropped-cropped-logo_bouquet_d_alella-2-300x53-1.png","width":300,"height":52,"caption":"Bouquet d&#039;Alella"},"image":{"@id":"https:\/\/www.bouquetdalella.com\/fr\/#\/schema\/logo\/image\/"}}]}},"_links":{"self":[{"href":"https:\/\/www.bouquetdalella.com\/fr\/wp-json\/wp\/v2\/product\/9230","targetHints":{"allow":["GET"]}}],"collection":[{"href":"https:\/\/www.bouquetdalella.com\/fr\/wp-json\/wp\/v2\/product"}],"about":[{"href":"https:\/\/www.bouquetdalella.com\/fr\/wp-json\/wp\/v2\/types\/product"}],"version-history":[{"count":0,"href":"https:\/\/www.bouquetdalella.com\/fr\/wp-json\/wp\/v2\/product\/9230\/revisions"}],"wp:featuredmedia":[{"embeddable":true,"href":"https:\/\/www.bouquetdalella.com\/fr\/wp-json\/wp\/v2\/media\/9833"}],"wp:attachment":[{"href":"https:\/\/www.bouquetdalella.com\/fr\/wp-json\/wp\/v2\/media?parent=9230"}],"wp:term":[{"taxonomy":"product_brand","embeddable":true,"href":"https:\/\/www.bouquetdalella.com\/fr\/wp-json\/wp\/v2\/product_brand?post=9230"},{"taxonomy":"product_cat","embeddable":true,"href":"https:\/\/www.bouquetdalella.com\/fr\/wp-json\/wp\/v2\/product_cat?post=9230"},{"taxonomy":"product_tag","embeddable":true,"href":"https:\/\/www.bouquetdalella.com\/fr\/wp-json\/wp\/v2\/product_tag?post=9230"}],"curies":[{"name":"wp","href":"https:\/\/api.w.org\/{rel}","templated":true}]}}