{"id":9327,"date":"2022-12-11T12:02:24","date_gmt":"2022-12-11T11:02:24","guid":{"rendered":"https:\/\/www.bouquetdalella.com\/producte\/lot-pour-blanc-lovers-3\/"},"modified":"2025-10-29T09:39:56","modified_gmt":"2025-10-29T08:39:56","slug":"lot-blanc","status":"publish","type":"product","link":"https:\/\/www.bouquetdalella.com\/fr\/produit\/lot-blanc\/","title":{"rendered":"LOT BLANC"},"content":{"rendered":"\t\t<div data-elementor-type=\"product-post\" data-elementor-id=\"9327\" class=\"elementor elementor-9327 elementor-7077\" data-elementor-post-type=\"product\">\n\t\t\t\t\t\t<section class=\"elementor-section elementor-top-section elementor-element elementor-element-21a16941 elementor-section-boxed elementor-section-height-default elementor-section-height-default\" data-id=\"21a16941\" data-element_type=\"section\" data-e-type=\"section\">\n\t\t\t\t\t\t<div class=\"elementor-container elementor-column-gap-default\">\n\t\t\t\t\t<div class=\"elementor-column elementor-col-100 elementor-top-column elementor-element elementor-element-29884576\" data-id=\"29884576\" data-element_type=\"column\" data-e-type=\"column\">\n\t\t\t<div class=\"elementor-widget-wrap elementor-element-populated\">\n\t\t\t\t\t\t<div class=\"elementor-element elementor-element-6d655ec0 tab_zone elementor-tabs-view-horizontal elementor-widget elementor-widget-tabs\" data-id=\"6d655ec0\" data-element_type=\"widget\" data-e-type=\"widget\" data-widget_type=\"tabs.default\">\n\t\t\t\t<div class=\"elementor-widget-container\">\n\t\t\t\t\t\t\t<div class=\"elementor-tabs\">\n\t\t\t<div class=\"elementor-tabs-wrapper\" role=\"tablist\" >\n\t\t\t\t\t\t\t\t\t<div id=\"elementor-tab-title-1831\" class=\"elementor-tab-title elementor-tab-desktop-title\" aria-selected=\"true\" data-tab=\"1\" role=\"tab\" tabindex=\"0\" aria-controls=\"elementor-tab-content-1831\" aria-expanded=\"false\">CONTENU<\/div>\n\t\t\t\t\t\t\t\t\t<div id=\"elementor-tab-title-1832\" class=\"elementor-tab-title elementor-tab-desktop-title\" aria-selected=\"false\" data-tab=\"2\" role=\"tab\" tabindex=\"-1\" aria-controls=\"elementor-tab-content-1832\" aria-expanded=\"false\">LIVRAISON GRATUITE + 60\u20ac<\/div>\n\t\t\t\t\t\t\t<\/div>\n\t\t\t<div class=\"elementor-tabs-content-wrapper\" role=\"tablist\" aria-orientation=\"vertical\">\n\t\t\t\t\t\t\t\t\t<div class=\"elementor-tab-title elementor-tab-mobile-title\" aria-selected=\"true\" data-tab=\"1\" role=\"tab\" tabindex=\"0\" aria-controls=\"elementor-tab-content-1831\" aria-expanded=\"false\">CONTENU<\/div>\n\t\t\t\t\t<div id=\"elementor-tab-content-1831\" class=\"elementor-tab-content elementor-clearfix\" data-tab=\"1\" role=\"tabpanel\" aria-labelledby=\"elementor-tab-title-1831\" tabindex=\"0\" hidden=\"false\"><ul><li aria-level=\"1\">1 bouteille Bouquet d\u2019Alella Pansa Blanca: : vin blanc aux Pansa blanca, VIeilles vignes.<\/li><li aria-level=\"1\">1 bouteille Bouquet d\u2019Alella Blanc: vin blanc aux Pansa blanca et Grenache blanc, jeune<\/li><li aria-level=\"1\">1 bouteille Bouquet d\u2019Alella Blanc+: vin blanc aux Pansa blanca et Grenache blanc, \u00e9lev\u00e9 en f\u00fbts de ch\u00eane<\/li><li aria-level=\"1\">Bo\u00eete \u00e0 bois Bouquet d\u2019Alella 3 bouteilles<\/li><\/ul><\/div>\n\t\t\t\t\t\t\t\t\t<div class=\"elementor-tab-title elementor-tab-mobile-title\" aria-selected=\"false\" data-tab=\"2\" role=\"tab\" tabindex=\"-1\" aria-controls=\"elementor-tab-content-1832\" aria-expanded=\"false\">LIVRAISON GRATUITE + 60\u20ac<\/div>\n\t\t\t\t\t<div id=\"elementor-tab-content-1832\" class=\"elementor-tab-content elementor-clearfix\" data-tab=\"2\" role=\"tabpanel\" aria-labelledby=\"elementor-tab-title-1832\" tabindex=\"0\" hidden=\"hidden\"><p><strong>LIVRAISON GRATUITE<\/strong><\/p><ul><li aria-level=\"1\">Si votre commande est pass\u00e9e dans le p\u00e9rim\u00e8tre national et d\u00e9passe 60 euros (TVA incluse) vous b\u00e9n\u00e9ficierez de la livraison gratuite. Il n\u2019inclut pas l\u2019ext\u00e9rieur de la p\u00e9ninsule.<\/li><\/ul><div>\u00a0<\/div><div><strong>D\u00c9LAI DE LIVRAISON ET FRAIS D\u2019EXP\u00c9DITION<\/strong><\/div><ul><li aria-level=\"1\">Une fois la commande pass\u00e9e et accept\u00e9e, le d\u00e9lai de livraison sera de 2 \u00e0 4 jours ouvr\u00e9s \u00e0 compter du r\u00e8glement de l\u2019achat.<\/li><li aria-level=\"1\">Les commandes sont envoy\u00e9es via un service de messagerie.<\/li><li aria-level=\"1\">La livraison sera effectu\u00e9e \u00e0 l\u2019adresse indiqu\u00e9e lors du processus de commande.<\/li><\/ul><\/div>\n\t\t\t\t\t\t\t<\/div>\n\t\t<\/div>\n\t\t\t\t\t\t<\/div>\n\t\t\t\t<\/div>\n\t\t\t\t<div class=\"elementor-element elementor-element-20b7bae6 elementor-widget elementor-widget-spacer\" data-id=\"20b7bae6\" data-element_type=\"widget\" data-e-type=\"widget\" data-widget_type=\"spacer.default\">\n\t\t\t\t<div class=\"elementor-widget-container\">\n\t\t\t\t\t\t\t<div class=\"elementor-spacer\">\n\t\t\t<div class=\"elementor-spacer-inner\"><\/div>\n\t\t<\/div>\n\t\t\t\t\t\t<\/div>\n\t\t\t\t<\/div>\n\t\t\t\t\t<\/div>\n\t\t<\/div>\n\t\t\t\t\t<\/div>\n\t\t<\/section>\n\t\t\t\t<\/div>\n\t\t","protected":false},"excerpt":{"rendered":"<p>Avec le Pansa blanca comme embl\u00e8me, nous fabriquons notre vins blancs. Prenez et vous d\u00e9couvrirez l&rsquo;essence de notre territoire DO ALELLA!<\/p>\n","protected":false},"featured_media":23984,"template":"","meta":[],"product_brand":[],"product_cat":[352],"product_tag":[372],"class_list":{"0":"post-9327","1":"product","2":"type-product","3":"status-publish","4":"has-post-thumbnail","6":"product_cat-lots-fr","7":"product_tag-grouper","9":"first","10":"instock","11":"taxable","12":"shipping-taxable","13":"purchasable","14":"product-type-simple"},"yoast_head":"<!-- This site is optimized with the Yoast SEO plugin v27.3 - https:\/\/yoast.com\/product\/yoast-seo-wordpress\/ -->\n<title>LOT BLANC - Bouquet d&#039;Alella<\/title>\n<meta name=\"robots\" content=\"index, follow, max-snippet:-1, max-image-preview:large, max-video-preview:-1\" \/>\n<link rel=\"canonical\" href=\"https:\/\/www.bouquetdalella.com\/fr\/produit\/lot-blanc\/\" \/>\n<meta property=\"og:locale\" content=\"fr_FR\" \/>\n<meta property=\"og:type\" content=\"article\" \/>\n<meta property=\"og:title\" content=\"LOT BLANC - Bouquet d&#039;Alella\" \/>\n<meta property=\"og:description\" content=\"Avec le Pansa blanca comme embl\u00e8me, nous fabriquons notre vins blancs. Prenez et vous d\u00e9couvrirez l&#039;essence de notre territoire DO ALELLA!\" \/>\n<meta property=\"og:url\" content=\"https:\/\/www.bouquetdalella.com\/fr\/produit\/lot-blanc\/\" \/>\n<meta property=\"og:site_name\" content=\"Bouquet d&#039;Alella\" \/>\n<meta property=\"article:modified_time\" content=\"2025-10-29T08:39:56+00:00\" \/>\n<meta property=\"og:image\" content=\"https:\/\/www.bouquetdalella.com\/wp-content\/uploads\/2023\/04\/lot-blanc-1.png\" \/>\n\t<meta property=\"og:image:width\" content=\"1200\" \/>\n\t<meta property=\"og:image:height\" content=\"675\" \/>\n\t<meta property=\"og:image:type\" content=\"image\/png\" \/>\n<meta name=\"twitter:card\" content=\"summary_large_image\" \/>\n<meta name=\"twitter:label1\" content=\"Dur\u00e9e de lecture estim\u00e9e\" \/>\n\t<meta name=\"twitter:data1\" content=\"1 minute\" \/>\n<script type=\"application\/ld+json\" class=\"yoast-schema-graph\">{\"@context\":\"https:\\\/\\\/schema.org\",\"@graph\":[{\"@type\":\"WebPage\",\"@id\":\"https:\\\/\\\/www.bouquetdalella.com\\\/fr\\\/produit\\\/lot-blanc\\\/\",\"url\":\"https:\\\/\\\/www.bouquetdalella.com\\\/fr\\\/produit\\\/lot-blanc\\\/\",\"name\":\"LOT BLANC - Bouquet d&#039;Alella\",\"isPartOf\":{\"@id\":\"https:\\\/\\\/www.bouquetdalella.com\\\/fr\\\/#website\"},\"primaryImageOfPage\":{\"@id\":\"https:\\\/\\\/www.bouquetdalella.com\\\/fr\\\/produit\\\/lot-blanc\\\/#primaryimage\"},\"image\":{\"@id\":\"https:\\\/\\\/www.bouquetdalella.com\\\/fr\\\/produit\\\/lot-blanc\\\/#primaryimage\"},\"thumbnailUrl\":\"https:\\\/\\\/www.bouquetdalella.com\\\/wp-content\\\/uploads\\\/2023\\\/12\\\/blanc-lovers-3.png\",\"datePublished\":\"2022-12-11T11:02:24+00:00\",\"dateModified\":\"2025-10-29T08:39:56+00:00\",\"breadcrumb\":{\"@id\":\"https:\\\/\\\/www.bouquetdalella.com\\\/fr\\\/produit\\\/lot-blanc\\\/#breadcrumb\"},\"inLanguage\":\"fr-FR\",\"potentialAction\":[{\"@type\":\"ReadAction\",\"target\":[\"https:\\\/\\\/www.bouquetdalella.com\\\/fr\\\/produit\\\/lot-blanc\\\/\"]}]},{\"@type\":\"ImageObject\",\"inLanguage\":\"fr-FR\",\"@id\":\"https:\\\/\\\/www.bouquetdalella.com\\\/fr\\\/produit\\\/lot-blanc\\\/#primaryimage\",\"url\":\"https:\\\/\\\/www.bouquetdalella.com\\\/wp-content\\\/uploads\\\/2023\\\/12\\\/blanc-lovers-3.png\",\"contentUrl\":\"https:\\\/\\\/www.bouquetdalella.com\\\/wp-content\\\/uploads\\\/2023\\\/12\\\/blanc-lovers-3.png\",\"width\":1200,\"height\":800},{\"@type\":\"BreadcrumbList\",\"@id\":\"https:\\\/\\\/www.bouquetdalella.com\\\/fr\\\/produit\\\/lot-blanc\\\/#breadcrumb\",\"itemListElement\":[{\"@type\":\"ListItem\",\"position\":1,\"name\":\"Inici\",\"item\":\"https:\\\/\\\/www.bouquetdalella.com\\\/fr\\\/\"},{\"@type\":\"ListItem\",\"position\":2,\"name\":\"Boutique\",\"item\":\"https:\\\/\\\/www.bouquetdalella.com\\\/fr\\\/boutique\\\/\"},{\"@type\":\"ListItem\",\"position\":3,\"name\":\"LOT BLANC\"}]},{\"@type\":\"WebSite\",\"@id\":\"https:\\\/\\\/www.bouquetdalella.com\\\/fr\\\/#website\",\"url\":\"https:\\\/\\\/www.bouquetdalella.com\\\/fr\\\/\",\"name\":\"Bouquet d&#039;Alella\",\"description\":\"El Celler Bouquet d\u2019Alella neix amb la clara intenci\u00f3 d\u2019explotar dues vessants diferents per\u00f2 complement\u00e0ries en el mon del vi. Per una banda, la producci\u00f3n i venda de vins ecol\u00f2gics de qualitat i per l\u2019altra la promoci\u00f3 de l\u2019enoturisme.\",\"publisher\":{\"@id\":\"https:\\\/\\\/www.bouquetdalella.com\\\/fr\\\/#organization\"},\"potentialAction\":[{\"@type\":\"SearchAction\",\"target\":{\"@type\":\"EntryPoint\",\"urlTemplate\":\"https:\\\/\\\/www.bouquetdalella.com\\\/fr\\\/?s={search_term_string}\"},\"query-input\":{\"@type\":\"PropertyValueSpecification\",\"valueRequired\":true,\"valueName\":\"search_term_string\"}}],\"inLanguage\":\"fr-FR\"},{\"@type\":\"Organization\",\"@id\":\"https:\\\/\\\/www.bouquetdalella.com\\\/fr\\\/#organization\",\"name\":\"Bouquet d&#039;Alella\",\"url\":\"https:\\\/\\\/www.bouquetdalella.com\\\/fr\\\/\",\"logo\":{\"@type\":\"ImageObject\",\"inLanguage\":\"fr-FR\",\"@id\":\"https:\\\/\\\/www.bouquetdalella.com\\\/fr\\\/#\\\/schema\\\/logo\\\/image\\\/\",\"url\":\"https:\\\/\\\/www.bouquetdalella.com\\\/wp-content\\\/uploads\\\/2023\\\/04\\\/cropped-cropped-cropped-logo_bouquet_d_alella-2-300x53-1.png\",\"contentUrl\":\"https:\\\/\\\/www.bouquetdalella.com\\\/wp-content\\\/uploads\\\/2023\\\/04\\\/cropped-cropped-cropped-logo_bouquet_d_alella-2-300x53-1.png\",\"width\":300,\"height\":52,\"caption\":\"Bouquet d&#039;Alella\"},\"image\":{\"@id\":\"https:\\\/\\\/www.bouquetdalella.com\\\/fr\\\/#\\\/schema\\\/logo\\\/image\\\/\"}}]}<\/script>\n<!-- \/ Yoast SEO plugin. -->","yoast_head_json":{"title":"LOT BLANC - Bouquet d&#039;Alella","robots":{"index":"index","follow":"follow","max-snippet":"max-snippet:-1","max-image-preview":"max-image-preview:large","max-video-preview":"max-video-preview:-1"},"canonical":"https:\/\/www.bouquetdalella.com\/fr\/produit\/lot-blanc\/","og_locale":"fr_FR","og_type":"article","og_title":"LOT BLANC - Bouquet d&#039;Alella","og_description":"Avec le Pansa blanca comme embl\u00e8me, nous fabriquons notre vins blancs. Prenez et vous d\u00e9couvrirez l'essence de notre territoire DO ALELLA!","og_url":"https:\/\/www.bouquetdalella.com\/fr\/produit\/lot-blanc\/","og_site_name":"Bouquet d&#039;Alella","article_modified_time":"2025-10-29T08:39:56+00:00","og_image":[{"width":1200,"height":675,"url":"https:\/\/www.bouquetdalella.com\/wp-content\/uploads\/2023\/04\/lot-blanc-1.png","type":"image\/png"}],"twitter_card":"summary_large_image","twitter_misc":{"Dur\u00e9e de lecture estim\u00e9e":"1 minute"},"schema":{"@context":"https:\/\/schema.org","@graph":[{"@type":"WebPage","@id":"https:\/\/www.bouquetdalella.com\/fr\/produit\/lot-blanc\/","url":"https:\/\/www.bouquetdalella.com\/fr\/produit\/lot-blanc\/","name":"LOT BLANC - Bouquet d&#039;Alella","isPartOf":{"@id":"https:\/\/www.bouquetdalella.com\/fr\/#website"},"primaryImageOfPage":{"@id":"https:\/\/www.bouquetdalella.com\/fr\/produit\/lot-blanc\/#primaryimage"},"image":{"@id":"https:\/\/www.bouquetdalella.com\/fr\/produit\/lot-blanc\/#primaryimage"},"thumbnailUrl":"https:\/\/www.bouquetdalella.com\/wp-content\/uploads\/2023\/12\/blanc-lovers-3.png","datePublished":"2022-12-11T11:02:24+00:00","dateModified":"2025-10-29T08:39:56+00:00","breadcrumb":{"@id":"https:\/\/www.bouquetdalella.com\/fr\/produit\/lot-blanc\/#breadcrumb"},"inLanguage":"fr-FR","potentialAction":[{"@type":"ReadAction","target":["https:\/\/www.bouquetdalella.com\/fr\/produit\/lot-blanc\/"]}]},{"@type":"ImageObject","inLanguage":"fr-FR","@id":"https:\/\/www.bouquetdalella.com\/fr\/produit\/lot-blanc\/#primaryimage","url":"https:\/\/www.bouquetdalella.com\/wp-content\/uploads\/2023\/12\/blanc-lovers-3.png","contentUrl":"https:\/\/www.bouquetdalella.com\/wp-content\/uploads\/2023\/12\/blanc-lovers-3.png","width":1200,"height":800},{"@type":"BreadcrumbList","@id":"https:\/\/www.bouquetdalella.com\/fr\/produit\/lot-blanc\/#breadcrumb","itemListElement":[{"@type":"ListItem","position":1,"name":"Inici","item":"https:\/\/www.bouquetdalella.com\/fr\/"},{"@type":"ListItem","position":2,"name":"Boutique","item":"https:\/\/www.bouquetdalella.com\/fr\/boutique\/"},{"@type":"ListItem","position":3,"name":"LOT BLANC"}]},{"@type":"WebSite","@id":"https:\/\/www.bouquetdalella.com\/fr\/#website","url":"https:\/\/www.bouquetdalella.com\/fr\/","name":"Bouquet d&#039;Alella","description":"El Celler Bouquet d\u2019Alella neix amb la clara intenci\u00f3 d\u2019explotar dues vessants diferents per\u00f2 complement\u00e0ries en el mon del vi. Per una banda, la producci\u00f3n i venda de vins ecol\u00f2gics de qualitat i per l\u2019altra la promoci\u00f3 de l\u2019enoturisme.","publisher":{"@id":"https:\/\/www.bouquetdalella.com\/fr\/#organization"},"potentialAction":[{"@type":"SearchAction","target":{"@type":"EntryPoint","urlTemplate":"https:\/\/www.bouquetdalella.com\/fr\/?s={search_term_string}"},"query-input":{"@type":"PropertyValueSpecification","valueRequired":true,"valueName":"search_term_string"}}],"inLanguage":"fr-FR"},{"@type":"Organization","@id":"https:\/\/www.bouquetdalella.com\/fr\/#organization","name":"Bouquet d&#039;Alella","url":"https:\/\/www.bouquetdalella.com\/fr\/","logo":{"@type":"ImageObject","inLanguage":"fr-FR","@id":"https:\/\/www.bouquetdalella.com\/fr\/#\/schema\/logo\/image\/","url":"https:\/\/www.bouquetdalella.com\/wp-content\/uploads\/2023\/04\/cropped-cropped-cropped-logo_bouquet_d_alella-2-300x53-1.png","contentUrl":"https:\/\/www.bouquetdalella.com\/wp-content\/uploads\/2023\/04\/cropped-cropped-cropped-logo_bouquet_d_alella-2-300x53-1.png","width":300,"height":52,"caption":"Bouquet d&#039;Alella"},"image":{"@id":"https:\/\/www.bouquetdalella.com\/fr\/#\/schema\/logo\/image\/"}}]}},"_links":{"self":[{"href":"https:\/\/www.bouquetdalella.com\/fr\/wp-json\/wp\/v2\/product\/9327","targetHints":{"allow":["GET"]}}],"collection":[{"href":"https:\/\/www.bouquetdalella.com\/fr\/wp-json\/wp\/v2\/product"}],"about":[{"href":"https:\/\/www.bouquetdalella.com\/fr\/wp-json\/wp\/v2\/types\/product"}],"version-history":[{"count":0,"href":"https:\/\/www.bouquetdalella.com\/fr\/wp-json\/wp\/v2\/product\/9327\/revisions"}],"wp:featuredmedia":[{"embeddable":true,"href":"https:\/\/www.bouquetdalella.com\/fr\/wp-json\/wp\/v2\/media\/23984"}],"wp:attachment":[{"href":"https:\/\/www.bouquetdalella.com\/fr\/wp-json\/wp\/v2\/media?parent=9327"}],"wp:term":[{"taxonomy":"product_brand","embeddable":true,"href":"https:\/\/www.bouquetdalella.com\/fr\/wp-json\/wp\/v2\/product_brand?post=9327"},{"taxonomy":"product_cat","embeddable":true,"href":"https:\/\/www.bouquetdalella.com\/fr\/wp-json\/wp\/v2\/product_cat?post=9327"},{"taxonomy":"product_tag","embeddable":true,"href":"https:\/\/www.bouquetdalella.com\/fr\/wp-json\/wp\/v2\/product_tag?post=9327"}],"curies":[{"name":"wp","href":"https:\/\/api.w.org\/{rel}","templated":true}]}}